{"id":205,"date":"2015-10-13T10:33:24","date_gmt":"2015-10-13T08:33:24","guid":{"rendered":"http:\/\/demo.valentano.org\/medeltiden\/"},"modified":"2015-10-13T10:33:24","modified_gmt":"2015-10-13T08:33:24","slug":"medeltiden","status":"publish","type":"page","link":"https:\/\/www.valentano.org\/sv\/medeltiden\/","title":{"rendered":"Medeltiden"},"content":{"rendered":"<p>Valentano var d\u00e5 en liten medeltidsstad med en inte s\u00e5 gamla historia, \u00e5tminstone i j\u00e4mf\u00f6relse med andra bos\u00e4ttningar i omr\u00e5det. Det som \u00e4r s\u00e4kert \u00e4r att staden var en sj\u00e4lvst\u00e4ndig kommun redan under 1000-talet med ett imponerade torn som hade blivit alls h\u00f6gre p.g.a. f\u00f6rsvar sk\u00e4l. Runt detta utvecklades andra f\u00f6rsvarsanl\u00e4ggningar som mur och andra torn som s\u00e5 sm\u00e5ningom omgav byn. Det fanns bara tv\u00e5 ing\u00e5ngsportar: en \u00f6sterut mot S:t Martino och den andra v\u00e4sterut mot Rom (gamla kr\u00f6nik\u00f6r refererar till denna som Porta Romana).<\/p>\n<p align=\"center\"><a href=\"http:\/\/demo.valentano.org\/wp-content\/uploads\/2015\/10\/medcer02-d75.jpg\" target=\"_blank\" rel=\"noopener\"><img loading=\"lazy\" decoding=\"async\" class=\" size-full wp-image-5829\" src=\"http:\/\/demo.valentano.org\/wp-content\/uploads\/2015\/10\/thumb_medcer02-398.jpg\" border=\"0\" alt=\"Ciotola con figurazione antropomorfa\" width=\"297\" height=\"300\" \/><\/a> <span style=\"color: #ff0000;\"><br \/>Tryck p\u00e5 bilden f\u00f6r att f\u00f6rstora<\/span><\/p>\n<p>Under 1100- och 1200-talet blev staden rivaliserad mellan Viterbo och Orvieto i en serie avtal, sk\u00e4rmytslingar och, m\u00f6jligen, sm\u00e5 strider. Camera Apostolica (den organ som f\u00f6rvaltade kyrkostatens finans) kunde inte acceptera en s\u00e5 hektisk situation och 1262 best\u00e4mde p\u00e5ve Urbano V att Valentano skulle \u00e5terkomma under kyrkostaten jurisdiktion och, som sagt, familjen Farnese blev vald som guvern\u00f6r runt h\u00e4lften 1300-talet. Det b\u00f6rjade en annorlunda period f\u00f6r staden som hittills hade ofta varit of\u00f6rm\u00f6gen att sj\u00e4lvstyra. Slottet blev f\u00f6rstorat, st\u00e4ndigt bosatt och allts\u00e5 kompatibel med keramiken som blev hittad.<\/p>\n<div align=\"center\"><a href=\"http:\/\/demo.valentano.org\/wp-content\/uploads\/2015\/10\/medcer01-90f.jpg\"><img loading=\"lazy\" decoding=\"async\" class=\" size-full wp-image-5843\" src=\"http:\/\/demo.valentano.org\/wp-content\/uploads\/2015\/10\/thumb_medcer01-7e2.jpg\" border=\"0\" alt=\"Brocchetta ansata con lettere gotiche\" width=\"191\" height=\"300\" \/><\/a><\/div>\n<p>Byns tur v\u00e4xte i samband med familjen Farneses som kulminerade med valet av Alessandro som p\u00e5ve Paolo III \u00e5r 1534. Detta ledde till skapelse av hertigd\u00f6me av Castro och grevskap av Ronciglione: en s\u00e5 stor del mark n\u00e4stan vid Roms d\u00f6rr som inte kunde accepteras av Camera Apostolica.<\/p>\n<p><em>\u00d6versatt av Federico Matarrelli<\/em><\/p>\n","protected":false},"excerpt":{"rendered":"<p>Valentano var d\u00e5 en liten medeltidsstad med en inte s\u00e5 gamla historia, \u00e5tminstone i j\u00e4mf\u00f6relse med andra bos\u00e4ttningar i omr\u00e5det. Det som \u00e4r s\u00e4kert \u00e4r att staden var en sj\u00e4lvst\u00e4ndig kommun redan under 1000-talet med ett imponerade torn som hade blivit alls h\u00f6gre p.g.a. f\u00f6rsvar sk\u00e4l. Runt detta utvecklades andra f\u00f6rsvarsanl\u00e4ggningar som mur och andra&hellip; <a class=\"more-link\" href=\"https:\/\/www.valentano.org\/sv\/medeltiden\/\">Forts\u00e4tt l\u00e4sa <span class=\"screen-reader-text\">Medeltiden<\/span><\/a><\/p>\n","protected":false},"author":1,"featured_media":0,"parent":0,"menu_order":2,"comment_status":"closed","ping_status":"closed","template":"","meta":{"_acf_changed":false,"footnotes":""},"class_list":["post-205","page","type-page","status-publish","hentry","entry"],"acf":[],"_links":{"self":[{"href":"https:\/\/www.valentano.org\/sv\/wp-json\/wp\/v2\/pages\/205","targetHints":{"allow":["GET"]}}],"collection":[{"href":"https:\/\/www.valentano.org\/sv\/wp-json\/wp\/v2\/pages"}],"about":[{"href":"https:\/\/www.valentano.org\/sv\/wp-json\/wp\/v2\/types\/page"}],"author":[{"embeddable":true,"href":"https:\/\/www.valentano.org\/sv\/wp-json\/wp\/v2\/users\/1"}],"replies":[{"embeddable":true,"href":"https:\/\/www.valentano.org\/sv\/wp-json\/wp\/v2\/comments?post=205"}],"version-history":[{"count":0,"href":"https:\/\/www.valentano.org\/sv\/wp-json\/wp\/v2\/pages\/205\/revisions"}],"wp:attachment":[{"href":"https:\/\/www.valentano.org\/sv\/wp-json\/wp\/v2\/media?parent=205"}],"curies":[{"name":"wp","href":"https:\/\/api.w.org\/{rel}","templated":true}]}}