{"id":202,"date":"2015-10-08T18:38:57","date_gmt":"2015-10-08T16:38:57","guid":{"rendered":"http:\/\/demo.valentano.org\/mezzanosjoen\/"},"modified":"2015-10-08T18:38:57","modified_gmt":"2015-10-08T16:38:57","slug":"mezzanosjoen","status":"publish","type":"page","link":"https:\/\/www.valentano.org\/sv\/mezzanosjoen\/","title":{"rendered":"Mezzanosj\u00f6n"},"content":{"rendered":"<p align=\"center\"><a href=\"http:\/\/demo.valentano.org\/wp-content\/uploads\/2015\/10\/mezzan01-8dc.jpg\" target=\"_blank\" rel=\"noopener\"><img loading=\"lazy\" decoding=\"async\" class=\" size-full wp-image-5787\" src=\"http:\/\/demo.valentano.org\/wp-content\/uploads\/2015\/10\/thumb_mezzan01-631.jpg\" border=\"0\" alt=\"Il lago di Mezzano\" width=\"300\" height=\"205\" \/><\/a><span style=\"color: #ff0000;\"><br \/>Tryck p\u00e5 bilden f\u00f6r att f\u00f6rstora<\/span><\/p>\n<p>Det klara vattnet av Mezzanosj\u00f6n \u00f6versv\u00e4mmade n\u00e5gra brons\u00e5ldern byar (2000-1000 f.kr.) och bevarade i n\u00e4sta fyra tusen \u00e5r de tr\u00e4husen, bronsverktygen och artefakterna. Dessa f\u00f6rem\u00e5l \u00e4r idag uppvisade i Tuscias F\u00f6rhistoriska Museet i Valentano. De f\u00f6rsta fynden \u00e4r fr\u00e5n 1973.<br \/> Historiker misst\u00e4nker att Mezzanosj\u00f6n \u00e4r en och samma med Lacus Statoniensis beskriven av Seneca i sin bok <em>Quaestiones Naturales<\/em> och av Plinio i <em>Naturalis Historia<\/em>.<br \/> Den obefl\u00e4ckade sk\u00f6nheten av sj\u00f6n \u00e4r inte begr\u00e4nsad till den rika historian utan den str\u00e4cker sig till den fantastiska naturliga ram som omger sj\u00f6n. En sj\u00f6 som \u00e4r n\u00e4stan utan m\u00e4nskliga sp\u00e5r. Utan asfalterade v\u00e4gar kan den n\u00e5s bara till fots. <br \/> Sj\u00f6n omkrets best\u00e5r mest av medelhavsvass (arundo donax), speciellt vid floden Olpeta, som hush\u00e5ller m\u00e5nga f\u00e5glar. Vattenrall, soth\u00f6ns, r\u00f6rh\u00f6na och kungsfiskare hittar ett idealt skydd bland altr\u00e4d och videtr\u00e4d och med lite tur kan man se n\u00e5gra falkar. S\u00e4rskilt suggestiv \u00e4r skogen som finns p\u00e5 den v\u00e4stra sidan, Monte Rosso, d\u00e4r bland ektr\u00e4 kan man hitta ruiner av Mezzanoslottet, av langobard ursprung, som f\u00f6rst\u00f6rdes under 1300-talet. H\u00e4r f\u00e4ngslade och m\u00f6rdade enligt legenden Pia de\u2019 Tolomei, en \u00e4delkvinna fr\u00e5n Siena, som n\u00e4mndes av Dante i Divina Commedia.<\/p>\n<p align=\"center\"><a href=\"http:\/\/demo.valentano.org\/wp-content\/uploads\/2015\/10\/mezzan02-ca6.jpg\" target=\"_blank\" rel=\"noopener\"><img loading=\"lazy\" decoding=\"async\" class=\" size-full wp-image-5801\" src=\"http:\/\/demo.valentano.org\/wp-content\/uploads\/2015\/10\/thumb_mezzan02-24b.jpg\" border=\"0\" alt=\"Il lago di Mezzano\" width=\"300\" height=\"190\" \/><\/a><\/p>\n<p>\u00a0<br \/> Lite l\u00e4ngre borta fr\u00e5n sj\u00f6n (1,5 km) finns en fantastisk naturlig sev\u00e4rdhet: en gigantisk ek, \u00e4ldre en 300 \u00e5r, som \u00e4r klassificerad som en av de \u00e4ldsta plantorna i Lazio.<br \/> I omr\u00e5det finns det ocks\u00e5 kullen Monte Becco vid gr\u00e4nsen med Lamone naturreservat, som ligger i den avgr\u00e4nsande Farnese kommun. P\u00e5 kullen, som \u00e4r ett av de m\u00f6jliga l\u00e4gena av Fanum Voltumnae, den st\u00f6rsta och ok\u00e4nd Etruskfristaden, har en mission av Danmarkakademin hittat tecken av Etruskn\u00e4rvaro som murar, bronsf\u00f6rem\u00e5l och tegel, varav ett med etruskiska bokst\u00e4ver.<\/p>\n<p><em>\u00d6versatt av Federico Matarrelli<\/em><\/p>\n","protected":false},"excerpt":{"rendered":"<p>Tryck p\u00e5 bilden f\u00f6r att f\u00f6rstora Det klara vattnet av Mezzanosj\u00f6n \u00f6versv\u00e4mmade n\u00e5gra brons\u00e5ldern byar (2000-1000 f.kr.) och bevarade i n\u00e4sta fyra tusen \u00e5r de tr\u00e4husen, bronsverktygen och artefakterna. Dessa f\u00f6rem\u00e5l \u00e4r idag uppvisade i Tuscias F\u00f6rhistoriska Museet i Valentano. De f\u00f6rsta fynden \u00e4r fr\u00e5n 1973. Historiker misst\u00e4nker att Mezzanosj\u00f6n \u00e4r en och samma med&hellip; <a class=\"more-link\" href=\"https:\/\/www.valentano.org\/sv\/mezzanosjoen\/\">Forts\u00e4tt l\u00e4sa <span class=\"screen-reader-text\">Mezzanosj\u00f6n<\/span><\/a><\/p>\n","protected":false},"author":1,"featured_media":0,"parent":0,"menu_order":0,"comment_status":"closed","ping_status":"closed","template":"","meta":{"_acf_changed":false,"footnotes":""},"class_list":["post-202","page","type-page","status-publish","hentry","entry"],"acf":[],"_links":{"self":[{"href":"https:\/\/www.valentano.org\/sv\/wp-json\/wp\/v2\/pages\/202","targetHints":{"allow":["GET"]}}],"collection":[{"href":"https:\/\/www.valentano.org\/sv\/wp-json\/wp\/v2\/pages"}],"about":[{"href":"https:\/\/www.valentano.org\/sv\/wp-json\/wp\/v2\/types\/page"}],"author":[{"embeddable":true,"href":"https:\/\/www.valentano.org\/sv\/wp-json\/wp\/v2\/users\/1"}],"replies":[{"embeddable":true,"href":"https:\/\/www.valentano.org\/sv\/wp-json\/wp\/v2\/comments?post=202"}],"version-history":[{"count":0,"href":"https:\/\/www.valentano.org\/sv\/wp-json\/wp\/v2\/pages\/202\/revisions"}],"wp:attachment":[{"href":"https:\/\/www.valentano.org\/sv\/wp-json\/wp\/v2\/media?parent=202"}],"curies":[{"name":"wp","href":"https:\/\/api.w.org\/{rel}","templated":true}]}}