{"id":198,"date":"2015-10-08T18:14:36","date_gmt":"2015-10-08T16:14:36","guid":{"rendered":"http:\/\/demo.valentano.org\/santuario-della-madonna-della-salute-sv\/"},"modified":"2015-10-08T18:14:36","modified_gmt":"2015-10-08T16:14:36","slug":"santuario-della-madonna-della-salute-sv","status":"publish","type":"page","link":"https:\/\/www.valentano.org\/sv\/santuario-della-madonna-della-salute-sv\/","title":{"rendered":"Santuario della Madonna della Salute"},"content":{"rendered":"<div align=\"center\"><a href=\"http:\/\/demo.valentano.org\/wp-content\/uploads\/2015\/10\/madcecch-5e9.jpg\" target=\"_blank\" rel=\"noopener\"><img loading=\"lazy\" decoding=\"async\" class=\" size-full wp-image-5528\" src=\"http:\/\/demo.valentano.org\/wp-content\/uploads\/2015\/10\/thumb_madcecch-b04.jpg\" border=\"0\" alt=\"Santa Maria della Salute o del &quot;Cecchino&quot; - Olio su tela - Fine  XV sec.\" width=\"223\" height=\"300\" \/> <\/a><br \/><span style=\"color: #ff0000; font-family: Arial,Helvetica,sans-serif;\">Tryck p\u00e5 bilden f\u00f6r att f\u00f6rstora<\/span><\/div>\n<p>F\u00f6ljande texten \u00e4r tagen fr\u00e5n &#8221;<em>Valentano \u2013 Santuario della Madonna della Salute<\/em>&#8221;, L\u2019ambiente locale\/7, Collana di studi editi a cura del comune di Valentano \u2013 Biblioteca servizi culturali.<\/p>\n<p>Kyrkan har sitt ursprung i 1400-talet n\u00e4r r\u00f6vare Francesco Portici \u00f6verl\u00e4mnade sig till polisen och, efter en offentlig penitens i S:t Savino kyrka, Castro katedralen, valde som exill\u00e4ge den t\u00e4ta skog som fanns d\u00e4r kyrkan ligger nu. H\u00e4r byggde han ett litet kapell med stenar han samlade i skogen och st\u00e4llde ut en tavla med Jungfru och barn som kallades f\u00f6r &#8221;Madonna del Cecchino&#8221; (f\u00f6rkortning f\u00f6r Francesco). N\u00e4r han dog i slutet av 1400-talet lockade det enkla kapellet s\u00e5 m\u00e5nga anh\u00e4ngare att fr\u00e5gan om vem skulle ta \u00f6ver uppstod. H\u00e4danefter b\u00f6rjade kyrkan ha sv\u00e4ngande \u00f6de med b\u00e5de lyckliga och d\u00e5liga tider.<\/p>\n<p align=\"center\"><a href=\"http:\/\/demo.valentano.org\/wp-content\/uploads\/2015\/10\/madsal02-78e.jpg\" target=\"_blank\" rel=\"noopener\"><img loading=\"lazy\" decoding=\"async\" class=\" size-full wp-image-5542\" src=\"http:\/\/demo.valentano.org\/wp-content\/uploads\/2015\/10\/th_madsal02-142.jpg\" border=\"0\" alt=\"L'esterno del Santuario della Madonna della Salute, a Valentano\" width=\"300\" height=\"200\" \/><\/a><\/p>\n<p>En bra tid var s\u00e4kert n\u00e4r n\u00e5gra munkar fr\u00e5n S:t Agostino ordern som bodde p\u00e5 Martana\u00f6n tog \u00e4godel av omr\u00e5det och ist\u00e4llet f\u00f6r det lilla kapellet byggde dem en kyrka och en altar f\u00f6r Madonna della Salute. Det \u00e4r f\u00f6rsta officiella namn som kyrkan fick, \u00e4ven om namnet f\u00f6r\u00e4ndrades till Rosens Madonna under n\u00e4stan tv\u00e5 hundra \u00e5r.<\/p>\n<p align=\"center\"><a href=\"http:\/\/demo.valentano.org\/wp-content\/uploads\/2015\/10\/madsal_completa-31e.jpg\" target=\"_blank\" rel=\"noopener\"><img loading=\"lazy\" decoding=\"async\" class=\" size-full wp-image-5556\" src=\"http:\/\/demo.valentano.org\/wp-content\/uploads\/2015\/10\/th_madsal_completa-58d.jpg\" border=\"0\" alt=\"L'interno del Santuario della Madonna della Salute\" width=\"185\" height=\"300\" \/><\/a> <a href=\"http:\/\/demo.valentano.org\/wp-content\/uploads\/2015\/10\/madsal_altare-4dd.jpg\" target=\"_blank\" rel=\"noopener\"><img loading=\"lazy\" decoding=\"async\" class=\" size-full wp-image-5570\" src=\"http:\/\/demo.valentano.org\/wp-content\/uploads\/2015\/10\/th_madsal_altare-fa4.jpg\" border=\"0\" alt=\"L'altare\" width=\"202\" height=\"300\" \/><\/a><\/p>\n<p>Franciskanordern fick kyrkan den 27e maj 1708, efter l\u00e5nga och sv\u00e5ra f\u00f6rhandlingar och det \u00f6ppnade en ny period av hopp f\u00f6r kyrkan. Vid m\u00e5nga h\u00e4ndelser, lyckliga eller ledsna, var folket framf\u00f6r Madonna f\u00f6r att be om tr\u00f6stning och h\u00e4lsa. Varje g\u00e5ng att en katastrof var p\u00e5 g\u00e5ng gick den lokala befolkningen hit f\u00f6r att be om hennes hj\u00e4lp. Det har h\u00e4nt f\u00f6r sv\u00e4lten \u00e5r 1807, pesten 1831 och de tv\u00e5 v\u00e4rldskrigen.\u00a0\u00a0<\/p>\n<p><em>\u00d6versatt av Federico Matarrelli<\/em><\/p>\n","protected":false},"excerpt":{"rendered":"<p>Tryck p\u00e5 bilden f\u00f6r att f\u00f6rstora F\u00f6ljande texten \u00e4r tagen fr\u00e5n &#8221;Valentano \u2013 Santuario della Madonna della Salute&#8221;, L\u2019ambiente locale\/7, Collana di studi editi a cura del comune di Valentano \u2013 Biblioteca servizi culturali. Kyrkan har sitt ursprung i 1400-talet n\u00e4r r\u00f6vare Francesco Portici \u00f6verl\u00e4mnade sig till polisen och, efter en offentlig penitens i S:t&hellip; <a class=\"more-link\" href=\"https:\/\/www.valentano.org\/sv\/santuario-della-madonna-della-salute-sv\/\">Forts\u00e4tt l\u00e4sa <span class=\"screen-reader-text\">Santuario della Madonna della Salute<\/span><\/a><\/p>\n","protected":false},"author":1,"featured_media":0,"parent":0,"menu_order":4,"comment_status":"closed","ping_status":"closed","template":"","meta":{"_acf_changed":false,"footnotes":""},"class_list":["post-198","page","type-page","status-publish","hentry","entry"],"acf":[],"_links":{"self":[{"href":"https:\/\/www.valentano.org\/sv\/wp-json\/wp\/v2\/pages\/198","targetHints":{"allow":["GET"]}}],"collection":[{"href":"https:\/\/www.valentano.org\/sv\/wp-json\/wp\/v2\/pages"}],"about":[{"href":"https:\/\/www.valentano.org\/sv\/wp-json\/wp\/v2\/types\/page"}],"author":[{"embeddable":true,"href":"https:\/\/www.valentano.org\/sv\/wp-json\/wp\/v2\/users\/1"}],"replies":[{"embeddable":true,"href":"https:\/\/www.valentano.org\/sv\/wp-json\/wp\/v2\/comments?post=198"}],"version-history":[{"count":0,"href":"https:\/\/www.valentano.org\/sv\/wp-json\/wp\/v2\/pages\/198\/revisions"}],"wp:attachment":[{"href":"https:\/\/www.valentano.org\/sv\/wp-json\/wp\/v2\/media?parent=198"}],"curies":[{"name":"wp","href":"https:\/\/api.w.org\/{rel}","templated":true}]}}