{"id":197,"date":"2015-10-08T18:13:34","date_gmt":"2015-10-08T16:13:34","guid":{"rendered":"http:\/\/demo.valentano.org\/madonna-del-monte-kyrka\/"},"modified":"2015-10-08T18:13:34","modified_gmt":"2015-10-08T16:13:34","slug":"madonna-del-monte-kyrka","status":"publish","type":"page","link":"https:\/\/www.valentano.org\/sv\/madonna-del-monte-kyrka\/","title":{"rendered":"Madonna del Monte kyrka"},"content":{"rendered":"<div align=\"center\"><a href=\"http:\/\/demo.valentano.org\/wp-content\/uploads\/2015\/10\/cmonte01-d8c.jpg\" target=\"_blank\" rel=\"noopener\"><img loading=\"lazy\" decoding=\"async\" class=\" size-full wp-image-5500\" src=\"http:\/\/demo.valentano.org\/wp-content\/uploads\/2015\/10\/thumb_cmonte01-361.jpg\" border=\"0\" alt=\"La piccola Chiesa della Madonna del Monte\" width=\"300\" height=\"190\" \/><\/a> <span style=\"color: #ff0000;\"><br \/>Tryck p\u00e5 bilden f\u00f6r att f\u00f6rstora<\/span><\/div>\n<p>I toppen av Montenero, kullen som t\u00e4cker byn, ligger den lilla kyrkan Madonna del Monte (Bergets Madonna) som byggdes runt 1853. Den lilla tavlan fr\u00e5n 1800-talet som f\u00f6rest\u00e4llde den s\u00f6rjande jungfru Maria med Jesus kropp och h\u00e4r tillbads finns idag i S:t Johannes kyrkan.<\/p>\n<div align=\"center\">\n<p><a href=\"http:\/\/demo.valentano.org\/wp-content\/uploads\/2015\/10\/cmonte02-9f6.jpg\" target=\"_blank\" rel=\"noopener\"><img loading=\"lazy\" decoding=\"async\" class=\" size-full wp-image-5514\" src=\"http:\/\/demo.valentano.org\/wp-content\/uploads\/2015\/10\/thumb_cmonte02-71b.jpg\" border=\"0\" alt=\"La porta della Chiesa della Madonna del Monte, opera del Professor Balestra\" width=\"185\" height=\"300\" \/><\/a><\/p>\n<\/div>\n<p>D\u00f6rren skapades av professor Balestra vars verk \u00e4r k\u00e4nda och uppskattade bland modern konst fantaster.\u00a0<\/p>\n<p><em>\u00d6versatt av Federico Matarrelli<\/em><\/p>\n","protected":false},"excerpt":{"rendered":"<p>Tryck p\u00e5 bilden f\u00f6r att f\u00f6rstora I toppen av Montenero, kullen som t\u00e4cker byn, ligger den lilla kyrkan Madonna del Monte (Bergets Madonna) som byggdes runt 1853. Den lilla tavlan fr\u00e5n 1800-talet som f\u00f6rest\u00e4llde den s\u00f6rjande jungfru Maria med Jesus kropp och h\u00e4r tillbads finns idag i S:t Johannes kyrkan. D\u00f6rren skapades av professor Balestra&hellip; <a class=\"more-link\" href=\"https:\/\/www.valentano.org\/sv\/madonna-del-monte-kyrka\/\">Forts\u00e4tt l\u00e4sa <span class=\"screen-reader-text\">Madonna del Monte kyrka<\/span><\/a><\/p>\n","protected":false},"author":1,"featured_media":0,"parent":0,"menu_order":5,"comment_status":"closed","ping_status":"closed","template":"","meta":{"_acf_changed":false,"footnotes":""},"class_list":["post-197","page","type-page","status-publish","hentry","entry"],"acf":[],"_links":{"self":[{"href":"https:\/\/www.valentano.org\/sv\/wp-json\/wp\/v2\/pages\/197","targetHints":{"allow":["GET"]}}],"collection":[{"href":"https:\/\/www.valentano.org\/sv\/wp-json\/wp\/v2\/pages"}],"about":[{"href":"https:\/\/www.valentano.org\/sv\/wp-json\/wp\/v2\/types\/page"}],"author":[{"embeddable":true,"href":"https:\/\/www.valentano.org\/sv\/wp-json\/wp\/v2\/users\/1"}],"replies":[{"embeddable":true,"href":"https:\/\/www.valentano.org\/sv\/wp-json\/wp\/v2\/comments?post=197"}],"version-history":[{"count":0,"href":"https:\/\/www.valentano.org\/sv\/wp-json\/wp\/v2\/pages\/197\/revisions"}],"wp:attachment":[{"href":"https:\/\/www.valentano.org\/sv\/wp-json\/wp\/v2\/media?parent=197"}],"curies":[{"name":"wp","href":"https:\/\/api.w.org\/{rel}","templated":true}]}}