{"id":195,"date":"2015-10-08T18:11:27","date_gmt":"2015-10-08T16:11:27","guid":{"rendered":"http:\/\/demo.valentano.org\/s-ta-maria-kyrka\/"},"modified":"2015-10-08T18:11:27","modified_gmt":"2015-10-08T16:11:27","slug":"s-ta-maria-kyrka","status":"publish","type":"page","link":"https:\/\/www.valentano.org\/sv\/s-ta-maria-kyrka\/","title":{"rendered":"S:ta Maria Kyrka"},"content":{"rendered":"<div align=\"center\"><a href=\"http:\/\/demo.valentano.org\/wp-content\/uploads\/2015\/10\/smaria01-931.jpg\" target=\"_blank\" rel=\"noopener\"><img loading=\"lazy\" decoding=\"async\" class=\" size-full wp-image-5416\" src=\"http:\/\/demo.valentano.org\/wp-content\/uploads\/2015\/10\/thumb_smaria01-7dc.jpg\" border=\"0\" alt=\"La facciata della chiesa di Santa Maria\" width=\"186\" height=\"300\" \/><\/a> <br \/> <span style=\"color: #ff0000;\">Tryck p\u00e5 bilden f\u00f6r att f\u00f6rstora<\/span><\/div>\n<p>Bel\u00e4gen p\u00e5 v\u00e4gen med samma namn \u00e4r kyrkan, vars ursprung \u00e4r v\u00e4ldigt gammalt, idag helt f\u00f6rvandlad. I b\u00f6rjan var den riktad norrut men blev omorienterad \u00f6sterut s\u00e5 att huvudporten skulle vara mot den nya S:ta Maria v\u00e4gen, som projekterades av Pier Luigi Farnese d.y. Kyrkan som vi ser idag \u00e4r i st\u00e4llet resultatet av renovering genomf\u00f6rd fr\u00e5n 1736 till 1744 efter initiativet av pr\u00e4sten Pietro Amari.<\/p>\n<p align=\"center\"><a href=\"http:\/\/demo.valentano.org\/wp-content\/uploads\/2015\/10\/chstmar_int-ab3.jpg\" target=\"_blank\" rel=\"noopener\"><img loading=\"lazy\" decoding=\"async\" class=\" size-full wp-image-5430\" src=\"http:\/\/demo.valentano.org\/wp-content\/uploads\/2015\/10\/thumb_chstmar_int-a09.jpg\" border=\"0\" alt=\"Interno della Chiesa di Santa Maria\" width=\"221\" height=\"300\" \/><\/a><\/p>\n<p> H\u00e4r inne finns en vacker fresk av den s.k. <em>Rosens Madonna<\/em>, ok\u00e4nd m\u00e5lare, som var en av de f\u00f6rsta heliga bilder som tillbads i kyrkan. Viktiga \u00e4r idag en tr\u00e4staty k\u00e4nd som Madonna della Coroncina (1736), en <em>Ecce Homo<\/em> gjord av tr\u00e4 och en fresk av S. Cannucciari med korsf\u00e4stning (1897).<\/p>\n<p align=\"center\"><a href=\"http:\/\/demo.valentano.org\/wp-content\/uploads\/2015\/10\/gav_coroncina-da7.jpg\" target=\"_blank\" rel=\"noopener\"><img loading=\"lazy\" decoding=\"async\" class=\" size-full wp-image-5444\" src=\"http:\/\/demo.valentano.org\/wp-content\/uploads\/2015\/10\/thumb_gav_coroncina-55c.jpg\" border=\"0\" alt=\"Madonna della Coroncina, recuperata dal G.A.V., il restauro delle parti lignee \u00e8 stato curato dalla restauratrice Cristina Codeluppi, mentre alla stilista Anna Cruciani si deve lo studio e la realizzazione del vestito\" width=\"144\" height=\"300\" \/><\/a><\/p>\n<p><em>\u00d6versatt av Federico Matarrelli<\/em><\/p>\n","protected":false},"excerpt":{"rendered":"<p>Tryck p\u00e5 bilden f\u00f6r att f\u00f6rstora Bel\u00e4gen p\u00e5 v\u00e4gen med samma namn \u00e4r kyrkan, vars ursprung \u00e4r v\u00e4ldigt gammalt, idag helt f\u00f6rvandlad. I b\u00f6rjan var den riktad norrut men blev omorienterad \u00f6sterut s\u00e5 att huvudporten skulle vara mot den nya S:ta Maria v\u00e4gen, som projekterades av Pier Luigi Farnese d.y. Kyrkan som vi ser idag&hellip; <a class=\"more-link\" href=\"https:\/\/www.valentano.org\/sv\/s-ta-maria-kyrka\/\">Forts\u00e4tt l\u00e4sa <span class=\"screen-reader-text\">S:ta Maria Kyrka<\/span><\/a><\/p>\n","protected":false},"author":1,"featured_media":0,"parent":0,"menu_order":7,"comment_status":"closed","ping_status":"closed","template":"","meta":{"_acf_changed":false,"footnotes":""},"class_list":["post-195","page","type-page","status-publish","hentry","entry"],"acf":[],"_links":{"self":[{"href":"https:\/\/www.valentano.org\/sv\/wp-json\/wp\/v2\/pages\/195","targetHints":{"allow":["GET"]}}],"collection":[{"href":"https:\/\/www.valentano.org\/sv\/wp-json\/wp\/v2\/pages"}],"about":[{"href":"https:\/\/www.valentano.org\/sv\/wp-json\/wp\/v2\/types\/page"}],"author":[{"embeddable":true,"href":"https:\/\/www.valentano.org\/sv\/wp-json\/wp\/v2\/users\/1"}],"replies":[{"embeddable":true,"href":"https:\/\/www.valentano.org\/sv\/wp-json\/wp\/v2\/comments?post=195"}],"version-history":[{"count":0,"href":"https:\/\/www.valentano.org\/sv\/wp-json\/wp\/v2\/pages\/195\/revisions"}],"wp:attachment":[{"href":"https:\/\/www.valentano.org\/sv\/wp-json\/wp\/v2\/media?parent=195"}],"curies":[{"name":"wp","href":"https:\/\/api.w.org\/{rel}","templated":true}]}}