{"id":194,"date":"2015-10-08T18:10:24","date_gmt":"2015-10-08T16:10:24","guid":{"rendered":"http:\/\/demo.valentano.org\/s-t-johannes-evangelisten-kyrka\/"},"modified":"2015-10-08T18:10:24","modified_gmt":"2015-10-08T16:10:24","slug":"s-t-johannes-evangelisten-kyrka","status":"publish","type":"page","link":"https:\/\/www.valentano.org\/sv\/s-t-johannes-evangelisten-kyrka\/","title":{"rendered":"S:t Johannes Evangelisten kyrka"},"content":{"rendered":"<div align=\"center\"><a href=\"http:\/\/demo.valentano.org\/wp-content\/uploads\/2013\/04\/ccolle06-b93.jpg\" target=\"_blank\" rel=\"noopener\"><img loading=\"lazy\" decoding=\"async\" class=\" size-full wp-image-593\" src=\"http:\/\/demo.valentano.org\/wp-content\/uploads\/2013\/04\/thumb_ccolle06-57e.jpg\" border=\"0\" width=\"300\" height=\"199\" \/><\/a><br \/> <span style=\"color: #ff0000;\">Tryck p\u00e5 bilden f\u00f6r att f\u00f6rstora<\/span><\/div>\n<p>Byggd runt 1000 i romansk stil \u00e4r kyrkan d\u00f6pt efter Johannes Evangelisten. Den renoverades m\u00e5nga g\u00e5nger: fasaden byggdes om i mitten av 1500-talet och vapen av kardinal Alessandro Farnese d.y., av Montefiascone biskop (kardinal Bentivoglio) och Valentano (en bild av S:t Johannes) placerades ovanf\u00f6r d\u00f6rren. Kyrkan blev huvudkyrkan i byn 1253 efter beslut av p\u00e5ve Innocenzo IV.<\/p>\n<p align=\"center\"><a href=\"http:\/\/demo.valentano.org\/wp-content\/uploads\/2013\/04\/ccolle01-0b1.jpg\" target=\"_blank\" rel=\"noopener\"><img loading=\"lazy\" decoding=\"async\" class=\" size-full wp-image-607\" src=\"http:\/\/demo.valentano.org\/wp-content\/uploads\/2013\/04\/thumb_ccolle01-e5c.jpg\" border=\"0\" width=\"300\" height=\"205\" \/><\/a>. <a href=\"http:\/\/demo.valentano.org\/wp-content\/uploads\/2013\/04\/ccolle03-71d.jpg\" target=\"_blank\" rel=\"noopener\"><img loading=\"lazy\" decoding=\"async\" class=\" size-full wp-image-621\" src=\"http:\/\/demo.valentano.org\/wp-content\/uploads\/2013\/04\/thumb_ccolle03-9f0.jpg\" border=\"0\" width=\"186\" height=\"205\" \/><\/a><\/p>\n<p>Insidan visar sig idag i sin barock prakt, precis som kyrkan var mellan slutet av 1600-talet och b\u00f6rjan av 1700-talet. Fr\u00e5n den f\u00f6reg\u00e5ende perioden kunde man r\u00e4dda bara en fresk av korsf\u00e4stningen, kanske av Marcello Venusti. Fr\u00e5n den andra h\u00e4lften av 1500-talet \u00e4r den tr\u00e4staty av jungfru Marie himmelf\u00e4rd som donerades till kyrkan av pr\u00e4sten G.B. Lazzari.<\/p>\n<p align=\"center\"><a href=\"http:\/\/demo.valentano.org\/wp-content\/uploads\/2013\/04\/madass02-55d.jpg\" target=\"_blank\" rel=\"noopener\"><img loading=\"lazy\" decoding=\"async\" class=\" size-full wp-image-635\" src=\"http:\/\/demo.valentano.org\/wp-content\/uploads\/2013\/04\/thumb_madass02-bb0.jpg\" border=\"0\" alt=\"La Madonna Assunta viene portata in processione la sera del 14 agosto\" width=\"204\" height=\"300\" \/><\/a> <a href=\"http:\/\/demo.valentano.org\/wp-content\/uploads\/2013\/04\/ccolle05-fe9.jpg\" target=\"_blank\" rel=\"noopener\"><img loading=\"lazy\" decoding=\"async\" class=\" size-full wp-image-649\" src=\"http:\/\/demo.valentano.org\/wp-content\/uploads\/2013\/04\/thumb_ccolle05-104.jpg\" border=\"0\" alt=\"La parte terminale del campanile ha forma esagonale\" width=\"220\" height=\"300\" \/><\/a><\/p>\n<p>Andra vackra tavlor \u00e4r verk av Corrado Giaquinto (<em>Madonna, barn och sk\u00e4rselden sj\u00e4lar<\/em>) och Pietro Lucatelli (<em>Rosenkransen Madonna med S:t Dominikus och S:ta Katarina<\/em>). Tv\u00e5 tavlor av skyddspatron Johannes m\u00e5lades av Pietro Padroni, m\u00e5lare fr\u00e5n Citt\u00e0 della Pieve men bosatt i Valentano, i slutet av 1700-talet. Andra tavlor som \u00e4r n\u00e4mnv\u00e4rdiga \u00e4r denna av Mattia da Farnese (<em>Madonna med barn och S:t Petrus och Paulus<\/em>, som ursprungligen fanns i S:ta Maria kyrka) och en annan fr\u00e5n 1711 med S:t Franciskus, S:ta Lucia och S:ta Agata av en m\u00e5lare fr\u00e5n Viterbo, Francesco Maria Bonifazi.<br \/> Under huvudaltaren bevaras en kista med reliker av skyddshelgonen martyr Giustino.<\/p>\n<p align=\"center\"><a href=\"http:\/\/demo.valentano.org\/wp-content\/uploads\/2013\/04\/ccolle_r1-8a9.jpg\" target=\"_blank\" rel=\"noopener\"><img loading=\"lazy\" decoding=\"async\" class=\" size-full wp-image-663\" src=\"http:\/\/demo.valentano.org\/wp-content\/uploads\/2013\/04\/th_ccolle_r1-d95.jpg\" border=\"0\" alt=\"Il soffitto della Chiesa Collegiata, recentemente restaurato\" width=\"199\" height=\"300\" \/><\/a> <a href=\"http:\/\/demo.valentano.org\/wp-content\/uploads\/2013\/04\/ccolle_r2-cd3.jpg\" target=\"_blank\" rel=\"noopener\"><img loading=\"lazy\" decoding=\"async\" class=\" size-full wp-image-677\" src=\"http:\/\/demo.valentano.org\/wp-content\/uploads\/2013\/04\/th_ccolle_r2-9ef.jpg\" border=\"0\" alt=\"La chiesa vista dalla Cantoria. L'evidente deformazione prospettica \u00e8 dovuta all'impiego di un'ottica grandangolare molto potente.\" width=\"300\" height=\"199\" \/><\/a><\/p>\n<p><em>\u00d6versatt av Federico Matarrelli<\/em><\/p>\n","protected":false},"excerpt":{"rendered":"<p>Tryck p\u00e5 bilden f\u00f6r att f\u00f6rstora Byggd runt 1000 i romansk stil \u00e4r kyrkan d\u00f6pt efter Johannes Evangelisten. Den renoverades m\u00e5nga g\u00e5nger: fasaden byggdes om i mitten av 1500-talet och vapen av kardinal Alessandro Farnese d.y., av Montefiascone biskop (kardinal Bentivoglio) och Valentano (en bild av S:t Johannes) placerades ovanf\u00f6r d\u00f6rren. Kyrkan blev huvudkyrkan i&hellip; <a class=\"more-link\" href=\"https:\/\/www.valentano.org\/sv\/s-t-johannes-evangelisten-kyrka\/\">Forts\u00e4tt l\u00e4sa <span class=\"screen-reader-text\">S:t Johannes Evangelisten kyrka<\/span><\/a><\/p>\n","protected":false},"author":1,"featured_media":0,"parent":0,"menu_order":8,"comment_status":"closed","ping_status":"closed","template":"","meta":{"_acf_changed":false,"footnotes":""},"class_list":["post-194","page","type-page","status-publish","hentry","entry"],"acf":[],"_links":{"self":[{"href":"https:\/\/www.valentano.org\/sv\/wp-json\/wp\/v2\/pages\/194","targetHints":{"allow":["GET"]}}],"collection":[{"href":"https:\/\/www.valentano.org\/sv\/wp-json\/wp\/v2\/pages"}],"about":[{"href":"https:\/\/www.valentano.org\/sv\/wp-json\/wp\/v2\/types\/page"}],"author":[{"embeddable":true,"href":"https:\/\/www.valentano.org\/sv\/wp-json\/wp\/v2\/users\/1"}],"replies":[{"embeddable":true,"href":"https:\/\/www.valentano.org\/sv\/wp-json\/wp\/v2\/comments?post=194"}],"version-history":[{"count":0,"href":"https:\/\/www.valentano.org\/sv\/wp-json\/wp\/v2\/pages\/194\/revisions"}],"wp:attachment":[{"href":"https:\/\/www.valentano.org\/sv\/wp-json\/wp\/v2\/media?parent=194"}],"curies":[{"name":"wp","href":"https:\/\/api.w.org\/{rel}","templated":true}]}}