{"id":193,"date":"2015-10-08T18:04:50","date_gmt":"2015-10-08T16:04:50","guid":{"rendered":"http:\/\/demo.valentano.org\/faestet-och-farnese-slottet\/"},"modified":"2023-01-20T08:36:43","modified_gmt":"2023-01-20T07:36:43","slug":"faestet-och-farnese-slottet","status":"publish","type":"page","link":"https:\/\/www.valentano.org\/sv\/home-sv\/faestet-och-farnese-slottet\/","title":{"rendered":"F\u00e4stet och Farnese slottet"},"content":{"rendered":"<p>Enligt de befintliga historiska dokumenten grundades Valentanos slott runt 1053. Man kan anta att d\u00e5 muren omgav f\u00e4ste med tornet, kyrkan och de f\u00f6rsta husen. Kriget mellan Orvieto e Viterbo medf\u00f6rde m\u00e5nga f\u00f6rst\u00f6rningar och ombyggningar av slottet. En stor eld, som stoppades enligt traditionen av S:ta Agata, br\u00e4nde ner en stor del byn.\u00a0 Slottet, tillsammans med det oktogonala tornet, \u00e5teruppbyggdes 1296. 1327 drabbades slottet av allvarliga skador och ytterligare skador orsakades 1350 av de trupperna ledda av Viterbo prefekten Giovanni di Vico.<\/p>\n<p align=\"center\"><a href=\"http:\/\/demo.valentano.org\/wp-content\/uploads\/2013\/04\/rocca02-844.jpg\" target=\"_blank\" rel=\"noopener\"><img loading=\"lazy\" decoding=\"async\" class=\" size-full wp-image-1405\" src=\"http:\/\/demo.valentano.org\/wp-content\/uploads\/2013\/04\/thumb_rocca02-5a2.jpg\" border=\"0\" alt=\"L'antica costruzione vista dal Monte Starnina\" width=\"300\" height=\"213\" \/><\/a><br \/> <span style=\"color: #ff0000;\">Tryck p\u00e5 bilden f\u00f6r att f\u00f6rstora<\/span><\/p>\n<p> Friden f\u00f6r slottet kom \u00e4ntligen med familjen Farnese, som fick \u00e4godel av det 1354, n\u00e4r Egidio Albornoz var kardinal i Viterbo och p\u00e5ven satt i Avignone. Familjen Farnese blev allts\u00e5 fursten av Valentano och flera andra grannbyar.<\/p>\n<p align=\"center\"><a href=\"http:\/\/demo.valentano.org\/wp-content\/uploads\/2013\/04\/rocca05-366.jpg\" target=\"_blank\" rel=\"noopener\"><img loading=\"lazy\" decoding=\"async\" class=\" size-full wp-image-1419\" src=\"http:\/\/demo.valentano.org\/wp-content\/uploads\/2013\/04\/thumb_rocca05-e80.jpg\" border=\"0\" alt=\"L'imponente maschio ottagonale\" width=\"193\" height=\"300\" \/><\/a><\/p>\n<p>Slottet beboddes st\u00e4ndigt av familjen fr\u00e5n 1400-talet n\u00e4r en stor del renoverades och det lilla runda tornet p\u00e5 \u00f6stsidan byggdes. Ytterligare renoveringsverk gjordes i slutet av 1400, n\u00e4r k\u00e4rleksg\u00e5rden skapades f\u00f6r att fyra br\u00f6llopet mellan Angelo Farnese, sonen till Pier Luigi, och Lella Orsini fr\u00e5n Pitigliano. De fina kapit\u00e4len skapades av en viss Lorenzo, stenhuggare fr\u00e5n Florens. G\u00e5rden visar br\u00f6llopet genom f\u00f6reningen av de tv\u00e5 familjernas vapen och genom allegori av den blommande Farnese liljan som finns p\u00e5 kapit\u00e4l p\u00e5 bottenv\u00e5ning. <\/p>\n<p> Andra renoveringar gjordes 1519 f\u00f6r att fyra br\u00f6llopet mellan Pier Luigi Farnese och Gerolama Orsini, med bidrag av Antonio da Sangallo d.y. (t.ex. brunnet och \u00f6ppen spis som finns p\u00e5 Sala Ducale). Det var de viktigaste \u00e5ren i slottets liv eftersom viktiga personer f\u00f6ddes h\u00e4r, som t.ex. Alessandro och Ranuccio, framtida kardinaler, hertigar Ottavio och Orazio samt Vittoria, hertiginna av Urbino. 1534 valdes Alessandro Farnese som p\u00e5ve med namnet Paolo III. Han beordrade byggandet av den stora loggian med elva b\u00e5gar som finns p\u00e5 v\u00e4stra sidan och heter allts\u00e5 loggia Paolo III. 1537 blev Pier Luigi hertig av Castro och 1545 av Parma och Piacenza. Slottet beboddes fortfarande av hertiginna Gerolama Orsini och sonen kardinal Alessandro Farnese som ville bygga en m\u00e5lad trappa mot sina rum. Farnese tvingades l\u00e4mna slottet 1649 efter kriget mot kyrkostaten och f\u00f6rst\u00f6ringen av Castro, hertigd\u00f6ms huvudstad.<\/p>\n<p align=\"center\"><a href=\"http:\/\/demo.valentano.org\/wp-content\/uploads\/2013\/04\/veduta06-66a.jpg\" target=\"_blank\" rel=\"noopener\"><img loading=\"lazy\" decoding=\"async\" class=\" size-full wp-image-1433\" src=\"http:\/\/demo.valentano.org\/wp-content\/uploads\/2013\/04\/thumb_veduta06-887.jpg\" border=\"0\" alt=\"Il Castello e la Rocca. Sulla sinistra il campanile della Collegiata\" width=\"207\" height=\"300\" \/><\/a><\/p>\n<p>Slottet anv\u00e4ndes f\u00f6rst som spannm\u00e5lsmagasin och f\u00e4ngelse och f\u00f6rvandlades senare till kloster d\u00e4r Dominikanorden nunnor byggdes en helig trappa. Under Risorgimento bodde i slottet en garnison av zuaver, franska soldater skickades hit av p\u00e5ve Pius IX f\u00f6r att k\u00e4mpa mot Garibaldis m\u00e4n (1867-1870). <br \/> 1930 flyttades nunnor till Gubbio och slottet anv\u00e4ndes som grundskola och bostad. Slottet \u00f6vergavs 1957 och renoverades 1979. Idag finns stadsbibliotek och Tuscias f\u00f6rhistoriska Museet i slottet.<\/p>\n<p align=\"center\"><span style=\"font-family: arial,helvetica;\"><a href=\"http:\/\/demo.valentano.org\/wp-content\/uploads\/2013\/04\/rocca07-4ca.jpg\" target=\"_blank\" rel=\"noopener\"><img loading=\"lazy\" decoding=\"async\" class=\" size-full wp-image-1447\" src=\"http:\/\/demo.valentano.org\/wp-content\/uploads\/2013\/04\/thumb_rocca07-92c.jpg\" border=\"0\" alt=\"La Rocca vista da sotto il loggiato\" width=\"208\" height=\"300\" \/><\/a><\/span><\/p>\n<p style=\"text-align: left;\" align=\"center\"><span style=\"font-family: arial,helvetica;\"><em>\u00d6versatt av Federico Matarrelli<\/em> <\/span><\/p>\n","protected":false},"excerpt":{"rendered":"<p>Enligt de befintliga historiska dokumenten grundades Valentanos slott runt 1053. Man kan anta att d\u00e5 muren omgav f\u00e4ste med tornet, kyrkan och de f\u00f6rsta husen. Kriget mellan Orvieto e Viterbo medf\u00f6rde m\u00e5nga f\u00f6rst\u00f6rningar och ombyggningar av slottet. En stor eld, som stoppades enligt traditionen av S:ta Agata, br\u00e4nde ner en stor del byn.\u00a0 Slottet, tillsammans&hellip; <a class=\"more-link\" href=\"https:\/\/www.valentano.org\/sv\/home-sv\/faestet-och-farnese-slottet\/\">Forts\u00e4tt l\u00e4sa <span class=\"screen-reader-text\">F\u00e4stet och Farnese slottet<\/span><\/a><\/p>\n","protected":false},"author":1,"featured_media":0,"parent":190,"menu_order":9,"comment_status":"closed","ping_status":"closed","template":"","meta":{"_acf_changed":false,"footnotes":""},"class_list":["post-193","page","type-page","status-publish","hentry","entry"],"acf":[],"_links":{"self":[{"href":"https:\/\/www.valentano.org\/sv\/wp-json\/wp\/v2\/pages\/193","targetHints":{"allow":["GET"]}}],"collection":[{"href":"https:\/\/www.valentano.org\/sv\/wp-json\/wp\/v2\/pages"}],"about":[{"href":"https:\/\/www.valentano.org\/sv\/wp-json\/wp\/v2\/types\/page"}],"author":[{"embeddable":true,"href":"https:\/\/www.valentano.org\/sv\/wp-json\/wp\/v2\/users\/1"}],"replies":[{"embeddable":true,"href":"https:\/\/www.valentano.org\/sv\/wp-json\/wp\/v2\/comments?post=193"}],"version-history":[{"count":1,"href":"https:\/\/www.valentano.org\/sv\/wp-json\/wp\/v2\/pages\/193\/revisions"}],"predecessor-version":[{"id":6252,"href":"https:\/\/www.valentano.org\/sv\/wp-json\/wp\/v2\/pages\/193\/revisions\/6252"}],"up":[{"embeddable":true,"href":"https:\/\/www.valentano.org\/sv\/wp-json\/wp\/v2\/pages\/190"}],"wp:attachment":[{"href":"https:\/\/www.valentano.org\/sv\/wp-json\/wp\/v2\/media?parent=193"}],"curies":[{"name":"wp","href":"https:\/\/api.w.org\/{rel}","templated":true}]}}