{"id":192,"date":"2015-10-08T16:54:48","date_gmt":"2015-10-08T14:54:48","guid":{"rendered":"http:\/\/demo.valentano.org\/centrum-il-centro-storico\/"},"modified":"2023-01-20T08:36:41","modified_gmt":"2023-01-20T07:36:41","slug":"centrum-il-centro-storico","status":"publish","type":"page","link":"https:\/\/www.valentano.org\/sv\/home-sv\/centrum-il-centro-storico\/","title":{"rendered":"Centrum"},"content":{"rendered":"<p>Valentano centrum utvecklar sig runt Stadshustorget (Piazza Cavour) och Largo Paolo Ruffini. H\u00e4rifr\u00e5n kan man antingen ta de tv\u00e5 raka v\u00e4garna (Santa Maria och la via di Mezzo) eller La Selciata, v\u00e4gen mot slottet (Castello Farnese).<\/p>\n<p align=\"center\"><a href=\"http:\/\/demo.valentano.org\/wp-content\/uploads\/2015\/10\/comune02-001.jpg\" target=\"_blank\" rel=\"noopener\"><img loading=\"lazy\" decoding=\"async\" class=\" size-full wp-image-5346\" src=\"http:\/\/demo.valentano.org\/wp-content\/uploads\/2015\/10\/thumb_comune02-eec.jpg\" border=\"0\" alt=\"Il Palazzo Comunale\" width=\"184\" height=\"300\" \/><\/a><br \/> <span style=\"color: #ff0000; font-family: arial,helvetica;\">Tryck p\u00e5 bilden f\u00f6r att f\u00f6rstora<\/span><\/p>\n<p align=\"center\"><strong>Stadshuset<\/strong><\/p>\n<p>Stadshuset byggdes runt 1552 och bestod d\u00e5 av en grundportik och en h\u00f6gre v\u00e5ning. I b\u00f6rjan av 1700 f\u00f6rstorades huset f\u00f6r att rymma tingsr\u00e4tten, som flyttades hit efter Castro f\u00f6rst\u00f6rdes. Portiken, under den smidesj\u00e4rnbalkongen fr\u00e5n 1500-talet, inneh\u00e5ller viktiga historiska bevis: stadsvapen fr\u00e5n 1400-talet, p\u00e5ven Martino V Colonnas vapen tillsammans med Farnesesk\u00f6ldar, familjen Farneses vapen med sex liljor och p\u00e5ven Paolo III Farneses vapen. H\u00e4r finns ocks\u00e5 ett minnesm\u00e4rke f\u00f6r Garibaldi och ett f\u00f6r de fallna soldaterna fr\u00e5n Valentano under det f\u00f6rsta v\u00e4rldskriget, vars text skrevs av den ber\u00f6mda f\u00f6rfattaren Fausto Salvatori.<\/p>\n<p align=\"center\"><strong><span>Magenta porten<\/span><\/strong><\/p>\n<p>Paolo Ruffini torget avslutar med Magenta port, en viktig sev\u00e4rdhet som byggdes 1779 enligt Vignolas ritning. Porten ersatte det gamla Romana port som fall 1774.<\/p>\n<p align=\"center\"><a href=\"http:\/\/demo.valentano.org\/wp-content\/uploads\/2015\/10\/portav01-72f.jpg\" target=\"_blank\" rel=\"noopener\"><img loading=\"lazy\" decoding=\"async\" class=\" size-full wp-image-5360\" src=\"http:\/\/demo.valentano.org\/wp-content\/uploads\/2015\/10\/thumb_portav01-9c2.jpg\" border=\"0\" alt=\"L'ingresso della Piazza Paolo Ruffini e l'arco\" width=\"166\" height=\"300\" \/><\/a><\/p>\n<p>P\u00e5 b\u00e5gen kan man se den ber\u00f6mda &#8221;Mascherone&#8221; (den stora masken).<\/p>\n<p align=\"center\"><a href=\"http:\/\/demo.valentano.org\/wp-content\/uploads\/2015\/10\/portav03-083.jpg\" target=\"_blank\" rel=\"noopener\"><img loading=\"lazy\" decoding=\"async\" class=\" size-full wp-image-5374\" src=\"http:\/\/demo.valentano.org\/wp-content\/uploads\/2015\/10\/thumb_portav03-e6e.jpg\" border=\"0\" alt=\"Porta Magenta, gi\u00e0 Porta Romana\" width=\"199\" height=\"300\" \/><\/a><\/p>\n<p>Enligt traditionen ville konstn\u00e4ren bestraffa den lokala befolkningen som fortsatte klaga och kritisera och skulpterade ett ansikte som visar tungan.<\/p>\n<p align=\"center\"><span style=\"font-family: arial,helvetica;\"><a href=\"http:\/\/demo.valentano.org\/wp-content\/uploads\/2015\/10\/portav02-355.jpg\" target=\"_blank\" rel=\"noopener\"><img loading=\"lazy\" decoding=\"async\" class=\" size-full wp-image-5388\" src=\"http:\/\/demo.valentano.org\/wp-content\/uploads\/2015\/10\/thumb_portav02-db8.jpg\" border=\"0\" alt=\"Il Mascherone\" width=\"197\" height=\"300\" \/><\/a> <strong><a href=\"http:\/\/demo.valentano.org\/wp-content\/uploads\/2015\/10\/portav04-ba1.jpg\" target=\"_blank\" rel=\"noopener\"> <img loading=\"lazy\" decoding=\"async\" class=\" size-full wp-image-5402\" src=\"http:\/\/demo.valentano.org\/wp-content\/uploads\/2015\/10\/thumb_portav04-54c.jpg\" border=\"0\" alt=\"Il Mascherone\" width=\"203\" height=\"300\" \/><\/a><\/strong> <\/span><\/p>\n<p align=\"center\">\u00a0<\/p>\n<p><em>\u00d6versatt av Federico Matarrelli<\/em><\/p>\n<p align=\"center\">\u00a0<\/p>\n","protected":false},"excerpt":{"rendered":"<p>Valentano centrum utvecklar sig runt Stadshustorget (Piazza Cavour) och Largo Paolo Ruffini. H\u00e4rifr\u00e5n kan man antingen ta de tv\u00e5 raka v\u00e4garna (Santa Maria och la via di Mezzo) eller La Selciata, v\u00e4gen mot slottet (Castello Farnese). Tryck p\u00e5 bilden f\u00f6r att f\u00f6rstora Stadshuset Stadshuset byggdes runt 1552 och bestod d\u00e5 av en grundportik och en&hellip; <a class=\"more-link\" href=\"https:\/\/www.valentano.org\/sv\/home-sv\/centrum-il-centro-storico\/\">Forts\u00e4tt l\u00e4sa <span class=\"screen-reader-text\">Centrum<\/span><\/a><\/p>\n","protected":false},"author":1,"featured_media":0,"parent":190,"menu_order":10,"comment_status":"closed","ping_status":"closed","template":"","meta":{"_acf_changed":false,"footnotes":""},"class_list":["post-192","page","type-page","status-publish","hentry","entry"],"acf":[],"_links":{"self":[{"href":"https:\/\/www.valentano.org\/sv\/wp-json\/wp\/v2\/pages\/192","targetHints":{"allow":["GET"]}}],"collection":[{"href":"https:\/\/www.valentano.org\/sv\/wp-json\/wp\/v2\/pages"}],"about":[{"href":"https:\/\/www.valentano.org\/sv\/wp-json\/wp\/v2\/types\/page"}],"author":[{"embeddable":true,"href":"https:\/\/www.valentano.org\/sv\/wp-json\/wp\/v2\/users\/1"}],"replies":[{"embeddable":true,"href":"https:\/\/www.valentano.org\/sv\/wp-json\/wp\/v2\/comments?post=192"}],"version-history":[{"count":1,"href":"https:\/\/www.valentano.org\/sv\/wp-json\/wp\/v2\/pages\/192\/revisions"}],"predecessor-version":[{"id":6251,"href":"https:\/\/www.valentano.org\/sv\/wp-json\/wp\/v2\/pages\/192\/revisions\/6251"}],"up":[{"embeddable":true,"href":"https:\/\/www.valentano.org\/sv\/wp-json\/wp\/v2\/pages\/190"}],"wp:attachment":[{"href":"https:\/\/www.valentano.org\/sv\/wp-json\/wp\/v2\/media?parent=192"}],"curies":[{"name":"wp","href":"https:\/\/api.w.org\/{rel}","templated":true}]}}