{"id":191,"date":"2015-10-08T15:53:21","date_gmt":"2015-10-08T13:53:21","guid":{"rendered":"http:\/\/demo.valentano.org\/valentano-terrass-mellan-sjoen-och-havet\/"},"modified":"2023-01-20T08:36:40","modified_gmt":"2023-01-20T07:36:40","slug":"valentano-terrass-mellan-sjoen-och-havet","status":"publish","type":"page","link":"https:\/\/www.valentano.org\/sv\/home-sv\/valentano-terrass-mellan-sjoen-och-havet\/","title":{"rendered":"Valentano, terrass mellan sj\u00f6n och havet"},"content":{"rendered":"<p><strong>Valentano, terrass mellan sj\u00f6n och havet<\/strong><\/p>\n<p>Juni-Juli 1843 bes\u00f6kte etrusker forskare George Dennis Valentano och andra byar i Viterbo etruskomr\u00e5de. Han beskrev sin resa i den ber\u00f6mda texten <em>Cities and Cemeteries of Etruria<\/em>. Det var sannolikt ett kort bes\u00f6k (etruskerna har l\u00e4mnat f\u00e5 sp\u00e5r i Valentano, m\u00f6jligen p\u00e5 grund av den s\u00e4rskilda vulkaniska marken). N\u00e4r han kom fram till torget som riktar sig mot Bolsenasj\u00f6n, just utanf\u00f6r San Martino port, definierade Dennis Valentano som en fantastisk terrass p\u00e5 sj\u00f6n. Hade han haft chansen att beundra den fantastiska utsikten fr\u00e5n Rocca Farnese (slottet var d\u00e5 ett kloster), varifr\u00e5n man kan se s\u00e5 l\u00e5ng som Tyrrenska havet, skulle han kanske ha pratat om en fantastisk terrass mellan sj\u00f6n och havet.<\/p>\n<p align=\"center\"><a href=\"http:\/\/demo.valentano.org\/wp-content\/uploads\/2013\/09\/veduta01-d48.jpg\" target=\"_blank\" rel=\"noopener\"><img loading=\"lazy\" decoding=\"async\" class=\" size-full wp-image-5318\" src=\"http:\/\/demo.valentano.org\/wp-content\/uploads\/2015\/10\/thumb_veduta01-3a5.jpg\" border=\"0\" alt=\"Valentano, su un colle alto 550 m s.l.m.\" width=\"300\" height=\"189\" \/><\/a><br \/> <span style=\"color: #ff0000; font-family: Arial,Helvetica,sans-serif;\">Tryck p\u00e5 bilden f\u00f6r att f\u00f6rstora<\/span><\/p>\n<p>1630 beskrev historiker Benedetto Zucchi Valentano i sin bok <em>Informazione e cronica<\/em> som en by &#8221;bel\u00e4gen p\u00e5 en kulle, n\u00e4ra ett h\u00f6gre berg fyllt med kastanjetr\u00e4d som skyddar Valentano fr\u00e5n scirocco, vinden fr\u00e5n sydv\u00e4st, trots att Tramontana, vinden fr\u00e5n norr, bl\u00e5ser alltid&#8221;.<\/p>\n<p align=\"center\"><a href=\"http:\/\/demo.valentano.org\/wp-content\/uploads\/2013\/09\/veduta02-932.jpg\" target=\"_blank\" rel=\"noopener\"><img loading=\"lazy\" decoding=\"async\" class=\" size-full wp-image-5325\" src=\"http:\/\/demo.valentano.org\/wp-content\/uploads\/2015\/10\/thumb_veduta02-7df.jpg\" border=\"0\" alt=\"Il lago di Bolsena - L'isola Bisentina\" width=\"300\" height=\"198\" \/><\/a><\/p>\n<p><!--\n\n<p><span style=\"font-family: arial,helvetica;\"><span style=\"font-family: arial,helvetica;\">Dal vicino monte Starnina si gode un panorama molto interessante, nelle giornate pi\u00f9 limpide si pu\u00f2 osservare il lontano luccichio del mare.<\/span><\/span><\/p>\n\n--><\/p>\n<p>\u00a0<\/p>\n<p align=\"center\"><a href=\"http:\/\/demo.valentano.org\/wp-content\/uploads\/2013\/09\/veduta04-1c6.jpg\" target=\"_blank\" rel=\"noopener\"><img loading=\"lazy\" decoding=\"async\" class=\" size-full wp-image-5332\" src=\"http:\/\/demo.valentano.org\/wp-content\/uploads\/2015\/10\/thumb_veduta04-f2b.jpg\" border=\"0\" alt=\"Il lago di Bolsena\" width=\"300\" height=\"199\" \/><\/a><\/p>\n<p>\u00a0<\/p>\n<p><em>\u00d6versatt av Federico Matarrelli<\/em><\/p>\n","protected":false},"excerpt":{"rendered":"<p>Valentano, terrass mellan sj\u00f6n och havet Juni-Juli 1843 bes\u00f6kte etrusker forskare George Dennis Valentano och andra byar i Viterbo etruskomr\u00e5de. Han beskrev sin resa i den ber\u00f6mda texten Cities and Cemeteries of Etruria. Det var sannolikt ett kort bes\u00f6k (etruskerna har l\u00e4mnat f\u00e5 sp\u00e5r i Valentano, m\u00f6jligen p\u00e5 grund av den s\u00e4rskilda vulkaniska marken). N\u00e4r&hellip; <a class=\"more-link\" href=\"https:\/\/www.valentano.org\/sv\/home-sv\/valentano-terrass-mellan-sjoen-och-havet\/\">Forts\u00e4tt l\u00e4sa <span class=\"screen-reader-text\">Valentano, terrass mellan sj\u00f6n och havet<\/span><\/a><\/p>\n","protected":false},"author":1,"featured_media":0,"parent":190,"menu_order":1,"comment_status":"closed","ping_status":"closed","template":"","meta":{"_acf_changed":false,"footnotes":""},"class_list":["post-191","page","type-page","status-publish","hentry","entry"],"acf":[],"_links":{"self":[{"href":"https:\/\/www.valentano.org\/sv\/wp-json\/wp\/v2\/pages\/191","targetHints":{"allow":["GET"]}}],"collection":[{"href":"https:\/\/www.valentano.org\/sv\/wp-json\/wp\/v2\/pages"}],"about":[{"href":"https:\/\/www.valentano.org\/sv\/wp-json\/wp\/v2\/types\/page"}],"author":[{"embeddable":true,"href":"https:\/\/www.valentano.org\/sv\/wp-json\/wp\/v2\/users\/1"}],"replies":[{"embeddable":true,"href":"https:\/\/www.valentano.org\/sv\/wp-json\/wp\/v2\/comments?post=191"}],"version-history":[{"count":1,"href":"https:\/\/www.valentano.org\/sv\/wp-json\/wp\/v2\/pages\/191\/revisions"}],"predecessor-version":[{"id":6248,"href":"https:\/\/www.valentano.org\/sv\/wp-json\/wp\/v2\/pages\/191\/revisions\/6248"}],"up":[{"embeddable":true,"href":"https:\/\/www.valentano.org\/sv\/wp-json\/wp\/v2\/pages\/190"}],"wp:attachment":[{"href":"https:\/\/www.valentano.org\/sv\/wp-json\/wp\/v2\/media?parent=191"}],"curies":[{"name":"wp","href":"https:\/\/api.w.org\/{rel}","templated":true}]}}