{"id":190,"date":"2013-04-26T22:03:53","date_gmt":"2013-04-26T20:03:53","guid":{"rendered":"http:\/\/demo.valentano.org\/home-sv\/"},"modified":"2023-01-21T12:04:40","modified_gmt":"2023-01-21T11:04:40","slug":"home-sv","status":"publish","type":"page","link":"https:\/\/www.valentano.org\/sv\/","title":{"rendered":"Home-SV"},"content":{"rendered":"\n<figure class=\"wp-block-image size-large\"><img loading=\"lazy\" decoding=\"async\" width=\"1024\" height=\"278\" src=\"http:\/\/demo.valentano.org\/wp-content\/uploads\/2023\/01\/personal2-1024x278.png\" alt=\"\" class=\"wp-image-6395\" srcset=\"https:\/\/www.valentano.org\/wp-content\/uploads\/2023\/01\/personal2-1024x278.png 1024w, https:\/\/www.valentano.org\/wp-content\/uploads\/2023\/01\/personal2-300x82.png 300w, https:\/\/www.valentano.org\/wp-content\/uploads\/2023\/01\/personal2-768x209.png 768w, https:\/\/www.valentano.org\/wp-content\/uploads\/2023\/01\/personal2.png 1060w\" sizes=\"auto, (max-width: 1024px) 100vw, 1024px\" \/><\/figure>\n\n\n<p>Valentano (inv. 2897), som \u00e4r en klassisk medeltidsstad med hus byggda med tuffsten, ligger p\u00e5 en kulle norrv\u00e4st av Bolsenasj\u00f6n 538 m.\u00f6.h. &#8221;Naturlig terrass&#8221; mellan sj\u00f6n och havet, som \u00e4r 8 respektive 30 km borta, gr\u00e4nsar Valentano norr med regionen Toscana och Latera kommun, \u00f6st med kommuner Capodimonte och Latera, s\u00f6der med kommuner Ischia di Castro, Cellere e Piansano och v\u00e4st med Toscana och Farnese kommun. Dess mark (43 km2) varierar mellan berg och dal med m\u00e5nga olika landskap.<\/p>\n<p>Administrativt ing\u00e5r Valentano i Viterbos provins (provinshuvudstaden ligger 33km borta) och Comunit\u00e0 montana &#8221;Alta Tuscia Laziale&#8221;.<\/p>\n<p><em>\u00d6versatt av Federico Matarrelli<\/em><\/p>","protected":false},"excerpt":{"rendered":"<p>Valentano (inv. 2897), som \u00e4r en klassisk medeltidsstad med hus byggda med tuffsten, ligger p\u00e5 en kulle norrv\u00e4st av Bolsenasj\u00f6n 538 m.\u00f6.h. &#8221;Naturlig terrass&#8221; mellan sj\u00f6n och havet, som \u00e4r 8 respektive 30 km borta, gr\u00e4nsar Valentano norr med regionen Toscana och Latera kommun, \u00f6st med kommuner Capodimonte och Latera, s\u00f6der med kommuner Ischia di&hellip; <a class=\"more-link\" href=\"https:\/\/www.valentano.org\/sv\/\">Forts\u00e4tt l\u00e4sa <span class=\"screen-reader-text\">Home-SV<\/span><\/a><\/p>\n","protected":false},"author":1,"featured_media":0,"parent":0,"menu_order":10,"comment_status":"closed","ping_status":"closed","template":"","meta":{"_acf_changed":false,"footnotes":""},"class_list":["post-190","page","type-page","status-publish","hentry","entry"],"acf":[],"_links":{"self":[{"href":"https:\/\/www.valentano.org\/sv\/wp-json\/wp\/v2\/pages\/190","targetHints":{"allow":["GET"]}}],"collection":[{"href":"https:\/\/www.valentano.org\/sv\/wp-json\/wp\/v2\/pages"}],"about":[{"href":"https:\/\/www.valentano.org\/sv\/wp-json\/wp\/v2\/types\/page"}],"author":[{"embeddable":true,"href":"https:\/\/www.valentano.org\/sv\/wp-json\/wp\/v2\/users\/1"}],"replies":[{"embeddable":true,"href":"https:\/\/www.valentano.org\/sv\/wp-json\/wp\/v2\/comments?post=190"}],"version-history":[{"count":4,"href":"https:\/\/www.valentano.org\/sv\/wp-json\/wp\/v2\/pages\/190\/revisions"}],"predecessor-version":[{"id":6406,"href":"https:\/\/www.valentano.org\/sv\/wp-json\/wp\/v2\/pages\/190\/revisions\/6406"}],"wp:attachment":[{"href":"https:\/\/www.valentano.org\/sv\/wp-json\/wp\/v2\/media?parent=190"}],"curies":[{"name":"wp","href":"https:\/\/api.w.org\/{rel}","templated":true}]}}