{"id":86,"date":"2013-04-28T12:49:30","date_gmt":"2013-04-28T10:49:30","guid":{"rendered":"http:\/\/demo.valentano.org\/guida-al-museo-introduzione\/"},"modified":"2013-04-28T12:49:30","modified_gmt":"2013-04-28T10:49:30","slug":"guida-al-museo-introduzione","status":"publish","type":"page","link":"https:\/\/www.valentano.org\/it\/guida-al-museo-introduzione\/","title":{"rendered":"Guida al museo (parte 1)"},"content":{"rendered":"<p>Il Museo della Preistoria della Tuscia e della Rocca Farnese offre un interessante percorso espositivo e, soprattutto, \u00e8 un museo che vuole essere non soltanto una sequenza di reperti, quanto un ripercorrere le tappe evolutive della presenza dell\u2019uomo nella nostra Regione soprattutto nel periodo della Preistoria, anche attraverso apparati didattici come pannelli didascalici, ricostruzioni, plastici, videoproiezioni e uso di strumenti informatici.<\/p>\n<p>In alcune sale \u00e8 possibile ritrovare testimonianze essenziali della presenza etrusca e romana al fine di realizzare un itinerario organizzato cronologicamente che si va a completare con le fasi successive legate pi\u00f9 particolarmente al territorio di Valentano dal periodo longobardo, medievale e rinascimentale sino all\u2019epoca moderna.<\/p>\n<p>\u00c8 possibile completare la visita con la visione di gran parte del territorio della Provincia di Viterbo e delle vicine regioni dall\u2019alto della Torre Ottagonale, vedere una raccolta di armi e visitare la Scala Santa.<\/p>\n<p>La visita inizia al centro del Cortile del Castello.<\/p>\n<p><strong><em>IL CASTELLO DEI FARNESE<\/em><\/strong><\/p>\n<p>Il Museo \u00e8 ambientato nel monumentale Castello dei Farnese riedificato, nel 1296, a partire dal torrione ottagonale, su preesistenti costruzioni difensive medievali.<\/p>\n<p align=\"center\"><a href=\"http:\/\/demo.valentano.org\/wp-content\/uploads\/2013\/04\/valrocca_900-6fc.jpg\"><img loading=\"lazy\" decoding=\"async\" class=\" size-full wp-image-1517\" src=\"http:\/\/demo.valentano.org\/wp-content\/uploads\/2013\/04\/thumb_valrocca-d0e.jpg\" border=\"0\" alt=\"Il Castello dei Farnese con l'imponente torrione ottagonale\" width=\"300\" height=\"186\" \/><\/a><br \/> <span style=\"color: #ff0000; font-family: Arial,Helvetica,sans-serif;\">Cliccare sull&#8217;immagine per ingrandirla<\/span><\/p>\n<p>I Farnese presero possesso del Castello nel 1354, al tempo del cardinale Albornoz, durante la presenza dei papi ad Avignone. Successivamente divennero signori di Valentano e degli altri centri confinanti.<\/p>\n<p>Il Castello venne abitato dai Farnese in modo pi\u00f9 assiduo verso la fine del 1400 allorch\u00e9 si realizz\u00f2 il cortile d\u2019amore per le nozze di Angelo, figlio di Pier Luigi il Seniore e Lella Orsini di Pitigliano, celebrato nel 1488. Il cortile parla di questo matrimonio attraverso l\u2019unione degli stemmi delle due famiglie e dell\u2019allegoria della fioritura del giglio farnesiano che appare sui capitelli del colonnato inferiore.<\/p>\n<p align=\"center\"><a href=\"http:\/\/demo.valentano.org\/wp-content\/uploads\/2013\/04\/museo04-22b.jpg\" target=\"_blank\" rel=\"noopener\"><img loading=\"lazy\" decoding=\"async\" class=\" size-full wp-image-1531\" src=\"http:\/\/demo.valentano.org\/wp-content\/uploads\/2013\/04\/thumb_museo04-a6e.jpg\" border=\"0\" alt=\"La torre ottagonale vista dal &quot;Cortile d'Amore&quot;\" width=\"300\" height=\"225\" \/><\/a><\/p>\n<p>Successivamente altre trasformazioni avvennero al tempo del matrimonio di Pier Luigi Farnese, <em>juniore<\/em>, con Gerolama Orsini nel 1519, con interventi di Antonio da Sangallo il Giovane (come appare nella vera del pozzo in travertino posto su di un lato posto del cortile, in alcuni elementi come portali, stipiti di finestre e, soprattutto, nel monumentale camino collocato nella superiore \u201cSala Ducale\u201d).<\/p>\n<p>Pier Luigi, nel 1537, divenne Duca di Castro e, nel 1545, di Parma e Piacenza, con bolle del proprio padre Alessandro Farnese, divenuto Papa con il nome di Paolo III nel 1534.<\/p>\n<p align=\"center\"><a href=\"http:\/\/demo.valentano.org\/wp-content\/uploads\/2013\/04\/museo02-adf.jpg\" target=\"_blank\" rel=\"noopener\"><img loading=\"lazy\" decoding=\"async\" class=\" size-full wp-image-1545\" src=\"http:\/\/demo.valentano.org\/wp-content\/uploads\/2013\/04\/thumb_museo02-29a.jpg\" border=\"0\" alt=\"Lo splendido &quot;Cortile d'Amore&quot; del Castello Farnese di Valentano\" width=\"202\" height=\"300\" \/><\/a><\/p>\n<p>I Farnese abbandonarono il Castello di Valentano nel 1649, dopo la distruzione della capitale del Ducato di Castro e il monumento venne adibito dal 1730 a Monastero di Suore Domenicane, quindi ospit\u00f2 una guarnigione di Zuavi dal 1867 al 1870.<\/p>\n<p>Trasformato in scuole e poi in abitazioni di fortuna fino al 1957, il castello \u00e8 stato restaurato a partire dal 1979 e il museo, ivi ospitato, \u00e8 stato inaugurato nel 1996.<\/p>\n<p align=\"center\"><a href=\"http:\/\/demo.valentano.org\/wp-content\/uploads\/2013\/04\/museo03-909.jpg\" target=\"_blank\" rel=\"noopener\"><img loading=\"lazy\" decoding=\"async\" class=\" size-full wp-image-1559\" src=\"http:\/\/demo.valentano.org\/wp-content\/uploads\/2013\/04\/thumb_museo03-14c.jpg\" border=\"0\" alt=\"Il pozzo ottagonale nel cortile. Sui capitelli gli stemmi dei Farnese.\" width=\"300\" height=\"203\" \/><\/a><\/p>\n<p>Lungo le pareti del cortile sono posti alcuni reperti storici relativi al territorio di Valentano.<\/p>\n<p>\u00c8 necessario salire ora al primo piano per visitare la <a href=\"it\/home-it\/visita\/museo-della-preistoria-della-tuscia-e-della-rocca-farnese\/guida-al-museo-parte-2\">SEZIONE PREISTORICA<\/a> per la cui introduzione, se volete, potete chiedere di visionare il video &#8220;FRAMMENTI DEL PASSATO&#8221;.<\/p>\n<div class=\"links\">\n<a href=\"http:\/\/www.valentano.org\/it\/home-it\/visita\/museo-della-preistoria-della-tuscia-e-della-rocca-farnese\/guida-al-museo-parte-2\" target=\"_self\" rel=\"noopener\">Guida del museo (parte 2)<\/a>\n<\/div>\n","protected":false},"excerpt":{"rendered":"<p>Il Museo della Preistoria della Tuscia e della Rocca Farnese offre un interessante percorso espositivo e, soprattutto, \u00e8 un museo che vuole essere non soltanto una sequenza di reperti, quanto un ripercorrere le tappe evolutive della presenza dell\u2019uomo nella nostra Regione soprattutto nel periodo della Preistoria, anche attraverso apparati didattici come pannelli didascalici, ricostruzioni, plastici,&hellip; <a class=\"more-link\" href=\"https:\/\/www.valentano.org\/it\/guida-al-museo-introduzione\/\">Continua a leggere <span class=\"screen-reader-text\">Guida al museo (parte 1)<\/span><\/a><\/p>\n","protected":false},"author":1,"featured_media":0,"parent":0,"menu_order":16,"comment_status":"closed","ping_status":"closed","template":"","meta":{"_acf_changed":false,"footnotes":""},"class_list":["post-86","page","type-page","status-publish","hentry","entry"],"acf":[],"_links":{"self":[{"href":"https:\/\/www.valentano.org\/it\/wp-json\/wp\/v2\/pages\/86","targetHints":{"allow":["GET"]}}],"collection":[{"href":"https:\/\/www.valentano.org\/it\/wp-json\/wp\/v2\/pages"}],"about":[{"href":"https:\/\/www.valentano.org\/it\/wp-json\/wp\/v2\/types\/page"}],"author":[{"embeddable":true,"href":"https:\/\/www.valentano.org\/it\/wp-json\/wp\/v2\/users\/1"}],"replies":[{"embeddable":true,"href":"https:\/\/www.valentano.org\/it\/wp-json\/wp\/v2\/comments?post=86"}],"version-history":[{"count":0,"href":"https:\/\/www.valentano.org\/it\/wp-json\/wp\/v2\/pages\/86\/revisions"}],"wp:attachment":[{"href":"https:\/\/www.valentano.org\/it\/wp-json\/wp\/v2\/media?parent=86"}],"curies":[{"name":"wp","href":"https:\/\/api.w.org\/{rel}","templated":true}]}}