{"id":32,"date":"2013-04-27T00:54:04","date_gmt":"2013-04-26T22:54:04","guid":{"rendered":"http:\/\/demo.valentano.org\/santuario-della-madonna-della-salute\/"},"modified":"2023-01-20T08:35:38","modified_gmt":"2023-01-20T07:35:38","slug":"santuario-della-madonna-della-salute","status":"publish","type":"page","link":"https:\/\/www.valentano.org\/it\/home-it\/santuario-della-madonna-della-salute\/","title":{"rendered":"Santuario della Madonna della Salute"},"content":{"rendered":"<div align=\"center\"><a href=\"http:\/\/demo.valentano.org\/wp-content\/uploads\/2013\/04\/madcecch-935.jpg\" target=\"_blank\" rel=\"noopener\"><img loading=\"lazy\" decoding=\"async\" class=\" size-full wp-image-901\" src=\"http:\/\/demo.valentano.org\/wp-content\/uploads\/2013\/04\/thumb_madcecch-99d.jpg\" border=\"0\" alt=\"Santa Maria della Salute o del &quot;Cecchino&quot; - Olio su tela - Fine  XV sec.\" width=\"223\" height=\"300\" \/> <\/a><br \/><span style=\"color: #ff0000; font-family: Arial,Helvetica,sans-serif;\">Cliccare sull&#8217;immagine per ingrandirla<\/span><\/div>\n<p><span style=\"font-family: Arial,Helvetica,sans-serif;\">Il Santuario della Madonna della Salute, che dal 1708 era annesso all&#8217;attiguo convento dei Frati Minori, \u00e8 da qualche anno Parrocchia a se stante. Il lato destro confina con il Cimitero, luogo di sepoltura dei morti di Valentano da qualche secolo.<\/span><\/p>\n<p><span style=\"font-family: Arial,Helvetica,sans-serif;\">Recentemente il Santuario \u00e8 stato ristrutturato e riaperto dopo un periodo di chiusura durante la quale un&#8217;ala del Chiostro aveva ospitato un piccolo altare.<\/span><\/p>\n<p><span style=\"font-family: Arial,Helvetica,sans-serif;\">Da notare l&#8217;<a href=\"http:\/\/www.valentano.org\/organo.htm\" target=\"mainFrame\" rel=\"noopener\">organo<\/a>, del 1852, ormai bisognoso di un restauro, ma ancora capace di produrre suoni profondi ed espressivi pur in presenza di qualche problema per l&#8217;organista.<\/span><\/p>\n<p>\u00a0<\/p>\n<p><span style=\"font-family: Arial,Helvetica,sans-serif;\">da &#8220;Valentano &#8211; Santuario della Madonna della Salute&#8221;, L&#8217;ambiente locale\/7, Collana di studi editi a cura del Comune di Valentano &#8211; Biblioteca servizi culturali. <\/span><\/p>\n<p><span style=\"font-family: Arial,Helvetica,sans-serif;\">Il compianto P. Giorgio De Dominicis, di Valentano, pi\u00f9 volte superiore del Ritiro e Custode del Santuario, nella ricorrenza del 75\u00b0 di Incoronazione della Madonna della Salute, pubblicava su <em>L&#8217;OSSERVATORE ROMANO<\/em> del 23 agosto 1974, CXIV, n. 192, p. 2, un ricordo de <em>La secolare storia del Santuario della &#8220;Madonna della Salute&#8221; in Valentano<\/em>. Anche allora si era alla vigilia di un Anno Santo e, per questo, il suo discorso, bench\u00e9 lontano nel tempo ci appare ancora di piena e viva attualit\u00e0. Lo riproponiamo in gran parte perch\u00e9 il caro P. Giorgio riesce a sottolineare pienamente il rapporto di Valentano e della sua gente con la Madonna SS.ma della Salute. <\/span><\/p>\n<p align=\"center\"><a href=\"http:\/\/demo.valentano.org\/wp-content\/uploads\/2013\/04\/madsal02-b52.jpg\" target=\"_blank\" rel=\"noopener\"><img loading=\"lazy\" decoding=\"async\" class=\" size-full wp-image-915\" src=\"http:\/\/demo.valentano.org\/wp-content\/uploads\/2013\/04\/th_madsal02-987.jpg\" border=\"0\" alt=\"L'esterno del Santuario della Madonna della Salute, a Valentano\" width=\"300\" height=\"200\" \/><\/a><\/p>\n<p><span style=\"color: #000099; font-family: Arial,Helvetica,sans-serif;\">Le origini di questo Santuario risalgono alla seconda met\u00e0 del XV secolo, quando il capo brigante Francesco Portici, ridotto all&#8217;impotenza per la continua caccia che gli si faceva nella regione castrense, si consegn\u00f2 spontaneamente alle Autorit\u00e0 e, dopo una pubblica penitenza fatta nella chiesa di S. Savino, cattedrale di Castro, scelse come volontario esilio l&#8217;aspra selva dove ora sorge il Convento. Ivi edific\u00f2 una rozza cappella con delle pietre raccolte sul luogo ed espose alla venerazione una tela raffigurante la Vergine con il Bambino in braccio che fu chiamata dal nome dell&#8217;eremita &#8220;La Madonna del Cecchino&#8221; (diminutivo di Francesco). <br \/> Quando egli mor\u00ec, sul chiudersi del sec. XV, gi\u00e0 il rozzo romitorio attirava la piet\u00e0 dei fedeli, tanto che la sua dipartita impose il problema della successione. Da questo momento il Santuario ebbe alterne vicende, ora liete ora tristi, di splendore e di abbandono. <br \/> Un periodo di splendore fu certamente quando, nel 1506, alcuni religiosi dell&#8217;ordine di S. Agostino, che in quel tempo dimoravano nella vicina Isola Martana, presero possesso del Santuario e al posto del primitivo e piccolo romitorio, edificarono una chiesa ed un altare dedicato alla &#8216;Madonna della Salute&#8221;. \u00c8 questo il primo titolo ufficiale dato al Santuario, anche se poi, per due secoli, si chiam\u00f2 &#8220;Santa Maria della Rosa&#8221; (quando cio\u00e8 nel 1582\/83, per opera del concittadino Giovanni Vitozzi, la rozza tela primitiva fu sostituita da una statua che raffigurava la Madre di Dio che serrava fra le dita della mano destra una rosa). <\/span><\/p>\n<p align=\"center\"><a href=\"http:\/\/demo.valentano.org\/wp-content\/uploads\/2013\/04\/madsal_completa-171.jpg\" target=\"_blank\" rel=\"noopener\"><img loading=\"lazy\" decoding=\"async\" class=\" size-full wp-image-929\" src=\"http:\/\/demo.valentano.org\/wp-content\/uploads\/2013\/04\/th_madsal_completa-451.jpg\" border=\"0\" alt=\"L'interno del Santuario della Madonna della Salute\" width=\"185\" height=\"300\" \/><\/a>\u00a0<a href=\"http:\/\/demo.valentano.org\/wp-content\/uploads\/2013\/04\/madsal_altare-094.jpg\" target=\"_blank\" rel=\"noopener\"><img loading=\"lazy\" decoding=\"async\" class=\" size-full wp-image-943\" src=\"http:\/\/demo.valentano.org\/wp-content\/uploads\/2013\/04\/th_madsal_altare-490.jpg\" border=\"0\" alt=\"L'altare\" width=\"202\" height=\"300\" \/><\/a><\/p>\n<p><span style=\"color: #000099; font-family: Arial,Helvetica,sans-serif;\">I Frati Minori presero possesso della Chiesa e del Convento il 27 maggio 1708, dopo trattative piuttosto difficili e laboriose, chiudendo in tal modo un lungo periodo di incertezze, di angosce e di disagio morale, ed aprendo una nuova era con un sicuro promettente futuro, dove la benedizione della Madonna si manifestava in modo chiaro, quasi a voler premiare la fede, la costanza e la tenacit\u00e0 dei suoi devoti. <br \/> In ogni circostanza, triste e dolorosa, il popolo trovava ai piedi della Madonna il conforto e la salute. Ogni qualvolta si profilava all&#8217;orizzonte la minaccia di una pubblica sciagura si partiva dalla popolazione l&#8217;implorazione del potente suo aiuto. cos\u00ec avvenne per la carestia del 1807, per la peste del 1831, e durante le guerre mondiali del 1914 e del 1940. <br \/> Intanto nel nostro Convento, che per la particolare vita che vi si conduceva fu chiamato &#8216;<em>Ritiro<\/em>&#8216;, sotto lo sguardo materno della Madonna, numerosi religiosi trovarono la santificazione di se medesimi. <br \/> Basta ricordare il Ven. Filippo da Velletri, il P. Ignazio da Roma, il Servo di Dio Samuele da Farnese, P. Francesco da Collodi e P Clemente da Velletri, semplice e nello stesso tempo austero che guid\u00f2 nella via della perfezione il Servo di Dio Fr. Valentino Sensini. <br \/> \u00c8 dei nostri giorni anche un&#8217;altra figura, P. Clemente Martinelli da Farnese, che per tanti anni dimor\u00f2 nel nostro Convento, attendendo con zelo e sacrificio al Sacramento della Riconciliazione ed alla direzione spirituale dei giovani francescani che dal 1928 al 1951 si preparavano al Sacerdozio con gli studi filosofici.<br \/> Dicevamo all&#8217;inizio che con l&#8217;Incoronazione della Madonna della Salute si chiudeva in un modo lieto il secolo XIX; ma possiamo anche dire che il secolo XX si apriva con una fioritura di vocazioni alla vita francescana. <br \/> Il laborioso e religioso popolo di Valentano, infatti, ha dato alla Provincia Romana dei Frati Minori, dagli inizi del secolo ai nostri giorni, oltre cento religiosi, tra i quali valorosi missionari come il P. Bernardino Fratini (+1909) e zelanti uomini di governo come il P. Lino Lottatori, per sei anni Ministro Provinciale e primo parroco di Guidonia, morto vittima del dovere nel 1943 mentre si recava a confortare i ricoverati durante un bombardamento della citt\u00e0. <br \/> N\u00e9 va dimenticato il P. Fortunato Scipioni (+1958), coscienzioso ed attivo Postulatore Generale per le cause dei Santi. <br \/> Ed infine, alla lunga e laboriosa schiera dei Fratelli, vogliamo ricordare Fr. Giovanni Battellocchi (+1950) religioso di santa vita, assiduo nella preghiera ed indefesso nel lavoro che compiva con spirito di fede; con facile vena poetica dialettale cant\u00f2 le lodi della nostra Madonna. <br \/> Possa questa lieta ricorrenza, che si svolge alla luce dell&#8217;Anno Santo, essere un richiamo al rinnovamento e alla riconciliazione, tanto pi\u00f9 che, come ha detto Paolo VI, &#8220;l&#8217;esito rinnovatore dell&#8217;Anno Santo dipender\u00e0 dall&#8217;aiuto della Madonna. Dobbiamo mettere in programma un particolare culto alla Vergine Maria se vogliamo che l&#8217;avvenimento storico spirituale, al quale ci prepariamo, raggiunga i suoi veri scopi&#8221; (Dal discorso del 30.5.1973). <\/span><\/p>\n","protected":false},"excerpt":{"rendered":"<p>Cliccare sull&#8217;immagine per ingrandirla Il Santuario della Madonna della Salute, che dal 1708 era annesso all&#8217;attiguo convento dei Frati Minori, \u00e8 da qualche anno Parrocchia a se stante. Il lato destro confina con il Cimitero, luogo di sepoltura dei morti di Valentano da qualche secolo. Recentemente il Santuario \u00e8 stato ristrutturato e riaperto dopo un&hellip; <a class=\"more-link\" href=\"https:\/\/www.valentano.org\/it\/home-it\/santuario-della-madonna-della-salute\/\">Continua a leggere <span class=\"screen-reader-text\">Santuario della Madonna della Salute<\/span><\/a><\/p>\n","protected":false},"author":1,"featured_media":0,"parent":10,"menu_order":49,"comment_status":"closed","ping_status":"closed","template":"","meta":{"_acf_changed":false,"footnotes":""},"class_list":["post-32","page","type-page","status-publish","hentry","entry"],"acf":[],"_links":{"self":[{"href":"https:\/\/www.valentano.org\/it\/wp-json\/wp\/v2\/pages\/32","targetHints":{"allow":["GET"]}}],"collection":[{"href":"https:\/\/www.valentano.org\/it\/wp-json\/wp\/v2\/pages"}],"about":[{"href":"https:\/\/www.valentano.org\/it\/wp-json\/wp\/v2\/types\/page"}],"author":[{"embeddable":true,"href":"https:\/\/www.valentano.org\/it\/wp-json\/wp\/v2\/users\/1"}],"replies":[{"embeddable":true,"href":"https:\/\/www.valentano.org\/it\/wp-json\/wp\/v2\/comments?post=32"}],"version-history":[{"count":1,"href":"https:\/\/www.valentano.org\/it\/wp-json\/wp\/v2\/pages\/32\/revisions"}],"predecessor-version":[{"id":6010,"href":"https:\/\/www.valentano.org\/it\/wp-json\/wp\/v2\/pages\/32\/revisions\/6010"}],"up":[{"embeddable":true,"href":"https:\/\/www.valentano.org\/it\/wp-json\/wp\/v2\/pages\/10"}],"wp:attachment":[{"href":"https:\/\/www.valentano.org\/it\/wp-json\/wp\/v2\/media?parent=32"}],"curies":[{"name":"wp","href":"https:\/\/api.w.org\/{rel}","templated":true}]}}