{"id":175,"date":"2013-10-10T22:55:03","date_gmt":"2013-10-10T20:55:03","guid":{"rendered":"http:\/\/demo.valentano.org\/museo-nuovo-percorso-didattico\/"},"modified":"2013-10-10T22:55:03","modified_gmt":"2013-10-10T20:55:03","slug":"museo-nuovo-percorso-didattico","status":"publish","type":"page","link":"https:\/\/www.valentano.org\/it\/museo-nuovo-percorso-didattico\/","title":{"rendered":"Museo: nuovo percorso didattico"},"content":{"rendered":"<p>Nella nuova ala aperta inaugurata e aperta al pubblico nel settembre 2013 sono state realizzate aree specialistiche di estrema necessit\u00e0 per il museo, come archivi, depositi, una biblioteca specializzata e un nuovo laboratorio di restauro, la novit\u00e0 pi\u00f9 interessante \u00e8, senza dubbio, l\u2019innovativo percorso didattico dal titolo<\/p>\n<p><strong><em>\u201cToccare (e non solo) la Preistoria!&#8221;<\/em><\/strong><\/p>\n<p>\u00a0<img loading=\"lazy\" decoding=\"async\" class=\" size-full wp-image-4856\" src=\"http:\/\/demo.valentano.org\/wp-content\/uploads\/2013\/10\/P1040328-d08.JPG\" border=\"0\" alt=\"\" style=\"display: block; margin-left: auto; margin-right: auto;\" width=\"360\" height=\"480\" srcset=\"https:\/\/www.valentano.org\/wp-content\/uploads\/2013\/10\/P1040328-d08.JPG 360w, https:\/\/www.valentano.org\/wp-content\/uploads\/2013\/10\/P1040328-d08-225x300.jpg 225w\" sizes=\"auto, (max-width: 360px) 100vw, 360px\" \/>\u00a0<img loading=\"lazy\" decoding=\"async\" class=\" size-full wp-image-4863\" src=\"http:\/\/demo.valentano.org\/wp-content\/uploads\/2013\/10\/P1040336-a4e.JPG\" border=\"0\" alt=\"\" style=\"display: block; margin-left: auto; margin-right: auto;\" width=\"360\" height=\"480\" srcset=\"https:\/\/www.valentano.org\/wp-content\/uploads\/2013\/10\/P1040336-a4e.JPG 360w, https:\/\/www.valentano.org\/wp-content\/uploads\/2013\/10\/P1040336-a4e-225x300.jpg 225w\" sizes=\"auto, (max-width: 360px) 100vw, 360px\" \/><\/p>\n<p>\u00c8 un salto all\u2019indietro nel tempo di millenni, da compiere attraverso tutti e cinque sensi, in particolare il tatto perch\u00e9, al contrario di ci\u00f2 che avviene nei percorsi museali tradizionali, qui gli oggetti si possono\u2026 toccare!!! Si tratta di ricostruzioni realizzate partendo da dati scientifici, con gli stessi materiali e le stesse procedure usate nella preistoria, presentate su appositi espositori aperti. Durante il percorso, per immergersi ancora pi\u00f9 profondamente nella preistoria, si pu\u00f2 entrare all\u2019interno di una capanna dell\u2019et\u00e0 del Bronzo dove sono stati sistemati gli oggetti che ne componevano \u201cl\u2019arredo\u201d tra cui vasellame, pelli, erbe e un telaio.<\/p>\n<p><img loading=\"lazy\" decoding=\"async\" class=\" size-full wp-image-4870\" src=\"http:\/\/demo.valentano.org\/wp-content\/uploads\/2013\/10\/P1090188-17c.JPG\" border=\"0\" alt=\"\" style=\"display: block; margin-left: auto; margin-right: auto;\" width=\"640\" height=\"480\" srcset=\"https:\/\/www.valentano.org\/wp-content\/uploads\/2013\/10\/P1090188-17c.JPG 640w, https:\/\/www.valentano.org\/wp-content\/uploads\/2013\/10\/P1090188-17c-300x225.jpg 300w\" sizes=\"auto, (max-width: 640px) 100vw, 640px\" \/><\/p>\n<p>Il nuovo percorso \u00e8 stato realizzato ponendo una particolare attenzione alle persone ipovedenti e cieche infatti, oltre alla presenza di luci regolabili e di una mappa tattile iniziale, sono presenti in tutta la sala un podotattile e, su ogni tavolo, didascalie esplicative in Braille.<\/p>\n<p style=\"text-align: center;\"><img loading=\"lazy\" decoding=\"async\" class=\" size-full wp-image-4877\" src=\"http:\/\/demo.valentano.org\/wp-content\/uploads\/2013\/10\/P1090191-d18.JPG\" border=\"0\" alt=\"\" style=\"display: block; margin-left: auto; margin-right: auto;\" width=\"360\" height=\"480\" srcset=\"https:\/\/www.valentano.org\/wp-content\/uploads\/2013\/10\/P1090191-d18.JPG 360w, https:\/\/www.valentano.org\/wp-content\/uploads\/2013\/10\/P1090191-d18-225x300.jpg 225w\" sizes=\"auto, (max-width: 360px) 100vw, 360px\" \/>\u00a0<\/p>\n<p>\u00a0<\/p>\n<p><strong><span style=\"text-decoration: underline;\">La sala della \u201cTavoletta enigmatica\u201d<\/span><\/strong><\/p>\n<p>Nella saletta posta al secondo piano della torre ottagonale della Rocca Farnese \u00e8 stata esposta la cosiddetta \u201cTavoletta enigmatica\u201d, ritrovata alcuni anni fa nella Caldera di Latera. Questo misterioso oggetto preistorico, risalente all\u2019et\u00e0 del Bronzo, \u00e8 un pezzo unico per quanto riguarda la nostra regione, in Italia altre tavolette sono state recuperate in Toscana, Umbria e in alcune regioni settentrionali.<\/p>\n<p><img loading=\"lazy\" decoding=\"async\" class=\" size-full wp-image-4884\" src=\"http:\/\/demo.valentano.org\/wp-content\/uploads\/2013\/10\/P1040308-9d4.JPG\" border=\"0\" alt=\"\" style=\"display: block; margin-left: auto; margin-right: auto;\" width=\"360\" height=\"480\" srcset=\"https:\/\/www.valentano.org\/wp-content\/uploads\/2013\/10\/P1040308-9d4.JPG 360w, https:\/\/www.valentano.org\/wp-content\/uploads\/2013\/10\/P1040308-9d4-225x300.jpg 225w\" sizes=\"auto, (max-width: 360px) 100vw, 360px\" \/><\/p>\n<p>Per meglio comprendere la particolarit\u00e0 del reperto l\u2019esposizione accompagna l\u2019originale valentanese con una selezione di riproduzioni di altre tavolette proveniente da contesti italiani ed europei e con una agile, quanto elegante, pannellistica di approfondimento.<\/p>\n<p>La definizione \u201ctavoletta enigmatica\u201d \u00e8 generalmente utilizzata dagli archeologi per indicare reperti di cui non si comprende la funzione. Questi oggetti sono realizzati principalmente in argilla ed hanno forma ellissoidale, ovoidale e rettangolare. Una caratteristica comune \u00e8 data dai segni realizzati su una o, pi\u00f9 raramente come nel caso di quella del Vallone, su entrambe le facce. I segni riportati sono in genere impressi. Le tavolette risalgono al ronzo antico e alle prime fasi del Bronzo medio, sono presenti in tutta l\u2019Europa centro-orientale e in Italia sono state ritrovate nell\u2019area centro-settentrionale. La tavoletta enigmatica esposta presso il Museo proviene dalla Localit\u00e0 Vallone, nella zona della Caldera di Latera, ed \u00e8 l\u2019unico esemplare recuperato nel Lazio. L\u2019interpretazione di questi manufatti \u00e8 stata nel corso degli anni molto variegata: idoli, talismani, fusioni per filigrane, oggetti per contare. Recentemente lo studio approfondito sui segni impressi delle tavolette ha portato ad ipotizzare l\u2019esistenza di un codice noto ed interpretabile dalle comunit\u00e0 antiche. La presenza di oggetti omogenei in territori lontani gli uni dagli altri spinge a supporre che le tavolette \u201cviaggiassero\u201d anche per molti chilometri. Studiosi tedeschi hanno ipotizzato che questi oggetti fossero parte di un sistema di comunicazione per legittimizzare messaggi orali o per accompagnare beni di scambio e che, terminata la loro funzione, venissero spezzate.<\/p>\n","protected":false},"excerpt":{"rendered":"<p>Nella nuova ala aperta inaugurata e aperta al pubblico nel settembre 2013 sono state realizzate aree specialistiche di estrema necessit\u00e0 per il museo, come archivi, depositi, una biblioteca specializzata e un nuovo laboratorio di restauro, la novit\u00e0 pi\u00f9 interessante \u00e8, senza dubbio, l\u2019innovativo percorso didattico dal titolo \u201cToccare (e non solo) la Preistoria!&#8221; \u00a0\u00a0 \u00c8&hellip; <a class=\"more-link\" href=\"https:\/\/www.valentano.org\/it\/museo-nuovo-percorso-didattico\/\">Continua a leggere <span class=\"screen-reader-text\">Museo: nuovo percorso didattico<\/span><\/a><\/p>\n","protected":false},"author":1,"featured_media":0,"parent":0,"menu_order":12,"comment_status":"closed","ping_status":"closed","template":"","meta":{"_acf_changed":false,"footnotes":""},"class_list":["post-175","page","type-page","status-publish","hentry","entry"],"acf":[],"_links":{"self":[{"href":"https:\/\/www.valentano.org\/it\/wp-json\/wp\/v2\/pages\/175","targetHints":{"allow":["GET"]}}],"collection":[{"href":"https:\/\/www.valentano.org\/it\/wp-json\/wp\/v2\/pages"}],"about":[{"href":"https:\/\/www.valentano.org\/it\/wp-json\/wp\/v2\/types\/page"}],"author":[{"embeddable":true,"href":"https:\/\/www.valentano.org\/it\/wp-json\/wp\/v2\/users\/1"}],"replies":[{"embeddable":true,"href":"https:\/\/www.valentano.org\/it\/wp-json\/wp\/v2\/comments?post=175"}],"version-history":[{"count":0,"href":"https:\/\/www.valentano.org\/it\/wp-json\/wp\/v2\/pages\/175\/revisions"}],"wp:attachment":[{"href":"https:\/\/www.valentano.org\/it\/wp-json\/wp\/v2\/media?parent=175"}],"curies":[{"name":"wp","href":"https:\/\/api.w.org\/{rel}","templated":true}]}}