{"id":165,"date":"2013-09-11T19:46:14","date_gmt":"2013-09-11T17:46:14","guid":{"rendered":"http:\/\/demo.valentano.org\/avis-valentano-sezione-g-soccorsi\/"},"modified":"2023-01-20T08:36:37","modified_gmt":"2023-01-20T07:36:37","slug":"avis-valentano-sezione-g-soccorsi","status":"publish","type":"page","link":"https:\/\/www.valentano.org\/it\/associazioni\/avis-valentano-sezione-g-soccorsi\/","title":{"rendered":"A.V.I.S. Sezione &#8220;G. Soccorsi&#8221;"},"content":{"rendered":"<div align=\"center\">\n<p><span style=\"font-family: Arial,Helvetica;\"><img loading=\"lazy\" decoding=\"async\" class=\" size-full wp-image-4611\" src=\"http:\/\/demo.valentano.org\/wp-content\/uploads\/2013\/09\/avis-294.gif\" border=\"0\" width=\"310\" height=\"100\" \/><\/span><\/p>\n<table style=\"width: 375px;\" border=\"2\" align=\"center\">\n<tbody>\n<tr>\n<td>\n<div align=\"center\"><span style=\"font-size: 12pt; font-family: arial,helvetica;\"><strong>\u00a0CALENDARIO 2017 <\/strong>donazioni di sangue<\/span><\/div>\n<\/td>\n<\/tr>\n<tr>\n<td>\n<div align=\"center\"><span style=\"font-size: 12pt; font-family: arial,helvetica;\"><strong>Domenica 26 febbraio <span style=\"font-size: 12pt; font-family: arial,helvetica;\"><strong>+analisi<\/strong><\/span><br \/>Venerd\u00ec 13 aprile\u00a0<span style=\"font-size: 12pt; font-family: arial,helvetica;\"><strong>+analisi<\/strong><\/span> <br \/>Sabato 3 giugno<br \/>Sabato 5 agosto <span style=\"font-size: 12pt; font-family: arial,helvetica;\"><strong>+analisi<\/strong><\/span><br \/>Domenica 1 ottobre<br \/>Venerd\u00ec 17 novembre <span style=\"font-size: 12pt; font-family: arial,helvetica;\"><strong><span style=\"font-size: 12pt; font-family: arial,helvetica;\"><strong>+analisi<\/strong><\/span><\/strong><\/span><br \/>Mercoled\u00ec 27 dicembre<br \/><\/strong><span style=\"font-size: medium;\">I prelievi del sangue vengono effettuati presso il centro fisso di raccolta (dalle ore 8,00 alle ore 10,00) sito in via delle Mura Castellane (sotto il parcheggio della A.S.L.)<\/span><strong><br \/><\/strong><\/span><\/div>\n<\/td>\n<\/tr>\n<\/tbody>\n<\/table>\n<p><\/p>\n<div align=\"left\">\n<p><span style=\"font-family: Arial,Helvetica;\">La sezione Avis di Valentano \u00e8 stata\u00a0 fondata nel 1976, grazie all&#8217;opera di un gruppo di concittadini, riuniti per prestare aiuto all&#8217;amico Giulio Soccorsi.<br \/> La sezione \u00e8 stata a lui dedicata perch\u00e9 attorno al suo &#8220;caso&#8221;, si attiv\u00f2 per la prima volta un gruppo di donatori.<br \/> <\/span><\/p>\n<p>\u00a0<\/p>\n<p>Dati della sezione:<\/p>\n<p>\u00a0<\/p>\n<p>\u00a0<\/p>\n<p>\u00a0<\/p>\n<p>L\u2019atto costitutivo \u00e8 stato sottoscritto il 13 aprile 1976 e il 12 luglio 1976 ci sono state le elezioni<\/p>\n<p>\u00a0<\/p>\n<p>per l\u2019attribuzione delle cariche e il Presidente eletto \u00e8 stato Sersanti Sergio.<\/p>\n<p>\u00a0<\/p>\n<p>Appena formata la Associazione il n\u00b0 dei donatori era di 37.<\/p>\n<p>\u00a0<\/p>\n<p>\u00a0<\/p>\n<p>\u00a0<\/p>\n<p><span style=\"font-size: medium;\"><strong><span style=\"font-family: Times New Roman;\">Donatori attivi: 135 <\/span><\/strong><\/span><\/p>\n<p><span style=\"font-size: medium;\"><strong><span style=\"font-family: Times New Roman;\"><span style=\"font-family: 'Times New Roman'; font-style: normal; font-variant: normal; font-weight: normal; line-height: normal; font-size-adjust: none; font-stretch: normal; -moz-font-feature-settings: normal; -moz-font-language-override: normal;\">Numero delle\u00a0<\/span>donazioni: 167\u00a0 (Situazione al 31 Dicembre 2016)<\/span><\/strong><\/span><\/p>\n<p>\u00a0<\/p>\n<p><strong>\u00a0<\/strong><\/p>\n<p>\u00a0<\/p>\n<p>Gli altri presidenti sono :<\/p>\n<p>\u00a0<\/p>\n<ul>\n<li>Luzi Romualdo (81\/84)<\/li>\n<li>Maccari Elvio\u00a0 (84\/94)<\/li>\n<li>Ciucci Giovanni (94\/97)<\/li>\n<li>Devoti Marisa (97\/2001)<\/li>\n<li>Fabbrizi Alessandro (2001\/2005)<\/li>\n<li>Scipio Domenica dal 2005 ad oggi.<\/li>\n<\/ul>\n<p>\u00a0<\/p>\n<p><span style=\"text-decoration: underline;\">\u00a0<\/span>\u00a0\u00a0<\/p>\n<p>\u00a0<\/p>\n<p>Da allora (1976)\u00a0 sono state molte le attivit\u00e0 svolte dai volontari .<\/p>\n<p>\u00a0<\/p>\n<p>\u00a0Prima di tutto le assistenze di sangue, infatti a quel tempo non c\u2019era il Centro Fisso nel Comune, come c\u2019\u00e8 oggi, quindi i donatori partivano e andavano a donare negli ospedali per assicurare il Sangue alle persone che avevano bisogno.<\/p>\n<p>\u00a0<\/p>\n<p>\u00a0Solo pi\u00f9 tardi \u00e8 stato possibile avere l\u2019AUTOEMOTECA a Valentano e dal 1994 il Centro Fisso cio\u00e8 un locale\u00a0 adatto per effettuare i prelievi in loco.<\/p>\n<p>\u00a0<\/p>\n<p>Oltre alle assistenze di sangue la Sezione AVIS ha gestito dal 1980 al 1995, l\u2019 AMBULANZA che venne acquistata con sottoscrizione popolare.<\/p>\n<p>\u00a0<\/p>\n<p>Non si pu\u00f2 tralasciare l\u2019impegno della Sezione nel Sociale infatti in questi anni sono state molte le attivit\u00e0 organizzate:\u00a0 Serate da Ballo \u2013\u00a0 Manifestazioni sportive (passeggiate ecologiche \u2013 tornei di calcio\u00a0\u2013 cicloraduni) \u2013 Gite per giovani e meno giovani e molte collaborazioni con le altre associazioni presenti sul territorio,in particolare con la\u00a0 locale CRI.<\/p>\n<p>\u00a0<\/p>\n<p>Nella ricorrenza del 10\u00b0 anno della fondazione della sezione \u00e8 stato ideato e realizzato (ideatori Prof.Balestra e Ciucci Giovanni) un monumento AVIS\u00a0 nel paese, intitolato\u00a0 \u201c<strong>Ai Donatori di<\/strong> <strong>sempre<\/strong>\u201d.<\/p>\n<p>\u00a0<\/p>\n<p>\u00a0<\/p>\n<p><span style=\"font-family: Arial,Helvetica;\">\u00a0<\/span><\/p>\n<\/div>\n<div align=\"center\">\n<p><a href=\"http:\/\/demo.valentano.org\/wp-content\/uploads\/2013\/09\/donat01-032.jpg\" target=\"_blank\" rel=\"noopener\"><img loading=\"lazy\" decoding=\"async\" class=\" size-full wp-image-4625\" src=\"http:\/\/demo.valentano.org\/wp-content\/uploads\/2013\/09\/thumb_donat01-dd4.jpg\" border=\"0\" alt=\"Il monumento &quot;ai donatori di sempre&quot;\" width=\"300\" height=\"241\" \/><\/a><\/p>\n<p align=\"left\"><span style=\"font-family: Arial,Helvetica,sans-serif;\">Oggi la Sezione conta 135 donatori attivi, ed \u00e8 possibile donare il sangue presso un centro di raccolta fisso in Valentano, in varie occasioni dell&#8217;anno.<br \/> In particolare si propone il prospetto Donatori \/ Donazioni relativamente agli anni precedenti:<\/span><\/p>\n<table style=\"width: 60%;\" border=\"2\">\n<tbody>\n<tr>\n<td>\n<div align=\"center\"><strong><span style=\"font-family: Arial,Helvetica,sans-serif;\">ANNO<\/span><\/strong><\/div>\n<\/td>\n<td>\n<div align=\"center\"><strong><span style=\"font-family: Arial,Helvetica,sans-serif;\">N\u00b0 DONATORI<\/span><\/strong><\/div>\n<\/td>\n<td>\n<div align=\"center\"><strong><span style=\"font-family: Arial,Helvetica,sans-serif;\">N\u00b0 DONAZIONI<\/span><\/strong><\/div>\n<\/td>\n<\/tr>\n<tr>\n<td><span style=\"font-family: Arial,Helvetica,sans-serif;\">1994<\/span><\/td>\n<td><span style=\"font-family: Arial,Helvetica,sans-serif;\">130<\/span><\/td>\n<td><span style=\"font-family: Arial,Helvetica,sans-serif;\">158<\/span><\/td>\n<\/tr>\n<tr>\n<td><span style=\"font-family: Arial,Helvetica,sans-serif;\">1995<\/span><\/td>\n<td><span style=\"font-family: Arial,Helvetica,sans-serif;\">134<\/span><\/td>\n<td><span style=\"font-family: Arial,Helvetica,sans-serif;\">165<\/span><\/td>\n<\/tr>\n<tr>\n<td><span style=\"font-family: Arial,Helvetica,sans-serif;\">1996<\/span><\/td>\n<td><span style=\"font-family: Arial,Helvetica,sans-serif;\">136<\/span><\/td>\n<td><span style=\"font-family: Arial,Helvetica,sans-serif;\">177<\/span><\/td>\n<\/tr>\n<tr>\n<td><span style=\"font-family: Arial,Helvetica,sans-serif;\">1997<\/span><\/td>\n<td><span style=\"font-family: Arial,Helvetica,sans-serif;\">130<\/span><\/td>\n<td><span style=\"font-family: Arial,Helvetica,sans-serif;\">155<\/span><\/td>\n<\/tr>\n<tr>\n<td><span style=\"font-family: Arial,Helvetica,sans-serif;\">1998<\/span><\/td>\n<td><span style=\"font-family: Arial,Helvetica,sans-serif;\">130<\/span><\/td>\n<td><span style=\"font-family: Arial,Helvetica,sans-serif;\">144<\/span><\/td>\n<\/tr>\n<tr>\n<td><span style=\"font-family: Arial,Helvetica,sans-serif;\">1999<\/span><\/td>\n<td><span style=\"font-family: Arial,Helvetica,sans-serif;\">131<\/span><\/td>\n<td><span style=\"font-family: Arial,Helvetica,sans-serif;\">158<\/span><\/td>\n<\/tr>\n<tr>\n<td><span style=\"font-family: Arial,Helvetica,sans-serif;\">2000<\/span><\/td>\n<td><span style=\"font-family: Arial,Helvetica,sans-serif;\">140<\/span><\/td>\n<td><span style=\"font-family: Arial,Helvetica,sans-serif;\">160<\/span><\/td>\n<\/tr>\n<tr>\n<td><span style=\"font-family: Arial,Helvetica,sans-serif;\">2001<\/span><\/td>\n<td><span style=\"font-family: Arial,Helvetica,sans-serif;\">114 (attivi)<\/span><\/td>\n<td><span style=\"font-family: Arial,Helvetica,sans-serif;\">155<\/span><\/td>\n<\/tr>\n<tr>\n<td><span style=\"font-family: Arial,Helvetica,sans-serif;\">2002<\/span><\/td>\n<td><span style=\"font-family: Arial,Helvetica,sans-serif;\">122 (attivi)<\/span><\/td>\n<td><span style=\"font-family: Arial,Helvetica,sans-serif;\">164<\/span><\/td>\n<\/tr>\n<tr>\n<td><span style=\"font-family: Arial,Helvetica,sans-serif;\">2003<\/span><\/td>\n<td><span style=\"font-family: Arial,Helvetica,sans-serif;\">118 (attivi)<\/span><\/td>\n<td><span style=\"font-family: Arial,Helvetica,sans-serif;\">142<\/span><\/td>\n<\/tr>\n<tr>\n<td><span style=\"font-family: Arial,Helvetica,sans-serif;\">2004<\/span><\/td>\n<td><span style=\"font-family: Arial,Helvetica,sans-serif;\">105 (attivi)<\/span><\/td>\n<td><span style=\"font-family: Arial,Helvetica,sans-serif;\">138<\/span><\/td>\n<\/tr>\n<tr>\n<td><span style=\"font-family: Arial,Helvetica,sans-serif;\">2005<\/span><\/td>\n<td><span style=\"font-family: Arial,Helvetica,sans-serif;\">140 (attivi)<\/span><\/td>\n<td><span style=\"font-family: Arial,Helvetica,sans-serif;\">149<\/span><\/td>\n<\/tr>\n<tr>\n<td><span style=\"font-family: Arial,Helvetica,sans-serif;\">2006<\/span><\/td>\n<td><span style=\"font-family: Arial,Helvetica,sans-serif;\">151 (attivi)<\/span><\/td>\n<td><span style=\"font-family: Arial,Helvetica,sans-serif;\">156<\/span><\/td>\n<\/tr>\n<tr>\n<td><span style=\"font-family: Arial,Helvetica,sans-serif;\">2007<\/span><\/td>\n<td><span style=\"font-family: Arial,Helvetica,sans-serif;\">152 (attivi)<\/span><\/td>\n<td><span style=\"font-family: Arial,Helvetica,sans-serif;\">200<\/span><\/td>\n<\/tr>\n<tr>\n<td><span style=\"font-family: Arial,Helvetica,sans-serif;\">2008<\/span><\/td>\n<td><span style=\"font-family: Arial,Helvetica,sans-serif;\">154 (attivi)<\/span><\/td>\n<td><span style=\"font-family: Arial,Helvetica,sans-serif;\">202<\/span><\/td>\n<\/tr>\n<tr>\n<td><span style=\"font-family: Arial,Helvetica,sans-serif;\">2009<\/span><\/td>\n<td><span style=\"font-family: Arial,Helvetica,sans-serif;\">150 (attivi)<\/span><\/td>\n<td><span style=\"font-family: Arial,Helvetica,sans-serif;\">188<\/span><\/td>\n<\/tr>\n<tr>\n<td><span style=\"font-family: Arial,Helvetica,sans-serif;\">2010<\/span><\/td>\n<td><span style=\"font-family: Arial,Helvetica,sans-serif;\">150 (attivi)<\/span><\/td>\n<td><span style=\"font-family: Arial,Helvetica,sans-serif;\">181<\/span><\/td>\n<\/tr>\n<tr>\n<td><span style=\"font-family: Arial,Helvetica,sans-serif;\">2011<\/span><\/td>\n<td><span style=\"font-family: Arial,Helvetica,sans-serif;\">145 (attivi)<\/span><\/td>\n<td><span style=\"font-family: Arial,Helvetica,sans-serif;\">183<\/span><\/td>\n<\/tr>\n<tr>\n<td><span style=\"font-family: Arial,Helvetica,sans-serif;\">2012<\/span><\/td>\n<td><span style=\"font-family: Arial,Helvetica,sans-serif;\">141 (attivi)<\/span><\/td>\n<td><span style=\"font-family: Arial,Helvetica,sans-serif;\">183<\/span><\/td>\n<\/tr>\n<tr>\n<td><span style=\"font-family: Arial,Helvetica,sans-serif;\">2013<\/span><\/td>\n<td><span style=\"font-family: Arial,Helvetica,sans-serif;\">137 (attivi)<\/span><\/td>\n<td><span style=\"font-family: Arial,Helvetica,sans-serif;\">188<\/span><\/td>\n<\/tr>\n<\/tbody>\n<\/table>\n<p>\u00a0<\/p>\n<p style=\"text-align: left;\">Alla data del 3 luglio 2011 (festa del 35\u00b0 anno di fondazione della Sezione) la situazione delle<\/p>\n<p style=\"text-align: left;\">benemerenze pi\u00f9 significative\u00a0 per\u00a0 n\u00b0 di donazioni\u00a0 \u00e8 la seguente:<\/p>\n<p>\u00a0<strong>N\u00b0\u00a0 1\u00a0\u00a0\u00a0\u00a0 CROCE\u00a0\u00a0 D\u2019ORO<\/strong>\u00a0 &#8211;\u00a0 Almeno\u00a0 100 donazioni<\/p>\n<p><strong>N\u00b0\u00a0 10 <\/strong>\u00a0MEDAGLIA<strong>\u00a0 in\u00a0 ORO<\/strong>\u00a0 &#8211; \u00a0<strong>Almeno 50 Donazioni.<\/strong><\/p>\n<p><strong>Cariche sociali<br \/><\/strong><\/p>\n<p><strong>Consiglio Direttivo\u00a0 quadriennio 2013\/2016<\/strong><\/p>\n<p>\u00a0<\/p>\n<table border=\"1\" cellspacing=\"0\" cellpadding=\"0\">\n<tbody>\n<tr>\n<td valign=\"top\" width=\"579\">\n<ol>\n<li>Presidente :\u00a0\u00a0\u00a0\u00a0\u00a0 <strong><em>Scipio Domenica<\/em><\/strong><\/li>\n<li>V. Presidente : <strong><em>Fabbrizi Alessandro<\/em><\/strong><\/li>\n<li>Segretario\u00a0 :\u00a0\u00a0\u00a0 <strong><em>Moscini Anna Maria<\/em><\/strong>\u00a0<\/li>\n<li>Amministatore<strong>: <em>Devoti Marisa<\/em><\/strong><\/li>\n<\/ol>\n<\/td>\n<\/tr>\n<tr>\n<td valign=\"top\" width=\"579\">\n<ol>\n<li>\u00a0Consigliere : <strong><em>\u00a0Bartolaccini Italo<\/em><\/strong><\/li>\n<li>Consigliere:<strong><em>\u00a0\u00a0\u00a0 Campanelli Stefano<\/em><\/strong><\/li>\n<li>Consigliere :\u00a0 <strong><em>Costantini Giuseppe<\/em><\/strong><\/li>\n<li>Consigliere : <strong><em>\u00a0Chiavaioli Alfio<\/em><\/strong><\/li>\n<li>consigliere :\u00a0\u00a0 <strong><em>Flacca Denise<\/em><\/strong><\/li>\n<li>Consigliere :<strong><em>\u00a0 Foresi Angelo<\/em><\/strong><\/li>\n<li>Consigliere : <strong><em>\u00a0Papacchini Claudia<\/em><\/strong><\/li>\n<\/ol>\n<\/td>\n<\/tr>\n<tr>\n<td valign=\"top\" width=\"579\">\n<ol>\n<li>\n<p>Consigliere supplente:\u00a0 Rapaccioli Renata<br \/>2: Consigliere supplente:\u00a0Marconi Armida<\/p>\n<\/li>\n<\/ol>\n<\/td>\n<\/tr>\n<\/tbody>\n<\/table>\n<p><\/p>\n<p><strong>Revisori dei Conti<\/strong><\/p>\n<table border=\"1\" cellspacing=\"0\" cellpadding=\"0\">\n<tbody>\n<tr>\n<td valign=\"top\" width=\"245\">\n<p>1: Pacchiarelli Sante<\/p>\n<\/td>\n<\/tr>\n<tr>\n<td valign=\"top\" width=\"245\">\n<p>2: Ciucci Giovanni<\/p>\n<\/td>\n<\/tr>\n<tr>\n<td valign=\"top\" width=\"245\">\n<p>3: Franci Mario<\/p>\n<\/td>\n<\/tr>\n<tr>\n<td valign=\"top\" width=\"245\">\n<p>4: Billi Filippo (supplente)<\/p>\n<\/td>\n<\/tr>\n<\/tbody>\n<\/table>\n<p><strong>\u00a0<\/strong><\/p>\n<p align=\"center\"><img loading=\"lazy\" decoding=\"async\" src=\"http:\/\/old.valentano.org\/images\/gif\/logo_avis.gif\" border=\"0\" alt=\"AVIS\" width=\"531\" height=\"46\" \/><\/p>\n<p align=\"left\"><span style=\"font-family: Arial,Helvetica,sans-serif;\">Per informazioni rivolgersi al Presidente, Domenica Scipio &lt;avisvalentano(a)hotmail.it&gt;.<\/span><\/p>\n<\/div>\n<\/div>\n","protected":false},"excerpt":{"rendered":"<p>\u00a0CALENDARIO 2017 donazioni di sangue Domenica 26 febbraio +analisiVenerd\u00ec 13 aprile\u00a0+analisi Sabato 3 giugnoSabato 5 agosto +analisiDomenica 1 ottobreVenerd\u00ec 17 novembre +analisiMercoled\u00ec 27 dicembreI prelievi del sangue vengono effettuati presso il centro fisso di raccolta (dalle ore 8,00 alle ore 10,00) sito in via delle Mura Castellane (sotto il parcheggio della A.S.L.) La sezione Avis&hellip; <a class=\"more-link\" href=\"https:\/\/www.valentano.org\/it\/associazioni\/avis-valentano-sezione-g-soccorsi\/\">Continua a leggere <span class=\"screen-reader-text\">A.V.I.S. Sezione &#8220;G. Soccorsi&#8221;<\/span><\/a><\/p>\n","protected":false},"author":1,"featured_media":0,"parent":130,"menu_order":7,"comment_status":"closed","ping_status":"closed","template":"","meta":{"_acf_changed":false,"footnotes":""},"class_list":["post-165","page","type-page","status-publish","hentry","entry"],"acf":[],"_links":{"self":[{"href":"https:\/\/www.valentano.org\/it\/wp-json\/wp\/v2\/pages\/165","targetHints":{"allow":["GET"]}}],"collection":[{"href":"https:\/\/www.valentano.org\/it\/wp-json\/wp\/v2\/pages"}],"about":[{"href":"https:\/\/www.valentano.org\/it\/wp-json\/wp\/v2\/types\/page"}],"author":[{"embeddable":true,"href":"https:\/\/www.valentano.org\/it\/wp-json\/wp\/v2\/users\/1"}],"replies":[{"embeddable":true,"href":"https:\/\/www.valentano.org\/it\/wp-json\/wp\/v2\/comments?post=165"}],"version-history":[{"count":1,"href":"https:\/\/www.valentano.org\/it\/wp-json\/wp\/v2\/pages\/165\/revisions"}],"predecessor-version":[{"id":6216,"href":"https:\/\/www.valentano.org\/it\/wp-json\/wp\/v2\/pages\/165\/revisions\/6216"}],"up":[{"embeddable":true,"href":"https:\/\/www.valentano.org\/it\/wp-json\/wp\/v2\/pages\/130"}],"wp:attachment":[{"href":"https:\/\/www.valentano.org\/it\/wp-json\/wp\/v2\/media?parent=165"}],"curies":[{"name":"wp","href":"https:\/\/api.w.org\/{rel}","templated":true}]}}