{"id":160,"date":"2013-05-31T23:20:29","date_gmt":"2013-05-31T21:20:29","guid":{"rendered":"http:\/\/demo.valentano.org\/come-eravamo\/"},"modified":"2013-05-31T23:20:29","modified_gmt":"2013-05-31T21:20:29","slug":"come-eravamo","status":"publish","type":"page","link":"https:\/\/www.valentano.org\/it\/come-eravamo\/","title":{"rendered":"Come eravamo"},"content":{"rendered":"<p>Il sito www.valentano.org \u00e8 stato registrato nel settembre del 2000, quando un certo numero di pagine web erano state gi\u00e0 realizzate all&#8217;interno del dominio <a href=\"http:\/\/www.computerville.it\/\" target=\"_blank\" title=\"ComputerVille\" rel=\"noopener\">computerville.it<\/a><\/p>\n<p>Grazie al sito <a href=\"http:\/\/web.archive.org\" target=\"_blank\" title=\"WayBack Machine\" rel=\"noopener\">web.archive.org<\/a> \u00e8 possibile rivisitare le pagine di alllora, per esempio prendendo visione della <a href=\"http:\/\/web.archive.org\/web\/20030427090700\/http:\/\/www.computerville.it\/valentano\/toc.htm\" target=\"_blank\" title=\"Mappa del sito nel 2003\" rel=\"noopener\">mappa del sito<\/a> o dell&#8217;<a href=\"http:\/\/web.archive.org\/web\/20020810141819\/http:\/\/www.valentano.org\/home.htm\" target=\"_blank\" title=\"L'home page di dieci anni fa...\" rel=\"noopener\">home page<\/a> di dieci anni fa.<\/p>\n<img loading=\"lazy\" decoding=\"async\" class=\"caption size-full wp-image-4464\" src=\"http:\/\/demo.valentano.org\/wp-content\/uploads\/2013\/05\/Come_eravamo_2002-79c.jpg\" border=\"0\" alt=\"Come eravamo nel 2002\" title=\"Come eravamo nel 2002\" width=\"800\" height=\"485\" srcset=\"https:\/\/www.valentano.org\/wp-content\/uploads\/2013\/05\/Come_eravamo_2002-79c.jpg 800w, https:\/\/www.valentano.org\/wp-content\/uploads\/2013\/05\/Come_eravamo_2002-79c-300x182.jpg 300w, https:\/\/www.valentano.org\/wp-content\/uploads\/2013\/05\/Come_eravamo_2002-79c-768x466.jpg 768w\" sizes=\"auto, (max-width: 800px) 100vw, 800px\" \/>\n","protected":false},"excerpt":{"rendered":"<p>Il sito www.valentano.org \u00e8 stato registrato nel settembre del 2000, quando un certo numero di pagine web erano state gi\u00e0 realizzate all&#8217;interno del dominio computerville.it Grazie al sito web.archive.org \u00e8 possibile rivisitare le pagine di alllora, per esempio prendendo visione della mappa del sito o dell&#8217;home page di dieci anni fa.<\/p>\n","protected":false},"author":1,"featured_media":0,"parent":0,"menu_order":1,"comment_status":"closed","ping_status":"closed","template":"","meta":{"_acf_changed":false,"footnotes":""},"class_list":["post-160","page","type-page","status-publish","hentry","entry"],"acf":[],"_links":{"self":[{"href":"https:\/\/www.valentano.org\/it\/wp-json\/wp\/v2\/pages\/160","targetHints":{"allow":["GET"]}}],"collection":[{"href":"https:\/\/www.valentano.org\/it\/wp-json\/wp\/v2\/pages"}],"about":[{"href":"https:\/\/www.valentano.org\/it\/wp-json\/wp\/v2\/types\/page"}],"author":[{"embeddable":true,"href":"https:\/\/www.valentano.org\/it\/wp-json\/wp\/v2\/users\/1"}],"replies":[{"embeddable":true,"href":"https:\/\/www.valentano.org\/it\/wp-json\/wp\/v2\/comments?post=160"}],"version-history":[{"count":0,"href":"https:\/\/www.valentano.org\/it\/wp-json\/wp\/v2\/pages\/160\/revisions"}],"wp:attachment":[{"href":"https:\/\/www.valentano.org\/it\/wp-json\/wp\/v2\/media?parent=160"}],"curies":[{"name":"wp","href":"https:\/\/api.w.org\/{rel}","templated":true}]}}