{"id":152,"date":"2013-05-11T15:59:14","date_gmt":"2013-05-11T13:59:14","guid":{"rendered":"http:\/\/demo.valentano.org\/felice-milano-calciatore-azzurro\/"},"modified":"2023-01-20T08:36:34","modified_gmt":"2023-01-20T07:36:34","slug":"felice-milano-calciatore-azzurro","status":"publish","type":"page","link":"https:\/\/www.valentano.org\/it\/home-it\/felice-milano-calciatore-azzurro\/","title":{"rendered":"Felice Milano"},"content":{"rendered":"<p><span style=\"color: #660000; font-family: Trebuchet MS,Arial,Helvetica;\"><strong>FELICE MILANO<br \/>UN CALCIATORE AZZURRO NATO A VALENTANO <\/strong><\/span><\/p>\n<p align=\"left\"><span style=\"font-family: arial,helvetica;\">Il 23 maggio 1891, in una abitazione di Via Umberto I (oggi Via A. Gramsci), nasceva Felice Milano, figlio di Giovanni e Antonietta Arrigoni.<br \/>Il padre Giovanni Milano era immigrato a Valentano da Massa Lombarda quale delegato di Pubblica Sicurezza. A quel tempo Valentano, centro di Mandamento, era sede della Regia Pretura con la presenza di un Carcere Mandamentale. Non dimentichiamo che erano quelli gli anni della lotta al brigantaggio e della latitanza del noto brigante di Cellere Domenico Tiburzi, che si nascondeva nell&#8217;area compresa tra le vecchie terre del Castrense (Valentano, Cellere, Ischia di Castro, Montalto di Castro, e soprattutto nella sterminata &#8220;Selva del Lamone&#8221;, per portarsi poi verso le terre della Maremma toscana).<\/span><\/p>\n<p align=\"center\"><a href=\"http:\/\/demo.valentano.org\/wp-content\/uploads\/2013\/05\/felicemilano1-798.jpg\" target=\"_blank\" rel=\"noopener\"><img loading=\"lazy\" decoding=\"async\" class=\" size-full wp-image-4191\" src=\"http:\/\/demo.valentano.org\/wp-content\/uploads\/2013\/05\/th_felicemilano1-ce1.jpg\" border=\"0\" alt=\"Felice Milano, calciatore azzurro nato a Valentano, nella stagione 1911-12 giocava nella Pro Vercelli, campione d'Italia\" width=\"300\" height=\"203\" \/><\/a><\/p>\n<p align=\"left\"><span style=\"font-family: arial,helvetica;\">La famiglia era composta dal padre Giovanni (cl. 1855), dalla moglie Antonietta (1857) e dal primo figlio Giuseppe (1887). Quindi, appena qualche mese dopo l&#8217;arrivo a Valentano, si verific\u00f2 la nascita di Felice, futuro calciatore della Nazionale Italiana.<br \/>La documentazione non ci consente di sapere per quanti anni la famiglia ebbe residenza in Valentano, n\u00e9 il luogo di emigrazione. <br \/>Da notizie attinte da alcune pubblicazioni sulla storia del calcio italiano e, soprattutto da notizie ricevute dall&#8217;Archivio Storico dello Sport Italiano di Modena, nonch\u00e9 dal sito internet della &#8220;Pro Vercelli&#8221;, sappiamo che il Milano visse alcuni anni a Vercelli facendo parte della squadra del Pro Vercelli che conquist\u00f2 il titolo di campione d&#8217;Italia negli anni 1909, 1911, 1912 e 1913. In questi anni era allenatore-giocatore della Pro Vercelli il fratello Giuseppe Milano (tanto che questi veniva contrassegnato come Milano I e il nostro come Milano II). Felice ebbe altri due fratelli calciatori: Aldo (Milano III) e Remigio (Milano IV). Aldo gioc\u00f2 nella Pro Vercelli nelle stagioni 19-20 e 20-21 e mor\u00ec attorno alla met\u00e0 degli anni &#8217;20 in una sparatoria che probabilmente aveva motivazioni politiche. Remigio gioc\u00f2 nella Pro dal 1920 al 1927, poi anche nella Pro Candelo, piccola squadra della Provincia di Biella. Entrambi erano nati a Revere (Mantova), ultima tappa degli spostamenti della famiglia. <\/span><\/p>\n<p align=\"center\"><a href=\"http:\/\/demo.valentano.org\/wp-content\/uploads\/2013\/05\/felicemilano2-3e2.jpg\" target=\"_blank\" rel=\"noopener\"><img loading=\"lazy\" decoding=\"async\" class=\" size-full wp-image-4205\" src=\"http:\/\/demo.valentano.org\/wp-content\/uploads\/2013\/05\/th_felicemilano2-89b.jpg\" border=\"0\" alt=\"Felice Milano fece parte della Nazionale Italiana partecipando a cinque incontri\" width=\"300\" height=\"205\" \/><\/a><\/p>\n<p align=\"left\"><span style=\"font-family: arial,helvetica;\">Fece parte della Nazionale Italiana, sempre negli anni in cui militava nella Pro-Vercelli, partecipando a questi cinque incontri (17.3.1912, a Torino, Italia-Francia, risultato 3-4; 22.12.1912 a Genova, Italia-Austria, 1-3; 13.1.1913, a Parigi Francia-Italia, 1-0; 1.5.1913, a Torino, Italia-Belgio, 1-0; 15.6.1913, a Vienna, Austria-Italia, 2-0). <br \/>Negli incontri di Torino (1912, Italia-Francia), ancora di Torino (1913, Italia-Belgio) e di Vienna, (1913, Austria-Italia) i fratelli Giuseppe e Felice giocarono insieme.<br \/>Dallo &#8220;Sport Illustrato&#8221; del 1916 si ha notizia che Felice Milano cadde valorosamente, combattendo quale caporale di fanteria, nel novembre 1915 a Zagora, sulla sponda sinistra dell&#8217;Isonzo. Tale localit\u00e0 attualmente \u00e8 compresa in Slovenia.<br \/>Una foto del caduto appare nel fascicolo datato 15 febbraio 1916, della rivista &#8221; &#8216;Sport illustrato&#8217; e la Guerra&#8221;.<br \/>Il fratello Giuseppe Milano viene nominato Commissario tecnico della Nazionale Italiana negli anni 1920-1921. <\/span><\/p>\n<div align=\"right\">\n<p><span style=\"font-family: arial,helvetica;\"><em>Romualdo Luzi<\/em><\/p>\n<p>Ringraziamo Davide Rota di <a href=\"http:\/\/www.datasport.it\/\" target=\"_blank\" rel=\"noopener\">www.datasport.it<\/a> per <br \/>il Suo interesse nelle origini valentanesi di Felice Milano<br \/>e per le fotografie gentilmente inviate.<br \/><\/span><\/p>\n<p style=\"text-align: left;\"><span style=\"font-family: arial,helvetica;\">Una voce su Felice Milano si trova sull&#8217;enciclopedia libera Wikipedia, <a href=\"https:\/\/it.wikipedia.org\/wiki\/Felice_Milano\" target=\"_blank\" rel=\"noopener\">in lingua italiana<\/a>, <a href=\"https:\/\/de.wikipedia.org\/wiki\/Felice_Milano\" target=\"_blank\" rel=\"noopener\">in lingua tedesca<\/a> e <a href=\"https:\/\/uk.wikipedia.org\/wiki\/%D0%A4%D0%B5%D0%BB%D1%96%D1%87%D0%B5_%D0%9C%D1%96%D0%BB%D0%B0%D0%BD%D0%BE\" target=\"_blank\" rel=\"noopener\">in lingua ucraina<\/a>.<br \/><\/span><\/p>\n<\/div>\n","protected":false},"excerpt":{"rendered":"<p>FELICE MILANOUN CALCIATORE AZZURRO NATO A VALENTANO Il 23 maggio 1891, in una abitazione di Via Umberto I (oggi Via A. Gramsci), nasceva Felice Milano, figlio di Giovanni e Antonietta Arrigoni.Il padre Giovanni Milano era immigrato a Valentano da Massa Lombarda quale delegato di Pubblica Sicurezza. A quel tempo Valentano, centro di Mandamento, era sede&hellip; <a class=\"more-link\" href=\"https:\/\/www.valentano.org\/it\/home-it\/felice-milano-calciatore-azzurro\/\">Continua a leggere <span class=\"screen-reader-text\">Felice Milano<\/span><\/a><\/p>\n","protected":false},"author":1,"featured_media":0,"parent":10,"menu_order":5,"comment_status":"closed","ping_status":"closed","template":"","meta":{"_acf_changed":false,"footnotes":""},"class_list":["post-152","page","type-page","status-publish","hentry","entry"],"acf":[],"_links":{"self":[{"href":"https:\/\/www.valentano.org\/it\/wp-json\/wp\/v2\/pages\/152","targetHints":{"allow":["GET"]}}],"collection":[{"href":"https:\/\/www.valentano.org\/it\/wp-json\/wp\/v2\/pages"}],"about":[{"href":"https:\/\/www.valentano.org\/it\/wp-json\/wp\/v2\/types\/page"}],"author":[{"embeddable":true,"href":"https:\/\/www.valentano.org\/it\/wp-json\/wp\/v2\/users\/1"}],"replies":[{"embeddable":true,"href":"https:\/\/www.valentano.org\/it\/wp-json\/wp\/v2\/comments?post=152"}],"version-history":[{"count":1,"href":"https:\/\/www.valentano.org\/it\/wp-json\/wp\/v2\/pages\/152\/revisions"}],"predecessor-version":[{"id":6214,"href":"https:\/\/www.valentano.org\/it\/wp-json\/wp\/v2\/pages\/152\/revisions\/6214"}],"up":[{"embeddable":true,"href":"https:\/\/www.valentano.org\/it\/wp-json\/wp\/v2\/pages\/10"}],"wp:attachment":[{"href":"https:\/\/www.valentano.org\/it\/wp-json\/wp\/v2\/media?parent=152"}],"curies":[{"name":"wp","href":"https:\/\/api.w.org\/{rel}","templated":true}]}}