{"id":129,"date":"2013-05-01T00:19:22","date_gmt":"2013-04-30T22:19:22","guid":{"rendered":"http:\/\/demo.valentano.org\/copyright-condizioni-utilizzo\/"},"modified":"2013-05-01T00:19:22","modified_gmt":"2013-04-30T22:19:22","slug":"copyright-condizioni-utilizzo","status":"publish","type":"page","link":"https:\/\/www.valentano.org\/it\/copyright-condizioni-utilizzo\/","title":{"rendered":"Copyright e condizioni d&#8217;uso"},"content":{"rendered":"<p>I Portali <em><a href=\"http:\/\/www.valentano.org\/\" target=\"_blank\" rel=\"noopener\">valentano.org<\/a><\/em>, <em><a href=\"http:\/\/www.valentano.biz\/\" target=\"_blank\" rel=\"noopener\">valentano.biz<\/a><\/em> e <em><a href=\"http:\/\/www.valentano.info\/\" target=\"_blank\" rel=\"noopener\">valentano.info<\/a><\/em> forniscono ai propri utenti l&#8217;accesso e la fruizione di contenuti a carattere informativo, redazionale e commerciale. <br \/> Accedendo ai Portali <em>valentano.org<\/em>, <em>valentano.biz<\/em> e <em>valentano.info<\/em>, l&#8217;utente accetta il contenuto del presente Regolamento d&#8217;uso.<\/p>\n<h3>Informazioni sul Copyright<\/h3>\n<p>Tutti i contenuti dei Portali <em>valentano.org<\/em>, <em>valentano.biz<\/em> e <em>valentano.info<\/em> quali testi, grafici, logo, tasti e icone, immagini, brani audio e software, sono propriet\u00e0 di ComputerVille o dei suoi fornitori di contenuti e sono protetti dalle leggi italiane e internazionali sul diritto d&#8217;autore.<\/p>\n<p>Il materiale contenuto all&#8217;interno del Portale non pu\u00f2 essere copiato, riprodotto, pubblicato, scaricato, comunicato al pubblico, diffuso e\/o distribuito al pubblico, ad eccezione dei casi in cui ci\u00f2 sia consentito dalla legge ovvero nel caso in cui sia stata ottenuta una preventiva autorizzazione da parte di <em>valentano.org<\/em>, <em>valentano.biz<\/em> e <em>valentano.info<\/em> o da parte del titolare dei relativi diritti.<\/p>\n<p><a href=\"http:\/\/demo.valentano.org\/wp-content\/uploads\/2013\/05\/thumb_vistaval-733.jpg\" target=\"_blank\" rel=\"noopener\">Valentano: Vista dal Monte Starnina<\/a>: la fotografia, di Giovanni Ciucci, gi\u00e0 riprodotta in cartolina (C) 1998 ComputerVille, pu\u00f2 essere liberamente utilizzata e riprodotta nel formato 300&#215;208 pixel, conformemente alla licenza <a href=\"http:\/\/www.gnu.org\/copyleft\/fdl.html\" target=\"_blank\" rel=\"noopener\">GNU FDL<\/a>.<\/p>\n<p>Qualsivoglia utilizzo non autorizzato delle risorse presenti su <em>valentano.org<\/em>, <em>valentano.biz<\/em> e <em>valentano.info<\/em> costituisce violazione dei diritti d&#8217;autore, salvo pi\u00f9 grave illecito, ed espone il responsabile alle relative conseguenze civili e penali.<\/p>\n<p>ComputerVille \u00e8 un marchio registrato.<br \/> Altri prodotti, servizi o nomi di societ\u00e0 presenti nel sito sono da ritenersi marchi registrati dei rispettivi proprietari. Detti marchi sono citati su questo sito a solo scopo informativo e\/o didattico. Si dichiara pertanto che su di essi <em>valentano.org<\/em>, <em>valentano.biz<\/em> e <em>valentano.info<\/em> non vantano alcun diritto.<\/p>\n<h3><a name=\"disclaimer\"><\/a>Responsabilit\u00e0<\/h3>\n<p>ComputerVille \u00e8 il proprietario e il gestore dei portali <em>valentano.org<\/em>, <em>valentano.biz<\/em> e <em>valentano.info<\/em> e dei relativi servizi.<br \/> Non si tratta di testate giornalistiche o periodici e non sussiste l&#8217;obbligo di registrazione presso il Tribunale (<a href=\"http:\/\/webnews.html.it\/focus\/176.htm\" target=\"_blank\" rel=\"noopener\">http:\/\/webnews.html.it\/focus\/176.htm<\/a>).<br \/> ComputerVille non assume alcuna responsabilit\u00e0 per eventuali errori, inesattezze od omissioni contenuti in detti siti Internet o per eventuali malfunzionamenti o inesattezze dei servizi offerti.<\/p>\n<p>ComputerVille si riserva, inoltre, il diritto di modificare a proprio piacimento i propri siti web, le sezioni, le pagine, senza nessun preavviso, ivi incluso il diritto di sospendere temporaneamente o definitivamente i vari servizi presenti in detti siti.<\/p>\n<p>ComputerVille non \u00e8 in alcun modo responsabile dei contenuti e dei servizi posti in siti Internet a cui l&#8217;utente dovesse accedere dalle pagine di <em>valentano.org<\/em>, <em>valentano.biz<\/em> e <em>valentano.info<\/em>.<br \/> L&#8217;esistenza di un collegamento ipertestuale (link) verso un altro sito all&#8217;interno di <em>valentano.org<\/em>, <em>valentano.biz<\/em> e <em>valentano.info<\/em> non comporta l&#8217;approvazione o l&#8217;accettazione da parte di ComputerVille circa i contenuti o l&#8217;utilizzazione di detto sito.<br \/> Sia ComputerVille sia gli autori e\/o i curatori delle varie sezioni di <em>valentano.org<\/em>, <em>valentano.biz<\/em> e <em>valentano.info<\/em> non potranno in nessun caso essere ritenuti responsabili per qualsiasi danno parziale o totale, diretto o indiretto legato all&#8217;uso dei presenti siti Internet o di altri siti agli stessi collegati da un link ipertestuale, ivi compresi, senza alcuna limitazione, i danni quali la perdita di profitti, l&#8217;interruzione di attivit\u00e0 aziendale o professionale, la perdita di programmi o altro tipo di dati, e ci\u00f2 anche qualora ComputerVille fosse stato messo espressamente al corrente della possibilit\u00e0 del verificarsi di tali danni.<\/p>\n<h3><a name=\"privacy\"><\/a>Informativa sulla privacy<\/h3>\n<p>La informiamo sull&#8217;uso dei Suoi dati personali e sui Suoi diritti, in conformit\u00e0 al D. Lgs. 30 giugno 2003, n. 196.<br \/> L&#8217;uso dei servizi dei Portali <em>valentano.org<\/em>, <em>valentano.biz<\/em> e <em>valentano.info<\/em>, in determinati casi, pu\u00f2 richiedere la registrazione dell&#8217;utente, tramite la compilazione e l&#8217;invio del Modulo di Registrazione. Negli altri casi, per l&#8217;accesso ai servizi dei Portali <em>valentano.org<\/em>, <em>valentano.biz<\/em> e <em>valentano.info<\/em>, la compilazione e l&#8217;invio del Modulo di Registrazione sono facoltative.<br \/> I dati personali che lei fornir\u00e0 alla nostra azienda, verranno registrati e conservati su supporti elettronici protetti, e trattati in via del tutto riservata da ComputerVille. I dati saranno trattati da ComputerVille adottando le opportune misure di sicurezza volte ad impedire l\u2019accesso, la divulgazione, la modifica o la distruzione non autorizzate dei Dati Personali.<br \/>L&#8217;accesso ai Dati potrebbe essere disponibile a Responsabili del Trattamento, come dipendenti coinvolti nel trattamento, o a soggetti esterni che forniscono servizi al Titolare, fornitori di servizi tecnici terzi, corrieri postali, hosting provider, societ\u00e0 informatiche, agenzie di comunicazione. L\u2019elenco aggiornato dei soggetti potr\u00e0 sempre essere richiesto al Titolare del Trattamento.<\/p>\n<p>I Dati dell\u2019Utente sono raccolti esclusivamente con modalit\u00e0 e procedure strettamente necessarie per fornirle i servizi richiesti ed informazioni commerciali sui prodotti e sulle iniziative promozionali di ComputerVille, dei suoi partner e dei suoi sponsor, nonch\u00e9 per la formazione di statistiche in forma aggregata.<\/p>\n<p>Il conferimento dei dati \u00e8 facoltativo. Tuttavia, senza i suoi dati, non potremmo fornirle i servizi richiesti. <br \/> Lei ha diritto di conoscere, in ogni momento, quali sono i suoi dati e come essi vengono utilizzati. Per fare questo \u00e8 sufficiente contattarci tramite e-mail all&#8217;indirizzo mario@computerville.it. Ha anche il diritto di farli aggiornare, integrare, rettificare o cancellare, chiederne il blocco ed opporsi al loro trattamento. Ricordiamo che questi diritti sono previsti dal D. Lgs. 30 giugno 2003, n. 196.<\/p>\n<p>Per necessit\u00e0 legate al funzionamento ed alla manutenzione, questo sito e gli eventuali servizi terzi da essa utilizzati potrebbero raccogliere Log di sistema, ossia file che registrano le interazioni e che possono contenere anche Dati Personali, quali l\u2019indirizzo IP dell&#8217;utente e informazioni secondarie quali il collegamento di provenienza, il tipo di browser utilizzato e quanto altro inviato dall&#8217;Utente stesso nella richiesta stessa del servizio.<\/p>\n<p>I dati raccolti possono essere utilizzati per la difesa da parte del Titolare in giudizio o nelle fasi propedeutiche alla sua eventuale instaurazione, da abusi nell&#8217;utilizzo della stessa o dei servizi connessi da parte dell\u2019Utente.<\/p>\n<p>Il Titolare del Trattamento si riserva il diritto di apportare modifiche alla presente privacy policy in qualunque momento dandone pubblicit\u00e0 su questa pagina. Si prega dunque di consultare spesso questa pagina, prendendo come riferimento la data di ultima modifica indicata in fondo. Nel caso di mancata accettazione delle modifiche apportate alla presente privacy policy, Lei \u00e8 tenuto a cessare l\u2019utilizzo di questo sito e pu\u00f2 richiedere al Titolare del Trattamento di cancellare i propri Dati Personali. Salvo quanto diversamente specificato, la precedente privacy policy continuer\u00e0 ad applicarsi ai Dati Personali sino a quel momento raccolti.<\/p>\n<p>Le segnaliamo che Titolare del trattamento ad ogni effetto di legge \u00e8:<br \/> Mario Benvenuti<br \/> c\/o ComputerVille<br \/> P. IVA 00823380563<br \/> Via della Villa 25<br \/> 01018 Valentano, Vt<br \/> e-mail: mario@computerville.it<\/p>\n<h3>Utilizzo dei cookie<\/h3>\n<p>Molte delle funzioni presenti all&#8217;interno dei Portali vengono gestite attraverso l&#8217;utilizzo dei cookie. Non verranno memorizzati dati sensibili, ma solamente i codici di accesso alle funzionalit\u00e0 avanzate, per permetterne l&#8217;utilizzo. Non vengono altres\u00ec memorizzati gli spostamenti ed i gusti dell&#8217;utente. ComputerVille non utilizza cookie di profilazione per visualizzare pubblicit\u00e0 di alcun tipo, conformemente al pronunciamento del Garante della Privacy del 4 giugno 2014. <br \/> In caso di rinuncia all&#8217;utilizzo dei cookie, potete abbandonare questi siti.<\/p>\n<h3>Utilizzo del libro degli ospiti<\/h3>\n<p>La funzione presente all&#8217;interno dei Portali che permette di memorizzare e pubblicare un breve messaggio di saluto o un commento viene gestita memorizzando data e ora e indirizzo IP di provenienza del visitatore. Ogni commento si intende rilasciato con licenza di libero utilizzo, modifica, copia, trasferimento e rimozione. I commenti offensivi, non pertinenti, messaggi di natura pubblicitaria o commerciale saranno rimossi e potranno comportare l&#8217;inserimento dell&#8217;utente in una lista di blocco. In nessun caso ComputerVille o il gestore dei Portali potranno essere considerati responsabili di quanto inserito. Ai fini della privacy policy del libro degli ospiti, vale quanto riportato nel paragrafo &#8220;Informativa sulla privacy&#8221;.<\/p>\n<p>Aggiornamento del 05 giugno 2014<\/p>\n","protected":false},"excerpt":{"rendered":"<p>I Portali valentano.org, valentano.biz e valentano.info forniscono ai propri utenti l&#8217;accesso e la fruizione di contenuti a carattere informativo, redazionale e commerciale. Accedendo ai Portali valentano.org, valentano.biz e valentano.info, l&#8217;utente accetta il contenuto del presente Regolamento d&#8217;uso. Informazioni sul Copyright Tutti i contenuti dei Portali valentano.org, valentano.biz e valentano.info quali testi, grafici, logo, tasti e&hellip; <a class=\"more-link\" href=\"https:\/\/www.valentano.org\/it\/copyright-condizioni-utilizzo\/\">Continua a leggere <span class=\"screen-reader-text\">Copyright e condizioni d&#8217;uso<\/span><\/a><\/p>\n","protected":false},"author":1,"featured_media":0,"parent":0,"menu_order":4,"comment_status":"closed","ping_status":"closed","template":"","meta":{"_acf_changed":false,"footnotes":""},"class_list":["post-129","page","type-page","status-publish","hentry","entry"],"acf":[],"_links":{"self":[{"href":"https:\/\/www.valentano.org\/it\/wp-json\/wp\/v2\/pages\/129","targetHints":{"allow":["GET"]}}],"collection":[{"href":"https:\/\/www.valentano.org\/it\/wp-json\/wp\/v2\/pages"}],"about":[{"href":"https:\/\/www.valentano.org\/it\/wp-json\/wp\/v2\/types\/page"}],"author":[{"embeddable":true,"href":"https:\/\/www.valentano.org\/it\/wp-json\/wp\/v2\/users\/1"}],"replies":[{"embeddable":true,"href":"https:\/\/www.valentano.org\/it\/wp-json\/wp\/v2\/comments?post=129"}],"version-history":[{"count":0,"href":"https:\/\/www.valentano.org\/it\/wp-json\/wp\/v2\/pages\/129\/revisions"}],"wp:attachment":[{"href":"https:\/\/www.valentano.org\/it\/wp-json\/wp\/v2\/media?parent=129"}],"curies":[{"name":"wp","href":"https:\/\/api.w.org\/{rel}","templated":true}]}}