{"id":111,"date":"2013-04-28T19:33:19","date_gmt":"2013-04-28T17:33:19","guid":{"rendered":"http:\/\/demo.valentano.org\/processione-del-cristo-morto\/"},"modified":"2013-04-28T19:33:19","modified_gmt":"2013-04-28T17:33:19","slug":"processione-del-cristo-morto","status":"publish","type":"page","link":"https:\/\/www.valentano.org\/it\/processione-del-cristo-morto\/","title":{"rendered":"Processione del Cristo Morto"},"content":{"rendered":"<p align=\"left\">Una delle tradizioni religiose pi\u00f9 profondamente sentite dalla popolazione \u00e8 quella della Processione del Cristo Morto nella serata del Venerd\u00ec Santo.<\/p>\n<p align=\"center\"><a href=\"http:\/\/demo.valentano.org\/wp-content\/uploads\/2013\/04\/cm_caval-244.jpg\" target=\"_blank\" rel=\"noopener\"><img loading=\"lazy\" decoding=\"async\" class=\" size-full wp-image-2413\" src=\"http:\/\/demo.valentano.org\/wp-content\/uploads\/2013\/04\/thumb_cm_caval-ca9.jpg\" border=\"0\" alt=\"Processione del Cristo Morto: figuranti a cavallo\" width=\"300\" height=\"194\" \/><\/a><br \/><span style=\"color: #ff0000;\">Cliccare sull&#8217; immagine per ingrandirla<\/span><\/p>\n<p align=\"left\">Le strade del paese, illuminate da miriade di lampade e luci, sono percorse dalla &#8220;via Crucis&#8221; cui partecipa la popolazione intera e oltre cento figuranti che rappresentano i vari momenti del rito: l&#8217;ultima cena, il processo, la via crucis, la crocifissione. Tanti ragazzi ostentano vari simboli e croci.<\/p>\n<p align=\"center\"><a href=\"http:\/\/demo.valentano.org\/wp-content\/uploads\/2013\/04\/cm_croce-64e.jpg\" target=\"_blank\" rel=\"noopener\"><img loading=\"lazy\" decoding=\"async\" class=\" size-full wp-image-2427\" src=\"http:\/\/demo.valentano.org\/wp-content\/uploads\/2013\/04\/thumb_cm_croce-8a3.jpg\" border=\"0\" alt=\"La Processione del Cristo Morto: Ges\u00f9 porta la Croce\" width=\"300\" height=\"213\" \/><\/a><\/p>\n<p align=\"left\">Vi prendono parte la Confraternita della Misericordia e quella delle Donne dell&#8217;Addolorata che accompagnano la bara del Cristo Morto e la statua della Madonna Addolorata.<\/p>\n<p align=\"center\"><a href=\"http:\/\/demo.valentano.org\/wp-content\/uploads\/2013\/04\/cm_bara-d64.jpg\" target=\"_blank\" rel=\"noopener\"><img loading=\"lazy\" decoding=\"async\" class=\" size-full wp-image-2441\" src=\"http:\/\/demo.valentano.org\/wp-content\/uploads\/2013\/04\/thumb_cm_bara-082.jpg\" border=\"0\" alt=\"La Bara con il Cristo Morto, portata dalla Confraternita della Buona Morte\" width=\"300\" height=\"198\" \/><\/a><\/p>\n<p align=\"left\">La banda cittadina esegue le tradizionali marce funebri mentre il celebrante e la gente intonano gli antichi canti della passione:<\/p>\n<p align=\"left\"><em>Mio barbaro cuor&#8230;<\/em><\/p>\n<p align=\"left\"><em>Ges\u00f9 mio con dure funi&#8230;<\/em><\/p>\n<p align=\"left\"><em>Vi prego o Ges\u00f9 buono&#8230;<\/em><\/p>\n<p align=\"left\"><em>Stabat Mater dolorosa&#8230;<\/em><\/p>\n<p align=\"left\"><em>Santa Madre, deh! Voi fate&#8230;<\/em><\/p>\n<p align=\"center\"><a href=\"http:\/\/demo.valentano.org\/wp-content\/uploads\/2013\/04\/cm_sindone-8c5.jpg\" target=\"_blank\" rel=\"noopener\"><img loading=\"lazy\" decoding=\"async\" class=\" size-full wp-image-2455\" src=\"http:\/\/demo.valentano.org\/wp-content\/uploads\/2013\/04\/thumb_cm_sindone-f89.jpg\" border=\"0\" alt=\"Una raffigurazione della Sacra Sindone, portata dai bambini che hanno fatto la Prima Comunione\" width=\"300\" height=\"199\" \/><\/a><\/p>\n<p align=\"center\"><a href=\"http:\/\/demo.valentano.org\/wp-content\/uploads\/2013\/04\/cm_pieta-9f5.jpg\" target=\"_blank\" rel=\"noopener\"><img loading=\"lazy\" decoding=\"async\" class=\" size-full wp-image-2469\" src=\"http:\/\/demo.valentano.org\/wp-content\/uploads\/2013\/04\/thumb_cm_pieta-718.jpg\" border=\"0\" alt=\"La scena della deposizione\" width=\"300\" height=\"223\" \/><\/a><\/p>\n","protected":false},"excerpt":{"rendered":"<p>Una delle tradizioni religiose pi\u00f9 profondamente sentite dalla popolazione \u00e8 quella della Processione del Cristo Morto nella serata del Venerd\u00ec Santo. Cliccare sull&#8217; immagine per ingrandirla Le strade del paese, illuminate da miriade di lampade e luci, sono percorse dalla &#8220;via Crucis&#8221; cui partecipa la popolazione intera e oltre cento figuranti che rappresentano i vari&hellip; <a class=\"more-link\" href=\"https:\/\/www.valentano.org\/it\/processione-del-cristo-morto\/\">Continua a leggere <span class=\"screen-reader-text\">Processione del Cristo Morto<\/span><\/a><\/p>\n","protected":false},"author":1,"featured_media":0,"parent":0,"menu_order":41,"comment_status":"closed","ping_status":"closed","template":"","meta":{"_acf_changed":false,"footnotes":""},"class_list":["post-111","page","type-page","status-publish","hentry","entry"],"acf":[],"_links":{"self":[{"href":"https:\/\/www.valentano.org\/it\/wp-json\/wp\/v2\/pages\/111","targetHints":{"allow":["GET"]}}],"collection":[{"href":"https:\/\/www.valentano.org\/it\/wp-json\/wp\/v2\/pages"}],"about":[{"href":"https:\/\/www.valentano.org\/it\/wp-json\/wp\/v2\/types\/page"}],"author":[{"embeddable":true,"href":"https:\/\/www.valentano.org\/it\/wp-json\/wp\/v2\/users\/1"}],"replies":[{"embeddable":true,"href":"https:\/\/www.valentano.org\/it\/wp-json\/wp\/v2\/comments?post=111"}],"version-history":[{"count":0,"href":"https:\/\/www.valentano.org\/it\/wp-json\/wp\/v2\/pages\/111\/revisions"}],"wp:attachment":[{"href":"https:\/\/www.valentano.org\/it\/wp-json\/wp\/v2\/media?parent=111"}],"curies":[{"name":"wp","href":"https:\/\/api.w.org\/{rel}","templated":true}]}}