{"id":99,"date":"2013-04-28T16:52:41","date_gmt":"2013-04-28T14:52:41","guid":{"rendered":"http:\/\/demo.valentano.org\/le-complexe-volcanique-des-monts-vulsini\/"},"modified":"2023-01-20T08:36:10","modified_gmt":"2023-01-20T07:36:10","slug":"le-complexe-volcanique-des-monts-vulsini","status":"publish","type":"page","link":"https:\/\/www.valentano.org\/fr\/le-complexe-volcanique-des-monts-vulsini\/","title":{"rendered":"Le complexe volcanique des Monts Vulsini"},"content":{"rendered":"<p>Le district volcanique des Vulsini est le plus septentrional des districts volcaniques du Lazio et est caract\u00e9ris\u00e9 par une activit\u00e9 de nature principalement explosive de zone, avec plusieurs centres.<br \/>Le d\u00e9but de l&rsquo;activit\u00e9 remonte probablement \u00e0 il y a 800.000 ann\u00e9es environ dans le secteur oriental o\u00f9 des coul\u00e9es de lave et des c\u00f4nes de laitiers furent crach\u00e9s par des fractures \u00e0 caract\u00e8re r\u00e9gional. Ces produits, qui sont les plus anciens, sont visibles seulement au fond de quelques profondes incisions fluviales et couvrent directements les ignimbrites du Mont Cimino (\u00e2g\u00e9es d&rsquo;un million d&rsquo;ann\u00e9es) et sont, \u00e0 leur tour, recouvertes par une coul\u00e9e de roche pyroclastique du voisin volcan de Vico (\u00e2g\u00e9 de 500.000 ann\u00e9es).<br \/>Il y a environ 600.000 ann\u00e9es, l&rsquo;activit\u00e9 se d\u00e9place dans l&rsquo;aire occup\u00e9e maintenant par le bassin lacustre et le centre est nomm\u00e9 Pal\u00e9ovulsino. De ce centre sont \u00e9mis les produits volcaniques les plus anciens \u00e9merg\u00e9s \u00e0 l&rsquo;Est et au Sud du lac.<br \/>Dans les environs, il y a 370.000 ann\u00e9es environ s&rsquo;\u00e9l\u00e8ve le centre de Bolsena-Orvieto, qui a des produits de retomb\u00e9e et une importante ignimbrite nomm\u00e9e \u00ab\u00a0tuf de Bagnoregio\u00a0\u00bb ou ignimbrite de Orvieto, qui provoqua le collapsus de la caldeira de Bolsena (localis\u00e9e au marge nord-oriental du bassin lacustre omonime). Cette aire baiss\u00e9e abrita bient\u00f4t le lac de Bolsena (nomm\u00e9 anciennement Volsiniensis lacus) dont l&rsquo;origine est donc volcanique-tectonique.<br \/>En m\u00eame temps, il y a de 300.000 \u00e0 150.000 ann\u00e9es, deux centres furent actifs: celui de Montefiascone, caract\u00e8ris\u00e9 par des produits d&rsquo;ignimbrite, de retomb\u00e9 et hydromagn\u00e9tiques et celui de Latera, dont les produits appartiennent \u00e0 la s\u00e9rie potassique et ultrapotassique. Le centre de Latera constitue une grande couche de volcan dont les produits couvrent toute l&rsquo;aire occidentale des Vulsini entre les Monts Romani et le lac de Bolsena.<br \/>Le volcan de Latera est caract\u00e9ris\u00e9 par trois p\u00e9riodes: dans le premier on a l&rsquo;\u00e9mission de grandes effusions laviques, le second est caract\u00e9ris\u00e9 par la formation de la caldeira pour l&rsquo;effondrement du c\u00f4ne et enfin la troisi\u00e8me est marqu\u00e9e par d&rsquo;importantes effusions pyroclastiques et laviques.<br \/>C&rsquo;est dans la p\u00e9riode \u00ab\u00a0sin-caldeirique\u00a0\u00bb, c&rsquo;est \u00e0 dire contemporaine \u00e0 la formation de la caldeira, que l&rsquo;activit\u00e9 volcanique comprit m\u00eame les pyroclasties crach\u00e9es par les centres int\u00e9rieurs et ext\u00e9rieurs de la caldeira. Entre les centres explosifs ext\u00e9rieurs, qui sont encore morphologiquement bien reconnaissables, il y a Valentano; pr\u00e8s de l&rsquo;agglom\u00e9ration on peut bien voir les manifestation d&rsquo;une activit\u00e9 explosive qui a provoqu\u00e9 de diff\u00e9rents centres et surtout des c\u00f4nes de laitiers (M. Starnina, Valentano, Madonna dell&rsquo;Eschio).<\/p>\n<p>\u00a0<\/p>\n<p align=\"center\"><a href=\"http:\/\/demo.valentano.org\/wp-content\/uploads\/2013\/04\/geofig2-c07.jpg\" target=\"_blank\" rel=\"noopener\"><img loading=\"lazy\" decoding=\"async\" class=\" size-full wp-image-2035\" src=\"http:\/\/demo.valentano.org\/wp-content\/uploads\/2013\/04\/thumb_geofig2-1e1.jpg\" border=\"0\" width=\"300\" height=\"199\" \/><\/a><br \/><span style=\"color: #ff0000; font-family: Arial,Helvetica,sans-serif;\">Cliquer sur l&rsquo;image pour l&rsquo;agrandir<\/span><br \/>Valentano, particulier du c\u00f4ne de laitiers du c\u00f4t\u00e9 occidental du Mont Starnina,<br \/>le long de la SS Castrense.<\/p>\n<p>\u00a0<\/p>\n<p align=\"center\"><strong><a href=\"http:\/\/demo.valentano.org\/wp-content\/uploads\/2013\/04\/geofig3-fd1.jpg\" target=\"_blank\" rel=\"noopener\"><img loading=\"lazy\" decoding=\"async\" class=\" size-full wp-image-2049\" src=\"http:\/\/demo.valentano.org\/wp-content\/uploads\/2013\/04\/thumb_geofig3-237.jpg\" border=\"0\" width=\"300\" height=\"278\" \/><\/a><br \/><\/strong>Tir\u00e9 de la Carte Technique R\u00e9gionale de la zone de Valentano<\/p>\n<p align=\"center\"><a href=\"http:\/\/demo.valentano.org\/wp-content\/uploads\/2013\/04\/geofig4-4f3.jpg\"><img loading=\"lazy\" decoding=\"async\" class=\" size-full wp-image-2063\" src=\"http:\/\/demo.valentano.org\/wp-content\/uploads\/2013\/04\/thumb_geofig4-915.jpg\" border=\"0\" width=\"256\" height=\"300\" \/><\/a><br \/>Carte g\u00e9ologique sch\u00e9matique du Complexe Volcanique Vulsino <br \/><span>(redessin\u00e9e et tir\u00e9e de F. S. Stoppani &#8211; E. Curti)<\/span><\/p>\n<p><em>L\u00e9gende de la carte:<\/em><br \/>1-3 Produits de l&rsquo;activit\u00e9 du volcan-couche de Latera (actif \u00e0 partir d&rsquo;il y a 300.000 jusqu&rsquo;\u00e0 moins de 60.000 ann\u00e9es)<br \/>En particulier on distingue:<br \/>1 Produits finaux, contemporains ou successifs \u00e0 l&rsquo;effondrement de la caldeira de Latera<br \/>2 \u00c9tendue maximum des grandes \u00ab\u00a0coul\u00e9es pyroclastiques anciennes\u00a0\u00bb<br \/>3 \u00c9tendue maximum des coul\u00e9es laviques associ\u00e9es \u00e0 la phase initiale de l&rsquo;activit\u00e9 de Latera<br \/>4 Coul\u00e9es pyroclastiques et laviques d&rsquo;environ 400.000 ann\u00e9es, crach\u00e9es par de grandes fentes<br \/>5 Coul\u00e9e pyroclastique du Volcan de Vico<br \/>6 Produits du Volcan de Montefiascone<br \/>7 Produits du Pal\u00e9ovolcan de Bolsena<br \/>A &#8211; A&rsquo; Trace de la section g\u00e9ologique (voir au-dessous)<\/p>\n<p align=\"center\"><a href=\"http:\/\/demo.valentano.org\/wp-content\/uploads\/2013\/04\/geofig4a-097.jpg\" target=\"_blank\" rel=\"noopener\"><img loading=\"lazy\" decoding=\"async\" class=\" size-full wp-image-2077\" src=\"http:\/\/demo.valentano.org\/wp-content\/uploads\/2013\/04\/thumb_geofig4a-e7a.jpg\" border=\"0\" width=\"560\" height=\"194\" srcset=\"https:\/\/www.valentano.org\/wp-content\/uploads\/2013\/04\/thumb_geofig4a-e7a.jpg 560w, https:\/\/www.valentano.org\/wp-content\/uploads\/2013\/04\/thumb_geofig4a-e7a-300x104.jpg 300w\" sizes=\"auto, (max-width: 560px) 100vw, 560px\" \/><\/a><br \/>Section g\u00e9ologique redessin\u00e9e et tir\u00e9e de E. Locardi, 1975.<\/p>\n<p align=\"left\">8 Volcan-couche de Latera<br \/>9 Flysch<\/p>\n<p align=\"left\">\u00a0<\/p>\n<p align=\"left\"><span style=\"font-size: small;\">Texte de la g\u00e9ologue, docteur <a href=\"http:\/\/www.iacogeo.com\/\" target=\"_blank\" rel=\"noopener\">Olivia Iacoangeli<\/a><br \/><\/span><\/p>\n","protected":false},"excerpt":{"rendered":"<p>Le district volcanique des Vulsini est le plus septentrional des districts volcaniques du Lazio et est caract\u00e9ris\u00e9 par une activit\u00e9 de nature principalement explosive de zone, avec plusieurs centres.Le d\u00e9but de l&rsquo;activit\u00e9 remonte probablement \u00e0 il y a 800.000 ann\u00e9es environ dans le secteur oriental o\u00f9 des coul\u00e9es de lave et des c\u00f4nes de laitiers&hellip; <a class=\"more-link\" href=\"https:\/\/www.valentano.org\/fr\/le-complexe-volcanique-des-monts-vulsini\/\">Poursuivre la lecture <span class=\"screen-reader-text\">Le complexe volcanique des Monts Vulsini<\/span><\/a><\/p>\n","protected":false},"author":1,"featured_media":0,"parent":0,"menu_order":11,"comment_status":"closed","ping_status":"closed","template":"","meta":{"_acf_changed":false,"footnotes":""},"class_list":["post-99","page","type-page","status-publish","hentry","entry"],"acf":[],"_links":{"self":[{"href":"https:\/\/www.valentano.org\/fr\/wp-json\/wp\/v2\/pages\/99","targetHints":{"allow":["GET"]}}],"collection":[{"href":"https:\/\/www.valentano.org\/fr\/wp-json\/wp\/v2\/pages"}],"about":[{"href":"https:\/\/www.valentano.org\/fr\/wp-json\/wp\/v2\/types\/page"}],"author":[{"embeddable":true,"href":"https:\/\/www.valentano.org\/fr\/wp-json\/wp\/v2\/users\/1"}],"replies":[{"embeddable":true,"href":"https:\/\/www.valentano.org\/fr\/wp-json\/wp\/v2\/comments?post=99"}],"version-history":[{"count":1,"href":"https:\/\/www.valentano.org\/fr\/wp-json\/wp\/v2\/pages\/99\/revisions"}],"predecessor-version":[{"id":6161,"href":"https:\/\/www.valentano.org\/fr\/wp-json\/wp\/v2\/pages\/99\/revisions\/6161"}],"wp:attachment":[{"href":"https:\/\/www.valentano.org\/fr\/wp-json\/wp\/v2\/media?parent=99"}],"curies":[{"name":"wp","href":"https:\/\/api.w.org\/{rel}","templated":true}]}}