{"id":84,"date":"2013-04-28T12:35:49","date_gmt":"2013-04-28T10:35:49","guid":{"rendered":"http:\/\/demo.valentano.org\/musee-de-la-prehistoire-de-la-tuscia-et-de-la-forteresse-farnese\/"},"modified":"2013-04-28T12:35:49","modified_gmt":"2013-04-28T10:35:49","slug":"musee-de-la-prehistoire-de-la-tuscia-et-de-la-forteresse-farnese","status":"publish","type":"page","link":"https:\/\/www.valentano.org\/fr\/musee-de-la-prehistoire-de-la-tuscia-et-de-la-forteresse-farnese\/","title":{"rendered":"Mus\u00e9e de la Pr\u00e9histoire de la Tuscia et de la Forteresse Farnese"},"content":{"rendered":"<p align=\"center\"><a href=\"http:\/\/demo.valentano.org\/wp-content\/uploads\/2013\/04\/museo_ingr-86f.jpg\" target=\"_blank\" rel=\"noopener\"><img loading=\"lazy\" decoding=\"async\" class=\" size-full wp-image-1489\" src=\"http:\/\/demo.valentano.org\/wp-content\/uploads\/2013\/04\/thumb_museo_ingr-c9d.jpg\" border=\"0\" alt=\"L'entr\u00e9e du Mus\u00e9e de la Pr\u00e9histoire le la Tuscia\" width=\"225\" height=\"300\" \/><\/a><span style=\"color: #ff0000; font-family: Arial,Helvetica,sans-serif;\"><br \/> <\/span><span style=\"color: #ff0000; font-family: arial,helvetica;\">Cliquer sur l&rsquo;image pour l&rsquo;agrandir<\/span><\/p>\n<table style=\"width: 75%;\" border=\"\" rules=\"rows\" align=\"center\">\n<tbody>\n<tr>\n<td colspan=\"3\">\n<div align=\"center\"><span style=\"font-size: medium;\"><strong><span style=\"font-family: arial,helvetica;\">Horaire d&rsquo;ouverture au public<\/span><\/strong><\/span><\/div>\n<\/td>\n<\/tr>\n<tr>\n<td colspan=\"3\">\n<p><span style=\"font-family: Arial,Helvetica,sans-serif;\"><strong>Hiver<\/strong> (Octobre-Mai)<\/span><\/p>\n<p> <span style=\"font-family: Arial,Helvetica,sans-serif;\">Mardi<\/span> 9.00-13.00<br \/> Mercredi &#8211; Dimanche 10.00-13.00 \/ 16.00-19.00<br \/> Lundi Ferm\u00e9<br \/> \u00a0<br \/> <span style=\"font-family: Arial,Helvetica,sans-serif;\">(Juin-Septembre)<\/span><\/p>\n<p><span style=\"font-family: Arial,Helvetica,sans-serif;\">Mardi<\/span> <span style=\"font-family: arial,helvetica;\">&#8211;<\/span> Jeudi 9.00-13.00<br \/> Vendredi et Samedi 10.00-13.00 \/ 14.00-17.00<br \/> Dimanche 10.00-13.00<br \/> Lundi Ferm\u00e9<\/p>\n<\/td>\n<\/tr>\n<\/tbody>\n<\/table>\n<p align=\"center\"><a href=\"it\/home-it\/visita\/museo-della-preistoria-della-tuscia-e-della-rocca-farnese\/guida-al-museo-parte-1\"><span style=\"font-size: small;\">Guide au mus\u00e9e<\/span><\/a>\u00a0<\/p>\n<p align=\"center\"><a href=\"http:\/\/demo.valentano.org\/wp-content\/uploads\/2013\/04\/museo_ingrpr-33d.jpg\" target=\"_blank\" rel=\"noopener\"><img loading=\"lazy\" decoding=\"async\" class=\" size-full wp-image-1503\" src=\"http:\/\/demo.valentano.org\/wp-content\/uploads\/2013\/04\/thumb_museo_ingrpr-68f.jpg\" border=\"0\" alt=\"D\u00e9cembre 2001 - Le puits \u00e0 plante octogonale abrite la Cr\u00e8che\" width=\"225\" height=\"300\" \/><\/a><\/p>\n<p align=\"left\">La cour du Ch\u00e2teau (dans la photo le caract\u00e9ristique puits dont la forme octogonale rappelle le donjon) accueillit aussi bien des expositions, des c\u00e9r\u00e9monies et des conf\u00e9rences, surtout en \u00e9t\u00e9.<\/p>\n","protected":false},"excerpt":{"rendered":"<p>Cliquer sur l&rsquo;image pour l&rsquo;agrandir Horaire d&rsquo;ouverture au public Hiver (Octobre-Mai) Mardi 9.00-13.00 Mercredi &#8211; Dimanche 10.00-13.00 \/ 16.00-19.00 Lundi Ferm\u00e9 \u00a0 (Juin-Septembre) Mardi &#8211; Jeudi 9.00-13.00 Vendredi et Samedi 10.00-13.00 \/ 14.00-17.00 Dimanche 10.00-13.00 Lundi Ferm\u00e9 Guide au mus\u00e9e\u00a0 La cour du Ch\u00e2teau (dans la photo le caract\u00e9ristique puits dont la forme octogonale rappelle&hellip; <a class=\"more-link\" href=\"https:\/\/www.valentano.org\/fr\/musee-de-la-prehistoire-de-la-tuscia-et-de-la-forteresse-farnese\/\">Poursuivre la lecture <span class=\"screen-reader-text\">Mus\u00e9e de la Pr\u00e9histoire de la Tuscia et de la Forteresse Farnese<\/span><\/a><\/p>\n","protected":false},"author":1,"featured_media":0,"parent":0,"menu_order":19,"comment_status":"closed","ping_status":"closed","template":"","meta":{"_acf_changed":false,"footnotes":""},"class_list":["post-84","page","type-page","status-publish","hentry","entry"],"acf":[],"_links":{"self":[{"href":"https:\/\/www.valentano.org\/fr\/wp-json\/wp\/v2\/pages\/84","targetHints":{"allow":["GET"]}}],"collection":[{"href":"https:\/\/www.valentano.org\/fr\/wp-json\/wp\/v2\/pages"}],"about":[{"href":"https:\/\/www.valentano.org\/fr\/wp-json\/wp\/v2\/types\/page"}],"author":[{"embeddable":true,"href":"https:\/\/www.valentano.org\/fr\/wp-json\/wp\/v2\/users\/1"}],"replies":[{"embeddable":true,"href":"https:\/\/www.valentano.org\/fr\/wp-json\/wp\/v2\/comments?post=84"}],"version-history":[{"count":0,"href":"https:\/\/www.valentano.org\/fr\/wp-json\/wp\/v2\/pages\/84\/revisions"}],"wp:attachment":[{"href":"https:\/\/www.valentano.org\/fr\/wp-json\/wp\/v2\/media?parent=84"}],"curies":[{"name":"wp","href":"https:\/\/api.w.org\/{rel}","templated":true}]}}