{"id":8,"date":"2013-04-26T18:33:03","date_gmt":"2013-04-26T16:33:03","guid":{"rendered":"http:\/\/demo.valentano.org\/la-cite\/"},"modified":"2023-01-20T08:35:49","modified_gmt":"2023-01-20T07:35:49","slug":"la-cite","status":"publish","type":"page","link":"https:\/\/www.valentano.org\/fr\/la-cite\/","title":{"rendered":"La cit\u00e9"},"content":{"rendered":"<p>La cit\u00e9 de Valentano axe autour de la Piazza del Comune (Cavour) et du Largo Paolo Ruffini. De l\u00e0 on peut prendre les rues droites (Santa Maria, La Via di Mezzo) ou La Selciata, vers la Rocca et le Ch\u00e2teau Farnese.<\/p>\n<p align=\"center\"><a href=\"http:\/\/demo.valentano.org\/wp-content\/uploads\/2013\/04\/comune02-cdd.jpg\" target=\"_blank\" rel=\"noopener\"><img loading=\"lazy\" decoding=\"async\" class=\" size-full wp-image-523\" src=\"http:\/\/demo.valentano.org\/wp-content\/uploads\/2013\/04\/thumb_comune02-c75.jpg\" border=\"0\" alt=\"La mairie\" width=\"184\" height=\"300\" \/><\/a><br \/> <span style=\"color: #ff0000; font-family: arial,helvetica;\">Cliquer sur l&rsquo;image pour l&rsquo;agrandir<\/span><\/p>\n<p align=\"center\"><strong>La Mairie<\/strong><\/p>\n<p>La Mairie de Valentano a \u00e9t\u00e9 r\u00e9alis\u00e9e vers 1552 et le b\u00e2timent primitif consistait en un rez-de-chauss\u00e9e \u00e0 arcades et en un premier \u00e9tage. Au d\u00e9but du XVIII si\u00e8cle le b\u00e2timent a \u00e9t\u00e9 agrandi pour accueillir les bureaux judiciaires transf\u00e9r\u00e9s dans cette localit\u00e9 apr\u00e8s la destruction de Castro.<br \/> Les arcades du rez-de-chauss\u00e9e sont surmont\u00e9es d&rsquo;un artistique balcon \u00e0 balustrade en fer forg\u00e9 du XVII si\u00e8cle et accueillent aujourd&rsquo;hui d&rsquo;importants t\u00e9moignages historiques: les armoiries civiques du XV si\u00e8cle, dont la provenance est la fontaine d&rsquo; Acquaiela (terme haut- m\u00e9di\u00e9val pour indiquer une source d&rsquo;eau glaciale), les armoiries du pape Martino V Colonna unies aux \u00e9cus des Farnese (ins\u00e9r\u00e9s dans la porte principale d&rsquo;acc\u00e8s au village en 1417),les armoiries des Farnese du XV si\u00e8cle avec les six lys traditionnels, les armoiries du pape Paolo III (Alessandro Farnese), \u00e9lu en 1536 et mort en 1549. Il y a encore une plaque \u00e0 la m\u00e9moire de Giuseppe Garibaldi (1910) et la \u00ab\u00a0Lapide dei Caduti\u00a0\u00bb, \u00e0 la m\u00e9moire des soldats de Valentano morts dans la Premi\u00e8re Guerre Mondiale et dont le texte a \u00e9t\u00e9 confi\u00e9 au r\u00e9put\u00e9 lettr\u00e9 Fausto Salvatori, auteur du connu \u00ab\u00a0Inno a Roma\u00a0\u00bb<br \/> Le \u00ab\u00a0staio\u00a0\u00bb (mesure de capacit\u00e9 en pierre) et la \u00ab\u00a0canna castrense\u00a0\u00bb (mesure lin\u00e9aire du duch\u00e9 de Castro), une fois pos\u00e9s sous ces arcades, sont maintenant conserv\u00e9s dans le Mus\u00e9e Civique, \u00e0 la Section M\u00e9di\u00e9vale, de la Renaissance et Moderne.<br \/> .<\/p>\n<p align=\"center\"><strong>Porte Magenta<\/strong><\/p>\n<p>Place Paolo Ruffini aboutit \u00e0 Porte Magenta, important monument \u00e9difi\u00e9 en 1779 sur projet de Vignola, \u00e0 la place de l&rsquo;ancienne Porte Romana, \u00e9croul\u00e9e en 1774.<\/p>\n<p align=\"center\"><a href=\"http:\/\/demo.valentano.org\/wp-content\/uploads\/2013\/04\/portav01-bf3.jpg\" target=\"_blank\" rel=\"noopener\"><img loading=\"lazy\" decoding=\"async\" class=\" size-full wp-image-537\" src=\"http:\/\/demo.valentano.org\/wp-content\/uploads\/2013\/04\/thumb_portav01-b5b.jpg\" border=\"0\" alt=\"L'entr\u00e9e de la Place Paolo Ruffini et l'arc\" width=\"166\" height=\"300\" \/><\/a><\/p>\n<p>\u00c0 l&rsquo;ext\u00e9rieur de l&rsquo;arc, au-dessus de la voute, se trouve le c\u00e9l\u00e8bre \u00ab\u00a0Mascherone\u00a0\u00bb.<\/p>\n<p align=\"center\"><a href=\"http:\/\/demo.valentano.org\/wp-content\/uploads\/2013\/04\/portav03-c5f.jpg\" target=\"_blank\" rel=\"noopener\"><img loading=\"lazy\" decoding=\"async\" class=\" size-full wp-image-551\" src=\"http:\/\/demo.valentano.org\/wp-content\/uploads\/2013\/04\/thumb_portav03-cf7.jpg\" border=\"0\" alt=\"Porte Magenta, d\u00e9j\u00e0 Porte Romana\" width=\"199\" height=\"300\" \/><\/a><\/p>\n<p>La tradition veut que l&rsquo;artiste, f\u00e2ch\u00e9 \u00e0 cause des continuelles suggestions de la part de la foule des curieux, a voulu ainsi stigmatiser quelques locales \u00ab\u00a0mauvaises langues\u00a0\u00bb.<\/p>\n<p align=\"center\"><span style=\"font-family: arial,helvetica;\"><a href=\"http:\/\/demo.valentano.org\/wp-content\/uploads\/2013\/04\/portav02-f89.jpg\" target=\"_blank\" rel=\"noopener\"><img loading=\"lazy\" decoding=\"async\" class=\" size-full wp-image-565\" src=\"http:\/\/demo.valentano.org\/wp-content\/uploads\/2013\/04\/thumb_portav02-f21.jpg\" border=\"0\" alt=\"Le Grand Masque\" width=\"197\" height=\"300\" \/><\/a> <strong><a href=\"http:\/\/demo.valentano.org\/wp-content\/uploads\/2013\/04\/portav04-77d.jpg\" target=\"_blank\" rel=\"noopener\">\u00a0<img loading=\"lazy\" decoding=\"async\" class=\" size-full wp-image-579\" src=\"http:\/\/demo.valentano.org\/wp-content\/uploads\/2013\/04\/thumb_portav04-7d5.jpg\" border=\"0\" alt=\"Le Grand Masque\" width=\"203\" height=\"300\" \/><\/a><\/strong> <\/span><\/p>\n","protected":false},"excerpt":{"rendered":"<p>La cit\u00e9 de Valentano axe autour de la Piazza del Comune (Cavour) et du Largo Paolo Ruffini. De l\u00e0 on peut prendre les rues droites (Santa Maria, La Via di Mezzo) ou La Selciata, vers la Rocca et le Ch\u00e2teau Farnese. Cliquer sur l&rsquo;image pour l&rsquo;agrandir La Mairie La Mairie de Valentano a \u00e9t\u00e9 r\u00e9alis\u00e9e&hellip; <a class=\"more-link\" href=\"https:\/\/www.valentano.org\/fr\/la-cite\/\">Poursuivre la lecture <span class=\"screen-reader-text\">La cit\u00e9<\/span><\/a><\/p>\n","protected":false},"author":1,"featured_media":0,"parent":0,"menu_order":68,"comment_status":"closed","ping_status":"closed","template":"","meta":{"_acf_changed":false,"footnotes":""},"class_list":["post-8","page","type-page","status-publish","hentry","entry"],"acf":[],"_links":{"self":[{"href":"https:\/\/www.valentano.org\/fr\/wp-json\/wp\/v2\/pages\/8","targetHints":{"allow":["GET"]}}],"collection":[{"href":"https:\/\/www.valentano.org\/fr\/wp-json\/wp\/v2\/pages"}],"about":[{"href":"https:\/\/www.valentano.org\/fr\/wp-json\/wp\/v2\/types\/page"}],"author":[{"embeddable":true,"href":"https:\/\/www.valentano.org\/fr\/wp-json\/wp\/v2\/users\/1"}],"replies":[{"embeddable":true,"href":"https:\/\/www.valentano.org\/fr\/wp-json\/wp\/v2\/comments?post=8"}],"version-history":[{"count":1,"href":"https:\/\/www.valentano.org\/fr\/wp-json\/wp\/v2\/pages\/8\/revisions"}],"predecessor-version":[{"id":6052,"href":"https:\/\/www.valentano.org\/fr\/wp-json\/wp\/v2\/pages\/8\/revisions\/6052"}],"wp:attachment":[{"href":"https:\/\/www.valentano.org\/fr\/wp-json\/wp\/v2\/media?parent=8"}],"curies":[{"name":"wp","href":"https:\/\/api.w.org\/{rel}","templated":true}]}}