{"id":69,"date":"2013-04-27T17:43:32","date_gmt":"2013-04-27T15:43:32","guid":{"rendered":"http:\/\/demo.valentano.org\/le-xviii-et-le-xix-siecle\/"},"modified":"2013-04-27T17:43:32","modified_gmt":"2013-04-27T15:43:32","slug":"le-xviii-et-le-xix-siecle","status":"publish","type":"page","link":"https:\/\/www.valentano.org\/fr\/le-xviii-et-le-xix-siecle\/","title":{"rendered":"Le XVIII et le XIX Si\u00e8cle"},"content":{"rendered":"<p><span style=\"font-family: Arial,Helvetica,sans-serif;\">Le splendide moment v\u00e9cu sous les Farnese avait port\u00e9 Valentano \u00e0 \u00eatre compris dans le Duch\u00e9 de Castro (1537) et ensuite \u00e0 en devenir la capitale quand Castro fut compl\u00e8tement d\u00e9truit (1649), a cause des disputes entre les Farnese et la Chambre Apostolique. <br \/> Les \u00e9v\u00e8nements des si\u00e8cles suivants enregistrent l&rsquo;abandon de la Forteresse de la part des Farnese et sa transformation en Monast\u00e8re de Religieuses Dominicaines. <\/span><\/p>\n<p align=\"center\"><a href=\"http:\/\/demo.valentano.org\/wp-content\/uploads\/2013\/04\/salandri-267.jpg\" target=\"_blank\" rel=\"noopener\"><img loading=\"lazy\" decoding=\"async\" class=\" size-full wp-image-1265\" src=\"http:\/\/demo.valentano.org\/wp-content\/uploads\/2013\/04\/thumb_salandri-2cf.jpg\" border=\"0\" alt=\"Soeur Geltrude Salandri\" width=\"217\" height=\"300\" \/><\/a><br \/> <span style=\"color: #ff0000; font-family: Arial,Helvetica,sans-serif;\">Cliquer sur l&rsquo;image pour l&rsquo;agrandir<\/span><\/p>\n<p><span style=\"font-family: Arial,Helvetica,sans-serif;\">Les habitants de Valentano sont pr\u00e9sents dans \u00ab\u00a0l&rsquo;Associazione Castrense\u00a0\u00bb de 1848 et apr\u00e8s dans la \u00ab\u00a0Lega dei Comuni di Castro\u00a0\u00bb qui s&rsquo;opposait au pouvoir temporel des papes et souhaitait l&rsquo;union de toute l&rsquo;Italie dans l&rsquo;esprit du \u00ab\u00a0Risorgimento\u00a0\u00bb du temps. <br \/> Si\u00e8ge d&rsquo;une garnison de Zouaves Pontificaux, le village enregistra l&rsquo;arriv\u00e9e et les accrochages contre les Garibaldiens en 1867. Mais d\u00e9sormais 1870 \u00e9tait proche et, pendant qu&rsquo;on f\u00eatait la prise de Rome, les Zouaves br\u00fblaient dans la place principale du village presque tous les papiers des archives historiques de la Commune, dont restent quand-m\u00eame des t\u00e9moignages pr\u00e9cieuses et irrempla\u00e7ables, avec les papiers administratif de la d\u00e9truite ville de Castro.<br \/> <\/span><\/p>\n<p style=\"text-align: center;\"><a href=\"http:\/\/demo.valentano.org\/wp-content\/uploads\/2013\/04\/museo_4003-4f2.jpg\" target=\"_blank\" rel=\"noopener\"><img loading=\"lazy\" decoding=\"async\" class=\" size-full wp-image-1279\" src=\"http:\/\/demo.valentano.org\/wp-content\/uploads\/2013\/04\/thumb_museo_4003-000.jpg\" border=\"0\" alt=\"Images de la &quot;Scala Santa&quot;\" width=\"300\" height=\"225\" \/><\/a>\u00a0<a href=\"http:\/\/demo.valentano.org\/wp-content\/uploads\/2013\/04\/museo_4004-fd0.jpg\" target=\"_blank\" rel=\"noopener\"><img loading=\"lazy\" decoding=\"async\" class=\" size-full wp-image-1293\" src=\"http:\/\/demo.valentano.org\/wp-content\/uploads\/2013\/04\/thumb_museo_4004-b22.jpg\" border=\"0\" alt=\"Images de la &quot;Scala Santa&quot;\" width=\"300\" height=\"225\" \/><\/a><br \/> <span style=\"color: #ff0000; font-family: Arial,Helvetica,sans-serif;\">Images de la \u00ab\u00a0Scala Santa\u00a0\u00bb<\/span><\/p>\n","protected":false},"excerpt":{"rendered":"<p>Le splendide moment v\u00e9cu sous les Farnese avait port\u00e9 Valentano \u00e0 \u00eatre compris dans le Duch\u00e9 de Castro (1537) et ensuite \u00e0 en devenir la capitale quand Castro fut compl\u00e8tement d\u00e9truit (1649), a cause des disputes entre les Farnese et la Chambre Apostolique. Les \u00e9v\u00e8nements des si\u00e8cles suivants enregistrent l&rsquo;abandon de la Forteresse de la&hellip; <a class=\"more-link\" href=\"https:\/\/www.valentano.org\/fr\/le-xviii-et-le-xix-siecle\/\">Poursuivre la lecture <span class=\"screen-reader-text\">Le XVIII et le XIX Si\u00e8cle<\/span><\/a><\/p>\n","protected":false},"author":1,"featured_media":0,"parent":0,"menu_order":9,"comment_status":"closed","ping_status":"closed","template":"","meta":{"_acf_changed":false,"footnotes":""},"class_list":["post-69","page","type-page","status-publish","hentry","entry"],"acf":[],"_links":{"self":[{"href":"https:\/\/www.valentano.org\/fr\/wp-json\/wp\/v2\/pages\/69","targetHints":{"allow":["GET"]}}],"collection":[{"href":"https:\/\/www.valentano.org\/fr\/wp-json\/wp\/v2\/pages"}],"about":[{"href":"https:\/\/www.valentano.org\/fr\/wp-json\/wp\/v2\/types\/page"}],"author":[{"embeddable":true,"href":"https:\/\/www.valentano.org\/fr\/wp-json\/wp\/v2\/users\/1"}],"replies":[{"embeddable":true,"href":"https:\/\/www.valentano.org\/fr\/wp-json\/wp\/v2\/comments?post=69"}],"version-history":[{"count":0,"href":"https:\/\/www.valentano.org\/fr\/wp-json\/wp\/v2\/pages\/69\/revisions"}],"wp:attachment":[{"href":"https:\/\/www.valentano.org\/fr\/wp-json\/wp\/v2\/media?parent=69"}],"curies":[{"name":"wp","href":"https:\/\/api.w.org\/{rel}","templated":true}]}}