{"id":67,"date":"2013-04-27T17:42:06","date_gmt":"2013-04-27T15:42:06","guid":{"rendered":"http:\/\/demo.valentano.org\/les-origines-du-village-et-le-haut-moyen-age\/"},"modified":"2013-04-27T17:42:06","modified_gmt":"2013-04-27T15:42:06","slug":"les-origines-du-village-et-le-haut-moyen-age","status":"publish","type":"page","link":"https:\/\/www.valentano.org\/fr\/home-fr\/les-origines-du-village-et-le-haut-moyen-age\/","title":{"rendered":"Les origines du village et le haut Moyen-\u00c2ge"},"content":{"rendered":"<p><span style=\"font-family: Arial,Helvetica,sans-serif;\">La tradition veut que Valentano d\u00e9rive de l&rsquo;\u00e9trusque \u00ab\u00a0Verentum\u00a0\u00bb, mais on n&rsquo;en a trouv\u00e9 de traces qui, d&rsquo;autre part, pour la p\u00e9riode romaine sont bien visibles dans les ruines de nombreuses villas clairsem\u00e9es le long d&rsquo;une traverse de la \u00ab\u00a0Via Clodia\u00a0\u00bb. Des villas rustiques, transform\u00e9es dans le temps en de petits villages qui au Moyen-\u00c2ge eprouv\u00e8rent le besoin de se r\u00e9unir, pour se d\u00e9fendre, sur le haut de la colline o\u00f9 probablement se forma le premier noyau de ce village appel\u00e9 Valentano (peut-\u00eatre de Vall\u00e9e des Aulnes). Il y a aussi des ruines de fortifications lombardes et une n\u00e9cropole vers le lieu-dit \u00ab\u00a0La Fortezza\u00a0\u00bb. Les premi\u00e8res nouvelles du village pourraient \u00eatre de 680, ann\u00e9e dans laquelle l&rsquo;\u00e9v\u00eaque de la d\u00e9truite ville de Bisenzio se serait trasf\u00e9r\u00e9 pour peu de temps dans ce centre. Nous avons une connessaissance certaine des premi\u00e8res nouvelles du village des documents des Abbayes imp\u00e9riales de Farfa et de San Salvatore sur le Mont Amiata qui remontent aux ann\u00e9es 813-14.<\/p>\n<p> En 844 les documents de l&rsquo;Abbaye imp\u00e9riale de S. Salvatore sur le Mont Amiata nomment Balentanu ou Valentano. <\/span><\/p>\n<p align=\"center\"><a href=\"http:\/\/demo.valentano.org\/wp-content\/uploads\/2013\/04\/balentan-bc9.jpg\" target=\"_blank\" rel=\"noopener\"><img loading=\"lazy\" decoding=\"async\" class=\" size-full wp-image-1223\" src=\"http:\/\/demo.valentano.org\/wp-content\/uploads\/2013\/04\/thumb_balentan-b61.jpg\" border=\"0\" alt=\"Manuscrit qui remonte \u00e0 l'an 844. Le mot &quot;Balentanu&quot; est mis en \u00e9vidence par\" width=\"224\" height=\"300\" \/><\/a><br \/> <span style=\"color: #ff0000; font-family: arial,helvetica;\">Cliquer sur l&rsquo;image pour l&rsquo;agrandir<\/span><\/p>\n<p><span style=\"font-family: Arial,Helvetica,sans-serif;\">De toute fa\u00e7on, en 1053 le village est d\u00e9j\u00e0 structur\u00e9 et apparait organis\u00e9 comme libre commune, dans le lieu occup\u00e9 actuellement, avec sa paroisse d\u00e9di\u00e9e \u00e0 Saint Jean \u00c9vang\u00e9liste et la Forteresse de d\u00e9fense. De cette p\u00e9riode jusqu&rsquo;\u00e0 la moiti\u00e9 du XIV si\u00e8cle le village connut des destructions, des incendies, des d\u00e9vastations et des reconstructions, toujours disput\u00e9 entre les voisines villes de Orvieto et de Viterbo. <\/p>\n<p> En 1354 la petite ville, r\u00e9cup\u00e9r\u00e9e par le card. Albornoz, fut assign\u00e9e \u00e0 la domination des Farnese qui la tinrent pendant de longues ann\u00e9es et transform\u00e8rent l&rsquo;ancienne forteresse de d\u00e9fense en palais r\u00e9sidentiel de la Famille, avec une cour Renaissance, des salles peintes \u00e0 fresque et demand\u00e8rent m\u00eame l&rsquo;intervention de Antonio da Sangallo le Jeune.<\/span><\/p>\n","protected":false},"excerpt":{"rendered":"<p>La tradition veut que Valentano d\u00e9rive de l&rsquo;\u00e9trusque \u00ab\u00a0Verentum\u00a0\u00bb, mais on n&rsquo;en a trouv\u00e9 de traces qui, d&rsquo;autre part, pour la p\u00e9riode romaine sont bien visibles dans les ruines de nombreuses villas clairsem\u00e9es le long d&rsquo;une traverse de la \u00ab\u00a0Via Clodia\u00a0\u00bb. Des villas rustiques, transform\u00e9es dans le temps en de petits villages qui au Moyen-\u00c2ge&hellip; <a class=\"more-link\" href=\"https:\/\/www.valentano.org\/fr\/home-fr\/les-origines-du-village-et-le-haut-moyen-age\/\">Poursuivre la lecture <span class=\"screen-reader-text\">Les origines du village et le haut Moyen-\u00c2ge<\/span><\/a><\/p>\n","protected":false},"author":1,"featured_media":0,"parent":12,"menu_order":11,"comment_status":"closed","ping_status":"closed","template":"","meta":{"_acf_changed":false,"footnotes":""},"class_list":["post-67","page","type-page","status-publish","hentry","entry"],"acf":[],"_links":{"self":[{"href":"https:\/\/www.valentano.org\/fr\/wp-json\/wp\/v2\/pages\/67","targetHints":{"allow":["GET"]}}],"collection":[{"href":"https:\/\/www.valentano.org\/fr\/wp-json\/wp\/v2\/pages"}],"about":[{"href":"https:\/\/www.valentano.org\/fr\/wp-json\/wp\/v2\/types\/page"}],"author":[{"embeddable":true,"href":"https:\/\/www.valentano.org\/fr\/wp-json\/wp\/v2\/users\/1"}],"replies":[{"embeddable":true,"href":"https:\/\/www.valentano.org\/fr\/wp-json\/wp\/v2\/comments?post=67"}],"version-history":[{"count":0,"href":"https:\/\/www.valentano.org\/fr\/wp-json\/wp\/v2\/pages\/67\/revisions"}],"up":[{"embeddable":true,"href":"https:\/\/www.valentano.org\/fr\/wp-json\/wp\/v2\/pages\/12"}],"wp:attachment":[{"href":"https:\/\/www.valentano.org\/fr\/wp-json\/wp\/v2\/media?parent=67"}],"curies":[{"name":"wp","href":"https:\/\/api.w.org\/{rel}","templated":true}]}}