{"id":66,"date":"2013-04-27T17:41:31","date_gmt":"2013-04-27T15:41:31","guid":{"rendered":"http:\/\/demo.valentano.org\/la-prehistoire\/"},"modified":"2013-04-27T17:41:31","modified_gmt":"2013-04-27T15:41:31","slug":"la-prehistoire","status":"publish","type":"page","link":"https:\/\/www.valentano.org\/fr\/home-fr\/la-prehistoire\/","title":{"rendered":"La Pr\u00e9histoire"},"content":{"rendered":"<p align=\"center\"><a href=\"http:\/\/demo.valentano.org\/wp-content\/uploads\/2013\/04\/mezzan01-400.jpg\" target=\"_blank\" rel=\"noopener\"><img loading=\"lazy\" decoding=\"async\" class=\" size-full wp-image-1195\" src=\"http:\/\/demo.valentano.org\/wp-content\/uploads\/2013\/04\/thumb_mezzan01-4a8.jpg\" border=\"0\" alt=\"Le lac de Mezzano\" width=\"300\" height=\"205\" \/><\/a><br \/> <span style=\"color: #ff0000; font-family: Arial,Helvetica,sans-serif;\">Cliquer sur l&rsquo;image pour l&rsquo;agrandir<\/span><\/p>\n<p><span style=\"font-family: Arial,Helvetica,sans-serif;\">Les limpides eaux du lac de Mezzano, en \u00e9poque pe\u00e9historique, submerg\u00e8rent quelques villages de l&rsquo;\u00e2ge du Bronze (2000 -1000 ann\u00e9es avant J.C.) et gard\u00e8rent jalousement, pendant presque 4000 ann\u00e9es, des structures en bois des palafittes, des r\u00e9cipients en c\u00e9ramique, des outils en bronze (haches, \u00e9p\u00e9es, fibules, \u00e9pingles) et des ouvrages en bois, les restes pal\u00e9ontologiques. Les pi\u00e8ces, dont les premi\u00e8res d\u00e9couvertes remontent \u00e01973, sont expos\u00e9es dans le Mus\u00e9e de la Pr\u00e9histoire de la Tuscia et de la Rocca Farnese en Valentano. <\/span><\/p>\n<p><span style=\"font-family: Arial,Helvetica,sans-serif;\">Les experts identifient ce lac avec le Lacus Statoniensis d\u00e9crit par Seneca dans ses Quaestiones Naturales et par Plinio dans son trait\u00e9 Naturalis Historia. <\/span><\/p>\n<p><span style=\"font-family: Arial,Helvetica,sans-serif;\">La beaut\u00e9 intacte du lieu ne s&rsquo;\u00e9puise pas dans ce milieu riche en histoire, mais elle est exalt\u00e9e dans le splendide cadre qui caract\u00e9rize ses bords. On peut y arriver seulement \u00e0 pied, parce que il est presque enti\u00e8rement d\u00e9pourvu des traces de la pr\u00e9sence humaine, sans rues asphalt\u00e9es, sans d\u00e9charges qui en contaminent les eaux. <\/span><\/p>\n<p><span style=\"font-family: Arial,Helvetica,sans-serif;\">Le p\u00e9rim\u00e8tre du lac est entour\u00e9 de cannaies qui, surtout en correspondence de son \u00e9missaire, le fleuve Olpeta, constituent un milieu humide, peupl\u00e9 d&rsquo;une riche faune ornithologique. Des r\u00e2les d&rsquo;eau, des foulques, des poules d&rsquo;eau, des martins-chasseurs trouvent un abri id\u00e9al entre les aulnes, les saules et les cannes et, avec un peu de chance, il peut arriver de voir un rapide faucon palustre qui tournoie \u00e0 la recherche d&rsquo;une proie. <\/span><\/p>\n<p><span style=\"font-family: Arial,Helvetica,sans-serif;\">Une courte bande de p\u00e2turages suit les cannaies qui entourent le lac et apr\u00e8s il y a les versants couverts d&rsquo;une splendide v\u00e9g\u00e9tation arborescente, typique des lacs d&rsquo;origine volcanique. <\/span><\/p>\n<p><span style=\"font-family: Arial,Helvetica,sans-serif;\">Le bois qui se trouve sur le versant ouest, Mont Rosso, est particuli\u00e8rement suggestif: l\u00e0 des arbres de haut f\u00fbt, des ch\u00eanes chevelus et des ch\u00eanes pubescents centenaires cachent les ruines du ch\u00e2teau de Mezzano, d&rsquo;origine lombarde, d\u00e9truit vers la moiti\u00e9 du XIV si\u00e8cle. Dans ce lieu la l\u00e9gende et la tradition populaire disent que Pia de&rsquo; Tolomei, la \u00ab\u00a0nobildonna\u00a0\u00bb sennoise rappel\u00e9e par Dante dans le V chant du Purgatoire, ait \u00e9t\u00e9 renferm\u00e9e et apr\u00e8s tu\u00e9e. <\/span><\/p>\n<p><span style=\"font-family: Arial,Helvetica,sans-serif;\">Un incroyable monument de la nature s&rsquo;\u00e9l\u00e8ve peu loin du lac: un \u00e9norme ch\u00eane pubescent, d&rsquo;outre 300 ans, class\u00e9 comme une des plantes les plus anciennes du Lazio, qui se trouve sur le bord d&rsquo;un foss\u00e9 escarp\u00e9. Le WWF l&rsquo;a d\u00e9clar\u00e9 un vrai \u00ab\u00a0monument naturel\u00a0\u00bb.<\/span><\/p>\n<p align=\"center\"><a href=\"http:\/\/demo.valentano.org\/wp-content\/uploads\/2013\/04\/mezzan02-07a.jpg\" target=\"_blank\" rel=\"noopener\"><img loading=\"lazy\" decoding=\"async\" class=\" size-full wp-image-1209\" src=\"http:\/\/demo.valentano.org\/wp-content\/uploads\/2013\/04\/thumb_mezzan02-0d2.jpg\" border=\"0\" alt=\"Le lac de Mezzano\" width=\"300\" height=\"190\" \/><\/a><\/p>\n<p align=\"left\">Dans ce terrain se trouve la colline Mont Becco qui domine la R\u00e9serve Naturelle du Lamone, de la proche commune de Farnese. Sur cette colline, souvent indiqu\u00e9e comme un des possibles sites du Fanum Voltumnae, le plus grand et inconnu sanctuaire des \u00c9trusques, une mission d&rsquo;\u00e9tude de l&rsquo;Acad\u00e9mie Danoise a trouv\u00e9 les traces de la pr\u00e9sence \u00e9trusque dans des murs, des ouvrages en bronze, de nombreuses tuiles en brique, dont une pr\u00e9sente, grav\u00e9s, tous les caract\u00e8res de l&rsquo;alphabet \u00e9trusque.<\/p>\n<p align=\"left\">\u00c2 l&rsquo;\u00e9gard des installations pr\u00e9historiques, il faut dire qu&rsquo;on a trouv\u00e9 des pi\u00e8ces de l&rsquo;\u00e2ge dui cuivre en localit\u00e9 Mont Saliette; pour la p\u00e9riode terminale du bronze on a d\u00e9couvert des traces d&rsquo;agglom\u00e9rations comme le Mont Saliette m\u00eame, Poggi del Mulino, Mont Starnina. Ce site, derri\u00e8re l&rsquo;agglom\u00e9ration d&rsquo;aujourd&rsquo;hui, plac\u00e9 comme installation de hauteur (862 m sur le niveau de la mer), pourrait avoir \u00e9t\u00e9 le noyau de ce qui deviendra ensuite le village et apr\u00e8s la <em>civitas<\/em> de Valentano.<\/p>\n","protected":false},"excerpt":{"rendered":"<p>Cliquer sur l&rsquo;image pour l&rsquo;agrandir Les limpides eaux du lac de Mezzano, en \u00e9poque pe\u00e9historique, submerg\u00e8rent quelques villages de l&rsquo;\u00e2ge du Bronze (2000 -1000 ann\u00e9es avant J.C.) et gard\u00e8rent jalousement, pendant presque 4000 ann\u00e9es, des structures en bois des palafittes, des r\u00e9cipients en c\u00e9ramique, des outils en bronze (haches, \u00e9p\u00e9es, fibules, \u00e9pingles) et des ouvrages&hellip; <a class=\"more-link\" href=\"https:\/\/www.valentano.org\/fr\/home-fr\/la-prehistoire\/\">Poursuivre la lecture <span class=\"screen-reader-text\">La Pr\u00e9histoire<\/span><\/a><\/p>\n","protected":false},"author":1,"featured_media":0,"parent":12,"menu_order":12,"comment_status":"closed","ping_status":"closed","template":"","meta":{"_acf_changed":false,"footnotes":""},"class_list":["post-66","page","type-page","status-publish","hentry","entry"],"acf":[],"_links":{"self":[{"href":"https:\/\/www.valentano.org\/fr\/wp-json\/wp\/v2\/pages\/66","targetHints":{"allow":["GET"]}}],"collection":[{"href":"https:\/\/www.valentano.org\/fr\/wp-json\/wp\/v2\/pages"}],"about":[{"href":"https:\/\/www.valentano.org\/fr\/wp-json\/wp\/v2\/types\/page"}],"author":[{"embeddable":true,"href":"https:\/\/www.valentano.org\/fr\/wp-json\/wp\/v2\/users\/1"}],"replies":[{"embeddable":true,"href":"https:\/\/www.valentano.org\/fr\/wp-json\/wp\/v2\/comments?post=66"}],"version-history":[{"count":0,"href":"https:\/\/www.valentano.org\/fr\/wp-json\/wp\/v2\/pages\/66\/revisions"}],"up":[{"embeddable":true,"href":"https:\/\/www.valentano.org\/fr\/wp-json\/wp\/v2\/pages\/12"}],"wp:attachment":[{"href":"https:\/\/www.valentano.org\/fr\/wp-json\/wp\/v2\/media?parent=66"}],"curies":[{"name":"wp","href":"https:\/\/api.w.org\/{rel}","templated":true}]}}