{"id":56,"date":"2013-04-27T13:32:59","date_gmt":"2013-04-27T11:32:59","guid":{"rendered":"http:\/\/demo.valentano.org\/la-ex-eglise-de-la-pieta\/"},"modified":"2013-04-27T13:32:59","modified_gmt":"2013-04-27T11:32:59","slug":"la-ex-eglise-de-la-pieta","status":"publish","type":"page","link":"https:\/\/www.valentano.org\/fr\/home-fr\/la-ex-eglise-de-la-pieta\/","title":{"rendered":"La ex \u00c9glise de \u00ab\u00a0La Piet\u00e0\u00a0\u00bb"},"content":{"rendered":"<div align=\"center\"><a href=\"http:\/\/demo.valentano.org\/wp-content\/uploads\/2013\/04\/chospmad-b95.jpg\" target=\"_blank\" rel=\"noopener\"><img loading=\"lazy\" decoding=\"async\" class=\" size-full wp-image-1167\" src=\"http:\/\/demo.valentano.org\/wp-content\/uploads\/2013\/04\/thumb_chospmad-b3d.jpg\" border=\"0\" alt=\"Le fresque de la Sainte Vierge de la Piet\u00e0\" width=\"168\" height=\"300\" \/><\/a><\/div>\n<div align=\"center\"><span style=\"color: #ff0000;\">Cliquer sur l&rsquo;image pour l&rsquo;agrandir<\/span><\/div>\n<p>L&rsquo;\u00c9glise de la \u00ab\u00a0Madonna della Piet\u00e0\u00a0\u00bb, mieux connue comme \u00c9glise de l&rsquo;h\u00f4pital, \u00e9tait contig\u00fce \u00e0 l&rsquo;\u00c9glise de \u00ab\u00a0Santa Maria\u00a0\u00bb; aujourd&rsquo;hui c&rsquo;est un four. Il s&rsquo;agissait de l&rsquo;\u00c9glise de l&rsquo;ancien h\u00f4pital de Valentano. Elle \u00e9tait divis\u00e9e en deux grandes pi\u00e8ces, une avec l&rsquo;autel o\u00f9 on c\u00e9l\u00e9brait la Messe, l&rsquo;autre avait un fresque encore visible avec l&rsquo;image de la Sainte Vierge de \u00ab\u00a0la Piet\u00e0\u00a0\u00bb. Pendant la Seconde Guerre Mondiale l&rsquo;\u00c9glise de l&rsquo;h\u00f4pital a \u00e9t\u00e9 au centre d&rsquo; incompr\u00e9hensions entre l&rsquo;eglise de Montefiascone et la Pr\u00e9fecture de Viterbo qui avait l&rsquo;intention d&rsquo; exproprier ce lieu de culte pour un emploi profane. La controverse se termina par la suppression de l&rsquo;ancienne \u00e9glise de Montefiascone et par l&#8217;emploi profane de l&rsquo;autre.<\/p>\n<p align=\"center\"><img loading=\"lazy\" decoding=\"async\" class=\" size-full wp-image-1174\" src=\"http:\/\/demo.valentano.org\/wp-content\/uploads\/2013\/04\/chospsof-ce7.jpg\" border=\"0\" width=\"300\" height=\"225\" \/>\u00a0<img loading=\"lazy\" decoding=\"async\" class=\" size-full wp-image-1181\" src=\"http:\/\/demo.valentano.org\/wp-content\/uploads\/2013\/04\/chospsof2-a2f.jpg\" border=\"0\" width=\"214\" height=\"300\" \/><\/p>\n","protected":false},"excerpt":{"rendered":"<p>Cliquer sur l&rsquo;image pour l&rsquo;agrandir L&rsquo;\u00c9glise de la \u00ab\u00a0Madonna della Piet\u00e0\u00a0\u00bb, mieux connue comme \u00c9glise de l&rsquo;h\u00f4pital, \u00e9tait contig\u00fce \u00e0 l&rsquo;\u00c9glise de \u00ab\u00a0Santa Maria\u00a0\u00bb; aujourd&rsquo;hui c&rsquo;est un four. Il s&rsquo;agissait de l&rsquo;\u00c9glise de l&rsquo;ancien h\u00f4pital de Valentano. Elle \u00e9tait divis\u00e9e en deux grandes pi\u00e8ces, une avec l&rsquo;autel o\u00f9 on c\u00e9l\u00e9brait la Messe, l&rsquo;autre avait un&hellip; <a class=\"more-link\" href=\"https:\/\/www.valentano.org\/fr\/home-fr\/la-ex-eglise-de-la-pieta\/\">Poursuivre la lecture <span class=\"screen-reader-text\">La ex \u00c9glise de \u00ab\u00a0La Piet\u00e0\u00a0\u00bb<\/span><\/a><\/p>\n","protected":false},"author":1,"featured_media":0,"parent":12,"menu_order":27,"comment_status":"closed","ping_status":"closed","template":"","meta":{"_acf_changed":false,"footnotes":""},"class_list":["post-56","page","type-page","status-publish","hentry","entry"],"acf":[],"_links":{"self":[{"href":"https:\/\/www.valentano.org\/fr\/wp-json\/wp\/v2\/pages\/56","targetHints":{"allow":["GET"]}}],"collection":[{"href":"https:\/\/www.valentano.org\/fr\/wp-json\/wp\/v2\/pages"}],"about":[{"href":"https:\/\/www.valentano.org\/fr\/wp-json\/wp\/v2\/types\/page"}],"author":[{"embeddable":true,"href":"https:\/\/www.valentano.org\/fr\/wp-json\/wp\/v2\/users\/1"}],"replies":[{"embeddable":true,"href":"https:\/\/www.valentano.org\/fr\/wp-json\/wp\/v2\/comments?post=56"}],"version-history":[{"count":0,"href":"https:\/\/www.valentano.org\/fr\/wp-json\/wp\/v2\/pages\/56\/revisions"}],"up":[{"embeddable":true,"href":"https:\/\/www.valentano.org\/fr\/wp-json\/wp\/v2\/pages\/12"}],"wp:attachment":[{"href":"https:\/\/www.valentano.org\/fr\/wp-json\/wp\/v2\/media?parent=56"}],"curies":[{"name":"wp","href":"https:\/\/api.w.org\/{rel}","templated":true}]}}