{"id":55,"date":"2013-04-27T13:31:39","date_gmt":"2013-04-27T11:31:39","guid":{"rendered":"http:\/\/demo.valentano.org\/la-ex-eglise-de-l-eschio\/"},"modified":"2013-04-27T13:31:39","modified_gmt":"2013-04-27T11:31:39","slug":"la-ex-eglise-de-l-eschio","status":"publish","type":"page","link":"https:\/\/www.valentano.org\/fr\/home-fr\/la-ex-eglise-de-l-eschio\/","title":{"rendered":"La ex \u00c9glise de \u00ab\u00a0l&rsquo;Eschio\u00a0\u00bb"},"content":{"rendered":"<div align=\"center\"><a href=\"http:\/\/demo.valentano.org\/wp-content\/uploads\/2013\/04\/cheschio01-e3e.jpg\" target=\"_blank\" rel=\"noopener\"><img loading=\"lazy\" decoding=\"async\" class=\" size-full wp-image-1111\" src=\"http:\/\/demo.valentano.org\/wp-content\/uploads\/2013\/04\/thumb_cheschio01-acc.jpg\" border=\"0\" alt=\"L'ex \u00c9glise de &quot;l'Eschio&quot;\" width=\"300\" height=\"225\" \/><\/a><\/div>\n<div align=\"center\"><span style=\"font-family: arial,helvetica;\"><span style=\"color: #ff0000;\">Cliquer sur l&rsquo;image pour l&rsquo;agrandir<\/span><\/span><\/div>\n<p>L&rsquo;\u00c9glise, situ\u00e9e hors du centre habit\u00e9 de Valentano, est aujourd&rsquo;hui en complet \u00e9tat d&rsquo;abandon: ses fen\u00eatres et son toit sont effondr\u00e9s. Ce temple est rectangulaire, \u00e0 une seule nef et quatre colonnes vo\u00fbt\u00e9es, pr\u00e9sente un toit \u00e0 chevrons et un seul autel.<\/p>\n<p align=\"center\"><a href=\"http:\/\/demo.valentano.org\/wp-content\/uploads\/2013\/04\/cheschio02-a44.jpg\" target=\"_blank\" rel=\"noopener\"><img loading=\"lazy\" decoding=\"async\" class=\" size-full wp-image-1125\" src=\"http:\/\/demo.valentano.org\/wp-content\/uploads\/2013\/04\/thumb_cheschio02-eb6.jpg\" border=\"0\" width=\"225\" height=\"300\" \/><\/a><\/p>\n<p><span style=\"font-family: arial,helvetica;\"><span style=\"font-family: arial,helvetica;\">La table et l&rsquo;autel sont devant l&rsquo;abside o\u00f9 l&rsquo;on trouve le tronc creus\u00e9 d&rsquo;une pluricentenaire plante de ch\u00eane pedoncul\u00e9 sur laquelle \u00e9tait originairement plac\u00e9e la tuile avec l&rsquo;image peinte de la Sainte Vierge avec l&rsquo;Enfant, nomm\u00e9e justement \u00ab\u00a0Madonna dell&rsquo;Eschio\u00a0\u00bb. L&rsquo;autel, en stuc polychrome, couvre la hauteur enti\u00e8re de l&rsquo;\u00c9glise et son \u00e9dicule est finement ouvrag\u00e9. Au dessus de la table, ench\u00e2ss\u00e9e entre deux colonnes, il y a l&rsquo;encadrement surmont\u00e9 de deux anges \u00e0 ronde-bosse entre lequel \u00e9tait plac\u00e9e la v\u00e9n\u00e9rable tuile.<\/span><\/span><\/p>\n<p align=\"center\"><a href=\"http:\/\/demo.valentano.org\/wp-content\/uploads\/2013\/04\/cheschio03-992.jpg\" target=\"_blank\" rel=\"noopener\"><img loading=\"lazy\" decoding=\"async\" class=\" size-full wp-image-1139\" src=\"http:\/\/demo.valentano.org\/wp-content\/uploads\/2013\/04\/thumb_cheschio03-d60.jpg\" border=\"0\" width=\"225\" height=\"300\" \/><\/a>\u00a0<a href=\"http:\/\/demo.valentano.org\/wp-content\/uploads\/2013\/04\/cheschio04-2b0.jpg\" target=\"_blank\" rel=\"noopener\"><img loading=\"lazy\" decoding=\"async\" class=\" size-full wp-image-1153\" src=\"http:\/\/demo.valentano.org\/wp-content\/uploads\/2013\/04\/thumb_cheschio04-642.jpg\" border=\"0\" width=\"224\" height=\"300\" \/><\/a><\/p>\n<p>La l\u00e9gende raconte que la tuile avec la Sainte image de la Vierge fut trouv\u00e9e pendue au tronc du pluricentenaire ch\u00eane plac\u00e9 aux pieds du Mont \u00ab\u00a0Nero\u00a0\u00bb et bien que la Sainte image f\u00fbt transport\u00e9e dans l&rsquo;<a href=\"fr\/visite\/l-eglise-collegiale-de-s-giovanni-evangelista\">\u00c9glise Coll\u00e9giale de Saint Jean<\/a>, le jour apr\u00e8s elle \u00e9tait retrouv\u00e9e pendue \u00e0 l&rsquo;arbre.<br \/> Le prodige fut interpr\u00e9t\u00e9 comme la volont\u00e9 de la Vierge de faire b\u00e2tir sur le lieu une \u00e9glise et porta \u00e0 l&rsquo;\u00e9rection d&rsquo;une petite chapelle dans laquelle fut englob\u00e9 le centenaire f\u00fbt, d\u00e9j\u00e0 sec, sur lequel la tuile fut d\u00e9finitivement plac\u00e9e. Autour de ce primitif noyau on \u00e9rigea successivement l&rsquo;entier saint b\u00e2timent qui avait au premier \u00e9tage un couvent pour les Carmes et qui, pour ses techniques de ma\u00e7onnerie on peut dater d\u00e8s le XVI si\u00e8cle.<\/p>\n","protected":false},"excerpt":{"rendered":"<p>Cliquer sur l&rsquo;image pour l&rsquo;agrandir L&rsquo;\u00c9glise, situ\u00e9e hors du centre habit\u00e9 de Valentano, est aujourd&rsquo;hui en complet \u00e9tat d&rsquo;abandon: ses fen\u00eatres et son toit sont effondr\u00e9s. Ce temple est rectangulaire, \u00e0 une seule nef et quatre colonnes vo\u00fbt\u00e9es, pr\u00e9sente un toit \u00e0 chevrons et un seul autel. La table et l&rsquo;autel sont devant l&rsquo;abside o\u00f9&hellip; <a class=\"more-link\" href=\"https:\/\/www.valentano.org\/fr\/home-fr\/la-ex-eglise-de-l-eschio\/\">Poursuivre la lecture <span class=\"screen-reader-text\">La ex \u00c9glise de \u00ab\u00a0l&rsquo;Eschio\u00a0\u00bb<\/span><\/a><\/p>\n","protected":false},"author":1,"featured_media":0,"parent":12,"menu_order":29,"comment_status":"closed","ping_status":"closed","template":"","meta":{"_acf_changed":false,"footnotes":""},"class_list":["post-55","page","type-page","status-publish","hentry","entry"],"acf":[],"_links":{"self":[{"href":"https:\/\/www.valentano.org\/fr\/wp-json\/wp\/v2\/pages\/55","targetHints":{"allow":["GET"]}}],"collection":[{"href":"https:\/\/www.valentano.org\/fr\/wp-json\/wp\/v2\/pages"}],"about":[{"href":"https:\/\/www.valentano.org\/fr\/wp-json\/wp\/v2\/types\/page"}],"author":[{"embeddable":true,"href":"https:\/\/www.valentano.org\/fr\/wp-json\/wp\/v2\/users\/1"}],"replies":[{"embeddable":true,"href":"https:\/\/www.valentano.org\/fr\/wp-json\/wp\/v2\/comments?post=55"}],"version-history":[{"count":0,"href":"https:\/\/www.valentano.org\/fr\/wp-json\/wp\/v2\/pages\/55\/revisions"}],"up":[{"embeddable":true,"href":"https:\/\/www.valentano.org\/fr\/wp-json\/wp\/v2\/pages\/12"}],"wp:attachment":[{"href":"https:\/\/www.valentano.org\/fr\/wp-json\/wp\/v2\/media?parent=55"}],"curies":[{"name":"wp","href":"https:\/\/api.w.org\/{rel}","templated":true}]}}