{"id":54,"date":"2013-04-27T13:30:52","date_gmt":"2013-04-27T11:30:52","guid":{"rendered":"http:\/\/demo.valentano.org\/l-eglise-des-templiers-santa-maria-ad-templum\/"},"modified":"2013-04-27T13:30:52","modified_gmt":"2013-04-27T11:30:52","slug":"l-eglise-des-templiers-santa-maria-ad-templum","status":"publish","type":"page","link":"https:\/\/www.valentano.org\/fr\/home-fr\/l-eglise-des-templiers-santa-maria-ad-templum\/","title":{"rendered":"L&rsquo;\u00c9glise des Templiers \u00ab\u00a0Santa Maria ad templum\u00a0\u00bb"},"content":{"rendered":"<div align=\"center\"><a href=\"http:\/\/demo.valentano.org\/wp-content\/uploads\/2013\/04\/commenda1-ee2.jpg\" target=\"_blank\" rel=\"noopener\"> <img loading=\"lazy\" decoding=\"async\" class=\" size-full wp-image-1055\" src=\"http:\/\/demo.valentano.org\/wp-content\/uploads\/2013\/04\/thumb_commenda1-1b2.jpg\" border=\"0\" alt=\"Les ruines de l'\u00c9glise &quot;Sancta Maria ad Templum&quot;\" width=\"300\" height=\"185\" \/><\/a> \u00a0 <a href=\"http:\/\/demo.valentano.org\/wp-content\/uploads\/2013\/04\/commenda2-a98.jpg\" target=\"_blank\" rel=\"noopener\"><img loading=\"lazy\" decoding=\"async\" class=\" size-full wp-image-1069\" src=\"http:\/\/demo.valentano.org\/wp-content\/uploads\/2013\/04\/thumb_commenda2-5c8.jpg\" border=\"0\" alt=\"Particulier de la ex \u00c9glise de la &quot;Commenda&quot;\" width=\"300\" height=\"189\" \/><\/a> <span style=\"color: #ff0000;\"><br \/> Cliquer sur les images pour les agrandir<\/span><\/div>\n<p>Aujourd&rsquo;hui de cette \u00c9glise et de l&rsquo;ensemble monumental qui l&rsquo;entourait il y a seulement des ruines croulantes. Il est regrettable qu&rsquo;un si important t\u00e9moignage historique du village soit tomb\u00e9 pratiquement en ruine. <br \/> Il est attest\u00e9 qu&rsquo;en 1309, ann\u00e9e du commencement du proc\u00e8s qui amena \u00e0 la suppression de l&rsquo;Ordre des Templiers, \u00e0 la porte de cette \u00c9glise on afficha les relatives citations.<br \/> En 1312 l&rsquo; \u00c9glise fut remise aux Hospitaliers et apr\u00e8s aux Chevaliers de l&rsquo;Ordre de Malte qui y plac\u00e8rent leurs armoiries en travertin.<br \/> Un grand fragment du fresque de la moiti\u00e9 du XV si\u00e8cle, attribuable \u00e0 l&rsquo;\u00e9cole ombrienne siennoise, avec la Vierge Marie assise sur le tr\u00f4ne, Saint Enfant et Ange, trouv\u00e9 dans l&rsquo; \u00c9glise, fut d\u00e9tach\u00e9 en 1987 et plac\u00e9 dans la Salle des R\u00e9unions de la biblioth\u00e8que civique.<\/p>\n<p align=\"center\"><a href=\"http:\/\/demo.valentano.org\/wp-content\/uploads\/2013\/04\/commenda4-26c.jpg\" target=\"_blank\" rel=\"noopener\"><img loading=\"lazy\" decoding=\"async\" class=\" size-full wp-image-1083\" src=\"http:\/\/demo.valentano.org\/wp-content\/uploads\/2013\/04\/thumb_commenda4-d3c.jpg\" border=\"0\" alt=\"Vieille image de la fa\u00e7ade de l' \u00c9glise\" width=\"300\" height=\"212\" \/><\/a><\/p>\n<p align=\"center\"><a href=\"http:\/\/demo.valentano.org\/wp-content\/uploads\/2013\/04\/commenda5-1ba.jpg\" target=\"_blank\" rel=\"noopener\"><img loading=\"lazy\" decoding=\"async\" class=\" size-full wp-image-1097\" src=\"http:\/\/demo.valentano.org\/wp-content\/uploads\/2013\/04\/thumb_commenda5-eea.jpg\" border=\"0\" alt=\"Armoiries des Chevaliers de l'Ordre de Malte d\u00e9j\u00e0 plac\u00e9es sur la fa\u00e7ade\" width=\"205\" height=\"300\" \/><\/a><\/p>\n","protected":false},"excerpt":{"rendered":"<p>\u00a0 Cliquer sur les images pour les agrandir Aujourd&rsquo;hui de cette \u00c9glise et de l&rsquo;ensemble monumental qui l&rsquo;entourait il y a seulement des ruines croulantes. Il est regrettable qu&rsquo;un si important t\u00e9moignage historique du village soit tomb\u00e9 pratiquement en ruine. Il est attest\u00e9 qu&rsquo;en 1309, ann\u00e9e du commencement du proc\u00e8s qui amena \u00e0 la suppression&hellip; <a class=\"more-link\" href=\"https:\/\/www.valentano.org\/fr\/home-fr\/l-eglise-des-templiers-santa-maria-ad-templum\/\">Poursuivre la lecture <span class=\"screen-reader-text\">L&rsquo;\u00c9glise des Templiers \u00ab\u00a0Santa Maria ad templum\u00a0\u00bb<\/span><\/a><\/p>\n","protected":false},"author":1,"featured_media":0,"parent":12,"menu_order":31,"comment_status":"closed","ping_status":"closed","template":"","meta":{"_acf_changed":false,"footnotes":""},"class_list":["post-54","page","type-page","status-publish","hentry","entry"],"acf":[],"_links":{"self":[{"href":"https:\/\/www.valentano.org\/fr\/wp-json\/wp\/v2\/pages\/54","targetHints":{"allow":["GET"]}}],"collection":[{"href":"https:\/\/www.valentano.org\/fr\/wp-json\/wp\/v2\/pages"}],"about":[{"href":"https:\/\/www.valentano.org\/fr\/wp-json\/wp\/v2\/types\/page"}],"author":[{"embeddable":true,"href":"https:\/\/www.valentano.org\/fr\/wp-json\/wp\/v2\/users\/1"}],"replies":[{"embeddable":true,"href":"https:\/\/www.valentano.org\/fr\/wp-json\/wp\/v2\/comments?post=54"}],"version-history":[{"count":0,"href":"https:\/\/www.valentano.org\/fr\/wp-json\/wp\/v2\/pages\/54\/revisions"}],"up":[{"embeddable":true,"href":"https:\/\/www.valentano.org\/fr\/wp-json\/wp\/v2\/pages\/12"}],"wp:attachment":[{"href":"https:\/\/www.valentano.org\/fr\/wp-json\/wp\/v2\/media?parent=54"}],"curies":[{"name":"wp","href":"https:\/\/api.w.org\/{rel}","templated":true}]}}