{"id":49,"date":"2013-04-27T12:52:19","date_gmt":"2013-04-27T10:52:19","guid":{"rendered":"http:\/\/demo.valentano.org\/la-forteresse-et-le-chateau-farnese\/"},"modified":"2013-04-27T12:52:19","modified_gmt":"2013-04-27T10:52:19","slug":"la-forteresse-et-le-chateau-farnese","status":"publish","type":"page","link":"https:\/\/www.valentano.org\/fr\/la-forteresse-et-le-chateau-farnese\/","title":{"rendered":"La Forteresse et le Ch\u00e2teau Farnese"},"content":{"rendered":"<p>Selon les nouvelles historiques connues, le Ch\u00e2teau de Valentano fut b\u00e2ti environ 1053 comme une strucrure de d\u00e9fense. On peut penser que \u00e0 cette \u00e9poque un mur d&rsquo;enceinte renfermait un fort avec une tour, l&rsquo;\u00e9glise d\u00e9di\u00e9e \u00e0 Saint Jean et les premi\u00e8res maisons.<br \/> La guerre entre Orvieto et Viterbo conduisit \u00e0 une s\u00e9rie de destructions et de reconstructions du Ch\u00e2teau jusqu&rsquo;au feu de 1252 qui, selon la tradition, br\u00fbla une partie du village, sauv\u00e9 par Sainte Agathe, protectrice contre les incendies.<br \/> Le Ch\u00e2teau, \u00e0 partir du donjon octogonal fut reconstruit en 1296 sur des p\u00e9existents b\u00e2timents m\u00e9di\u00e9vaux de d\u00e9fense.<br \/> En 1327 sous Louis le Bavarois le village et ses murs subirent de graves endommagements et d&rsquo;autres en furent produits en 1350 par les troupes de Giovanni di Vico, pr\u00e9fet de Viterbo.<\/p>\n<p align=\"center\"><a href=\"http:\/\/demo.valentano.org\/wp-content\/uploads\/2013\/04\/rocca02-9ae.jpg\" target=\"_blank\" rel=\"noopener\"><img loading=\"lazy\" decoding=\"async\" class=\" size-full wp-image-1349\" src=\"http:\/\/demo.valentano.org\/wp-content\/uploads\/2013\/04\/thumb_rocca02-1eb.jpg\" border=\"0\" alt=\"L'ancienne construction vue du Mont Starnina\" width=\"300\" height=\"213\" \/><\/a><br \/> <span style=\"font-family: arial,helvetica;\"><span style=\"color: #ff0000; font-family: arial,helvetica;\">Cliquer sur l&rsquo;image pour l&rsquo;agrandir<\/span><\/span><\/p>\n<p>Pour notre Ch\u00e2teau des ann\u00e9es de paix commenc\u00e8rent avec l&rsquo;arriv\u00e9e des Farnese qui en prirent possession en 1354, au temps du cardinal Albornoz, pendant le s\u00e9jour des papes \u00e0 Avignon. Dans la suite les Farnese devinrent seigneurs de Valentano et d&rsquo;autres centres limitrophes.<br \/> Ils habit\u00e8rent le Ch\u00e2teau avec plus d&rsquo;assiduit\u00e9 vers 1400, lorsque une partie du monument fut restaur\u00e9e et on b\u00e2tit une tourelle ronde situ\u00e9e \u00e0 l&rsquo;orient. On ex\u00e9cuta encore plusieurs travaux vers la fin du XV si\u00e8cle quand on r\u00e9alisa la cour d&rsquo;amour en 1488, en occasion du mariage de Angelo, fils de Pier Luigi senior, avec Lella Orsini de Pitigliano.<br \/> La cour c\u00e9l\u00e8bre ce mariage \u00e0 travers l&rsquo;union des armoiries des deux familles et l&rsquo;all\u00e9gorie de la floraison du lys des Farnese qui apparait sur les chapitaux de la colonnade inf\u00e9rieure, \u0153uvre de valeur d&rsquo;un certain Lorenzo, tailleur de pierre de Firenze.<\/p>\n<p align=\"center\"><a href=\"http:\/\/demo.valentano.org\/wp-content\/uploads\/2013\/04\/rocca05-28c.jpg\" target=\"_blank\" rel=\"noopener\"><img loading=\"lazy\" decoding=\"async\" class=\" size-full wp-image-1363\" src=\"http:\/\/demo.valentano.org\/wp-content\/uploads\/2013\/04\/thumb_rocca05-ac9.jpg\" border=\"0\" alt=\"L'imposant donjon octogonal\" width=\"193\" height=\"300\" \/><\/a><\/p>\n<p>On eut d&rsquo;autres tranformations en occasion du mariage de Pier Luigi Farnese junior et de Geronima Orsini en 1519 avec des interventions de Antonio da Sangallo le Jeune (comme il apparait dans la margelle du puits en travertine situ\u00e9 sur un c\u00f4t\u00e9 de la cour, dans quelques \u00e9l\u00e9ments comme portails, montants des fen\u00eatres et surtout dans la monumentale chemin\u00e9e plac\u00e9e dans la \u00ab\u00a0Sala Ducale\u00a0\u00bb \u00e0 l&rsquo;\u00e9tage sup\u00e9rieur. Ce furent les ann\u00e9es les plus belles de la vie du Ch\u00e2teau parce que des personnages importants y naquirent: Alessandro et Ranuccio, futurs cardinaux, les ducs Ottavio et Orazio et Vittoria, duchesse d&rsquo;Urbino.<br \/> En 1534 Alessandro Farnese fut \u00e9lu pape sous le nom de Paolo III. C&rsquo;est lui qui voulut b\u00e2tir la grande loggia vers l&rsquo;Ouest, \u00e0 onze arcs en tuf et briques \u00e0 l&rsquo;\u00e9tage sup\u00e9rieur et qui est appel\u00e9e Loggia Paolo III.<\/p>\n<p align=\"center\"><a href=\"http:\/\/demo.valentano.org\/wp-content\/uploads\/2013\/04\/veduta06-ab6.jpg\" target=\"_blank\" rel=\"noopener\"><img loading=\"lazy\" decoding=\"async\" class=\" size-full wp-image-1377\" src=\"http:\/\/demo.valentano.org\/wp-content\/uploads\/2013\/04\/thumb_veduta06-a1e.jpg\" border=\"0\" alt=\"Le Ch\u00e2teau et la Forteresse. A' gauche le clocher de l'\u00c9glise Coll\u00e9giale\" width=\"207\" height=\"300\" \/><\/a><\/p>\n<p>En 1537 Pier Luigi devint duc de Castro et en 1535 de Parma et Piacenza. <br \/> Le Ch\u00e2teau fut habit\u00e9 encore par la duchesse Gerolama Orsini et par son fils, le cardinal Alessandro Farnese qui fit b\u00e2tir un grand escalier peint \u00e0 fresque, pour monter vers ses appartements.<br \/> Les Farnese furent oblig\u00e9s \u00e0 abandonner le Ch\u00e2teau de Valentano en 1649, apr\u00e8s la guerre contre l&rsquo;\u00c9tat de l&rsquo;\u00c9glise et la destruction de Castro, capital du Duch\u00e9.<br \/> Le monument fut utilis\u00e9 d&rsquo;abord comme magasin \u00e0 bl\u00e9 et prison de la communaut\u00e9 et, \u00e0 partir de 1731, comme monast\u00e8re des s\u0153urs dominicaines qui tranform\u00e8rent plusieurs parties du Ch\u00e2teau et en particulier b\u00e2tirent une \u00ab\u00a0Scala Santa\u00a0\u00bb \u00e0 la place de l&rsquo;ancien escalier de Alessandro Farnese.<br \/> Pendant la p\u00e9riode du Risorgimento une aile du Ch\u00e2teau fut habit\u00e9e par une garnison de Zouaves, soldats fran\u00e7ais envoy\u00e9s \u00e0 Valentano par Pio IX pour combattre contre les Garibaldiens (de 1867 \u00e0 1870).<br \/> Vers 1930 les s\u0153urs du monast\u00e8re furent tranf\u00e9r\u00e9es \u00e0 Gubbio, alors la commune affecta le Ch\u00e2teau \u00e0 accueillir l&rsquo;\u00e9cole primaire et des pi\u00e8ces furent m\u00eame utilis\u00e9es comme habitation.<br \/> Abandonn\u00e9 depuis 1957, le Ch\u00e2teau a \u00e9t\u00e9 restaur\u00e9 \u00e0 partir de 1979.<br \/> Aujourd&rsquo;hui il est le si\u00e8ge de la <a href=\"it\/home-it\/cultura-e-tradizioni\/biblioteca\">biblioth\u00e8que<\/a> (depuis 1989) et du <a href=\"fr\/home-fr\/visite\/musee-de-la-prehistoire-de-la-tuscia-et-de-la-forteresse-farnese\">Mus\u00e9e de la Pr\u00e9histoire de la Tuscia<\/a>, inaugur\u00e9 en 1996.<\/p>\n<p align=\"center\"><span style=\"font-family: arial,helvetica;\"><a href=\"http:\/\/demo.valentano.org\/wp-content\/uploads\/2013\/04\/rocca07-520.jpg\" target=\"_blank\" rel=\"noopener\"><img loading=\"lazy\" decoding=\"async\" class=\" size-full wp-image-1391\" src=\"http:\/\/demo.valentano.org\/wp-content\/uploads\/2013\/04\/thumb_rocca07-d65.jpg\" border=\"0\" alt=\"La Forteresse vue par de sous la Colonnade\" width=\"208\" height=\"300\" \/><\/a> <\/span><\/p>\n","protected":false},"excerpt":{"rendered":"<p>Selon les nouvelles historiques connues, le Ch\u00e2teau de Valentano fut b\u00e2ti environ 1053 comme une strucrure de d\u00e9fense. On peut penser que \u00e0 cette \u00e9poque un mur d&rsquo;enceinte renfermait un fort avec une tour, l&rsquo;\u00e9glise d\u00e9di\u00e9e \u00e0 Saint Jean et les premi\u00e8res maisons. La guerre entre Orvieto et Viterbo conduisit \u00e0 une s\u00e9rie de destructions&hellip; <a class=\"more-link\" href=\"https:\/\/www.valentano.org\/fr\/la-forteresse-et-le-chateau-farnese\/\">Poursuivre la lecture <span class=\"screen-reader-text\">La Forteresse et le Ch\u00e2teau Farnese<\/span><\/a><\/p>\n","protected":false},"author":1,"featured_media":0,"parent":0,"menu_order":38,"comment_status":"closed","ping_status":"closed","template":"","meta":{"_acf_changed":false,"footnotes":""},"class_list":["post-49","page","type-page","status-publish","hentry","entry"],"acf":[],"_links":{"self":[{"href":"https:\/\/www.valentano.org\/fr\/wp-json\/wp\/v2\/pages\/49","targetHints":{"allow":["GET"]}}],"collection":[{"href":"https:\/\/www.valentano.org\/fr\/wp-json\/wp\/v2\/pages"}],"about":[{"href":"https:\/\/www.valentano.org\/fr\/wp-json\/wp\/v2\/types\/page"}],"author":[{"embeddable":true,"href":"https:\/\/www.valentano.org\/fr\/wp-json\/wp\/v2\/users\/1"}],"replies":[{"embeddable":true,"href":"https:\/\/www.valentano.org\/fr\/wp-json\/wp\/v2\/comments?post=49"}],"version-history":[{"count":0,"href":"https:\/\/www.valentano.org\/fr\/wp-json\/wp\/v2\/pages\/49\/revisions"}],"wp:attachment":[{"href":"https:\/\/www.valentano.org\/fr\/wp-json\/wp\/v2\/media?parent=49"}],"curies":[{"name":"wp","href":"https:\/\/api.w.org\/{rel}","templated":true}]}}