{"id":30,"date":"2013-04-27T00:50:44","date_gmt":"2013-04-26T22:50:44","guid":{"rendered":"http:\/\/demo.valentano.org\/l-eglise-de-la-madonna-del-monte\/"},"modified":"2023-01-20T08:35:51","modified_gmt":"2023-01-20T07:35:51","slug":"l-eglise-de-la-madonna-del-monte","status":"publish","type":"page","link":"https:\/\/www.valentano.org\/fr\/home-fr\/l-eglise-de-la-madonna-del-monte\/","title":{"rendered":"L&rsquo;\u00c9glise de \u00ab\u00a0La Madonna del Monte\u00a0\u00bb"},"content":{"rendered":"<div align=\"center\"><a href=\"http:\/\/demo.valentano.org\/wp-content\/uploads\/2013\/04\/cmonte01-150.jpg\" target=\"_blank\" rel=\"noopener\"><img loading=\"lazy\" decoding=\"async\" class=\" size-full wp-image-873\" src=\"http:\/\/demo.valentano.org\/wp-content\/uploads\/2013\/04\/thumb_cmonte01-1f8.jpg\" border=\"0\" alt=\"Vue de la petite \u00c9glise de la &quot;Madonna del Monte&quot;\" width=\"300\" height=\"190\" \/><\/a> <br \/> <span style=\"color: #ff0000;\">Cliquer sur l&rsquo;image pour l&rsquo;agrandir<\/span><\/div>\n<p>Sur le sommet de la Colline de Montenero, qui domine Valentano, s&rsquo;\u00e9l\u00e8ve la petite \u00c9glise de la \u00a0\u00bb Madonna del Monte\u00a0\u00bb ou \u00ab\u00a0Madonna della Piet\u00e0\u00a0\u00bb, \u00e9difi\u00e9e autour de 1853. <br \/> La petite toile \u00e0 l&rsquo;huile ici v\u00e9n\u00e9e\u00e9e et qui r\u00e9presente la Sainte Vierge et le Christ Mort entre ses bras, de la moiti\u00e9 du XIX si\u00e8cle, est gard\u00e9e sans l&rsquo; \u00c9glise Coll\u00e9giale.<\/p>\n<div align=\"center\">\n<p><a href=\"http:\/\/demo.valentano.org\/wp-content\/uploads\/2013\/04\/cmonte02-52a.jpg\" target=\"_blank\" rel=\"noopener\"><img loading=\"lazy\" decoding=\"async\" class=\" size-full wp-image-887\" src=\"http:\/\/demo.valentano.org\/wp-content\/uploads\/2013\/04\/thumb_cmonte02-582.jpg\" border=\"0\" alt=\"La porte de l'\u00c9glise de la &quot;Madonna del Monte&quot; de M. le professeur Balestra\" width=\"185\" height=\"300\" \/><\/a><\/p>\n<\/div>\n<p>La porte est une \u0153uvre de M. le professeur Balestra, artiste local dont les travaux sont connus et appr\u00e9ci\u00e9s par les amateurs d&rsquo;art moderne.<\/p>\n","protected":false},"excerpt":{"rendered":"<p>Cliquer sur l&rsquo;image pour l&rsquo;agrandir Sur le sommet de la Colline de Montenero, qui domine Valentano, s&rsquo;\u00e9l\u00e8ve la petite \u00c9glise de la \u00a0\u00bb Madonna del Monte\u00a0\u00bb ou \u00ab\u00a0Madonna della Piet\u00e0\u00a0\u00bb, \u00e9difi\u00e9e autour de 1853. La petite toile \u00e0 l&rsquo;huile ici v\u00e9n\u00e9e\u00e9e et qui r\u00e9presente la Sainte Vierge et le Christ Mort entre ses bras, de&hellip; <a class=\"more-link\" href=\"https:\/\/www.valentano.org\/fr\/home-fr\/l-eglise-de-la-madonna-del-monte\/\">Poursuivre la lecture <span class=\"screen-reader-text\">L&rsquo;\u00c9glise de \u00ab\u00a0La Madonna del Monte\u00a0\u00bb<\/span><\/a><\/p>\n","protected":false},"author":1,"featured_media":0,"parent":12,"menu_order":51,"comment_status":"closed","ping_status":"closed","template":"","meta":{"_acf_changed":false,"footnotes":""},"class_list":["post-30","page","type-page","status-publish","hentry","entry"],"acf":[],"_links":{"self":[{"href":"https:\/\/www.valentano.org\/fr\/wp-json\/wp\/v2\/pages\/30","targetHints":{"allow":["GET"]}}],"collection":[{"href":"https:\/\/www.valentano.org\/fr\/wp-json\/wp\/v2\/pages"}],"about":[{"href":"https:\/\/www.valentano.org\/fr\/wp-json\/wp\/v2\/types\/page"}],"author":[{"embeddable":true,"href":"https:\/\/www.valentano.org\/fr\/wp-json\/wp\/v2\/users\/1"}],"replies":[{"embeddable":true,"href":"https:\/\/www.valentano.org\/fr\/wp-json\/wp\/v2\/comments?post=30"}],"version-history":[{"count":1,"href":"https:\/\/www.valentano.org\/fr\/wp-json\/wp\/v2\/pages\/30\/revisions"}],"predecessor-version":[{"id":6056,"href":"https:\/\/www.valentano.org\/fr\/wp-json\/wp\/v2\/pages\/30\/revisions\/6056"}],"up":[{"embeddable":true,"href":"https:\/\/www.valentano.org\/fr\/wp-json\/wp\/v2\/pages\/12"}],"wp:attachment":[{"href":"https:\/\/www.valentano.org\/fr\/wp-json\/wp\/v2\/media?parent=30"}],"curies":[{"name":"wp","href":"https:\/\/api.w.org\/{rel}","templated":true}]}}