{"id":25,"date":"2013-04-27T00:47:22","date_gmt":"2013-04-26T22:47:22","guid":{"rendered":"http:\/\/demo.valentano.org\/l-eglise-de-santa-croce\/"},"modified":"2023-01-20T08:35:51","modified_gmt":"2023-01-20T07:35:51","slug":"l-eglise-de-santa-croce","status":"publish","type":"page","link":"https:\/\/www.valentano.org\/fr\/home-fr\/l-eglise-de-santa-croce\/","title":{"rendered":"L&rsquo;\u00c9glise de \u00ab\u00a0Santa Croce\u00a0\u00bb"},"content":{"rendered":"<div align=\"center\"><a href=\"http:\/\/demo.valentano.org\/wp-content\/uploads\/2013\/04\/scroce2-669.jpg\" target=\"_blank\" rel=\"noopener\"><img loading=\"lazy\" decoding=\"async\" class=\" size-full wp-image-831\" src=\"http:\/\/demo.valentano.org\/wp-content\/uploads\/2013\/04\/thumb_scroce2-e2c.jpg\" border=\"0\" alt=\"L'\u00c9glise de &quot;Santa Croce&quot;\" width=\"192\" height=\"300\" \/><\/a><\/div>\n<div align=\"center\"><span style=\"color: #ff0000;\">Cliquer sur l&rsquo;image pour l&rsquo;agrandir<\/span><\/div>\n<p>C&rsquo;est une des \u00c9glises les plus anciennes du village, o\u00f9 l&rsquo;on garde un fresque de prix, d&rsquo;\u00e9cole ombrienne-sennoise, de la moiti\u00e9 du XV si\u00e8cle. Il s&rsquo;agit de la Sainte Vierge avec l&rsquo;Enfant et \u00ab\u00a0flagellants\u00a0\u00bb ou \u00ab\u00a0battants\u00a0\u00bb, un mouvement p\u00e9nitential actif en Umbria depuis le XIII si\u00e8cle.<\/p>\n<p align=\"center\"><a href=\"http:\/\/demo.valentano.org\/wp-content\/uploads\/2013\/04\/scroce1-213.jpg\" target=\"_blank\" rel=\"noopener\"><img loading=\"lazy\" decoding=\"async\" class=\" size-full wp-image-845\" src=\"http:\/\/demo.valentano.org\/wp-content\/uploads\/2013\/04\/thumb_scroce1-a56.jpg\" border=\"0\" alt=\"Ange orant, d\u00e9tail du fresque\" width=\"189\" height=\"300\" \/><\/a><\/p>\n<p>L&rsquo;\u00c9glise d&rsquo;aujourd&rsquo;hui est la restructuration de la moiti\u00e9 du XVII si\u00e8cle de l&rsquo;ancien oratoire de \u00ab\u00a0Santa Maria dei Battenti\u00a0\u00bb.<\/p>\n<p align=\"center\"><a href=\"http:\/\/demo.valentano.org\/wp-content\/uploads\/2013\/04\/scroce3-5bf.jpg\" target=\"_blank\" rel=\"noopener\"><img loading=\"lazy\" decoding=\"async\" class=\" size-full wp-image-859\" src=\"http:\/\/demo.valentano.org\/wp-content\/uploads\/2013\/04\/thumb_scroce3-dfa.jpg\" border=\"0\" alt=\"D\u00e9di\u00e9 aux soldats morts en guerre de Valentano\" width=\"225\" height=\"300\" \/><\/a><\/p>\n","protected":false},"excerpt":{"rendered":"<p>Cliquer sur l&rsquo;image pour l&rsquo;agrandir C&rsquo;est une des \u00c9glises les plus anciennes du village, o\u00f9 l&rsquo;on garde un fresque de prix, d&rsquo;\u00e9cole ombrienne-sennoise, de la moiti\u00e9 du XV si\u00e8cle. Il s&rsquo;agit de la Sainte Vierge avec l&rsquo;Enfant et \u00ab\u00a0flagellants\u00a0\u00bb ou \u00ab\u00a0battants\u00a0\u00bb, un mouvement p\u00e9nitential actif en Umbria depuis le XIII si\u00e8cle. L&rsquo;\u00c9glise d&rsquo;aujourd&rsquo;hui est la&hellip; <a class=\"more-link\" href=\"https:\/\/www.valentano.org\/fr\/home-fr\/l-eglise-de-santa-croce\/\">Poursuivre la lecture <span class=\"screen-reader-text\">L&rsquo;\u00c9glise de \u00ab\u00a0Santa Croce\u00a0\u00bb<\/span><\/a><\/p>\n","protected":false},"author":1,"featured_media":0,"parent":12,"menu_order":56,"comment_status":"closed","ping_status":"closed","template":"","meta":{"_acf_changed":false,"footnotes":""},"class_list":["post-25","page","type-page","status-publish","hentry","entry"],"acf":[],"_links":{"self":[{"href":"https:\/\/www.valentano.org\/fr\/wp-json\/wp\/v2\/pages\/25","targetHints":{"allow":["GET"]}}],"collection":[{"href":"https:\/\/www.valentano.org\/fr\/wp-json\/wp\/v2\/pages"}],"about":[{"href":"https:\/\/www.valentano.org\/fr\/wp-json\/wp\/v2\/types\/page"}],"author":[{"embeddable":true,"href":"https:\/\/www.valentano.org\/fr\/wp-json\/wp\/v2\/users\/1"}],"replies":[{"embeddable":true,"href":"https:\/\/www.valentano.org\/fr\/wp-json\/wp\/v2\/comments?post=25"}],"version-history":[{"count":1,"href":"https:\/\/www.valentano.org\/fr\/wp-json\/wp\/v2\/pages\/25\/revisions"}],"predecessor-version":[{"id":6055,"href":"https:\/\/www.valentano.org\/fr\/wp-json\/wp\/v2\/pages\/25\/revisions\/6055"}],"up":[{"embeddable":true,"href":"https:\/\/www.valentano.org\/fr\/wp-json\/wp\/v2\/pages\/12"}],"wp:attachment":[{"href":"https:\/\/www.valentano.org\/fr\/wp-json\/wp\/v2\/media?parent=25"}],"curies":[{"name":"wp","href":"https:\/\/api.w.org\/{rel}","templated":true}]}}