{"id":21,"date":"2013-04-27T00:41:35","date_gmt":"2013-04-26T22:41:35","guid":{"rendered":"http:\/\/demo.valentano.org\/l-eglise-de-santa-maria\/"},"modified":"2023-01-20T08:35:50","modified_gmt":"2023-01-20T07:35:50","slug":"l-eglise-de-santa-maria","status":"publish","type":"page","link":"https:\/\/www.valentano.org\/fr\/home-fr\/l-eglise-de-santa-maria\/","title":{"rendered":"L&rsquo;\u00c9glise de \u00ab\u00a0Santa Maria\u00a0\u00bb"},"content":{"rendered":"<div align=\"center\"><a href=\"http:\/\/www.valentano.org\/images\/smaria01.jpg\" target=\"_blank\" rel=\"noopener\"><img loading=\"lazy\" decoding=\"async\" src=\"http:\/\/www.valentano.org\/images\/thumb_smaria01.jpg\" border=\"0\" alt=\"La fa\u00e7ade de l'\u00c9glise de \n\t  Santa Maria\" width=\"186\" height=\"300\" \/><\/a> <br \/> <span style=\"color: #ff0000;\">Cliquer sur l&rsquo;image pour l&rsquo;agrandir<\/span><\/div>\n<p>Elle est situ\u00e9e le long de la rue omonime (aujourd&rsquo;hui rue Matteotti). Ses origines sont tr\u00e8s anciennes et on peut les fixer au moins au XV si\u00e8cle, mais l&rsquo;\u00c9glise est aujourd&rsquo;hui compl\u00e8tement transform\u00e9e: \u00e0 l&rsquo;origine elle \u00e9tait orient\u00e9e vers Nord, mais au temps des Farnese (vers 1520) on l&rsquo;orienta vers l&rsquo;Est pour aligner son entr\u00e9e \u00e0 la nouvelle rue de \u00ab\u00a0Santa Maria\u00a0\u00bb trac\u00e9e et r\u00e9alis\u00e9e par Pier Luigi Farnese junior. Aujourd&rsquo;hui elle se pr\u00e9sente selon la restructuration ex\u00e9cut\u00e9e de 1736 \u00e0 1744 par initiative du pr\u00eatre Pietro Amari.<\/p>\n<p align=\"center\"><a href=\"http:\/\/demo.valentano.org\/wp-content\/uploads\/2013\/04\/chstmar_int-276.jpg\" target=\"_blank\" rel=\"noopener\"><img loading=\"lazy\" decoding=\"async\" class=\" size-full wp-image-803\" src=\"http:\/\/demo.valentano.org\/wp-content\/uploads\/2013\/04\/thumb_chstmar_int-d49.jpg\" border=\"0\" alt=\"Int\u00e9rieur de l'\u00c9glise de Sainte Maria\" width=\"221\" height=\"300\" \/><\/a><\/p>\n<p>Il y a un beau fresque avec l&rsquo;image de la ainsi-dite \u00ab\u00a0Madonna della rosa\u00a0\u00bb dont on ne connait pas l&rsquo;auteur, mais qui est une des primitives images sacres v\u00e9n\u00e9r\u00e9es dans l&rsquo;\u00c9glise. Une image en bois de la \u00ab\u00a0Madonna della Coroncina\u00a0\u00bb (restaur\u00e9e vers 1736), un \u00ab\u00a0Ecce Homo\u00a0\u00bb en bois du XVIII si\u00e8cle et une peinture murale \u00e0 l&rsquo;huile de S. Cannucciari avec la Crucifixion de 1897 ont eux aussi un consid\u00e9rable inter\u00eat artistique.<\/p>\n<p align=\"center\"><a href=\"http:\/\/demo.valentano.org\/wp-content\/uploads\/2013\/04\/gav_coroncina-9ee.jpg\" target=\"_blank\" rel=\"noopener\"><img loading=\"lazy\" decoding=\"async\" class=\" size-full wp-image-817\" src=\"http:\/\/demo.valentano.org\/wp-content\/uploads\/2013\/04\/thumb_gav_coroncina-010.jpg\" border=\"0\" alt=\"Sainte Vierge de la Coroncina (chapelet)\" width=\"144\" height=\"300\" \/><\/a><\/p>\n<p>Dans l&rsquo;\u00c9glise est gard\u00e9e aussi bien la Statue de la Sainte Vierge de la Coroncina (chapelet), dont la r\u00e9cuperation et la restauration ont \u00e9t\u00e9 soign\u00e9s r\u00e9cemment par le G.A.V. Gruppo Archeologico \u00ab\u00a0Verentum\u00a0\u00bb; la restauration des parties en bois a \u00e9t\u00e9 soign\u00e9 par la restauratrice M.me Cristina Codeluppi, pendant que \u00e0 la styliste M.me Anna Cruciani on doit l&rsquo;\u00e9tude et la r\u00e9alisation du pr\u00e9cieux habit.<\/p>\n","protected":false},"excerpt":{"rendered":"<p>Cliquer sur l&rsquo;image pour l&rsquo;agrandir Elle est situ\u00e9e le long de la rue omonime (aujourd&rsquo;hui rue Matteotti). Ses origines sont tr\u00e8s anciennes et on peut les fixer au moins au XV si\u00e8cle, mais l&rsquo;\u00c9glise est aujourd&rsquo;hui compl\u00e8tement transform\u00e9e: \u00e0 l&rsquo;origine elle \u00e9tait orient\u00e9e vers Nord, mais au temps des Farnese (vers 1520) on l&rsquo;orienta vers&hellip; <a class=\"more-link\" href=\"https:\/\/www.valentano.org\/fr\/home-fr\/l-eglise-de-santa-maria\/\">Poursuivre la lecture <span class=\"screen-reader-text\">L&rsquo;\u00c9glise de \u00ab\u00a0Santa Maria\u00a0\u00bb<\/span><\/a><\/p>\n","protected":false},"author":1,"featured_media":0,"parent":12,"menu_order":64,"comment_status":"closed","ping_status":"closed","template":"","meta":{"_acf_changed":false,"footnotes":""},"class_list":["post-21","page","type-page","status-publish","hentry","entry"],"acf":[],"_links":{"self":[{"href":"https:\/\/www.valentano.org\/fr\/wp-json\/wp\/v2\/pages\/21","targetHints":{"allow":["GET"]}}],"collection":[{"href":"https:\/\/www.valentano.org\/fr\/wp-json\/wp\/v2\/pages"}],"about":[{"href":"https:\/\/www.valentano.org\/fr\/wp-json\/wp\/v2\/types\/page"}],"author":[{"embeddable":true,"href":"https:\/\/www.valentano.org\/fr\/wp-json\/wp\/v2\/users\/1"}],"replies":[{"embeddable":true,"href":"https:\/\/www.valentano.org\/fr\/wp-json\/wp\/v2\/comments?post=21"}],"version-history":[{"count":1,"href":"https:\/\/www.valentano.org\/fr\/wp-json\/wp\/v2\/pages\/21\/revisions"}],"predecessor-version":[{"id":6054,"href":"https:\/\/www.valentano.org\/fr\/wp-json\/wp\/v2\/pages\/21\/revisions\/6054"}],"up":[{"embeddable":true,"href":"https:\/\/www.valentano.org\/fr\/wp-json\/wp\/v2\/pages\/12"}],"wp:attachment":[{"href":"https:\/\/www.valentano.org\/fr\/wp-json\/wp\/v2\/media?parent=21"}],"curies":[{"name":"wp","href":"https:\/\/api.w.org\/{rel}","templated":true}]}}