{"id":17,"date":"2013-04-27T00:31:33","date_gmt":"2013-04-26T22:31:33","guid":{"rendered":"http:\/\/demo.valentano.org\/l-eglise-collegiale-de-s-giovanni-evangelista\/"},"modified":"2023-01-20T08:35:49","modified_gmt":"2023-01-20T07:35:49","slug":"l-eglise-collegiale-de-s-giovanni-evangelista","status":"publish","type":"page","link":"https:\/\/www.valentano.org\/fr\/home-fr\/l-eglise-collegiale-de-s-giovanni-evangelista\/","title":{"rendered":"L&rsquo;\u00c9glise Coll\u00e9giale de S. Giovanni Evangelista"},"content":{"rendered":"<div align=\"center\"><a href=\"http:\/\/demo.valentano.org\/wp-content\/uploads\/2013\/04\/ccolle06-74f.jpg\" target=\"_blank\" rel=\"noopener\"><img loading=\"lazy\" decoding=\"async\" class=\" size-full wp-image-691\" src=\"http:\/\/demo.valentano.org\/wp-content\/uploads\/2013\/04\/thumb_ccolle06-7e7.jpg\" border=\"0\" width=\"300\" height=\"199\" \/><\/a><br \/> <span style=\"color: #ff0000;\">Cliquer sur l&rsquo;image pour l&rsquo;agrandir<\/span><\/div>\n<p>\u00c9difi\u00e9e autour de l&rsquo;an 1000 en style roman, l&rsquo;\u00e9glise d\u00e9di\u00e9e \u00e0 l&rsquo;ap\u00f4tre Saint Jean \u00c9vang\u00e9liste, a \u00e9t\u00e9 restructur\u00e9e plusieurs fois jusqu&rsquo;\u00e0 l&rsquo;\u00e9tat actuel. La fa\u00e7ade a \u00e9t\u00e9 recnstruite vers la moiti\u00e9 du XV si\u00e8cle avec l&#8217;emplacements des armoiries de Alessandro Farnese junior (Valentano 1520 &#8211; Roma 1589), de l&rsquo;\u00c9v\u00eaque de Montefiascone (Card. Bentivoglio) et de la communaut\u00e9 de Valentano (image de Saint Jean \u00c9vang\u00e9liste qui a pr\u00e9c\u00e9d\u00e9 les armoiries actuelles avec l&#8217;embl\u00e8me de l&rsquo;arbre d&rsquo;aulne).<\/p>\n<p align=\"center\"><a href=\"http:\/\/demo.valentano.org\/wp-content\/uploads\/2013\/04\/ccolle01-c6d.jpg\" target=\"_blank\" rel=\"noopener\"><img loading=\"lazy\" decoding=\"async\" class=\" size-full wp-image-705\" src=\"http:\/\/demo.valentano.org\/wp-content\/uploads\/2013\/04\/thumb_ccolle01-cc5.jpg\" border=\"0\" width=\"300\" height=\"205\" \/><\/a>. <a href=\"http:\/\/demo.valentano.org\/wp-content\/uploads\/2013\/04\/ccolle03-bc1.jpg\" target=\"_blank\" rel=\"noopener\"><img loading=\"lazy\" decoding=\"async\" class=\" size-full wp-image-719\" src=\"http:\/\/demo.valentano.org\/wp-content\/uploads\/2013\/04\/thumb_ccolle03-b69.jpg\" border=\"0\" width=\"186\" height=\"205\" \/><\/a><\/p>\n<p>Le titre d&rsquo;\u00e9glise paroissiale, enlev\u00e9 \u00e0 l&rsquo;\u00e9glise omonyme plac\u00e9e \u00e0 l&rsquo;ext\u00e9rieur des murs, fut donn\u00e9 \u00e0 ce sacre \u00e9difice en 1253 par le pape Innocenzo IV.<br \/> L&rsquo;int\u00e9rieur se pr\u00e9sente dans toute sa splendeur baroque, selon la transformation qu&rsquo;on voulut faire de ce monument entre la fin du XVII et le d\u00e9but du XVIII si\u00e8cle. Des interventions pr\u00e9c\u00e9dentes on a sauv\u00e9 un fresque de la Crucifixion attribu\u00e9 \u00e0 Marcello Venusti. La statue en bois de la Sainte Vierge de l&rsquo;Assomption, donn\u00e9e \u00e0 l&rsquo;\u00c9glise par le pr\u00eatre G.B. Lazzari, est de la moiti\u00e9 du XVII si\u00e8cle.<br \/> .<\/p>\n<p align=\"center\"><a href=\"http:\/\/demo.valentano.org\/wp-content\/uploads\/2013\/04\/madass02-981.jpg\" target=\"_blank\" rel=\"noopener\"><img loading=\"lazy\" decoding=\"async\" class=\" size-full wp-image-733\" src=\"http:\/\/demo.valentano.org\/wp-content\/uploads\/2013\/04\/thumb_madass02-929.jpg\" border=\"0\" alt=\"La Madonna Assunta viene portata in processione la sera del 14 agosto\" width=\"204\" height=\"300\" \/><\/a>\u00a0<a href=\"http:\/\/demo.valentano.org\/wp-content\/uploads\/2013\/04\/ccolle05-335.jpg\" target=\"_blank\" rel=\"noopener\"><img loading=\"lazy\" decoding=\"async\" class=\" size-full wp-image-747\" src=\"http:\/\/demo.valentano.org\/wp-content\/uploads\/2013\/04\/thumb_ccolle05-39d.jpg\" border=\"0\" alt=\"La parte terminale del campanile ha forma esagonale\" width=\"220\" height=\"300\" \/><\/a><\/p>\n<p align=\"center\">\u00a0<\/p>\n<p>D&rsquo;autres splendides toiles sont \u0153uvre de Corrado Giaquinto (Sainte Vierge, Enfant et \u00e2mes du purgatoire), de Pietro Lucatelli (Notre Dame du Rosaire avec Saint Dominique et Sainte Cath\u00e9rine du XVIII si\u00e8cle). Deux toiles de la fin du XVIII si\u00e8cle d\u00e9di\u00e9es au patron Saint Jean sont \u0153uvre du peintre Pietro Padroni originaire de Citt\u00e0 della Pieve et apr\u00e8s demeurant \u00e0 Valentano. Parmi les autres toiles on doit signaler celle de Alessandro Mattia de Farnese, d\u00e9fini par quelqu&rsquo;un le \u00ab\u00a0peintre de Valentano\u00a0\u00bb (Sainte Vierge avec Enfant et les Saints Pierre et Paul, provenant de l&rsquo;\u00c9glise de \u00ab\u00a0Santa Maria\u00a0\u00bb) et celle du peintre F. M. Bonifazi de Viterbo avec Saint Fran\u00e7ois, Sainte Lucie et Sainte Agathe (cette \u0153uvre est en mauvais \u00e9tat de conservation).<br \/> Sous le ma\u00eetre-autel on conserve l&rsquo;urne artistique avec la relique du compatron Giustino Martyr, Saint au nom impos\u00e9.<\/p>\n<p align=\"center\"><a href=\"http:\/\/demo.valentano.org\/wp-content\/uploads\/2013\/04\/ccolle_r1-a30.jpg\" target=\"_blank\" rel=\"noopener\"><img loading=\"lazy\" decoding=\"async\" class=\" size-full wp-image-761\" src=\"http:\/\/demo.valentano.org\/wp-content\/uploads\/2013\/04\/th_ccolle_r1-ad5.jpg\" border=\"0\" alt=\"Il soffitto della Chiesa Collegiata, recentemente restaurato\" width=\"199\" height=\"300\" \/><\/a>\u00a0<a href=\"http:\/\/demo.valentano.org\/wp-content\/uploads\/2013\/04\/ccolle_r2-e4a.jpg\" target=\"_blank\" rel=\"noopener\"><img loading=\"lazy\" decoding=\"async\" class=\" size-full wp-image-775\" src=\"http:\/\/demo.valentano.org\/wp-content\/uploads\/2013\/04\/th_ccolle_r2-eaf.jpg\" border=\"0\" alt=\"La chiesa vista dalla Cantoria. L'evidente deformazione prospettica \u00e8 dovuta all'impiego di un'ottica grandangolare molto potente.\" width=\"300\" height=\"199\" \/><\/a><\/p>\n","protected":false},"excerpt":{"rendered":"<p>Cliquer sur l&rsquo;image pour l&rsquo;agrandir \u00c9difi\u00e9e autour de l&rsquo;an 1000 en style roman, l&rsquo;\u00e9glise d\u00e9di\u00e9e \u00e0 l&rsquo;ap\u00f4tre Saint Jean \u00c9vang\u00e9liste, a \u00e9t\u00e9 restructur\u00e9e plusieurs fois jusqu&rsquo;\u00e0 l&rsquo;\u00e9tat actuel. La fa\u00e7ade a \u00e9t\u00e9 recnstruite vers la moiti\u00e9 du XV si\u00e8cle avec l&#8217;emplacements des armoiries de Alessandro Farnese junior (Valentano 1520 &#8211; Roma 1589), de l&rsquo;\u00c9v\u00eaque de&hellip; <a class=\"more-link\" href=\"https:\/\/www.valentano.org\/fr\/home-fr\/l-eglise-collegiale-de-s-giovanni-evangelista\/\">Poursuivre la lecture <span class=\"screen-reader-text\">L&rsquo;\u00c9glise Coll\u00e9giale de S. Giovanni Evangelista<\/span><\/a><\/p>\n","protected":false},"author":1,"featured_media":0,"parent":12,"menu_order":63,"comment_status":"closed","ping_status":"closed","template":"","meta":{"_acf_changed":false,"footnotes":""},"class_list":["post-17","page","type-page","status-publish","hentry","entry"],"acf":[],"_links":{"self":[{"href":"https:\/\/www.valentano.org\/fr\/wp-json\/wp\/v2\/pages\/17","targetHints":{"allow":["GET"]}}],"collection":[{"href":"https:\/\/www.valentano.org\/fr\/wp-json\/wp\/v2\/pages"}],"about":[{"href":"https:\/\/www.valentano.org\/fr\/wp-json\/wp\/v2\/types\/page"}],"author":[{"embeddable":true,"href":"https:\/\/www.valentano.org\/fr\/wp-json\/wp\/v2\/users\/1"}],"replies":[{"embeddable":true,"href":"https:\/\/www.valentano.org\/fr\/wp-json\/wp\/v2\/comments?post=17"}],"version-history":[{"count":1,"href":"https:\/\/www.valentano.org\/fr\/wp-json\/wp\/v2\/pages\/17\/revisions"}],"predecessor-version":[{"id":6053,"href":"https:\/\/www.valentano.org\/fr\/wp-json\/wp\/v2\/pages\/17\/revisions\/6053"}],"up":[{"embeddable":true,"href":"https:\/\/www.valentano.org\/fr\/wp-json\/wp\/v2\/pages\/12"}],"wp:attachment":[{"href":"https:\/\/www.valentano.org\/fr\/wp-json\/wp\/v2\/media?parent=17"}],"curies":[{"name":"wp","href":"https:\/\/api.w.org\/{rel}","templated":true}]}}