{"id":154,"date":"2013-05-11T16:02:23","date_gmt":"2013-05-11T14:02:23","guid":{"rendered":"http:\/\/demo.valentano.org\/felice-milano-footballeur-azzurro\/"},"modified":"2013-05-11T16:02:23","modified_gmt":"2013-05-11T14:02:23","slug":"felice-milano-footballeur-azzurro","status":"publish","type":"page","link":"https:\/\/www.valentano.org\/fr\/home-fr\/felice-milano-footballeur-azzurro\/","title":{"rendered":"Felice Milano"},"content":{"rendered":"<p><span style=\"color: #660000; font-family: Trebuchet MS,Arial,Helvetica;\"><strong>FELICE MILANO<br \/>UN FOOTBALLEUR \u00ab\u00a0AZZURRO\u00a0\u00bb N\u00c9 \u00c0 VALENTANO<\/strong><\/span><\/p>\n<p align=\"left\"><span style=\"font-family: arial,helvetica;\">Felice Milano, fils de Giovanni et Antonietta Arrigoni, est n\u00e9 le 23 mai 1891 dans un appartement de rue Umberto I (aujourd&rsquo;hui rue A. Gramsci).<br \/>Son p\u00e8re Giovanni Milano \u00e9tait arriv\u00e9 \u00e0 Valentano de Massa Lombarda en qualit\u00e9 de d\u00e9l\u00e9gu\u00e9 de police. \u00c0 ce temps-l\u00e0, Valentano, centre de circonscription judiciaire, \u00e9tait le si\u00e8ge du tribunal de premi\u00e8re instance et avait la prison de la circonscription territoriale. Il ne faut pas oublier que c&rsquo;\u00e9taient les ann\u00e9es de la lutte contre le brigandage et de la contumace du fameux brigand de Cellere Domenico Tiburzi qui se cachait dans la zone comprise entre les terres du vieux Duch\u00e9 de Castro (Valentano, Cellere, Ischia di Castro, Montalto di Castro et surtout dans l&rsquo;immense \u00a0\u00bb Selva del Lamone \u00a0\u00bb pour se d\u00e9placer apr\u00e8s vers les terres de la Maremma toscane).<\/span><\/p>\n<p align=\"center\"><a href=\"http:\/\/demo.valentano.org\/wp-content\/uploads\/2013\/05\/felicemilano1-798.jpg\" target=\"_blank\" rel=\"noopener\"><img loading=\"lazy\" decoding=\"async\" class=\" size-full wp-image-4191\" src=\"http:\/\/demo.valentano.org\/wp-content\/uploads\/2013\/05\/th_felicemilano1-ce1.jpg\" border=\"0\" alt=\"Felice Milano, footballeur &quot;Azzurro&quot; n\u00e9 \u00e0 Valentano, dans la saison 1911-12 jouait dans la Pro Vercelli, champion d'Italie\" width=\"300\" height=\"203\" \/><\/a><\/p>\n<p align=\"left\"><span style=\"font-family: arial,helvetica;\">Sa famille se composait du p\u00e8re Giovanni (n\u00e9 en 1855), de sa femme Antonietta (n\u00e9e en 1857) et de leur premier fils Giuseppe (n\u00e9 en 1887). La naissance de Felice, futur footballeur de la Nationale Italienne eut lieu quelques mois seulement apr\u00e8s leur arriv\u00e9e \u00e0 Valentano. De la documentation, nous ne sommes pas \u00e0 m\u00eame de savoir pendant combien d&rsquo;ann\u00e9es la famille demeura \u00e0 Valentano, ni le lieu o\u00f9 elle se d\u00e9pla\u00e7a apr\u00e8s. <br \/>\u00c0 travers des nouvelles tir\u00e9es des publications sur l&rsquo;histoire du football italien et surtout des nouvelles re\u00e7ues de l&rsquo;Archivio Storico dello Sport Italiano de Modena et du site Internet de la Pro Vercelli, nous savons que Felice Milano v\u00e9cut quelques ann\u00e9es \u00e0 Vercelli et fit partie de l&rsquo;\u00e9quipe Pro Vercelli qui gagna le titre de champion d&rsquo;Italie en 1909, 1911, 1912 et 1913. Dans ces ann\u00e9es son fr\u00e8re Giuseppe Milano \u00e9tait entra\u00eeneur-footballeur (il \u00e9tait indiqu\u00e9 comme Milano I, tandis que Felice comme Milano II). Il y avait deux autres fr\u00e8res footballeurs: Aldo (Milano III) et Remigio (Milano IV). Aldo joua dans l&rsquo;\u00e9quipe Pro Vercelli dans les saisons 1919-20 et 1920-21 et mourut vers la moiti\u00e9 des ann\u00e9es &rsquo;20 au cours d&rsquo;une fusillade qui avait, peut-\u00eatre, des motivations politiques. Remigio joua dans la Pro Vercelli de 1920 \u00e0 1927 et apr\u00e8s dans la Pro Candelo, petite \u00e9quipe de la province de Biella. Tous les deux \u00e9taient n\u00e9s \u00e0 Revere (Mantova), derni\u00e8re \u00e9tape des d\u00e9placements de la famille. <\/span><\/p>\n<p align=\"center\"><a href=\"http:\/\/demo.valentano.org\/wp-content\/uploads\/2013\/05\/felicemilano2-3e2.jpg\" target=\"_blank\" rel=\"noopener\"><img loading=\"lazy\" decoding=\"async\" class=\" size-full wp-image-4205\" src=\"http:\/\/demo.valentano.org\/wp-content\/uploads\/2013\/05\/th_felicemilano2-89b.jpg\" border=\"0\" alt=\"Felice Milano fit partie de la Nationale Italienne et participa \u00e0 cinq matches\" width=\"300\" height=\"205\" \/><\/a><\/p>\n<p align=\"left\"><span style=\"font-family: arial,helvetica;\">Felice fit partie de la Nationale Italienne pendant qu&rsquo;il jouait pour la Pro Vercelli et prit part \u00e0 cinq rencontres (17\/3\/1912 \u00e0 Torino, Italie-France, r\u00e9sultat 3-4 ; 22\/12\/1912 \u00e0 Genova, Italie-Autriche, 1-3 ; 13\/1\/1913 \u00e0 Paris, France-Italie, 1-0 ; 1\/5\/1913 \u00e0 Torino, Italie-Belgique, 1-0 ; 15\/6\/1913, \u00e0 Vienne, Autriche-Italie, 2-0).<br \/>Dans les matches de Torino, 1912, Italie-France, 1913, Italie-Belgique et de Vienne, 1913, Autriche-Italie, les fr\u00e8res Giuseppe et Felice jou\u00e8rent ensemble.<br \/>Du journal \u00ab\u00a0Le Sport Illustr\u00e9\u00a0\u00bb de 1916 nous apprenons que Felice Milano mourut vaillamment pendant qu&rsquo;il combattait comme caporal d&rsquo;infanterie en novembre 1915 \u00e0 Zagora, sur la rive gauche de l&rsquo;Isonzo, qui se trouve aujourd&rsquo;hui en Slov\u00e9nie. Sa photo a \u00e9t\u00e9 publi\u00e9e dans le fascicule 15 f\u00e9vrier 1916 du magazine Le Sport Illustr\u00e9 et la Guerre. <br \/>Son fr\u00e8re Giuseppe fut nomm\u00e9 S\u00e9lectionneur de la Nationale Italienne dans les ann\u00e9es 1920-1921. <\/span><\/p>\n<div align=\"right\">\n<p><span style=\"font-family: arial,helvetica;\"><em>Romualdo Luzi<\/em><\/p>\n<p>Nous remercions Davide Rota de <a href=\"http:\/\/www.datasport.it\/\" target=\"_blank\" rel=\"noopener\">www.datasport.it<\/a> <br \/>pour son int\u00e9r\u00eat \u00e0 l&rsquo;\u00e9gard des origines de Felice Milano <br \/>et pour les photos aimablement envoy\u00e9es.<br \/><\/span><\/p>\n<\/div>\n","protected":false},"excerpt":{"rendered":"<p>FELICE MILANOUN FOOTBALLEUR \u00ab\u00a0AZZURRO\u00a0\u00bb N\u00c9 \u00c0 VALENTANO Felice Milano, fils de Giovanni et Antonietta Arrigoni, est n\u00e9 le 23 mai 1891 dans un appartement de rue Umberto I (aujourd&rsquo;hui rue A. Gramsci).Son p\u00e8re Giovanni Milano \u00e9tait arriv\u00e9 \u00e0 Valentano de Massa Lombarda en qualit\u00e9 de d\u00e9l\u00e9gu\u00e9 de police. \u00c0 ce temps-l\u00e0, Valentano, centre de circonscription&hellip; <a class=\"more-link\" href=\"https:\/\/www.valentano.org\/fr\/home-fr\/felice-milano-footballeur-azzurro\/\">Poursuivre la lecture <span class=\"screen-reader-text\">Felice Milano<\/span><\/a><\/p>\n","protected":false},"author":1,"featured_media":0,"parent":12,"menu_order":3,"comment_status":"closed","ping_status":"closed","template":"","meta":{"_acf_changed":false,"footnotes":""},"class_list":["post-154","page","type-page","status-publish","hentry","entry"],"acf":[],"_links":{"self":[{"href":"https:\/\/www.valentano.org\/fr\/wp-json\/wp\/v2\/pages\/154","targetHints":{"allow":["GET"]}}],"collection":[{"href":"https:\/\/www.valentano.org\/fr\/wp-json\/wp\/v2\/pages"}],"about":[{"href":"https:\/\/www.valentano.org\/fr\/wp-json\/wp\/v2\/types\/page"}],"author":[{"embeddable":true,"href":"https:\/\/www.valentano.org\/fr\/wp-json\/wp\/v2\/users\/1"}],"replies":[{"embeddable":true,"href":"https:\/\/www.valentano.org\/fr\/wp-json\/wp\/v2\/comments?post=154"}],"version-history":[{"count":0,"href":"https:\/\/www.valentano.org\/fr\/wp-json\/wp\/v2\/pages\/154\/revisions"}],"up":[{"embeddable":true,"href":"https:\/\/www.valentano.org\/fr\/wp-json\/wp\/v2\/pages\/12"}],"wp:attachment":[{"href":"https:\/\/www.valentano.org\/fr\/wp-json\/wp\/v2\/media?parent=154"}],"curies":[{"name":"wp","href":"https:\/\/api.w.org\/{rel}","templated":true}]}}