{"id":147,"date":"2013-05-08T21:56:12","date_gmt":"2013-05-08T19:56:12","guid":{"rendered":"http:\/\/demo.valentano.org\/geoarcheologie\/"},"modified":"2013-05-08T21:56:12","modified_gmt":"2013-05-08T19:56:12","slug":"geoarcheologie","status":"publish","type":"page","link":"https:\/\/www.valentano.org\/fr\/geoarcheologie\/","title":{"rendered":"G\u00e9oarch\u00e9ologie"},"content":{"rendered":"<h3 align=\"center\"><span style=\"color: #660000; font-family: Trebuchet MS,Arial,Helvetica;\">R\u00e9cherches g\u00e9oarch\u00e9ologiques dans le lac de Mezzano<\/span><\/h3>\n<p>Le <a href=\"mezzano.htm\">lac de Mezzano<\/a> occupe le fond d&rsquo;un crat\u00e8re qui s&rsquo;est form\u00e9 dans la caldeira de Latera, \u00e0 proximit\u00e9 du marge occidental du lac de Bolsena; il a une forme arrondie, une profondeur maximum d&rsquo;environ 36 m et un p\u00e9rim\u00e8tre de 2.500 m. En hiver 1971 le g\u00e9ologue Lamberto Ferri Ricchi y trouva deux gisements de palafittes, situ\u00e9es \u00e0 des profondeur variables entre 3 et 10 m\u00e8tres; en 1973 la Direction g\u00e9n\u00e9rale Arch\u00e9ologique pour l&rsquo;Etruria Meridionale lui conf\u00e9ra le mandat de s&rsquo;occuper de la r\u00e9cup\u00e9ration du mat\u00e9riel \u00e9mergeant et de r\u00e9aliser les premi\u00e8res recherches. Les r\u00e9sultats de ces travaux sont largement illustr\u00e9s dans trois chapitres du livre \u00ab\u00a0Oltre l&rsquo;avventura\u00a0\u00bb qu&rsquo;on peut voir sur <a href=\"http:\/\/www.assonet.org\" target=\"_blank\" rel=\"noopener\">http:\/\/www.assonet.org<\/a>. On en cite ici une br\u00e8ve synth\u00e8se.<\/p>\n<p align=\"center\"><img loading=\"lazy\" decoding=\"async\" class=\" size-full wp-image-4121\" src=\"http:\/\/demo.valentano.org\/wp-content\/uploads\/2013\/05\/geo003-33d.jpg\" border=\"0\" alt=\"Pr\u00e9paratifs pour la plong\u00e9e: un sophistiqu\u00e9 flash \u00e9l\u00e9ctronique projet\u00e9 et construit par l'auteur\" width=\"227\" height=\"243\" \/><\/p>\n<p>Les travaux subaquatiques conduits dans le lac de Mezzano consist\u00e8rent dans des lev\u00e9s topographiques subaquatiques des gisements &#8211; par des techniques et des moyens qui encore aujourd&rsquo;hui sont consid\u00e9r\u00e9s d&rsquo;avant-garde &#8211; et dans la r\u00e9cup\u00e9ration d&rsquo;une cinquantaine de pots, en bonne partie intacts, trois haches en bronze, une palafitte, quelques meules et d&rsquo;autres importants mat\u00e9riels, dont une partie est aujourd&rsquo;hui expos\u00e9e dans le mus\u00e9e de Valentano. Les pi\u00e8ces en c\u00e9ramique ont \u00e9t\u00e9 attribu\u00e9es \u00e0 la phase du Bronze Moyen, \u00e0 celle du Bronze R\u00e9cent et au d\u00e9but de la phase du Bronze Final. Des \u00e9chantillons en bois du gisement, dat\u00e9s par la m\u00e9thode du radiocarbone, ont fourni des dates qui vont de la moiti\u00e9 du XIV si\u00e8cle \u00e0 la moiti\u00e9 du VII si\u00e8cle avant J.C. et sont pour cela en accord avec l&rsquo;\u00e9poque attribu\u00e9e au mat\u00e9riel arch\u00e9ologique.<\/p>\n<p align=\"center\"><img loading=\"lazy\" decoding=\"async\" class=\" size-full wp-image-4128\" src=\"http:\/\/demo.valentano.org\/wp-content\/uploads\/2013\/05\/geo004-81f.jpg\" border=\"0\" alt=\"Claudio Mocchegiani Carpano installe une balise sur la verticale de la bou\u00e9e; au deuxi\u00e8me plan un bateau plein de r\u00e9cipients en c\u00e9ramique r\u00e9cup\u00e9r\u00e9s du fond du lac de Mezzano\" width=\"227\" height=\"227\" srcset=\"https:\/\/www.valentano.org\/wp-content\/uploads\/2013\/05\/geo004-81f.jpg 227w, https:\/\/www.valentano.org\/wp-content\/uploads\/2013\/05\/geo004-81f-150x150.jpg 150w\" sizes=\"auto, (max-width: 227px) 100vw, 227px\" \/><\/p>\n<p>Les recherches g\u00e9ologiques conduites par l&rsquo;auteur ont \u00e9t\u00e9 particuli\u00e8rement importantes; il identifia, soit sur le fond, soit le long de parties de la couche lacustre, des conformations morphologiqus \u00e0 terrasses, dues \u00e0 une longue permanence des eaux \u00e0 une hauteur sup\u00e9rieure ou inf\u00e9rieure \u00e0 celle actuelle; il constata, en outre, la pr\u00e9sence de pal\u00e9osols submerg\u00e9s qui prouvent des variations de niveau des eaux qui se produisirent soit \u00e0 l&rsquo;\u00e9poque des \u00e9tablissements pr\u00e9historiques, soit dans une \u00e9poque successive.<\/p>\n<p align=\"center\"><img loading=\"lazy\" decoding=\"async\" class=\" size-full wp-image-4135\" src=\"http:\/\/demo.valentano.org\/wp-content\/uploads\/2013\/05\/geo006-fb3.jpg\" border=\"0\" alt=\"Romualdo Luzi, sp\u00e9cialiste d'histoire et arch\u00e9ologie, \u00e0 cette \u00e9poque responsable des services culturels de la Commune de Velentano, collabora activement aux r\u00e9cup\u00e9rations\" width=\"227\" height=\"229\" srcset=\"https:\/\/www.valentano.org\/wp-content\/uploads\/2013\/05\/geo006-fb3.jpg 227w, https:\/\/www.valentano.org\/wp-content\/uploads\/2013\/05\/geo006-fb3-150x150.jpg 150w\" sizes=\"auto, (max-width: 227px) 100vw, 227px\" \/><\/p>\n<p>Il r\u00e9alisa aussi bien une premi\u00e8re datation des niveaux du lac sur la base de l&#8217;emplacement des palafittes, des mat\u00e9riels arch\u00e9ologiques et d&rsquo;\u00e9l\u00e9ments historiques. En effet les niveaux r\u00e9joints par les eaux dans les diff\u00e9rentes p\u00e9riodes ont permis d&rsquo;identifier le lac de Mezzano avec le \u00ab\u00a0Lacus Statoniensis\u00a0\u00bb de Plinio et Seneca qui, comme ils r\u00e9f\u00e8rent, pr\u00e9sentait des \u00ab\u00a0\u00eeles flottantes\u00a0\u00bb \u00e0 l&rsquo;\u00e9poque o\u00f9 les deux \u00e9crivains ont v\u00e9cu, le niveau des eaux se trouvait probablement au maximum de hauteur. Il avait donc envahi la plaine nord-orientale en y cr\u00e9ant un large bassin mar\u00e9cageux qui, par cos\u00e9quent, pr\u00e9sentait les conditions necessaires pour la croissance d&rsquo; \u00eeles flottantes.<\/p>\n<p align=\"center\"><img loading=\"lazy\" decoding=\"async\" class=\" size-full wp-image-4142\" src=\"http:\/\/demo.valentano.org\/wp-content\/uploads\/2013\/05\/geo016-306.jpg\" border=\"0\" alt=\"Michela Manzi montre le tranchant d'une hache en bronze \u00e0 peine r\u00e9cup\u00e9r\u00e9e\" width=\"227\" height=\"228\" srcset=\"https:\/\/www.valentano.org\/wp-content\/uploads\/2013\/05\/geo016-306.jpg 227w, https:\/\/www.valentano.org\/wp-content\/uploads\/2013\/05\/geo016-306-150x150.jpg 150w\" sizes=\"auto, (max-width: 227px) 100vw, 227px\" \/><\/p>\n<p>Plinio et Seneca fournissent donc un possible t\u00e9moignage d&rsquo;un haut niveau du lac de Mezzano pendant le premier si\u00e8cle apr\u00e8s J. C. En outre Plinio, qui traite en diff\u00e9rentes occasions le sujet des \u00eeles flottantes, pourrait avoir tir\u00e9 ces nouvelles par des pr\u00e9c\u00e9dents \u00e9crits d&rsquo;Archim\u00e8de. Celui-ci, en effet, pourrait avoir \u00e9t\u00e9 intrigu\u00e9 juste par ces \u00e9tranges \u00a0\u00bb \u00eeles flottantes\u00a0\u00bb, puisqu&rsquo;il s&rsquo;agissait d&rsquo;un ph\u00e9nom\u00e8ne qui concernait un de ses \u00e9tudes qui le rendirent c\u00e9l\u00e8bre: le flottement des solides dans les liquides. Dans ce cas le haut niveau serait document\u00e9 aussi ou seulement pour le III si\u00e8cle avant J. C.<br \/>Un bas niveau remonterait au V et au VI s\u00e8cle apr\u00e8s J. C.: donc dans ces si\u00e8cles le lac aurait pris un aspect arrondi, semblable \u00e0 celui actuel. Cette forme rappelait celle d&rsquo;une monnaie d&rsquo;usage commun dans cette p\u00e9riode: le \u00ab\u00a0Mezzano\u00a0\u00bb. Ce qui pourrait \u00eatre la raison du nom donn\u00e9 au lac. Un haut niveau successif remonte au XVI si\u00e8cle: le lac qui est repr\u00e9sent\u00e9 sur un mur de la Gal\u00e9rie des cartes g\u00e9ographiques du Vaticano a une forme tr\u00e8s allong\u00e9e, pour cela ses eaux avaient certainement envahi la large plaine agricole de la zone nord-orientale. La m\u00eame forme appara\u00eet dans des cartes encore plus d\u00e9taill\u00e9es des ann\u00e9es successives. On a enfin un abaissement artificiel d\u00e9finitif du lac au XVIII si\u00e8cle, ce qui prouve la permanence d&rsquo;un haut niveau \u00e0 cette \u00e9poque.<br \/>L&rsquo;auteur attribue les consid\u00e9rables variations du niveau du lac, semblables \u00e0 d&rsquo;autres verifi\u00e9es de fa\u00e7on synchrone en d&rsquo;autres lacs de l&rsquo;Italie centrale, \u00e0 la succession de r\u00e9p\u00e9t\u00e9es et intenses variations climatiques qui provoqu\u00e8rent l&rsquo;alternance de climat arides et pluvieux. Il pense donc que les donn\u00e9es pal\u00e9oclimatiques peuvent \u00eatre valablement employ\u00e9es, par des \u00e9tudes conduites en forme interdisciplinaire entre des humanistes et des sp\u00e9cialistes des Scienses de la Terre, pour \u00e9tablir les influences que ces variation ont eu dans la determination de changements dans l&rsquo;\u00e9conomie d&rsquo;une vaste aire et, par cons\u00e9quent, dans l&rsquo;histoire m\u00eame des populations.<\/p>\n<p>\u00a0<\/p>\n<p><span style=\"font-size: small;\">Texte et photos de Lamberto Ferri Ricchi. La documentation, gentiment conc\u00e9d\u00e9e par Assonet pour usage sur www.valentano.org, est tir\u00e9e du livre de Lamberto Ferri Ricchi, <em>\u00ab\u00a0Oltre l&rsquo;avventura\u00a0\u00bb &#8211; Misteri e meraviglie del mondo sotterraneo e sommerso<\/em>, Formello, IRECO, 2001.<br \/><\/span><\/p>\n","protected":false},"excerpt":{"rendered":"<p>R\u00e9cherches g\u00e9oarch\u00e9ologiques dans le lac de Mezzano Le lac de Mezzano occupe le fond d&rsquo;un crat\u00e8re qui s&rsquo;est form\u00e9 dans la caldeira de Latera, \u00e0 proximit\u00e9 du marge occidental du lac de Bolsena; il a une forme arrondie, une profondeur maximum d&rsquo;environ 36 m et un p\u00e9rim\u00e8tre de 2.500 m. En hiver 1971 le g\u00e9ologue&hellip; <a class=\"more-link\" href=\"https:\/\/www.valentano.org\/fr\/geoarcheologie\/\">Poursuivre la lecture <span class=\"screen-reader-text\">G\u00e9oarch\u00e9ologie<\/span><\/a><\/p>\n","protected":false},"author":1,"featured_media":0,"parent":0,"menu_order":5,"comment_status":"closed","ping_status":"closed","template":"","meta":{"_acf_changed":false,"footnotes":""},"class_list":["post-147","page","type-page","status-publish","hentry","entry"],"acf":[],"_links":{"self":[{"href":"https:\/\/www.valentano.org\/fr\/wp-json\/wp\/v2\/pages\/147","targetHints":{"allow":["GET"]}}],"collection":[{"href":"https:\/\/www.valentano.org\/fr\/wp-json\/wp\/v2\/pages"}],"about":[{"href":"https:\/\/www.valentano.org\/fr\/wp-json\/wp\/v2\/types\/page"}],"author":[{"embeddable":true,"href":"https:\/\/www.valentano.org\/fr\/wp-json\/wp\/v2\/users\/1"}],"replies":[{"embeddable":true,"href":"https:\/\/www.valentano.org\/fr\/wp-json\/wp\/v2\/comments?post=147"}],"version-history":[{"count":0,"href":"https:\/\/www.valentano.org\/fr\/wp-json\/wp\/v2\/pages\/147\/revisions"}],"wp:attachment":[{"href":"https:\/\/www.valentano.org\/fr\/wp-json\/wp\/v2\/media?parent=147"}],"curies":[{"name":"wp","href":"https:\/\/api.w.org\/{rel}","templated":true}]}}