{"id":143,"date":"2013-05-06T20:39:23","date_gmt":"2013-05-06T18:39:23","guid":{"rendered":"http:\/\/demo.valentano.org\/corpus-domini-la-jonchee\/"},"modified":"2013-05-06T20:39:23","modified_gmt":"2013-05-06T18:39:23","slug":"corpus-domini-la-jonchee","status":"publish","type":"page","link":"https:\/\/www.valentano.org\/fr\/corpus-domini-la-jonchee\/","title":{"rendered":"Corpus Domini: la jonch\u00e9e"},"content":{"rendered":"<p>La r\u00e9colte de la verdure commence quelques jours avant, suivie de celle plus d\u00e9licate des p\u00e9tales et des boutons; les dessins sont \u00e9tablis par tout le voisinage, on pr\u00e9pare quelques silhouettes en carton ou des maquettes en papier, ou bien on reprend celles des ann\u00e9es pass\u00e9e.<\/p>\n<p align=\"center\"><a href=\"http:\/\/demo.valentano.org\/wp-content\/uploads\/2013\/05\/cd_05-e8b.jpg\" target=\"_blank\" rel=\"noopener\"><img loading=\"lazy\" decoding=\"async\" class=\" size-full wp-image-3778\" src=\"http:\/\/demo.valentano.org\/wp-content\/uploads\/2013\/05\/thumb_cd_05-d72.jpg\" border=\"0\" alt=\"Pr\u00e9paration de la jonch\u00e9e du Corpus Domini devant la Porte Magenta\" width=\"192\" height=\"300\" \/><\/a>\u00a0<a href=\"http:\/\/demo.valentano.org\/wp-content\/uploads\/2013\/05\/cd_06-af1.jpg\" target=\"_blank\" rel=\"noopener\"><img loading=\"lazy\" decoding=\"async\" class=\" size-full wp-image-3792\" src=\"http:\/\/demo.valentano.org\/wp-content\/uploads\/2013\/05\/thumb_cd_06-908.jpg\" border=\"0\" alt=\"Dessins g\u00e9ometriques en Rue Gramsci\" width=\"200\" height=\"300\" \/><\/a><br \/> <span style=\"color: #ff0000;\">Cliquer sur les images pour les agrandir<\/span><\/p>\n<p>La veille au soir tout est pr\u00eat: dessins, p\u00e9tales, feuilles et poudres color\u00e9es&#8230; On met le r\u00e9veil t\u00f4t et le matin suivant dans la rue, courb\u00e9 avec patience, chacun est concentr\u00e9 sur son propre petit coin de d\u00e9coration, petite partie d&rsquo;un projet qui souvent concerne l&rsquo;enti\u00e8re route.<\/p>\n<p align=\"center\"><a href=\"http:\/\/demo.valentano.org\/wp-content\/uploads\/2013\/05\/corpusdo-23a.jpg\" target=\"_blank\" rel=\"noopener\"><img loading=\"lazy\" decoding=\"async\" class=\" size-full wp-image-3806\" src=\"http:\/\/demo.valentano.org\/wp-content\/uploads\/2013\/05\/thumb_corpusdo-292.jpg\" border=\"0\" width=\"300\" height=\"191\" \/><\/a><\/p>\n<p align=\"left\">En 1263 un pr\u00eatre Boh\u00e9mien arriva \u00e0 Bolsena de Rome; il avait des doutes sur la transsubstantiation (les esp\u00e8ces du pain et du vin restent inchang\u00e9es, tandis que la substance se transsubstance dans le corps et sang du Christ). Pendant qu&rsquo;il c\u00e9l\u00e9brait la Sainte Messe, l&rsquo;Hostie commen\u00e7a \u00e0 d\u00e9goutter du sang qui trempa le corporal et tacha la pierre de l&rsquo;autel. Le pape Urbain IV se trouvait dans la voisine ville de Orvieto, alors le peuple de Bolsena, qui avait assist\u00e9 au prodige, prit le lin ensanglant\u00e9 du corporal et l&rsquo;apporta en solennelle procession au Pontife, qui reconnut le miracle et institua la f\u00eate du Corpus Domini.<\/p>\n<p align=\"center\"><a href=\"http:\/\/demo.valentano.org\/wp-content\/uploads\/2013\/05\/cd_04-d5d.jpg\" target=\"_blank\" rel=\"noopener\"><img loading=\"lazy\" decoding=\"async\" class=\" size-full wp-image-3820\" src=\"http:\/\/demo.valentano.org\/wp-content\/uploads\/2013\/05\/thumb_cd_04-ea4.jpg\" border=\"0\" width=\"300\" height=\"197\" \/><\/a><\/p>\n<p align=\"center\"><img loading=\"lazy\" decoding=\"async\" class=\" size-full wp-image-3827\" src=\"http:\/\/demo.valentano.org\/wp-content\/uploads\/2013\/05\/mt26-26-28-75a.gif\" border=\"0\" alt=\"(Mt 26,26) Ora, mentre essi mangiavano, Ges\u00f9 prese il pane e, pronunziata la benedizione, lo spezz\u00f2 e lo diede ai discepoli dicendo: \u00abPrendete e mangiate; questo \u00e8 il mio corpo\u00bb. (27) Poi prese il calice e, dopo aver reso grazie, lo diede loro, dicendo: \u00abBevetene tutti, (28) perch\u00e9 questo \u00e8 il mio sangue dell'alleanza, versato per molti, in remissione dei peccati.\u00bb\" width=\"369\" height=\"141\" \/><\/p>\n<p align=\"center\"><a href=\"http:\/\/demo.valentano.org\/wp-content\/uploads\/2013\/05\/cd_08-102.jpg\" target=\"_blank\" rel=\"noopener\"><img loading=\"lazy\" decoding=\"async\" class=\" size-full wp-image-3841\" src=\"http:\/\/demo.valentano.org\/wp-content\/uploads\/2013\/05\/thumb_cd_08-2fb.jpg\" border=\"0\" width=\"300\" height=\"206\" \/><\/a><\/p>\n<p align=\"center\">\u00ab\u00a0Maintenant je vous le dis: je ne boirai plus de ce produit de la vigne jusqu&rsquo;au jour o\u00f9, avec vous,<br \/> je boirai le vin nouveau dans le Royaume de mon P\u00e8re\u00a0\u00bb(Mt, 26,29)<\/p>\n<p align=\"center\"><a href=\"http:\/\/demo.valentano.org\/wp-content\/uploads\/2013\/05\/cd_09-2d4.jpg\" target=\"_blank\" rel=\"noopener\"><img loading=\"lazy\" decoding=\"async\" class=\" size-full wp-image-3855\" src=\"http:\/\/demo.valentano.org\/wp-content\/uploads\/2013\/05\/thumb_cd_09-12d.jpg\" border=\"0\" width=\"300\" height=\"193\" \/><\/a><\/p>\n<p align=\"center\">Le peuple de Valentano est tr\u00e8s sensible au culte envers Marie et m\u00eame dans les dessins pour la f\u00eate du Corpus Domini un hommage \u00e0 la Sainte M\u00e8re ne manque jamais. \u00ab\u00a0On a vu ensuite dans le ciel un signe impressionnante, une femme rev\u00eatue du soleil, avec la lune sous ses pieds et sur sa t\u00eate une couronne de douze \u00e9toiles\u00a0\u00bb.(Ap. 12,1)<\/p>\n<p align=\"center\"><a href=\"http:\/\/demo.valentano.org\/wp-content\/uploads\/2013\/05\/cd_07-927.jpg\" target=\"_blank\" rel=\"noopener\"><img loading=\"lazy\" decoding=\"async\" class=\" size-full wp-image-3869\" src=\"http:\/\/demo.valentano.org\/wp-content\/uploads\/2013\/05\/thumb_cd_07-ade.jpg\" border=\"0\" width=\"205\" height=\"300\" \/><\/a><\/p>\n<p align=\"center\">\u00ab\u00a0Nous sommes plusieurs, mais nous de venons un seul corps, car il n&rsquo;y a qu&rsquo;un seul pain, et tous nous participons du m\u00eame pain.\u00a0\u00bb (Corinthiens 10,17)<\/p>\n","protected":false},"excerpt":{"rendered":"<p>La r\u00e9colte de la verdure commence quelques jours avant, suivie de celle plus d\u00e9licate des p\u00e9tales et des boutons; les dessins sont \u00e9tablis par tout le voisinage, on pr\u00e9pare quelques silhouettes en carton ou des maquettes en papier, ou bien on reprend celles des ann\u00e9es pass\u00e9e. \u00a0 Cliquer sur les images pour les agrandir La&hellip; <a class=\"more-link\" href=\"https:\/\/www.valentano.org\/fr\/corpus-domini-la-jonchee\/\">Poursuivre la lecture <span class=\"screen-reader-text\">Corpus Domini: la jonch\u00e9e<\/span><\/a><\/p>\n","protected":false},"author":1,"featured_media":0,"parent":0,"menu_order":11,"comment_status":"closed","ping_status":"closed","template":"","meta":{"_acf_changed":false,"footnotes":""},"class_list":["post-143","page","type-page","status-publish","hentry","entry"],"acf":[],"_links":{"self":[{"href":"https:\/\/www.valentano.org\/fr\/wp-json\/wp\/v2\/pages\/143","targetHints":{"allow":["GET"]}}],"collection":[{"href":"https:\/\/www.valentano.org\/fr\/wp-json\/wp\/v2\/pages"}],"about":[{"href":"https:\/\/www.valentano.org\/fr\/wp-json\/wp\/v2\/types\/page"}],"author":[{"embeddable":true,"href":"https:\/\/www.valentano.org\/fr\/wp-json\/wp\/v2\/users\/1"}],"replies":[{"embeddable":true,"href":"https:\/\/www.valentano.org\/fr\/wp-json\/wp\/v2\/comments?post=143"}],"version-history":[{"count":0,"href":"https:\/\/www.valentano.org\/fr\/wp-json\/wp\/v2\/pages\/143\/revisions"}],"wp:attachment":[{"href":"https:\/\/www.valentano.org\/fr\/wp-json\/wp\/v2\/media?parent=143"}],"curies":[{"name":"wp","href":"https:\/\/api.w.org\/{rel}","templated":true}]}}