{"id":142,"date":"2013-05-06T20:38:36","date_gmt":"2013-05-06T18:38:36","guid":{"rendered":"http:\/\/demo.valentano.org\/les-courses-de-chevaux-pur-sang\/"},"modified":"2013-05-06T20:38:36","modified_gmt":"2013-05-06T18:38:36","slug":"les-courses-de-chevaux-pur-sang","status":"publish","type":"page","link":"https:\/\/www.valentano.org\/fr\/les-courses-de-chevaux-pur-sang\/","title":{"rendered":"Les courses de chevaux pur-sang"},"content":{"rendered":"<div align=\"center\"><a href=\"http:\/\/demo.valentano.org\/wp-content\/uploads\/2013\/05\/corsecav01-48f.jpg\" target=\"_blank\" rel=\"noopener\"><img loading=\"lazy\" decoding=\"async\" class=\" size-full wp-image-3680\" src=\"http:\/\/demo.valentano.org\/wp-content\/uploads\/2013\/05\/thumb_corsecav01-07d.jpg\" border=\"0\" alt=\"Course d'inauguration de l'hippodrome &quot;Felceti&quot; (sept.1968)\" width=\"300\" height=\"201\" \/><\/a><br \/> <span style=\"color: #ff0000; font-family: Arial,Helvetica,sans-serif;\">Cliquer sur l&rsquo;image pour l&rsquo;agrandir<\/span><\/div>\n<p><span style=\"font-family: Arial,Helvetica,sans-serif;\">Les r\u00e9unions hippiques de courses au galop de Valentano sont depuis longtemps une \u00e9tape oblig\u00e9e pour tous les amateurs. En effet dans le Nord de la province de Viterbo l&rsquo;unique \u00e9tablissement reconnu par l&rsquo;<a href=\"http:\/\/www.unire.it\/\" target=\"_blank\" rel=\"noopener\">U.N.I.R.E.<\/a> est l&rsquo;hippodrome de Valentano avec son anneau en terre qui exalte les performances du puissant quadrup\u00e8de et l&rsquo;habilet\u00e9 du jokey. <\/span><\/p>\n<p><span style=\"font-family: Arial,Helvetica,sans-serif;\">La collaboration de la <a href=\"http:\/\/www.valentano.org\/proloco.htm\" target=\"mainFrame\" rel=\"noopener\">Pro Loco<\/a> et de l&rsquo;<a href=\"http:\/\/www.valentano.org\/socsport.htm\" target=\"mainFrame\" rel=\"noopener\">Association Sportive<\/a> avec le Groupe Hippique \u00ab\u00a0<a href=\"http:\/\/www.valentano.org\/adccv.htm\" target=\"mainFrame\" rel=\"noopener\">Don Chisciotte<\/a>\u00a0\u00bb rend possible l&rsquo;organisation des courses de chevaux pur-sang dans les mois de mai, juin et septembre.<\/span><\/p>\n<p align=\"center\"><a href=\"http:\/\/demo.valentano.org\/wp-content\/uploads\/2013\/05\/corsecav02-0f5.jpg\" target=\"_blank\" rel=\"noopener\"><img loading=\"lazy\" decoding=\"async\" class=\" size-full wp-image-3694\" src=\"http:\/\/demo.valentano.org\/wp-content\/uploads\/2013\/05\/thumb_corsecav02-407.jpg\" border=\"0\" alt=\"Des moments des courses hippiques\" width=\"300\" height=\"201\" \/><\/a>\u00a0<a href=\"http:\/\/demo.valentano.org\/wp-content\/uploads\/2013\/05\/corsecav03-323.jpg\"><img loading=\"lazy\" decoding=\"async\" class=\" size-full wp-image-3708\" src=\"http:\/\/demo.valentano.org\/wp-content\/uploads\/2013\/05\/thumb_corsecav03-7d1.jpg\" border=\"0\" alt=\"Au galop vers l'arriv\u00e9e\" width=\"300\" height=\"201\" \/><\/a><\/p>\n<p align=\"center\"><a href=\"http:\/\/demo.valentano.org\/wp-content\/uploads\/2013\/05\/corsecav200200-bd2.jpg\" target=\"_blank\" rel=\"noopener\"><img loading=\"lazy\" decoding=\"async\" class=\" size-full wp-image-3722\" src=\"http:\/\/demo.valentano.org\/wp-content\/uploads\/2013\/05\/th_corsecav200200-d5b.jpg\" border=\"0\" alt=\"Les chevaux pr\u00eats aux ordres du starter\" width=\"200\" height=\"300\" \/><\/a>\u00a0<\/p>\n<p align=\"center\"><a href=\"http:\/\/demo.valentano.org\/wp-content\/uploads\/2013\/05\/corsecav200201-804.jpg\" target=\"_blank\" rel=\"noopener\"><img loading=\"lazy\" decoding=\"async\" class=\" size-full wp-image-3736\" src=\"http:\/\/demo.valentano.org\/wp-content\/uploads\/2013\/05\/th_corsecav200201-e8d.jpg\" border=\"0\" alt=\"La derni\u00e8re course de la r\u00e9union hippique du 19 mai 2002, vainqueur le cheval WOODLIKE\" width=\"300\" height=\"200\" \/><\/a>\u00a0<a href=\"http:\/\/demo.valentano.org\/wp-content\/uploads\/2013\/05\/corsecav200202-c7e.jpg\"><img loading=\"lazy\" decoding=\"async\" class=\" size-full wp-image-3750\" src=\"http:\/\/demo.valentano.org\/wp-content\/uploads\/2013\/05\/th_corsecav200202-af7.jpg\" border=\"0\" alt=\"Monsieur Angelo Melaragni consigne le troph\u00e9e &quot;Barracan&quot; \u00e0 l'\u00e9curie vainqueur\" width=\"300\" height=\"200\" \/><\/a><\/p>\n<p style=\"text-align: center;\"><a href=\"http:\/\/demo.valentano.org\/wp-content\/uploads\/2013\/05\/corsecav200203-fa8.jpg\" target=\"_blank\" rel=\"noopener\"><img loading=\"lazy\" decoding=\"async\" class=\" size-full wp-image-3764\" src=\"http:\/\/demo.valentano.org\/wp-content\/uploads\/2013\/05\/th_corsecav200203-921.jpg\" border=\"0\" alt=\"Le responsable de l'\u00e9curie Binarelli montre orgueilleusement le troph\u00e9e &quot;Barracan&quot; gagn\u00e9 avec le cheval WOODLIKE\" width=\"200\" height=\"300\" \/><\/a><\/p>\n","protected":false},"excerpt":{"rendered":"<p>Cliquer sur l&rsquo;image pour l&rsquo;agrandir Les r\u00e9unions hippiques de courses au galop de Valentano sont depuis longtemps une \u00e9tape oblig\u00e9e pour tous les amateurs. En effet dans le Nord de la province de Viterbo l&rsquo;unique \u00e9tablissement reconnu par l&rsquo;U.N.I.R.E. est l&rsquo;hippodrome de Valentano avec son anneau en terre qui exalte les performances du puissant quadrup\u00e8de&hellip; <a class=\"more-link\" href=\"https:\/\/www.valentano.org\/fr\/les-courses-de-chevaux-pur-sang\/\">Poursuivre la lecture <span class=\"screen-reader-text\">Les courses de chevaux pur-sang<\/span><\/a><\/p>\n","protected":false},"author":1,"featured_media":0,"parent":0,"menu_order":12,"comment_status":"closed","ping_status":"closed","template":"","meta":{"_acf_changed":false,"footnotes":""},"class_list":["post-142","page","type-page","status-publish","hentry","entry"],"acf":[],"_links":{"self":[{"href":"https:\/\/www.valentano.org\/fr\/wp-json\/wp\/v2\/pages\/142","targetHints":{"allow":["GET"]}}],"collection":[{"href":"https:\/\/www.valentano.org\/fr\/wp-json\/wp\/v2\/pages"}],"about":[{"href":"https:\/\/www.valentano.org\/fr\/wp-json\/wp\/v2\/types\/page"}],"author":[{"embeddable":true,"href":"https:\/\/www.valentano.org\/fr\/wp-json\/wp\/v2\/users\/1"}],"replies":[{"embeddable":true,"href":"https:\/\/www.valentano.org\/fr\/wp-json\/wp\/v2\/comments?post=142"}],"version-history":[{"count":0,"href":"https:\/\/www.valentano.org\/fr\/wp-json\/wp\/v2\/pages\/142\/revisions"}],"wp:attachment":[{"href":"https:\/\/www.valentano.org\/fr\/wp-json\/wp\/v2\/media?parent=142"}],"curies":[{"name":"wp","href":"https:\/\/api.w.org\/{rel}","templated":true}]}}