{"id":141,"date":"2013-05-06T20:35:13","date_gmt":"2013-05-06T18:35:13","guid":{"rendered":"http:\/\/demo.valentano.org\/la-foire-du-cedrat\/"},"modified":"2013-05-06T20:35:13","modified_gmt":"2013-05-06T18:35:13","slug":"la-foire-du-cedrat","status":"publish","type":"page","link":"https:\/\/www.valentano.org\/fr\/la-foire-du-cedrat\/","title":{"rendered":"La foire du cedrat"},"content":{"rendered":"<p>Les chroniques racontent l&rsquo;institution de la foire annuelle qui remonte \u00e0 l&rsquo;an 1461:<br \/> \u00abAvant d&rsquo;entrer dans le Village il y a un faubourg o\u00f9 le troisi\u00e8me dimanche de Mai on fait la foire annuelle, qui a \u00e9t\u00e9 institu\u00e9e en 1461, renomm\u00e9e pour le b\u00e9tail de race bovine, les chevaux et les \u00e2nes et, de plus, pour les marchandises que les marchands y apportent pour les vendre, et en outre y vont cro\u00eetre des arbres qui vont ombrager une plaisante promenade en rond\u00bb Codoni d. Cruciano, chanoine, Cenni storici intorno alla terra di Valentano, p. 5.<\/p>\n<p align=\"center\"><a href=\"http:\/\/demo.valentano.org\/wp-content\/uploads\/2013\/05\/fiera01-0d7.jpg\" target=\"_blank\" rel=\"noopener\"><img loading=\"lazy\" decoding=\"async\" class=\" size-full wp-image-3624\" src=\"http:\/\/demo.valentano.org\/wp-content\/uploads\/2013\/05\/thumb_fiera01-892.jpg\" border=\"0\" alt=\"Les cedrats en vente chez &quot;Mandino&quot;, le fruitier\" width=\"300\" height=\"189\" \/><br \/> <\/a><span style=\"color: #ff0000;\">Cliquer sur l&rsquo;image pour l&rsquo;agrandir<\/span><\/p>\n<p>Les cedrats en vente chez \u00ab\u00a0Mandino\u00a0\u00bb, le fruitier.<\/p>\n<p align=\"center\"><a href=\"http:\/\/demo.valentano.org\/wp-content\/uploads\/2013\/05\/fiera02-4ad.jpg\" target=\"_blank\" rel=\"noopener\"><img loading=\"lazy\" decoding=\"async\" class=\" size-full wp-image-3638\" src=\"http:\/\/demo.valentano.org\/wp-content\/uploads\/2013\/05\/thumb_fiera02-ce8.jpg\" border=\"0\" alt=\"Valentano plein de bannes et d'\u00e9talages\" width=\"180\" height=\"300\" \/><\/a><\/p>\n<p>Les rues de Valentano couvertes de bannes et d&rsquo;\u00e9talages&#8230;<\/p>\n<p align=\"center\"><a href=\"http:\/\/demo.valentano.org\/wp-content\/uploads\/2013\/05\/fiera03-77b.jpg\" target=\"_blank\" rel=\"noopener\"><img loading=\"lazy\" decoding=\"async\" class=\" size-full wp-image-3652\" src=\"http:\/\/demo.valentano.org\/wp-content\/uploads\/2013\/05\/thumb_fiera03-f3e.jpg\" border=\"0\" alt=\"Les monuments aussi semblent diff\u00e9rents dans cet encadrement joyeux et loin de la tranquillit\u00e9 de tous les jours\" width=\"191\" height=\"300\" \/><\/a><\/p>\n<p>Les monuments aussi semblent diff\u00e9rents dans cet encadrement joyeux et loin de la tranquillit\u00e9 de tous les jours.<\/p>\n<p align=\"center\"><a href=\"http:\/\/demo.valentano.org\/wp-content\/uploads\/2013\/05\/fiera04-c59.jpg\" target=\"_blank\" rel=\"noopener\"><img loading=\"lazy\" decoding=\"async\" class=\" size-full wp-image-3666\" src=\"http:\/\/demo.valentano.org\/wp-content\/uploads\/2013\/05\/thumb_fiera04-41c.jpg\" border=\"0\" alt=\"De Santa Croce jusqu'au centre il y a plein d'\u00e9talages et de monde\" width=\"300\" height=\"195\" \/><\/a><\/p>\n<p align=\"left\"><span style=\"font-family: Arial,Helvetica;\">De Santa Croce jusqu&rsquo;au centre il y a plein d&rsquo;\u00e9talages et de monde.<\/span><\/p>\n","protected":false},"excerpt":{"rendered":"<p>Les chroniques racontent l&rsquo;institution de la foire annuelle qui remonte \u00e0 l&rsquo;an 1461: \u00abAvant d&rsquo;entrer dans le Village il y a un faubourg o\u00f9 le troisi\u00e8me dimanche de Mai on fait la foire annuelle, qui a \u00e9t\u00e9 institu\u00e9e en 1461, renomm\u00e9e pour le b\u00e9tail de race bovine, les chevaux et les \u00e2nes et, de plus,&hellip; <a class=\"more-link\" href=\"https:\/\/www.valentano.org\/fr\/la-foire-du-cedrat\/\">Poursuivre la lecture <span class=\"screen-reader-text\">La foire du cedrat<\/span><\/a><\/p>\n","protected":false},"author":1,"featured_media":0,"parent":0,"menu_order":13,"comment_status":"closed","ping_status":"closed","template":"","meta":{"_acf_changed":false,"footnotes":""},"class_list":["post-141","page","type-page","status-publish","hentry","entry"],"acf":[],"_links":{"self":[{"href":"https:\/\/www.valentano.org\/fr\/wp-json\/wp\/v2\/pages\/141","targetHints":{"allow":["GET"]}}],"collection":[{"href":"https:\/\/www.valentano.org\/fr\/wp-json\/wp\/v2\/pages"}],"about":[{"href":"https:\/\/www.valentano.org\/fr\/wp-json\/wp\/v2\/types\/page"}],"author":[{"embeddable":true,"href":"https:\/\/www.valentano.org\/fr\/wp-json\/wp\/v2\/users\/1"}],"replies":[{"embeddable":true,"href":"https:\/\/www.valentano.org\/fr\/wp-json\/wp\/v2\/comments?post=141"}],"version-history":[{"count":0,"href":"https:\/\/www.valentano.org\/fr\/wp-json\/wp\/v2\/pages\/141\/revisions"}],"wp:attachment":[{"href":"https:\/\/www.valentano.org\/fr\/wp-json\/wp\/v2\/media?parent=141"}],"curies":[{"name":"wp","href":"https:\/\/api.w.org\/{rel}","templated":true}]}}