{"id":139,"date":"2013-05-06T20:27:29","date_gmt":"2013-05-06T18:27:29","guid":{"rendered":"http:\/\/demo.valentano.org\/la-procession-du-christ-mort\/"},"modified":"2013-05-06T20:27:29","modified_gmt":"2013-05-06T18:27:29","slug":"la-procession-du-christ-mort","status":"publish","type":"page","link":"https:\/\/www.valentano.org\/fr\/la-procession-du-christ-mort\/","title":{"rendered":"La Procession du Christ Mort"},"content":{"rendered":"<p align=\"left\">La Procession du Christ Mort de la soir\u00e9e du Vendredi Saint est une des traditions religieuses les plus profondement senties par la population.<\/p>\n<p align=\"center\"><a href=\"http:\/\/demo.valentano.org\/wp-content\/uploads\/2013\/05\/cm_caval-e98.jpg\" target=\"_blank\" rel=\"noopener\"><img loading=\"lazy\" decoding=\"async\" class=\" size-full wp-image-3477\" src=\"http:\/\/demo.valentano.org\/wp-content\/uploads\/2013\/05\/thumb_cm_caval-e30.jpg\" border=\"0\" alt=\"Procession du Christ Mort: des Figurants \u00e0 cheval\" width=\"300\" height=\"194\" \/><\/a><br \/> <span style=\"color: #ff0000;\">Cliquer sur l&rsquo;image pour l&rsquo;agrandir<\/span><\/p>\n<p align=\"left\">Les rues du village, \u00e9clair\u00e9es par une myriade de lampes et de lumi\u00e8res, sont parcourues par la \u00ab\u00a0Via Crucis\u00a0\u00bb \u00e0 laquelle l&rsquo;enti\u00e8re population prend partie avec plus de cent figurants qui repr\u00e9sentent les diff\u00e9rents moments du rite: la C\u00e8ne, le proc\u00e8s, la crucifixion. Beaucoup de gar\u00e7ons portent de diff\u00e9rents symboles et des croix.<\/p>\n<p align=\"center\"><a href=\"http:\/\/demo.valentano.org\/wp-content\/uploads\/2013\/05\/cm_croce-a92.jpg\" target=\"_blank\" rel=\"noopener\"><img loading=\"lazy\" decoding=\"async\" class=\" size-full wp-image-3491\" src=\"http:\/\/demo.valentano.org\/wp-content\/uploads\/2013\/05\/thumb_cm_croce-a3a.jpg\" border=\"0\" alt=\"Procession du Christ Mort: J\u00e9sus porte la Croix\" width=\"300\" height=\"213\" \/><\/a><\/p>\n<p align=\"left\">La Confr\u00e9rie de la Misericorde et celle des Femmes de \u00ab\u00a0l&rsquo;Addolorata\u00a0\u00bb y prennent partie et accompagnent le cercueil du Christ Mort et la statue de Notre Dame des sept douleurs.<\/p>\n<p align=\"center\"><a href=\"http:\/\/demo.valentano.org\/wp-content\/uploads\/2013\/05\/cm_bara-c8e.jpg\" target=\"_blank\" rel=\"noopener\"><img loading=\"lazy\" decoding=\"async\" class=\" size-full wp-image-3505\" src=\"http:\/\/demo.valentano.org\/wp-content\/uploads\/2013\/05\/thumb_cm_bara-4cb.jpg\" border=\"0\" alt=\"Le cercueil avec le Christ Mort port\u00e9e par la Confr\u00e9rie de la Bonne Mort\" width=\"300\" height=\"198\" \/><\/a><\/p>\n<p align=\"left\">La fanfare municipale ex\u00e9cute les traditionnelles marches fun\u00e8bres, tandis que le c\u00e9l\u00e9brant et les gens chantent les anciens chants de la passion:<\/p>\n<p align=\"left\"><em>Mio barbaro cuor&#8230;<\/em><\/p>\n<p align=\"left\"><em> Ges\u00f9 mio con dure funi&#8230;<\/em><\/p>\n<p align=\"left\"><em>Vi prego o Ges\u00f9 buono&#8230;<\/em><\/p>\n<p align=\"left\"><em>Stabat Mater dolorosa&#8230;<\/em><\/p>\n<p align=\"left\"><em>Santa Madre, deh! Voi fate&#8230;<\/em><\/p>\n<p align=\"center\"><a href=\"http:\/\/demo.valentano.org\/wp-content\/uploads\/2013\/05\/cm_sindone-04f.jpg\" target=\"_blank\" rel=\"noopener\"><img loading=\"lazy\" decoding=\"async\" class=\" size-full wp-image-3519\" src=\"http:\/\/demo.valentano.org\/wp-content\/uploads\/2013\/05\/thumb_cm_sindone-4bd.jpg\" border=\"0\" alt=\"Une repr\u00e9sentation du Saint Suaire port\u00e9e par les enfants qui ont fait la Premi\u00e8re Communion\" width=\"300\" height=\"199\" \/><\/a><\/p>\n<p align=\"center\"><a href=\"http:\/\/demo.valentano.org\/wp-content\/uploads\/2013\/05\/cm_pieta-529.jpg\" target=\"_blank\" rel=\"noopener\"><img loading=\"lazy\" decoding=\"async\" class=\" size-full wp-image-3533\" src=\"http:\/\/demo.valentano.org\/wp-content\/uploads\/2013\/05\/thumb_cm_pieta-581.jpg\" border=\"0\" alt=\"La sc\u00e8ne de la D\u00e9position\" width=\"300\" height=\"223\" \/><\/a><\/p>\n","protected":false},"excerpt":{"rendered":"<p>La Procession du Christ Mort de la soir\u00e9e du Vendredi Saint est une des traditions religieuses les plus profondement senties par la population. Cliquer sur l&rsquo;image pour l&rsquo;agrandir Les rues du village, \u00e9clair\u00e9es par une myriade de lampes et de lumi\u00e8res, sont parcourues par la \u00ab\u00a0Via Crucis\u00a0\u00bb \u00e0 laquelle l&rsquo;enti\u00e8re population prend partie avec plus&hellip; <a class=\"more-link\" href=\"https:\/\/www.valentano.org\/fr\/la-procession-du-christ-mort\/\">Poursuivre la lecture <span class=\"screen-reader-text\">La Procession du Christ Mort<\/span><\/a><\/p>\n","protected":false},"author":1,"featured_media":0,"parent":0,"menu_order":16,"comment_status":"closed","ping_status":"closed","template":"","meta":{"_acf_changed":false,"footnotes":""},"class_list":["post-139","page","type-page","status-publish","hentry","entry"],"acf":[],"_links":{"self":[{"href":"https:\/\/www.valentano.org\/fr\/wp-json\/wp\/v2\/pages\/139","targetHints":{"allow":["GET"]}}],"collection":[{"href":"https:\/\/www.valentano.org\/fr\/wp-json\/wp\/v2\/pages"}],"about":[{"href":"https:\/\/www.valentano.org\/fr\/wp-json\/wp\/v2\/types\/page"}],"author":[{"embeddable":true,"href":"https:\/\/www.valentano.org\/fr\/wp-json\/wp\/v2\/users\/1"}],"replies":[{"embeddable":true,"href":"https:\/\/www.valentano.org\/fr\/wp-json\/wp\/v2\/comments?post=139"}],"version-history":[{"count":0,"href":"https:\/\/www.valentano.org\/fr\/wp-json\/wp\/v2\/pages\/139\/revisions"}],"wp:attachment":[{"href":"https:\/\/www.valentano.org\/fr\/wp-json\/wp\/v2\/media?parent=139"}],"curies":[{"name":"wp","href":"https:\/\/api.w.org\/{rel}","templated":true}]}}