{"id":138,"date":"2013-05-06T20:26:46","date_gmt":"2013-05-06T18:26:46","guid":{"rendered":"http:\/\/demo.valentano.org\/la-mort-du-mauvais-carnaval\/"},"modified":"2023-01-20T08:36:16","modified_gmt":"2023-01-20T07:36:16","slug":"la-mort-du-mauvais-carnaval","status":"publish","type":"page","link":"https:\/\/www.valentano.org\/fr\/la-mort-du-mauvais-carnaval\/","title":{"rendered":"La mort du mauvais Carnaval"},"content":{"rendered":"<p align=\"left\">Outre les habituelles danses dans des salles am\u00e9nag\u00e9es, le Carnaval de Valentano est c\u00e9l\u00e9br\u00e9 surtout<br \/> dans les journ\u00e9es de jeudi et de mardi gras (dernier jour de la f\u00eate) avec des mascarades et des bals, souvent accompagn\u00e9s par des chars all\u00e9goriques, dans les rues du village.<\/p>\n<p align=\"center\"><a href=\"http:\/\/demo.valentano.org\/wp-content\/uploads\/2013\/05\/carnevale2-e96.jpg\" target=\"_blank\" rel=\"noopener\"><img loading=\"lazy\" decoding=\"async\" class=\" size-full wp-image-3435\" src=\"http:\/\/demo.valentano.org\/wp-content\/uploads\/2013\/05\/thumb_carnevale2-a64.jpg\" border=\"0\" alt=\"Bal masqu\u00e9 dans la Place\" width=\"300\" height=\"203\" \/><\/a><span style=\"color: #ff0000;\"><br \/> Cliquer sur l&rsquo;image pour l&rsquo;agrandir<\/span><\/p>\n<p align=\"left\">Anciennement le dernier jour du Carnaval on dansait jusqu&rsquo;\u00e0 l&rsquo;aube. Au petit jour, un groupe de gais lurons avec un grand parapluie (<em>la compagnie du ghetto<\/em>) parcourait le village et r\u00e9veillait les compagnons et les amis \u00ab\u00a0dormeurs\u00a0\u00bb pour se faire payer \u00e0 boire dans les caf\u00e9s. Pendant ce temps, ils chantaient le traditionnel couplet:<\/p>\n<p align=\"left\"><em>\u00c8 morto Carnevale e chi le piagner\u00e0<\/em><\/p>\n<p align=\"left\"><em>La Compagnia del ghetto far\u00e0 la carit\u00e0&#8230;<\/em><\/p>\n<p align=\"center\"><a href=\"http:\/\/demo.valentano.org\/wp-content\/uploads\/2013\/05\/carnevale3-d40.jpg\" target=\"_blank\" rel=\"noopener\"><img loading=\"lazy\" decoding=\"async\" class=\" size-full wp-image-3449\" src=\"http:\/\/demo.valentano.org\/wp-content\/uploads\/2013\/05\/thumb_carnevale3-9b2.jpg\" border=\"0\" alt=\"Enfants masqu\u00e9s en f\u00eate\" width=\"300\" height=\"202\" \/><\/a><\/p>\n<p align=\"center\"><a href=\"http:\/\/demo.valentano.org\/wp-content\/uploads\/2013\/05\/carneval-2c3.jpg\" target=\"_blank\" rel=\"noopener\"><img loading=\"lazy\" decoding=\"async\" class=\" size-full wp-image-3463\" src=\"http:\/\/demo.valentano.org\/wp-content\/uploads\/2013\/05\/thumb_carneval-26b.jpg\" border=\"0\" alt=\"Enfants masqu\u00e9s en f\u00eate\" width=\"300\" height=\"203\" \/><\/a><\/p>\n","protected":false},"excerpt":{"rendered":"<p>Outre les habituelles danses dans des salles am\u00e9nag\u00e9es, le Carnaval de Valentano est c\u00e9l\u00e9br\u00e9 surtout dans les journ\u00e9es de jeudi et de mardi gras (dernier jour de la f\u00eate) avec des mascarades et des bals, souvent accompagn\u00e9s par des chars all\u00e9goriques, dans les rues du village. Cliquer sur l&rsquo;image pour l&rsquo;agrandir Anciennement le dernier jour&hellip; <a class=\"more-link\" href=\"https:\/\/www.valentano.org\/fr\/la-mort-du-mauvais-carnaval\/\">Poursuivre la lecture <span class=\"screen-reader-text\">La mort du mauvais Carnaval<\/span><\/a><\/p>\n","protected":false},"author":1,"featured_media":0,"parent":0,"menu_order":17,"comment_status":"closed","ping_status":"closed","template":"","meta":{"_acf_changed":false,"footnotes":""},"class_list":["post-138","page","type-page","status-publish","hentry","entry"],"acf":[],"_links":{"self":[{"href":"https:\/\/www.valentano.org\/fr\/wp-json\/wp\/v2\/pages\/138","targetHints":{"allow":["GET"]}}],"collection":[{"href":"https:\/\/www.valentano.org\/fr\/wp-json\/wp\/v2\/pages"}],"about":[{"href":"https:\/\/www.valentano.org\/fr\/wp-json\/wp\/v2\/types\/page"}],"author":[{"embeddable":true,"href":"https:\/\/www.valentano.org\/fr\/wp-json\/wp\/v2\/users\/1"}],"replies":[{"embeddable":true,"href":"https:\/\/www.valentano.org\/fr\/wp-json\/wp\/v2\/comments?post=138"}],"version-history":[{"count":1,"href":"https:\/\/www.valentano.org\/fr\/wp-json\/wp\/v2\/pages\/138\/revisions"}],"predecessor-version":[{"id":6166,"href":"https:\/\/www.valentano.org\/fr\/wp-json\/wp\/v2\/pages\/138\/revisions\/6166"}],"wp:attachment":[{"href":"https:\/\/www.valentano.org\/fr\/wp-json\/wp\/v2\/media?parent=138"}],"curies":[{"name":"wp","href":"https:\/\/api.w.org\/{rel}","templated":true}]}}