{"id":126,"date":"2013-04-29T11:16:47","date_gmt":"2013-04-29T09:16:47","guid":{"rendered":"http:\/\/demo.valentano.org\/paolo-ruffini-mathematicien\/"},"modified":"2023-01-20T08:36:13","modified_gmt":"2023-01-20T07:36:13","slug":"paolo-ruffini-mathematicien","status":"publish","type":"page","link":"https:\/\/www.valentano.org\/fr\/paolo-ruffini-mathematicien\/","title":{"rendered":"Paolo Ruffini, math\u00e9maticien"},"content":{"rendered":"<p>Voil\u00e0 la maison natale du grand math\u00e9maticien<\/p>\n<p align=\"center\"><span style=\"color: #ff0000; font-family: arial,helvetica;\"><a href=\"http:\/\/demo.valentano.org\/wp-content\/uploads\/2013\/04\/pruffi01-ec2.jpg\" target=\"_blank\" rel=\"noopener\"><img loading=\"lazy\" decoding=\"async\" class=\" size-full wp-image-3155\" src=\"http:\/\/demo.valentano.org\/wp-content\/uploads\/2013\/04\/thumb_pruffi01-02f.jpg\" border=\"0\" alt=\"Maison natale de Paolo Ruffini en Rue Carlo Alberto\" width=\"183\" height=\"300\" \/><\/a><br \/>Cliquer sur l&rsquo;image pour l&rsquo;agrandir<\/span><\/p>\n<p>N\u00e9 \u00e0 Valentano le 22 septembre 1765, Ruffini devint professeur de math\u00e9matique \u00e0 Modena en 1787 \u00e0 22 ans seulement. En 1814 il devint recteur de l&rsquo;universit\u00e9 de Modena, o\u00f9 il mourut en 1822.<br \/>Ruffini est rappel\u00e9 pour avoir \u00e9t\u00e9 le premier \u00e0 faire des \u00e9tudes et \u00e0 effectuer des d\u00e9monstrations sur la th\u00e9orie des ensembles et sur l&rsquo;impossibilit\u00e9 de r\u00e9soudre les \u00e9quations du cinqui\u00e8me degr\u00e9 par les radicaux.<\/p>\n<p align=\"center\"><a href=\"http:\/\/demo.valentano.org\/wp-content\/uploads\/2013\/04\/pruffi03-96e.jpg\" target=\"_blank\" rel=\"noopener\"><img loading=\"lazy\" decoding=\"async\" class=\" size-full wp-image-3169\" src=\"http:\/\/demo.valentano.org\/wp-content\/uploads\/2013\/04\/thumb_pruffi03-783.jpg\" border=\"0\" alt=\"Le beau portail d'entr\u00e9e\" width=\"205\" height=\"300\" \/><\/a><\/p>\n<p>En 1996 l&rsquo;Administration Municipale et le <a href=\"gav_verentum.htm\" target=\"mainFrame\" rel=\"noopener\">Groupe Arch\u00e9ologique Verentum<\/a> ont plac\u00e9 une plaque sur la fa\u00e7ade de la maison natale du math\u00e9maticien que des recherches d&rsquo;archives du professeur Bonafede Mancini et de Romualdo Luzi ont permis de localiser.<\/p>\n<p align=\"center\"><a href=\"http:\/\/demo.valentano.org\/wp-content\/uploads\/2013\/04\/pruffi04-24c.jpg\" target=\"_blank\" rel=\"noopener\"><img loading=\"lazy\" decoding=\"async\" class=\" size-full wp-image-3183\" src=\"http:\/\/demo.valentano.org\/wp-content\/uploads\/2013\/04\/thumb_pruffi04-ca1.jpg\" border=\"0\" alt=\"La targa a ricordo posta dal G.A.V.\" width=\"300\" height=\"191\" \/><\/a><\/p>\n<p>L&rsquo;acte de naissance du grand math\u00e9maticien<\/p>\n<p align=\"center\"><a href=\"http:\/\/demo.valentano.org\/wp-content\/uploads\/2013\/04\/ruffnasc-cea.jpg\" target=\"_blank\" rel=\"noopener\"><img loading=\"lazy\" decoding=\"async\" class=\" size-full wp-image-3197\" src=\"http:\/\/demo.valentano.org\/wp-content\/uploads\/2013\/04\/thumb_ruffnasc-207.jpg\" border=\"0\" alt=\"L'acte de naissance du Paolo Ruffini\" width=\"300\" height=\"243\" \/><\/a><\/p>\n<p align=\"left\"><span style=\"color: #510000;\">Transcription de l&rsquo;acte de naissance<\/span>:<br \/>Dans l&rsquo;ann\u00e9e du Seigneur 1765, le jour 23 de septembre moi Francesco Licca, archipr\u00eatre et cur\u00e9 de cette \u00c9glise Coll\u00e9giale de San Giovanni Ap\u00f4tre et \u00c9vang\u00e9liste de Valentano, j&rsquo;ai baptis\u00e9 un nouveau-n\u00e9 du sexe masculin, n\u00e9 la nuit avant \u00e0 cinq heures du tr\u00e8s excellent Monsieur Basilio Rufini, Docteur Physicien de Regio di Modena (Reggio Emilia) et de Madame Maria Ippoliti de Poggio Mirterto, \u00e9poux l\u00e9gitimes, habitant en Valentano, auquel on imposa le nom: Paolo Giovanni Pacifico Giacinto Bonaventura. Le parrain fut le r\u00e9v\u00e9rend Monsieur Giovanni Paolo Bonucci, la marraine Madame Olimpia Barlocci Rocchi, accoucheuse Caterina Specchioli. C&rsquo;est ainsi. <br \/>Francesco Licca Archipr\u00eatre et cur\u00e9.<\/p>\n<p align=\"center\"><img loading=\"lazy\" decoding=\"async\" class=\" size-full wp-image-3204\" src=\"http:\/\/demo.valentano.org\/wp-content\/uploads\/2013\/04\/ruffini-fc1.jpg\" border=\"0\" alt=\"Ritratto di Paolo Ruffini\" width=\"268\" height=\"326\" srcset=\"https:\/\/www.valentano.org\/wp-content\/uploads\/2013\/04\/ruffini-fc1.jpg 268w, https:\/\/www.valentano.org\/wp-content\/uploads\/2013\/04\/ruffini-fc1-247x300.jpg 247w\" sizes=\"auto, (max-width: 268px) 100vw, 268px\" \/><\/p>\n<p align=\"left\">La \u00ab\u00a0<a href=\"it\/home-it\/personaggi-e-avvenimenti\/paolo-ruffini-matematico\/la-regola-di-ruffini\">r\u00e8gle de Ruffini<\/a>\u00a0\u00bb expliqu\u00e9e par un expert, par des exemples pratiques<\/p>\n","protected":false},"excerpt":{"rendered":"<p>Voil\u00e0 la maison natale du grand math\u00e9maticien Cliquer sur l&rsquo;image pour l&rsquo;agrandir N\u00e9 \u00e0 Valentano le 22 septembre 1765, Ruffini devint professeur de math\u00e9matique \u00e0 Modena en 1787 \u00e0 22 ans seulement. En 1814 il devint recteur de l&rsquo;universit\u00e9 de Modena, o\u00f9 il mourut en 1822.Ruffini est rappel\u00e9 pour avoir \u00e9t\u00e9 le premier \u00e0 faire&hellip; <a class=\"more-link\" href=\"https:\/\/www.valentano.org\/fr\/paolo-ruffini-mathematicien\/\">Poursuivre la lecture <span class=\"screen-reader-text\">Paolo Ruffini, math\u00e9maticien<\/span><\/a><\/p>\n","protected":false},"author":1,"featured_media":0,"parent":0,"menu_order":26,"comment_status":"closed","ping_status":"closed","template":"","meta":{"_acf_changed":false,"footnotes":""},"class_list":["post-126","page","type-page","status-publish","hentry","entry"],"acf":[],"_links":{"self":[{"href":"https:\/\/www.valentano.org\/fr\/wp-json\/wp\/v2\/pages\/126","targetHints":{"allow":["GET"]}}],"collection":[{"href":"https:\/\/www.valentano.org\/fr\/wp-json\/wp\/v2\/pages"}],"about":[{"href":"https:\/\/www.valentano.org\/fr\/wp-json\/wp\/v2\/types\/page"}],"author":[{"embeddable":true,"href":"https:\/\/www.valentano.org\/fr\/wp-json\/wp\/v2\/users\/1"}],"replies":[{"embeddable":true,"href":"https:\/\/www.valentano.org\/fr\/wp-json\/wp\/v2\/comments?post=126"}],"version-history":[{"count":1,"href":"https:\/\/www.valentano.org\/fr\/wp-json\/wp\/v2\/pages\/126\/revisions"}],"predecessor-version":[{"id":6163,"href":"https:\/\/www.valentano.org\/fr\/wp-json\/wp\/v2\/pages\/126\/revisions\/6163"}],"wp:attachment":[{"href":"https:\/\/www.valentano.org\/fr\/wp-json\/wp\/v2\/media?parent=126"}],"curies":[{"name":"wp","href":"https:\/\/api.w.org\/{rel}","templated":true}]}}