{"id":12,"date":"2013-04-26T22:03:53","date_gmt":"2013-04-26T20:03:53","guid":{"rendered":"http:\/\/demo.valentano.org\/home-fr\/"},"modified":"2023-01-21T12:02:33","modified_gmt":"2023-01-21T11:02:33","slug":"home-fr","status":"publish","type":"page","link":"https:\/\/www.valentano.org\/fr\/","title":{"rendered":"Home-FR"},"content":{"rendered":"\n<figure class=\"wp-block-image size-large\"><img loading=\"lazy\" decoding=\"async\" width=\"1024\" height=\"278\" src=\"http:\/\/demo.valentano.org\/wp-content\/uploads\/2023\/01\/personal2-1024x278.png\" alt=\"\" class=\"wp-image-6395\" srcset=\"https:\/\/www.valentano.org\/wp-content\/uploads\/2023\/01\/personal2-1024x278.png 1024w, https:\/\/www.valentano.org\/wp-content\/uploads\/2023\/01\/personal2-300x82.png 300w, https:\/\/www.valentano.org\/wp-content\/uploads\/2023\/01\/personal2-768x209.png 768w, https:\/\/www.valentano.org\/wp-content\/uploads\/2023\/01\/personal2.png 1060w\" sizes=\"auto, (max-width: 1024px) 100vw, 1024px\" \/><\/figure>\n\n\n<p>Valentano (hab. 2897), village d&rsquo;installation typiquement m\u00e9di\u00e9vale \u00e0 b\u00e2timents tufac\u00e9s, s&rsquo;\u00e9l\u00e8ve sur une colline situ\u00e9e \u00e0 NO du lac de Bolsena, \u00e0 538 m au-dessus du niveau de la mer. \u00ab\u00a0Terrasse naturelle\u00a0\u00bb entre le lac et la mer qui se trouvent respectivement \u00e0 8 et 30 km. Il touche au N \u00e0 la r\u00e9gion Toscane et \u00e0 la commune de Latera, \u00e0 l&rsquo;E aux communes de Latera et Capodimonte, au S aux communes de Piansano, Cellere et Ischia di Castro, \u00e0 l&rsquo;O \u00e0 la commune de Farnese et \u00e0 la r\u00e9gion Toscane.<\/p>\n<p>Son territoire (43 km carr\u00e9s) s&rsquo;\u00e9gr\u00e8ne entre des coteaux et des plaines dans un continuel changement d&rsquo;images et de panoramas.<\/p>\n<p>Au point de vue administratif, il se trouve dans la province de Viterbo (le chef-lieu est \u00e0 33 km) et fait partie de la Communaut\u00e9 de montagne \u00ab\u00a0Alta Tuscia laziale\u00a0\u00bb.<\/p>","protected":false},"excerpt":{"rendered":"<p>Valentano (hab. 2897), village d&rsquo;installation typiquement m\u00e9di\u00e9vale \u00e0 b\u00e2timents tufac\u00e9s, s&rsquo;\u00e9l\u00e8ve sur une colline situ\u00e9e \u00e0 NO du lac de Bolsena, \u00e0 538 m au-dessus du niveau de la mer. \u00ab\u00a0Terrasse naturelle\u00a0\u00bb entre le lac et la mer qui se trouvent respectivement \u00e0 8 et 30 km. Il touche au N \u00e0 la r\u00e9gion Toscane&hellip; <a class=\"more-link\" href=\"https:\/\/www.valentano.org\/fr\/\">Poursuivre la lecture <span class=\"screen-reader-text\">Home-FR<\/span><\/a><\/p>\n","protected":false},"author":1,"featured_media":0,"parent":0,"menu_order":10,"comment_status":"closed","ping_status":"closed","template":"","meta":{"_acf_changed":false,"footnotes":""},"class_list":["post-12","page","type-page","status-publish","hentry","entry"],"acf":[],"_links":{"self":[{"href":"https:\/\/www.valentano.org\/fr\/wp-json\/wp\/v2\/pages\/12","targetHints":{"allow":["GET"]}}],"collection":[{"href":"https:\/\/www.valentano.org\/fr\/wp-json\/wp\/v2\/pages"}],"about":[{"href":"https:\/\/www.valentano.org\/fr\/wp-json\/wp\/v2\/types\/page"}],"author":[{"embeddable":true,"href":"https:\/\/www.valentano.org\/fr\/wp-json\/wp\/v2\/users\/1"}],"replies":[{"embeddable":true,"href":"https:\/\/www.valentano.org\/fr\/wp-json\/wp\/v2\/comments?post=12"}],"version-history":[{"count":1,"href":"https:\/\/www.valentano.org\/fr\/wp-json\/wp\/v2\/pages\/12\/revisions"}],"predecessor-version":[{"id":6402,"href":"https:\/\/www.valentano.org\/fr\/wp-json\/wp\/v2\/pages\/12\/revisions\/6402"}],"wp:attachment":[{"href":"https:\/\/www.valentano.org\/fr\/wp-json\/wp\/v2\/media?parent=12"}],"curies":[{"name":"wp","href":"https:\/\/api.w.org\/{rel}","templated":true}]}}