{"id":9,"date":"2013-04-26T18:33:41","date_gmt":"2013-04-26T16:33:41","guid":{"rendered":"http:\/\/demo.valentano.org\/die-altstadt\/"},"modified":"2023-01-20T08:35:55","modified_gmt":"2023-01-20T07:35:55","slug":"die-altstadt","status":"publish","type":"page","link":"https:\/\/www.valentano.org\/de\/die-altstadt\/","title":{"rendered":"Die Altstadt"},"content":{"rendered":"<p>Die Altstadt von Valentano entwickelt sich auf der Piazza del Comune (Piazza Cavour) und auf Largo Paolo Ruffini. Auf den Platz m\u00fcnden die geraden Wege (Santa Maria, La via di Mezzo) und der Weg La Selciata, der zur Festung und zu dem Schloss Farnese f\u00fchrt.<\/p>\n<p align=\"center\"><a href=\"http:\/\/demo.valentano.org\/wp-content\/uploads\/2013\/04\/comune02-cdd.jpg\" target=\"_blank\" rel=\"noopener\"><img loading=\"lazy\" decoding=\"async\" class=\" size-full wp-image-523\" src=\"http:\/\/demo.valentano.org\/wp-content\/uploads\/2013\/04\/thumb_comune02-c75.jpg\" border=\"0\" alt=\"Das Rathhaus\" width=\"184\" height=\"300\" \/><\/a><br \/> <span style=\"color: #ff0000; font-family: arial,helvetica;\">Klicken zu vergr\u00f6\u00dfern<\/span><\/p>\n<p align=\"center\"><strong>Das Rathaus<\/strong><\/p>\n<p>Das Rathaus von Valentano wurde gegen das Jahr 1552 gebaut. Urspr\u00fcnglich bestand es aus einem Bogengang und dem ersten Stock. Anfangs des Jahres 1700, nach dem Brand der Stadt von Castro, wurde das Geb\u00e4ude vergr\u00f6\u00dfert, um das Amtsgericht, das sich bis zu diesem Zeitpunkt in Castro befand, zu beherbergen.<br \/> \u00dcber dem Bogengang (aus dem Stockwerk) ragt ein k\u00fcnstlerischer Balkon mit einem schmiedeisernen Gel\u00e4nder heraus, der auf das XVII. Jahrhundert zur\u00fcckgeht. <br \/> Der Bogengang enth\u00e4lt einige wichtige historische Zeugnisse: das Stadtwappen vom Jahr 1400, das zu dem Brunnen von Acquaiela geh\u00f6rte (fr\u00fchmittelalterliches Wort, das eine Quelle eiskalten Wassers bezeichnete). Das Wappen vom Papst Martino V Colonna mit den Farnesianer Wappenschildern, das 1417 an das Haupttor der Stadt geh\u00e4ngt wurde. Das Farnesianer Wappen des f\u00fcnfzehnten Jahrhunderts mit sechs Lilien. Das Wappen von Alessandro Farnese, der 1534 zum Papst gew\u00e4hlt wurde und 1549 starb. Es gibt auch einen Gedenkstein f\u00fcr die Gefallenen von Valentano w\u00e4hrend des Ersten Weltkrieges, dessen Text von dem ber\u00fchmten Literat Fausto Salvatori, dem Autor von der &#8222;Hymne an Rom&#8220;, gefa\u00dft wurde.<br \/> Der Scheffel (altes Hohlma\u00df von unterschiedlicher Gr\u00f6\u00dfe) und die &#8222;canna castrense&#8220; (die lineare Gr\u00f6\u00dfe des Herzogtums von Castro) befanden sich einmal unter dem Bogengang. Heute werden sie im Stadtmuseum aufbewahrt.<\/p>\n<p align=\"center\"><strong>Das Magenta Tor<\/strong><\/p>\n<p>Die Piazza Paolo Ruffini h\u00f6rt mit dem Magenta Tor auf, einem wichtigen Baudenkmal, das 1779 nach einem Zeichnung Vignolas, anstelle des 1774 eingest\u00fcrzten Romana Tors, gebaut wurde.<\/p>\n<p align=\"center\"><a href=\"http:\/\/demo.valentano.org\/wp-content\/uploads\/2013\/04\/portav01-bf3.jpg\" target=\"_blank\" rel=\"noopener\"><img loading=\"lazy\" decoding=\"async\" class=\" size-full wp-image-537\" src=\"http:\/\/demo.valentano.org\/wp-content\/uploads\/2013\/04\/thumb_portav01-b5b.jpg\" border=\"0\" alt=\"L'ingresso della Piazza Paolo Ruffini e l'arco\" width=\"166\" height=\"300\" \/><\/a><\/p>\n<p>Auf dem Bogen befindet sich der ber\u00fchmte Steinmaskaron (il \u201eMascherone\u201d).<\/p>\n<p align=\"center\"><a href=\"http:\/\/demo.valentano.org\/wp-content\/uploads\/2013\/04\/portav03-c5f.jpg\" target=\"_blank\" rel=\"noopener\"><img loading=\"lazy\" decoding=\"async\" class=\" size-full wp-image-551\" src=\"http:\/\/demo.valentano.org\/wp-content\/uploads\/2013\/04\/thumb_portav03-cf7.jpg\" border=\"0\" alt=\"Porta Magenta, gi\u00e0 Porta Romana\" width=\"199\" height=\"300\" \/><\/a><\/p>\n<p>Nach einer alten Volkslegende, wurde der K\u00fcnstler von der unbez\u00e4hmbaren Neugier und den st\u00e4ndigen Klagen der Bewohner so bel\u00e4stigt, dass er beschlo\u00df, ihre b\u00f6se Zunge durch den Steinmaskaron zu stigmatisieren.<\/p>\n<p align=\"center\"><span style=\"font-family: arial,helvetica;\"><a href=\"http:\/\/demo.valentano.org\/wp-content\/uploads\/2013\/04\/portav02-f89.jpg\" target=\"_blank\" rel=\"noopener\"><img loading=\"lazy\" decoding=\"async\" class=\" size-full wp-image-565\" src=\"http:\/\/demo.valentano.org\/wp-content\/uploads\/2013\/04\/thumb_portav02-f21.jpg\" border=\"0\" alt=\"Il Mascherone\" width=\"197\" height=\"300\" \/><\/a> <strong><a href=\"http:\/\/demo.valentano.org\/wp-content\/uploads\/2013\/04\/portav04-77d.jpg\" target=\"_blank\" rel=\"noopener\">\u00a0<img loading=\"lazy\" decoding=\"async\" class=\" size-full wp-image-579\" src=\"http:\/\/demo.valentano.org\/wp-content\/uploads\/2013\/04\/thumb_portav04-7d5.jpg\" border=\"0\" alt=\"Il Mascherone\" width=\"203\" height=\"300\" \/><\/a><\/strong> <\/span><\/p>\n<p style=\"text-align: left;\" align=\"center\"><span style=\"font-family: arial,helvetica;\"><span style=\"font-family: arial,helvetica;\">Uebersetzung von Consuelo Codoni.<\/span><br \/><\/span><\/p>\n","protected":false},"excerpt":{"rendered":"<p>Die Altstadt von Valentano entwickelt sich auf der Piazza del Comune (Piazza Cavour) und auf Largo Paolo Ruffini. Auf den Platz m\u00fcnden die geraden Wege (Santa Maria, La via di Mezzo) und der Weg La Selciata, der zur Festung und zu dem Schloss Farnese f\u00fchrt. Klicken zu vergr\u00f6\u00dfern Das Rathaus Das Rathaus von Valentano wurde&hellip; <a class=\"more-link\" href=\"https:\/\/www.valentano.org\/de\/die-altstadt\/\"><span class=\"screen-reader-text\">Die Altstadt<\/span> weiterlesen<\/a><\/p>\n","protected":false},"author":1,"featured_media":0,"parent":0,"menu_order":67,"comment_status":"closed","ping_status":"closed","template":"","meta":{"_acf_changed":false,"footnotes":""},"class_list":["post-9","page","type-page","status-publish","hentry","entry"],"acf":[],"_links":{"self":[{"href":"https:\/\/www.valentano.org\/de\/wp-json\/wp\/v2\/pages\/9","targetHints":{"allow":["GET"]}}],"collection":[{"href":"https:\/\/www.valentano.org\/de\/wp-json\/wp\/v2\/pages"}],"about":[{"href":"https:\/\/www.valentano.org\/de\/wp-json\/wp\/v2\/types\/page"}],"author":[{"embeddable":true,"href":"https:\/\/www.valentano.org\/de\/wp-json\/wp\/v2\/users\/1"}],"replies":[{"embeddable":true,"href":"https:\/\/www.valentano.org\/de\/wp-json\/wp\/v2\/comments?post=9"}],"version-history":[{"count":1,"href":"https:\/\/www.valentano.org\/de\/wp-json\/wp\/v2\/pages\/9\/revisions"}],"predecessor-version":[{"id":6078,"href":"https:\/\/www.valentano.org\/de\/wp-json\/wp\/v2\/pages\/9\/revisions\/6078"}],"wp:attachment":[{"href":"https:\/\/www.valentano.org\/de\/wp-json\/wp\/v2\/media?parent=9"}],"curies":[{"name":"wp","href":"https:\/\/api.w.org\/{rel}","templated":true}]}}