{"id":60,"date":"2013-04-27T13:37:04","date_gmt":"2013-04-27T11:37:04","guid":{"rendered":"http:\/\/demo.valentano.org\/die-ehemalige-madonna-della-pieta-kirche-oder-die-kirche-des-krankenhauses\/"},"modified":"2013-04-27T13:37:04","modified_gmt":"2013-04-27T11:37:04","slug":"die-ehemalige-madonna-della-pieta-kirche-oder-die-kirche-des-krankenhauses","status":"publish","type":"page","link":"https:\/\/www.valentano.org\/de\/home-de\/die-ehemalige-madonna-della-pieta-kirche-oder-die-kirche-des-krankenhauses\/","title":{"rendered":"Die ehemalige Madonna della Piet\u00e0 Kirche oder die Kirche des Krankenhauses"},"content":{"rendered":"<div align=\"center\"><a href=\"http:\/\/demo.valentano.org\/wp-content\/uploads\/2013\/04\/chospmad-b95.jpg\" target=\"_blank\" rel=\"noopener\"><img loading=\"lazy\" decoding=\"async\" class=\" size-full wp-image-1167\" src=\"http:\/\/demo.valentano.org\/wp-content\/uploads\/2013\/04\/thumb_chospmad-b3d.jpg\" border=\"0\" alt=\"L'affresco della Madonna SS. della Piet\u00e0\" width=\"168\" height=\"300\" \/><\/a><\/div>\n<div align=\"center\"><span style=\"color: #ff0000;\">klicken zu vergr\u00f6\u00dfern<\/span><\/div>\n<p>Die Kirche Madonna della Piet\u00e0, allbekannt als die Kirche des Krankenhauses, stie\u00df and die Sankt-Maria Kirche an. Sie ist heute eine B\u00e4ckerei. <br \/> Die Kirche hatte zwei gro\u00dfe Zimmer. Im Zimmer mit dem Altar hielt man die Messe. In dem anderen kann man immer noch eine Darstellung der Madonna anschauen. <br \/> W\u00e4hrend des Zweiten Weltkrieges entstand ein Streit zwischen der Kirche von Montefiascone und der Pr\u00e4fektur von Viterbo \u00fcber diese eine Kirche, der endlich zur Kirchensch\u00e4ndung f\u00fchrte.<\/p>\n<p align=\"center\"><img loading=\"lazy\" decoding=\"async\" class=\" size-full wp-image-1174\" src=\"http:\/\/demo.valentano.org\/wp-content\/uploads\/2013\/04\/chospsof-ce7.jpg\" border=\"0\" width=\"300\" height=\"225\" \/>\u00a0<img loading=\"lazy\" decoding=\"async\" class=\" size-full wp-image-1181\" src=\"http:\/\/demo.valentano.org\/wp-content\/uploads\/2013\/04\/chospsof2-a2f.jpg\" border=\"0\" width=\"214\" height=\"300\" \/><\/p>\n<p><span style=\"font-family: arial,helvetica;\">Wir danken Herrn Giovanni Saraconi, dem Besitzer der B\u00e4ckerei.<\/span><\/p>\n<p><span style=\"font-family: arial,helvetica;\">\u00a0<\/span><\/p>\n<p><span style=\"font-family: arial,helvetica;\"><span style=\"font-family: arial,helvetica;\">Uebersetzung von Consuelo Codoni. <br \/><\/span><\/span><\/p>\n","protected":false},"excerpt":{"rendered":"<p>klicken zu vergr\u00f6\u00dfern Die Kirche Madonna della Piet\u00e0, allbekannt als die Kirche des Krankenhauses, stie\u00df and die Sankt-Maria Kirche an. Sie ist heute eine B\u00e4ckerei. Die Kirche hatte zwei gro\u00dfe Zimmer. Im Zimmer mit dem Altar hielt man die Messe. In dem anderen kann man immer noch eine Darstellung der Madonna anschauen. W\u00e4hrend des Zweiten&hellip; <a class=\"more-link\" href=\"https:\/\/www.valentano.org\/de\/home-de\/die-ehemalige-madonna-della-pieta-kirche-oder-die-kirche-des-krankenhauses\/\"><span class=\"screen-reader-text\">Die ehemalige Madonna della Piet\u00e0 Kirche oder die Kirche des Krankenhauses<\/span> weiterlesen<\/a><\/p>\n","protected":false},"author":1,"featured_media":0,"parent":13,"menu_order":28,"comment_status":"closed","ping_status":"closed","template":"","meta":{"_acf_changed":false,"footnotes":""},"class_list":["post-60","page","type-page","status-publish","hentry","entry"],"acf":[],"_links":{"self":[{"href":"https:\/\/www.valentano.org\/de\/wp-json\/wp\/v2\/pages\/60","targetHints":{"allow":["GET"]}}],"collection":[{"href":"https:\/\/www.valentano.org\/de\/wp-json\/wp\/v2\/pages"}],"about":[{"href":"https:\/\/www.valentano.org\/de\/wp-json\/wp\/v2\/types\/page"}],"author":[{"embeddable":true,"href":"https:\/\/www.valentano.org\/de\/wp-json\/wp\/v2\/users\/1"}],"replies":[{"embeddable":true,"href":"https:\/\/www.valentano.org\/de\/wp-json\/wp\/v2\/comments?post=60"}],"version-history":[{"count":0,"href":"https:\/\/www.valentano.org\/de\/wp-json\/wp\/v2\/pages\/60\/revisions"}],"up":[{"embeddable":true,"href":"https:\/\/www.valentano.org\/de\/wp-json\/wp\/v2\/pages\/13"}],"wp:attachment":[{"href":"https:\/\/www.valentano.org\/de\/wp-json\/wp\/v2\/media?parent=60"}],"curies":[{"name":"wp","href":"https:\/\/api.w.org\/{rel}","templated":true}]}}