{"id":59,"date":"2013-04-27T13:36:26","date_gmt":"2013-04-27T11:36:26","guid":{"rendered":"http:\/\/demo.valentano.org\/die-ehemalige-eschio-kirche\/"},"modified":"2013-04-27T13:36:26","modified_gmt":"2013-04-27T11:36:26","slug":"die-ehemalige-eschio-kirche","status":"publish","type":"page","link":"https:\/\/www.valentano.org\/de\/home-de\/die-ehemalige-eschio-kirche\/","title":{"rendered":"Die ehemalige Eschio Kirche"},"content":{"rendered":"<div align=\"center\"><a href=\"http:\/\/demo.valentano.org\/wp-content\/uploads\/2013\/04\/cheschio01-e3e.jpg\" target=\"_blank\" rel=\"noopener\"><img loading=\"lazy\" decoding=\"async\" class=\" size-full wp-image-1111\" src=\"http:\/\/demo.valentano.org\/wp-content\/uploads\/2013\/04\/thumb_cheschio01-acc.jpg\" border=\"0\" alt=\"L'ex chiesa dell'Eschio\" width=\"300\" height=\"225\" \/><\/a><\/div>\n<div align=\"center\"><span style=\"color: #ff0000;\">klicken zu vergr\u00f6\u00dfern<\/span><\/div>\n<p>Die Kirche steht au\u00dferhalb der Stadt von Valentano. Sie ist v\u00f6llig verwahrlostem Zustand. Der Tempel ist rechteckig und hat ein einziges Schiff mit vier gew\u00f6lbten S\u00e4ulen, einen Dachstuhl und einen einzigen Altar.<\/p>\n<p align=\"center\"><a href=\"http:\/\/demo.valentano.org\/wp-content\/uploads\/2013\/04\/cheschio02-a44.jpg\" target=\"_blank\" rel=\"noopener\"><img loading=\"lazy\" decoding=\"async\" class=\" size-full wp-image-1125\" src=\"http:\/\/demo.valentano.org\/wp-content\/uploads\/2013\/04\/thumb_cheschio02-eb6.jpg\" border=\"0\" width=\"225\" height=\"300\" \/><\/a><\/p>\n<p><span style=\"font-family: arial,helvetica;\"><span style=\"font-family: arial,helvetica;\">In der Apside steht der hohle Stamm einer jahrhundertealten Eschiopflanze, in dem urspr\u00fcnglich ein Dachziegel mit dem Bild der Madonna mit dem Kinde &#8211; der sogenannten Madonna dell\u2019Eschio &#8211; war.<br \/>Der Altar, aus vielfarbigem Stuck, zeigt eine sehr sch\u00f6ne Aedikula.<\/span><\/span><\/p>\n<p align=\"center\"><a href=\"http:\/\/demo.valentano.org\/wp-content\/uploads\/2013\/04\/cheschio03-992.jpg\" target=\"_blank\" rel=\"noopener\"><img loading=\"lazy\" decoding=\"async\" class=\" size-full wp-image-1139\" src=\"http:\/\/demo.valentano.org\/wp-content\/uploads\/2013\/04\/thumb_cheschio03-d60.jpg\" border=\"0\" width=\"225\" height=\"300\" \/><\/a>\u00a0<a href=\"http:\/\/demo.valentano.org\/wp-content\/uploads\/2013\/04\/cheschio04-2b0.jpg\" target=\"_blank\" rel=\"noopener\"><img loading=\"lazy\" decoding=\"async\" class=\" size-full wp-image-1153\" src=\"http:\/\/demo.valentano.org\/wp-content\/uploads\/2013\/04\/thumb_cheschio04-642.jpg\" border=\"0\" width=\"224\" height=\"300\" \/><\/a><\/p>\n<p>\u00dcber dem Altar h\u00e4ngt der Rahmen des Dachziegels mit der Madonna dell\u2019Eschio, der von zwei Engeln \u00fcberragt wird. Nach der Legende, als der Dachziegel gefunden wurde, hing er mit dem heiligen Bild am Stamm eines Eichbaumes am Fu\u00dfes des Nero Berges.<br \/> Obwohl das heilige Bild in die <a href=\"http:\/\/www.valentano.org\/chcolleg_deu.htm\" target=\"mainFrame\" rel=\"noopener\">Sankt-Johannes Stiftkirche<\/a> getragen wurde, wurde es am n\u00e4chsten Tag am Stamm geh\u00e4ngt gefunden.<br \/> Das Wunder wurde als den Wille der Heiligen Jungfrau, eine Kapelle an jenem bestimmten Ort errichten zu lassen, interpretiert.<br \/> Infolgedessen wurde der jahrhundertealte Stamm in die kleine Kapelle mit dem Dachziegel gestellt.<\/p>\n<p><span style=\"font-family: arial,helvetica;\">Sp\u00e4ter wurde das ganze Sakralbau an diese Kapelle angebaut, mit einem Kloster f\u00fcr die Karmeliter, das auf das 16. Jahrhundert zur\u00fcckgeht. <\/span><\/p>\n<p><span style=\"font-family: arial,helvetica;\">\u00a0<\/span><\/p>\n<p><span style=\"font-family: arial,helvetica;\"><span style=\"font-family: arial,helvetica;\">Uebersetzung von Consuelo Codoni.\u00a0 <\/span><\/span><\/p>\n","protected":false},"excerpt":{"rendered":"<p>klicken zu vergr\u00f6\u00dfern Die Kirche steht au\u00dferhalb der Stadt von Valentano. Sie ist v\u00f6llig verwahrlostem Zustand. Der Tempel ist rechteckig und hat ein einziges Schiff mit vier gew\u00f6lbten S\u00e4ulen, einen Dachstuhl und einen einzigen Altar. In der Apside steht der hohle Stamm einer jahrhundertealten Eschiopflanze, in dem urspr\u00fcnglich ein Dachziegel mit dem Bild der Madonna&hellip; <a class=\"more-link\" href=\"https:\/\/www.valentano.org\/de\/home-de\/die-ehemalige-eschio-kirche\/\"><span class=\"screen-reader-text\">Die ehemalige Eschio Kirche<\/span> weiterlesen<\/a><\/p>\n","protected":false},"author":1,"featured_media":0,"parent":13,"menu_order":30,"comment_status":"closed","ping_status":"closed","template":"","meta":{"_acf_changed":false,"footnotes":""},"class_list":["post-59","page","type-page","status-publish","hentry","entry"],"acf":[],"_links":{"self":[{"href":"https:\/\/www.valentano.org\/de\/wp-json\/wp\/v2\/pages\/59","targetHints":{"allow":["GET"]}}],"collection":[{"href":"https:\/\/www.valentano.org\/de\/wp-json\/wp\/v2\/pages"}],"about":[{"href":"https:\/\/www.valentano.org\/de\/wp-json\/wp\/v2\/types\/page"}],"author":[{"embeddable":true,"href":"https:\/\/www.valentano.org\/de\/wp-json\/wp\/v2\/users\/1"}],"replies":[{"embeddable":true,"href":"https:\/\/www.valentano.org\/de\/wp-json\/wp\/v2\/comments?post=59"}],"version-history":[{"count":0,"href":"https:\/\/www.valentano.org\/de\/wp-json\/wp\/v2\/pages\/59\/revisions"}],"up":[{"embeddable":true,"href":"https:\/\/www.valentano.org\/de\/wp-json\/wp\/v2\/pages\/13"}],"wp:attachment":[{"href":"https:\/\/www.valentano.org\/de\/wp-json\/wp\/v2\/media?parent=59"}],"curies":[{"name":"wp","href":"https:\/\/api.w.org\/{rel}","templated":true}]}}