{"id":58,"date":"2013-04-27T13:35:32","date_gmt":"2013-04-27T11:35:32","guid":{"rendered":"http:\/\/demo.valentano.org\/die-ehemalige-sancta-maria-ad-templum-kirche\/"},"modified":"2013-04-27T13:35:32","modified_gmt":"2013-04-27T11:35:32","slug":"die-ehemalige-sancta-maria-ad-templum-kirche","status":"publish","type":"page","link":"https:\/\/www.valentano.org\/de\/home-de\/die-ehemalige-sancta-maria-ad-templum-kirche\/","title":{"rendered":"Die ehemalige Sancta Maria ad Templum Kirche"},"content":{"rendered":"<div align=\"center\"><a href=\"http:\/\/demo.valentano.org\/wp-content\/uploads\/2013\/04\/commenda1-ee2.jpg\" target=\"_blank\" rel=\"noopener\"> <img loading=\"lazy\" decoding=\"async\" class=\" size-full wp-image-1055\" src=\"http:\/\/demo.valentano.org\/wp-content\/uploads\/2013\/04\/thumb_commenda1-1b2.jpg\" border=\"0\" alt=\"I resti della chiesa di Sancta Maria ad Templum\" width=\"300\" height=\"185\" \/><\/a> \u00a0 <a href=\"http:\/\/demo.valentano.org\/wp-content\/uploads\/2013\/04\/commenda2-a98.jpg\" target=\"_blank\" rel=\"noopener\"><img loading=\"lazy\" decoding=\"async\" class=\" size-full wp-image-1069\" src=\"http:\/\/demo.valentano.org\/wp-content\/uploads\/2013\/04\/thumb_commenda2-5c8.jpg\" border=\"0\" alt=\"Particolare dei resti della ex-chiesa della Commenda\" width=\"300\" height=\"189\" \/><\/a> <span style=\"color: #ff0000;\"><br \/> Klicken zu vergr\u00f6\u00dfern<\/span><\/div>\n<p>Von dieser Kirche sind heute nur Ruinen \u00fcbriggeblieben.<br \/> Es ist schade, dass so ein wichtiges historisches Zeugnis unserer Stadt verfallen ist. Im Jahr 1309, als der Prozess begann, der zur Aufhebung des Tempelordens f\u00fchren w\u00fcrde, wurde das entsprechende Plakat an der T\u00fcr der Kirche angeschlagen.<br \/> 1312 wurde die Kirche den Hospitalitern zur Aufbewahrung gegeben, und sp\u00e4ter ging sie zum Malteserritterorden \u00fcber, der die Kirche mit seinem Wappen aus Travertin versah.<br \/> Ein gro\u00dfes Fragment eines Freskos der umbro-senese Schule war in der Kirche, das zur H\u00e4lfte des 15. Jahrhunderts zur\u00fcckgeht und die Madonna am Thron, das Kinde und den Engel darstellt.<\/p>\n<p><span style=\"font-family: arial,helvetica;\"><span style=\"font-family: arial,helvetica;\">Vom Jahr 1987 ist das Fresko in dem Konferenzsaal der Stadtbibliothek aufbewahrt.<\/span><\/span><\/p>\n<p align=\"center\"><a href=\"http:\/\/demo.valentano.org\/wp-content\/uploads\/2013\/04\/commenda4-26c.jpg\" target=\"_blank\" rel=\"noopener\"><img loading=\"lazy\" decoding=\"async\" class=\" size-full wp-image-1083\" src=\"http:\/\/demo.valentano.org\/wp-content\/uploads\/2013\/04\/thumb_commenda4-d3c.jpg\" border=\"0\" alt=\"Vecchia immagine della facciata della Chiesa\" width=\"300\" height=\"212\" \/><\/a><\/p>\n<p align=\"center\"><a href=\"http:\/\/demo.valentano.org\/wp-content\/uploads\/2013\/04\/commenda5-1ba.jpg\" target=\"_blank\" rel=\"noopener\"><img loading=\"lazy\" decoding=\"async\" class=\" size-full wp-image-1097\" src=\"http:\/\/demo.valentano.org\/wp-content\/uploads\/2013\/04\/thumb_commenda5-eea.jpg\" border=\"0\" alt=\"Stemma dei Cavalieri di Malta, gi\u00e0 posto sulla facciata\" width=\"205\" height=\"300\" \/><\/a><\/p>\n<p style=\"text-align: left;\" align=\"center\">\u00a0<\/p>\n<p style=\"text-align: left;\" align=\"center\"><span style=\"font-family: arial,helvetica;\">Uebersetzung von Consuelo Codoni.<\/span><\/p>\n","protected":false},"excerpt":{"rendered":"<p>\u00a0 Klicken zu vergr\u00f6\u00dfern Von dieser Kirche sind heute nur Ruinen \u00fcbriggeblieben. Es ist schade, dass so ein wichtiges historisches Zeugnis unserer Stadt verfallen ist. Im Jahr 1309, als der Prozess begann, der zur Aufhebung des Tempelordens f\u00fchren w\u00fcrde, wurde das entsprechende Plakat an der T\u00fcr der Kirche angeschlagen. 1312 wurde die Kirche den Hospitalitern&hellip; <a class=\"more-link\" href=\"https:\/\/www.valentano.org\/de\/home-de\/die-ehemalige-sancta-maria-ad-templum-kirche\/\"><span class=\"screen-reader-text\">Die ehemalige Sancta Maria ad Templum Kirche<\/span> weiterlesen<\/a><\/p>\n","protected":false},"author":1,"featured_media":0,"parent":13,"menu_order":33,"comment_status":"closed","ping_status":"closed","template":"","meta":{"_acf_changed":false,"footnotes":""},"class_list":["post-58","page","type-page","status-publish","hentry","entry"],"acf":[],"_links":{"self":[{"href":"https:\/\/www.valentano.org\/de\/wp-json\/wp\/v2\/pages\/58","targetHints":{"allow":["GET"]}}],"collection":[{"href":"https:\/\/www.valentano.org\/de\/wp-json\/wp\/v2\/pages"}],"about":[{"href":"https:\/\/www.valentano.org\/de\/wp-json\/wp\/v2\/types\/page"}],"author":[{"embeddable":true,"href":"https:\/\/www.valentano.org\/de\/wp-json\/wp\/v2\/users\/1"}],"replies":[{"embeddable":true,"href":"https:\/\/www.valentano.org\/de\/wp-json\/wp\/v2\/comments?post=58"}],"version-history":[{"count":0,"href":"https:\/\/www.valentano.org\/de\/wp-json\/wp\/v2\/pages\/58\/revisions"}],"up":[{"embeddable":true,"href":"https:\/\/www.valentano.org\/de\/wp-json\/wp\/v2\/pages\/13"}],"wp:attachment":[{"href":"https:\/\/www.valentano.org\/de\/wp-json\/wp\/v2\/media?parent=58"}],"curies":[{"name":"wp","href":"https:\/\/api.w.org\/{rel}","templated":true}]}}