{"id":57,"date":"2013-04-27T13:34:58","date_gmt":"2013-04-27T11:34:58","guid":{"rendered":"http:\/\/demo.valentano.org\/die-heilige-jungfrau-kirche\/"},"modified":"2013-04-27T13:34:58","modified_gmt":"2013-04-27T11:34:58","slug":"die-heilige-jungfrau-kirche","status":"publish","type":"page","link":"https:\/\/www.valentano.org\/de\/home-de\/die-heilige-jungfrau-kirche\/","title":{"rendered":"Die heilige Jungfrau Kirche"},"content":{"rendered":"<div align=\"center\"><a href=\"http:\/\/demo.valentano.org\/wp-content\/uploads\/2013\/04\/annunziatafontane1-89e.jpg\" target=\"_blank\" rel=\"noopener\"> <img loading=\"lazy\" decoding=\"async\" class=\" size-full wp-image-957\" src=\"http:\/\/demo.valentano.org\/wp-content\/uploads\/2013\/04\/thumb_annunziatafontane1-6a3.jpg\" border=\"0\" alt=\"La facciata della chiesa dell'Annunziata a Villa Fontane\" width=\"206\" height=\"300\" \/><\/a> <span style=\"color: #ff0000;\"><br \/> Klicken zu vergr\u00f6\u00dfern<\/span><\/div>\n<p>Diese Kirche wurde im Jahr 1927 gebaut und der Madonna SS Annunziata geweiht. Sp\u00e4ter wurden die Reliquien von Sankt Agapito und das Altarbild in die Kirche getragen.<\/p>\n<p align=\"center\"><a href=\"http:\/\/demo.valentano.org\/wp-content\/uploads\/2013\/04\/annunziatavetrate1-e76.jpg\" target=\"_blank\" rel=\"noopener\"><img loading=\"lazy\" decoding=\"async\" class=\" size-full wp-image-971\" src=\"http:\/\/demo.valentano.org\/wp-content\/uploads\/2013\/04\/th_annunziatavetrate1-dfa.jpg\" border=\"0\" alt=\"Vetrate policrome realizzate da Mario e Chiara Balestra\" width=\"300\" height=\"199\" \/><\/a>\u00a0<a href=\"http:\/\/demo.valentano.org\/wp-content\/uploads\/2013\/04\/annunziatavetrate2-a0c.jpg\" target=\"_blank\" rel=\"noopener\"><img loading=\"lazy\" decoding=\"async\" class=\" size-full wp-image-985\" src=\"http:\/\/demo.valentano.org\/wp-content\/uploads\/2013\/04\/th_annunziatavetrate2-980.jpg\" border=\"0\" alt=\"Vetrata: il Crocifisso\" width=\"199\" height=\"199\" srcset=\"https:\/\/www.valentano.org\/wp-content\/uploads\/2013\/04\/th_annunziatavetrate2-980.jpg 199w, https:\/\/www.valentano.org\/wp-content\/uploads\/2013\/04\/th_annunziatavetrate2-980-150x150.jpg 150w\" sizes=\"auto, (max-width: 199px) 100vw, 199px\" \/><\/a><\/p>\n<p>Die Pfarrkirche ist letztlich um Skulpturen von Herrn Mario Vinci und um vielfarbigen Glasfenster von den K\u00fcnstlern Mario und Chiara Balestra bereichert worden.<\/p>\n<p align=\"center\"><a href=\"http:\/\/demo.valentano.org\/wp-content\/uploads\/2013\/04\/annunziatasacrafamiglia-bbe.jpg\" target=\"_blank\" rel=\"noopener\"><img loading=\"lazy\" decoding=\"async\" class=\" size-full wp-image-999\" src=\"http:\/\/demo.valentano.org\/wp-content\/uploads\/2013\/04\/th_annunziatasacrafamiglia-551.jpg\" border=\"0\" alt=\"La Sacra Famiglia\" width=\"238\" height=\"300\" \/><\/a>\u00a0<a href=\"http:\/\/demo.valentano.org\/wp-content\/uploads\/2013\/04\/annunziatadipinto-bbc.jpg\" target=\"_blank\" rel=\"noopener\"><img loading=\"lazy\" decoding=\"async\" class=\" size-full wp-image-1013\" src=\"http:\/\/demo.valentano.org\/wp-content\/uploads\/2013\/04\/th_annunziatadipinto-a99.jpg\" border=\"0\" width=\"230\" height=\"300\" \/><\/a><\/p>\n<p>In der Kirche ist nicht nur die urspr\u00fcngliche Darstellung der Madonna Annunziata von Schwester Imelda (1933) aufbewahrt, sondern auch das Altarbild des 18. Jahrhunderts und eine kostbare Fayence aus dem 17. Jahrhundert mit der Madonna und dem Kinde, die auf der kleinen Piazza von Villa Fontane gefunden wurde.<\/p>\n<p align=\"center\"><a href=\"http:\/\/demo.valentano.org\/wp-content\/uploads\/2013\/04\/maiol_vf-1c3.jpg\" target=\"_blank\" rel=\"noopener\"><img loading=\"lazy\" decoding=\"async\" class=\" size-full wp-image-1027\" src=\"http:\/\/demo.valentano.org\/wp-content\/uploads\/2013\/04\/thumb_maiol_vf-16b.jpg\" border=\"0\" alt=\"Maiolica seicentesca con Madonna e Bambino\" width=\"210\" height=\"300\" \/><\/a>\u00a0<a href=\"http:\/\/demo.valentano.org\/wp-content\/uploads\/2013\/04\/annunzia-cef.jpg\" target=\"_blank\" rel=\"noopener\"><img loading=\"lazy\" decoding=\"async\" class=\" size-full wp-image-1041\" src=\"http:\/\/demo.valentano.org\/wp-content\/uploads\/2013\/04\/thumb_annunzia-c47.jpg\" border=\"0\" alt=\"Quadro dell'Annunziata conservato nella Chiesa di Villa Fontane\" width=\"218\" height=\"300\" \/><\/a><\/p>\n<p style=\"text-align: left;\" align=\"center\">\u00a0<\/p>\n<p style=\"text-align: left;\" align=\"center\"><span style=\"font-family: arial,helvetica;\">Uebersetzung von Consuelo Codoni. <br \/><\/span><\/p>\n","protected":false},"excerpt":{"rendered":"<p>Klicken zu vergr\u00f6\u00dfern Diese Kirche wurde im Jahr 1927 gebaut und der Madonna SS Annunziata geweiht. Sp\u00e4ter wurden die Reliquien von Sankt Agapito und das Altarbild in die Kirche getragen. \u00a0 Die Pfarrkirche ist letztlich um Skulpturen von Herrn Mario Vinci und um vielfarbigen Glasfenster von den K\u00fcnstlern Mario und Chiara Balestra bereichert worden. \u00a0&hellip; <a class=\"more-link\" href=\"https:\/\/www.valentano.org\/de\/home-de\/die-heilige-jungfrau-kirche\/\"><span class=\"screen-reader-text\">Die heilige Jungfrau Kirche<\/span> weiterlesen<\/a><\/p>\n","protected":false},"author":1,"featured_media":0,"parent":13,"menu_order":34,"comment_status":"closed","ping_status":"closed","template":"","meta":{"_acf_changed":false,"footnotes":""},"class_list":["post-57","page","type-page","status-publish","hentry","entry"],"acf":[],"_links":{"self":[{"href":"https:\/\/www.valentano.org\/de\/wp-json\/wp\/v2\/pages\/57","targetHints":{"allow":["GET"]}}],"collection":[{"href":"https:\/\/www.valentano.org\/de\/wp-json\/wp\/v2\/pages"}],"about":[{"href":"https:\/\/www.valentano.org\/de\/wp-json\/wp\/v2\/types\/page"}],"author":[{"embeddable":true,"href":"https:\/\/www.valentano.org\/de\/wp-json\/wp\/v2\/users\/1"}],"replies":[{"embeddable":true,"href":"https:\/\/www.valentano.org\/de\/wp-json\/wp\/v2\/comments?post=57"}],"version-history":[{"count":0,"href":"https:\/\/www.valentano.org\/de\/wp-json\/wp\/v2\/pages\/57\/revisions"}],"up":[{"embeddable":true,"href":"https:\/\/www.valentano.org\/de\/wp-json\/wp\/v2\/pages\/13"}],"wp:attachment":[{"href":"https:\/\/www.valentano.org\/de\/wp-json\/wp\/v2\/media?parent=57"}],"curies":[{"name":"wp","href":"https:\/\/api.w.org\/{rel}","templated":true}]}}