{"id":52,"date":"2013-04-27T13:29:09","date_gmt":"2013-04-27T11:29:09","guid":{"rendered":"http:\/\/demo.valentano.org\/die-festung-und-das-schloss\/"},"modified":"2023-01-20T08:35:56","modified_gmt":"2023-01-20T07:35:56","slug":"die-festung-und-das-schloss","status":"publish","type":"page","link":"https:\/\/www.valentano.org\/de\/die-festung-und-das-schloss\/","title":{"rendered":"Die Festung und das Schloss"},"content":{"rendered":"<p>Laut den historischen Nachrichten entstand das Schloss von Valentano als Verteidigungsbau gegen 1053. Es scheint m\u00f6glich zu sein, dass damals eine Ringsmauer eine Befestigung mit ihrem Turm, die Sankt-Johannes Kirche und die ersten H\u00e4usern der Stadt umgab. Der Krieg zwischen Orvieto und Viterbo verursachte mehrere Zerst\u00f6rungen und Wiedererrichtungen des Schlosses bis zum Brand des Jahres 1252, der teils der Stadt zerst\u00f6rte. Nach der Tradition glaubt man, dass die Stadt von der Schutzheiligen Agata gerettet wurde. Das Schloss wurde im Jahr 1296 vom achteckigen Hauptturm \u00fcber den vorher bestehenden mittelalterlichen Schutzbauwerken wiedererrichtet.<br \/>Im Jahr 1327, w\u00e4hrend der Herrschaft von Ludovico il Bavaro, wurden die Stadt und ihre Mauer schwer besch\u00e4digt. Weitere Schaden wurden von den Truppen des Pr\u00e4fekts Giovanni Di Vico von Viterbo in 1350 verursacht.<\/p>\n<p align=\"center\"><a href=\"http:\/\/demo.valentano.org\/wp-content\/uploads\/2013\/04\/rocca02-844.jpg\" target=\"_blank\" rel=\"noopener\"><img loading=\"lazy\" decoding=\"async\" class=\" size-full wp-image-1405\" src=\"http:\/\/demo.valentano.org\/wp-content\/uploads\/2013\/04\/thumb_rocca02-5a2.jpg\" border=\"0\" alt=\"L'antica costruzione vista dal Monte Starnina\" width=\"300\" height=\"213\" \/><\/a><br \/><span style=\"color: #ff0000;\">Klicken zu vergr\u00f6\u00dfern<\/span><\/p>\n<p>Im Jahr 1354, zu Zeiten des Kardinals Albornoz, nahmen die Farnese das Schloss in Besitz und er\u00f6ffneten eine Zeit von Frieden f\u00fcr das Schloss.<br \/>Nachher wurden die Farnese die Signori der Stadt von Valentano und der anderen beiliegenden St\u00e4dten.<br \/>Gegen das Jahr 1400 siedelten sich die Farnese im Schloss an, als teils des Bauwerkes renoviert wurde und das runde T\u00fcrmchen nach Osten errichtet wurde.<br \/>Weitere Arbeiten fanden Ende des Jahres 1400 statt, als der Hof der Liebe f\u00fcr das Hochzeitsfest von Angelo, dem Sohn von Pier Luigi dem \u00c4lteren und Lella Orsini aus Pitigliano, im Jahr 1488, verwirklicht wurde. Die kostbaren Kapitelle wurden von einem gewissen Lorenzo, einem Steinmetz aus Firenze, gemacht.<br \/>Der Hof beweist die Hochzeit durch die Verbindung der Wappen der beiden Familien und durch die Allegorie der Bl\u00fcte der farnesianischen Lilie in den Kapitellen der S\u00e4ulenhalle.<\/p>\n<p align=\"center\"><a href=\"http:\/\/demo.valentano.org\/wp-content\/uploads\/2013\/04\/rocca05-366.jpg\" target=\"_blank\" rel=\"noopener\"><img loading=\"lazy\" decoding=\"async\" class=\" size-full wp-image-1419\" src=\"http:\/\/demo.valentano.org\/wp-content\/uploads\/2013\/04\/thumb_rocca05-e80.jpg\" border=\"0\" alt=\"L'imponente maschio ottagonale\" width=\"193\" height=\"300\" \/><\/a><\/p>\n<p>Sp\u00e4ter, als 1519 Herr Pier Luigi Farnese der Junge Frau Gerolama Orsini heiratete, fanden weitere \u00c4nderungen im Schloss durch die Hand von Herrn Antonio da Sangallo dem Jungen statt, u.a. neue Portalen, Fensterpfosten und vor allem der Kamin in der \u201eSala Ducale\u201c. Das waren die sch\u00f6nsten Jahren des Schlosses, als wichtige Pers\u00f6nlichkeiten wie Alessandro und Ranuccio, (sp\u00e4ter Kardinaele geworden), die Herz\u00f6ge Ottavio und Orazio und die Herzogin von Urbino, Vittoria, geboren wurden.<br \/>1534 wurde Alessandro Farnese zum Papst gew\u00e4hlt, mit dem Namen von Papst Paolo III. Er wollte eine gro\u00dfe Loggia, nach Westen gerichtet, mit 11 S\u00e4ulen aus Tuffstein und Ziegeln errichten. Jetzt ist sie die \u201eLoggia von Paolo III\u201e genannt.<\/p>\n<p align=\"center\"><a href=\"http:\/\/demo.valentano.org\/wp-content\/uploads\/2013\/04\/veduta06-66a.jpg\" target=\"_blank\" rel=\"noopener\"><img loading=\"lazy\" decoding=\"async\" class=\" size-full wp-image-1433\" src=\"http:\/\/demo.valentano.org\/wp-content\/uploads\/2013\/04\/thumb_veduta06-887.jpg\" border=\"0\" alt=\"Il Castello e la Rocca. Sulla sinistra il campanile della Collegiata\" width=\"207\" height=\"300\" \/><\/a><\/p>\n<p>1537 wurde Pier Luigi Herzog von Castro und 1545 auch von Parma und Piacenza.<br \/>Im Schloss wohnten immer noch die Herzogin Gerolama Orsini und ihr Sohn, der Kardinal Alessandro Farnese, der eine zu seinem Zimmer hinf\u00fchrende Freitreppe mit Freskos bauen lie\u00df.<br \/>1649, nach dem Krieg mit dem Kirchenstadt und der folgenden Zerst\u00f6rung von Castro, der Hauptstadt des Herzogtums, mussten die Farnese das Schloss verlassen.<br \/>Zuerst wurde das Schloss als Kornspeicher und Gef\u00e4ngnis benutzt. Dann, im Jahr 1731, wurde es zum Kloster der Dominikanerschwester, die einige Ab\u00e4nderungen am Schloss vornahmen und, am wichtigsten, eine Heilige Treppe an Stelle von Alessandros alten Treppe verwirklichen wollten.<br \/>W\u00e4hrend der Zeit des Risorgimentos beherbergte ein Fl\u00fcgel des Geb\u00e4udes eine Garnison von Zuaven, franz\u00f6sischen Soldaten, die der Papst Pio IX nach Valentano gesendet hatte, um gegen die Garibaldiner zu k\u00e4mpfen.<br \/>Als gegen 1930 die Schwester des Klosters nach Gubbio versetzt wurden, beherbergte das Schloss eine Schule und einige R\u00e4ume wurden zu Wohnungen benutzt.<br \/>Das Schloss wurde 1957 verlassen und 1979 fing die Restaurationsarbeit an. Heute enthielt es die <a href=\"it\/home-it\/cultura-e-tradizioni\/biblioteca\">Bibliothek<\/a> (von 1989) und das <a href=\"it\/home-it\/visita\/museo-della-preistoria-della-tuscia-e-della-rocca-farnese\">Museum der Pr\u00e4historie der Tuscia<\/a>, das 1996 er\u00f6ffnet wurde.<\/p>\n<p align=\"center\"><a href=\"http:\/\/demo.valentano.org\/wp-content\/uploads\/2013\/04\/rocca07-4ca.jpg\" target=\"_blank\" rel=\"noopener\"><img loading=\"lazy\" decoding=\"async\" class=\" size-full wp-image-1447\" src=\"http:\/\/demo.valentano.org\/wp-content\/uploads\/2013\/04\/thumb_rocca07-92c.jpg\" border=\"0\" alt=\"La Rocca vista da sotto il loggiato\" width=\"208\" height=\"300\" \/><\/a><\/p>\n<p style=\"text-align: left;\" align=\"center\">\u00a0<\/p>\n<p style=\"text-align: left;\" align=\"center\">Uebersetzung von Consuelo Codoni.<\/p>\n","protected":false},"excerpt":{"rendered":"<p>Laut den historischen Nachrichten entstand das Schloss von Valentano als Verteidigungsbau gegen 1053. Es scheint m\u00f6glich zu sein, dass damals eine Ringsmauer eine Befestigung mit ihrem Turm, die Sankt-Johannes Kirche und die ersten H\u00e4usern der Stadt umgab. Der Krieg zwischen Orvieto und Viterbo verursachte mehrere Zerst\u00f6rungen und Wiedererrichtungen des Schlosses bis zum Brand des Jahres&hellip; <a class=\"more-link\" href=\"https:\/\/www.valentano.org\/de\/die-festung-und-das-schloss\/\"><span class=\"screen-reader-text\">Die Festung und das Schloss<\/span> weiterlesen<\/a><\/p>\n","protected":false},"author":1,"featured_media":0,"parent":0,"menu_order":36,"comment_status":"closed","ping_status":"closed","template":"","meta":{"_acf_changed":false,"footnotes":""},"class_list":["post-52","page","type-page","status-publish","hentry","entry"],"acf":[],"_links":{"self":[{"href":"https:\/\/www.valentano.org\/de\/wp-json\/wp\/v2\/pages\/52","targetHints":{"allow":["GET"]}}],"collection":[{"href":"https:\/\/www.valentano.org\/de\/wp-json\/wp\/v2\/pages"}],"about":[{"href":"https:\/\/www.valentano.org\/de\/wp-json\/wp\/v2\/types\/page"}],"author":[{"embeddable":true,"href":"https:\/\/www.valentano.org\/de\/wp-json\/wp\/v2\/users\/1"}],"replies":[{"embeddable":true,"href":"https:\/\/www.valentano.org\/de\/wp-json\/wp\/v2\/comments?post=52"}],"version-history":[{"count":1,"href":"https:\/\/www.valentano.org\/de\/wp-json\/wp\/v2\/pages\/52\/revisions"}],"predecessor-version":[{"id":6079,"href":"https:\/\/www.valentano.org\/de\/wp-json\/wp\/v2\/pages\/52\/revisions\/6079"}],"wp:attachment":[{"href":"https:\/\/www.valentano.org\/de\/wp-json\/wp\/v2\/media?parent=52"}],"curies":[{"name":"wp","href":"https:\/\/api.w.org\/{rel}","templated":true}]}}