{"id":27,"date":"2013-04-27T00:48:46","date_gmt":"2013-04-26T22:48:46","guid":{"rendered":"http:\/\/demo.valentano.org\/die-madonna-del-monte-kirche\/"},"modified":"2023-01-20T08:35:58","modified_gmt":"2023-01-20T07:35:58","slug":"die-madonna-del-monte-kirche","status":"publish","type":"page","link":"https:\/\/www.valentano.org\/de\/home-de\/die-madonna-del-monte-kirche\/","title":{"rendered":"Die Madonna del Monte Kirche"},"content":{"rendered":"<div align=\"center\"><a href=\"http:\/\/demo.valentano.org\/wp-content\/uploads\/2013\/04\/cmonte01-150.jpg\" target=\"_blank\" rel=\"noopener\"><img loading=\"lazy\" decoding=\"async\" class=\" size-full wp-image-873\" src=\"http:\/\/demo.valentano.org\/wp-content\/uploads\/2013\/04\/thumb_cmonte01-1f8.jpg\" border=\"0\" alt=\"La piccola Chiesa della Madonna del Monte\" width=\"300\" height=\"190\" \/><\/a> <span style=\"color: #ff0000;\"><br \/> <\/span><span style=\"font-family: arial,helvetica;\"><span style=\"font-family: arial,helvetica;\"><span style=\"font-family: arial,helvetica;\"><span style=\"color: #ff0000;\">Klicken zu vergr\u00f6\u00dfern<\/span><\/span><\/span><\/span><\/div>\n<p>Auf dem Montenegro H\u00fcgel, der das Dorf von Valentano \u00fcberragt, wurde gegen das Jahr 1853 das Kirchlein von der Madonna del Monte oder von der Madonna der Piet\u00e4t errichtet.<\/p>\n<p><span style=\"font-family: arial,helvetica;\"><span style=\"font-family: arial,helvetica;\">Das hierhin verehrte \u00d6lgem\u00e4lde, das die Madonna und den gestorbenen Christus auf ihren Armen darstellt, stammt aus der Mitte des 15. Jahrhunderts und ist heute in der Stiftkirche bewahrt.<\/span><\/span><\/p>\n<div align=\"center\">\n<p><a href=\"http:\/\/demo.valentano.org\/wp-content\/uploads\/2013\/04\/cmonte02-52a.jpg\" target=\"_blank\" rel=\"noopener\"><img loading=\"lazy\" decoding=\"async\" class=\" size-full wp-image-887\" src=\"http:\/\/demo.valentano.org\/wp-content\/uploads\/2013\/04\/thumb_cmonte02-582.jpg\" border=\"0\" alt=\"La porta della Chiesa della Madonna del Monte, opera del Professor Balestra\" width=\"185\" height=\"300\" \/><\/a><\/p>\n<\/div>\n<p>Die T\u00fcr des Kirchleins baute Professor Balestra, ein einheimischer K\u00fcnstler, dessen Werke von den Liebhabern der modernen Kunst sehr gesch\u00e4tzt werden.<\/p>\n<p>\u00a0<\/p>\n<p><span style=\"font-family: arial,helvetica;\">Uebersetzung von Consuelo Codoni. <br \/><\/span><\/p>\n","protected":false},"excerpt":{"rendered":"<p>Klicken zu vergr\u00f6\u00dfern Auf dem Montenegro H\u00fcgel, der das Dorf von Valentano \u00fcberragt, wurde gegen das Jahr 1853 das Kirchlein von der Madonna del Monte oder von der Madonna der Piet\u00e4t errichtet. Das hierhin verehrte \u00d6lgem\u00e4lde, das die Madonna und den gestorbenen Christus auf ihren Armen darstellt, stammt aus der Mitte des 15. Jahrhunderts und&hellip; <a class=\"more-link\" href=\"https:\/\/www.valentano.org\/de\/home-de\/die-madonna-del-monte-kirche\/\"><span class=\"screen-reader-text\">Die Madonna del Monte Kirche<\/span> weiterlesen<\/a><\/p>\n","protected":false},"author":1,"featured_media":0,"parent":13,"menu_order":54,"comment_status":"closed","ping_status":"closed","template":"","meta":{"_acf_changed":false,"footnotes":""},"class_list":["post-27","page","type-page","status-publish","hentry","entry"],"acf":[],"_links":{"self":[{"href":"https:\/\/www.valentano.org\/de\/wp-json\/wp\/v2\/pages\/27","targetHints":{"allow":["GET"]}}],"collection":[{"href":"https:\/\/www.valentano.org\/de\/wp-json\/wp\/v2\/pages"}],"about":[{"href":"https:\/\/www.valentano.org\/de\/wp-json\/wp\/v2\/types\/page"}],"author":[{"embeddable":true,"href":"https:\/\/www.valentano.org\/de\/wp-json\/wp\/v2\/users\/1"}],"replies":[{"embeddable":true,"href":"https:\/\/www.valentano.org\/de\/wp-json\/wp\/v2\/comments?post=27"}],"version-history":[{"count":1,"href":"https:\/\/www.valentano.org\/de\/wp-json\/wp\/v2\/pages\/27\/revisions"}],"predecessor-version":[{"id":6083,"href":"https:\/\/www.valentano.org\/de\/wp-json\/wp\/v2\/pages\/27\/revisions\/6083"}],"up":[{"embeddable":true,"href":"https:\/\/www.valentano.org\/de\/wp-json\/wp\/v2\/pages\/13"}],"wp:attachment":[{"href":"https:\/\/www.valentano.org\/de\/wp-json\/wp\/v2\/media?parent=27"}],"curies":[{"name":"wp","href":"https:\/\/api.w.org\/{rel}","templated":true}]}}