{"id":13,"date":"2013-04-26T22:03:53","date_gmt":"2013-04-26T20:03:53","guid":{"rendered":"http:\/\/demo.valentano.org\/home-de\/"},"modified":"2023-01-21T12:04:24","modified_gmt":"2023-01-21T11:04:24","slug":"home-de","status":"publish","type":"page","link":"https:\/\/www.valentano.org\/de\/","title":{"rendered":"Home-DE"},"content":{"rendered":"\n<figure class=\"wp-block-image size-large\"><img loading=\"lazy\" decoding=\"async\" width=\"1024\" height=\"278\" src=\"http:\/\/demo.valentano.org\/wp-content\/uploads\/2023\/01\/personal2-1024x278.png\" alt=\"\" class=\"wp-image-6395\" srcset=\"https:\/\/www.valentano.org\/wp-content\/uploads\/2023\/01\/personal2-1024x278.png 1024w, https:\/\/www.valentano.org\/wp-content\/uploads\/2023\/01\/personal2-300x82.png 300w, https:\/\/www.valentano.org\/wp-content\/uploads\/2023\/01\/personal2-768x209.png 768w, https:\/\/www.valentano.org\/wp-content\/uploads\/2023\/01\/personal2.png 1060w\" sizes=\"auto, (max-width: 1024px) 100vw, 1024px\" \/><\/figure>\n\n\n<p>Valentano (2897 Einwohner), ein mittelalterliches Staedtchen mit Tuffsteinh\u00e4usern. 538 m \u00fcber dem Meeresspiegel erhebt es sich auf einem vulkanischen H\u00fcgel im Nordosten des Bolsenasees. Valentano, eine &#8222;nat\u00fcrliche Terrasse&#8220; zwischen See (ca. 8 km) und Meer (ca. 30 km ). Im Norden grenzt Valentano an die Toscana, im Osten an die Gemeinden Capodimonte und Latera, im S\u00fcden an Ischia di Castro, an Cellere und Piansano, im Westen an die Toscana und die Gemeinde Farnese.<\/p>\n<p>Valentano ist ein Gebiert (43 kmq) mit sch\u00f6ner Ansicht auf eine Huegelkette und weite Ebenen.<\/p>\n<p>Verwaltungstechnisch gehoert Valentano zur Provinz Viterbo mit der gleichnamigen Provinzhauptstadt, die zirka 33 km entfernt liegt. Es gehoert gleichzeitig zur &#8222;Comunit\u00e0 Montana Alta-Tuscia Laziale&#8220;.<\/p>","protected":false},"excerpt":{"rendered":"<p>Valentano (2897 Einwohner), ein mittelalterliches Staedtchen mit Tuffsteinh\u00e4usern. 538 m \u00fcber dem Meeresspiegel erhebt es sich auf einem vulkanischen H\u00fcgel im Nordosten des Bolsenasees. Valentano, eine &#8222;nat\u00fcrliche Terrasse&#8220; zwischen See (ca. 8 km) und Meer (ca. 30 km ). Im Norden grenzt Valentano an die Toscana, im Osten an die Gemeinden Capodimonte und Latera, im&hellip; <a class=\"more-link\" href=\"https:\/\/www.valentano.org\/de\/\"><span class=\"screen-reader-text\">Home-DE<\/span> weiterlesen<\/a><\/p>\n","protected":false},"author":1,"featured_media":0,"parent":0,"menu_order":10,"comment_status":"closed","ping_status":"closed","template":"","meta":{"_acf_changed":false,"footnotes":""},"class_list":["post-13","page","type-page","status-publish","hentry","entry"],"acf":[],"_links":{"self":[{"href":"https:\/\/www.valentano.org\/de\/wp-json\/wp\/v2\/pages\/13","targetHints":{"allow":["GET"]}}],"collection":[{"href":"https:\/\/www.valentano.org\/de\/wp-json\/wp\/v2\/pages"}],"about":[{"href":"https:\/\/www.valentano.org\/de\/wp-json\/wp\/v2\/types\/page"}],"author":[{"embeddable":true,"href":"https:\/\/www.valentano.org\/de\/wp-json\/wp\/v2\/users\/1"}],"replies":[{"embeddable":true,"href":"https:\/\/www.valentano.org\/de\/wp-json\/wp\/v2\/comments?post=13"}],"version-history":[{"count":1,"href":"https:\/\/www.valentano.org\/de\/wp-json\/wp\/v2\/pages\/13\/revisions"}],"predecessor-version":[{"id":6405,"href":"https:\/\/www.valentano.org\/de\/wp-json\/wp\/v2\/pages\/13\/revisions\/6405"}],"wp:attachment":[{"href":"https:\/\/www.valentano.org\/de\/wp-json\/wp\/v2\/media?parent=13"}],"curies":[{"name":"wp","href":"https:\/\/api.w.org\/{rel}","templated":true}]}}